{"id":909,"date":"2019-08-10T19:30:24","date_gmt":"2019-08-10T17:30:24","guid":{"rendered":"https:\/\/pes-luxembourg.lu\/bascharage\/?page_id=909"},"modified":"2024-01-27T09:34:15","modified_gmt":"2024-01-27T08:34:15","slug":"osteopathie-femme-enceinte","status":"publish","type":"page","link":"https:\/\/pes-luxembourg.lu\/bascharage\/osteopathie-femme-enceinte\/","title":{"rendered":"Ost\u00e9opathie Femme Enceinte"},"content":{"rendered":"<div class=\"fusion-fullwidth fullwidth-box fusion-builder-row-1 nonhundred-percent-fullwidth non-hundred-percent-height-scrolling\" style=\"--awb-border-radius-top-left:0px;--awb-border-radius-top-right:0px;--awb-border-radius-bottom-right:0px;--awb-border-radius-bottom-left:0px;--awb-flex-wrap:wrap;\" ><div class=\"fusion-builder-row fusion-row\"><div class=\"fusion-layout-column fusion_builder_column fusion-builder-column-0 fusion_builder_column_1_1 1_1 fusion-one-full fusion-column-first fusion-column-last\" style=\"--awb-bg-size:cover;\"><div class=\"fusion-column-wrapper fusion-flex-column-wrapper-legacy\"><div class=\"fusion-title title fusion-title-1 fusion-title-center fusion-title-text fusion-title-size-one\" style=\"--awb-margin-top-small:0px;--awb-margin-right-small:0px;--awb-margin-bottom-small:20px;--awb-margin-left-small:0px;\"><div class=\"title-sep-container title-sep-container-left\"><div class=\"title-sep sep-double sep-solid\" style=\"border-color:#e0dede;\"><\/div><\/div><span class=\"awb-title-spacer\"><\/span><h1 class=\"fusion-title-heading title-heading-center fusion-responsive-typography-calculated\" style=\"margin:0;--fontSize:34;line-height:1.41;\">Ost\u00e9opathie pour\u00a0Femme Enceinte<\/h1><span class=\"awb-title-spacer\"><\/span><div class=\"title-sep-container title-sep-container-right\"><div class=\"title-sep sep-double sep-solid\" style=\"border-color:#e0dede;\"><\/div><\/div><\/div><div class=\"fusion-clearfix\"><\/div><\/div><\/div><div class=\"fusion-layout-column fusion_builder_column fusion-builder-column-1 fusion_builder_column_1_4 1_4 fusion-one-fourth fusion-column-first\" style=\"--awb-bg-size:cover;width:25%;width:calc(25% - ( ( 4% + 4% ) * 0.25 ) );margin-right: 4%;\"><div class=\"fusion-column-wrapper fusion-flex-column-wrapper-legacy\"><div class=\"fusion-clearfix\"><\/div><\/div><\/div><div class=\"fusion-layout-column fusion_builder_column fusion-builder-column-2 fusion_builder_column_1_2 1_2 fusion-one-half\" style=\"--awb-bg-size:cover;width:50%;width:calc(50% - ( ( 4% + 4% ) * 0.5 ) );margin-right: 4%;\"><div class=\"fusion-column-wrapper fusion-flex-column-wrapper-legacy\"><div class=\"fusion-image-element fusion-image-align-center in-legacy-container\" style=\"text-align:center;--awb-bottom-shadow-color:rgba(0,0,0,0.4);--awb-caption-title-font-family:var(--h2_typography-font-family);--awb-caption-title-font-weight:var(--h2_typography-font-weight);--awb-caption-title-font-style:var(--h2_typography-font-style);--awb-caption-title-size:var(--h2_typography-font-size);--awb-caption-title-transform:var(--h2_typography-text-transform);--awb-caption-title-line-height:var(--h2_typography-line-height);--awb-caption-title-letter-spacing:var(--h2_typography-letter-spacing);\"><div class=\"imageframe-align-center\"><div class=\"awb-image-frame awb-image-frame-1 awb-bottomshadow\"><span class=\" fusion-imageframe imageframe-bottomshadow imageframe-1 hover-type-none\"><img decoding=\"async\" alt=\"Ost\u00e9opathie pour Femme Enceinte\" src=\"https:\/\/pes-moselle.fr\/yutz\/wp-content\/uploads\/sites\/2\/2013\/05\/Osteopathie-Femme-Enceinte.jpg\" class=\"img-responsive\"\/><\/span><svg xmlns=\"http:\/\/www.w3.org\/2000\/svg\" version=\"1.1\" width=\"100%\" viewBox=\"0 0 600 28\" preserveAspectRatio=\"none\"><g clip-path=\"url(#a)\"><mask id=\"b\" style=\"mask-type:luminance\" maskUnits=\"userSpaceOnUse\" x=\"0\" y=\"0\" width=\"600\" height=\"28\"><path d=\"M0 0h600v28H0V0Z\" fill=\"#fff\"\/><\/mask><g filter=\"url(#c)\" mask=\"url(#b)\"><path d=\"M16.439-18.667h567.123v30.8S438.961-8.4 300-8.4C161.04-8.4 16.438 12.133 16.438 12.133v-30.8Z\" fill=\"#000\"\/><\/g><\/g><defs><clipPath id=\"a\"><path fill=\"#fff\" d=\"M0 0h600v28H0z\"\/><\/clipPath><filter id=\"c\" x=\"5.438\" y=\"-29.667\" width=\"589.123\" height=\"52.8\" filterUnits=\"userSpaceOnUse\" color-interpolation-filters=\"sRGB\"><feFlood flood-opacity=\"0\" result=\"BackgroundImageFix\"\/><feBlend in=\"SourceGraphic\" in2=\"BackgroundImageFix\" result=\"shape\"\/><feGaussianBlur stdDeviation=\"5.5\" result=\"effect1_foregroundBlur_3983_183\"\/><\/filter><\/defs><\/svg><\/div><\/div><\/div><div class=\"fusion-clearfix\"><\/div><\/div><\/div><div class=\"fusion-layout-column fusion_builder_column fusion-builder-column-3 fusion_builder_column_1_4 1_4 fusion-one-fourth fusion-column-last\" style=\"--awb-bg-size:cover;width:25%;width:calc(25% - ( ( 4% + 4% ) * 0.25 ) );\"><div class=\"fusion-column-wrapper fusion-flex-column-wrapper-legacy\"><div class=\"fusion-clearfix\"><\/div><\/div><\/div><div class=\"fusion-layout-column fusion_builder_column fusion-builder-column-4 fusion_builder_column_1_1 1_1 fusion-one-full fusion-column-first fusion-column-last\" style=\"--awb-padding-top:30px;--awb-bg-size:cover;\"><div class=\"fusion-column-wrapper fusion-flex-column-wrapper-legacy\"><div class=\"fusion-text fusion-text-1\"><div>\n<p style=\"text-align: justify;\">Au cours de la grossesse, le corps de la femme subit de nombreuses transformations. La colonne vert\u00e9brale se cambre davantage, le sacrum change de position, les ligaments du bassin et les muscles du p\u00e9rin\u00e9e sont mis en tension, les organes sont refoul\u00e9s par le b\u00e9b\u00e9 qui prend de plus en plus de place\u2026 L\u2019ensemble de ces modifications physiques demande une bonne mobilit\u00e9 des structures osseuses, musculaires et ligamentaires du bassin et du dos, mais aussi des organes digestifs, g\u00e9nitaux et du diaphragme. La pr\u00e9sence de dysfonctions ou de \u00ab blocages \u00bb au sein de ce syst\u00e8me lombo-pelvien peut entra\u00eener des \u00ab blocages \u00bb ou des douleurs qui perturbent la grossesse et peuvent compliquer l\u2019accouchement.<\/p>\n<p style=\"text-align: justify;\">En effet, au fur et \u00e0 mesure de la grossesse, l\u2019ut\u00e9rus monte de plus en plus dans la cavit\u00e9 abdominale. Cela va exercer une pression sur les organes de l\u2019abdomen et du bassin et ainsi provoquer un \u00e9cartement des c\u00f4tes et \u00e9largissement du bassin. Il se peut qu&rsquo;on retrouve des douleurs intercostales, des remont\u00e9es acides, un essoufflement et des tensions au niveau du dos. L\u2019augmentation du volume du ventre de la m\u00e8re va \u00e9tirer et affaiblir les muscles abdominaux, ce qui va entra\u00eener une cambrure au niveau du bas du dos, provoquant des douleurs, ainsi que des sciatalgies. La prise de poids au cours de vos 9 mois de grossesse va avoir tendance \u00e0 aplatir les vo\u00fbtes plantaires, ce qui va modifier votre fa\u00e7on de marcher. On pourra alors retrouver des douleurs au niveau des genoux, des hanches et du bassin, ainsi qu\u2019une sensation de jambes lourdes.<\/p>\n<p style=\"text-align: justify;\">L\u2019ost\u00e9opathie pour femme enceinte est donc parfaitement adapt\u00e9e, c\u2019est une\u00a0th\u00e9rapie uniquement manuelle\u00a0qui ne n\u00e9cessite\u00a0aucune prise de m\u00e9dicaments. Votre ost\u00e9opathe utilisera des\u00a0techniques douces et appropri\u00e9es pour vous et votre futur b\u00e9b\u00e9.<\/p>\n<blockquote>\n<p><strong>\u00ab\u00a0La future maman se transforme tout au long de la grossesse, son corps et sa posture changent. Toutes ces modifications peuvent affecter le bon d\u00e9roulement de la grossesse et de l\u2019accouchement.\u00a0\u00bb<\/strong><\/p>\n<\/blockquote>\n<p style=\"text-align: justify;\">Pour les femmes enceintes, il est conseill\u00e9 de consulter tous les 2 \u00e0 3 mois, afin de surveiller les changements et adaptations constantes du corps qui peuvent g\u00e9n\u00e9rer des douleurs. De m\u00eame, cela va pr\u00e9parer de mani\u00e8re optimale l\u2019accouchement et vous permettra d\u2019avoir la grossesse la plus \u00e9panouie possible. Enfin, suite \u00e0 l\u2019accouchement, il est pr\u00e9conis\u00e9 de r\u00e9aliser un bilan post-partum dans le but de s\u2019assurer de l\u2019int\u00e9grit\u00e9 des structures lombo-pelviennes qui sont souvent perturb\u00e9es par la grossesse et l\u2019accouchement. Ce bilan permet de pr\u00e9parer le bassin et le p\u00e9rin\u00e9e aux s\u00e9ances de r\u00e9\u00e9ducation p\u00e9rin\u00e9ale \u00e0 venir. Ceci permettra d\u2019atteindre de meilleurs r\u00e9sultats.<\/p>\n<p style=\"text-align: justify;\">Voici quelques signes amenant \u00e0 consulter un ost\u00e9opathe au cours de la grossesse<\/p>\n<ul style=\"text-align: justify;\">\n<li>Pr\u00e9vention : Suivi de la grossesse au cours des trois trimestres, pr\u00e9paration de l\u2019accouchement\u2026<\/li>\n<li>Douleurs de dos : lombalgies, sciatiques, cruralgies, dorsalgies et cervicalgies\u2026<\/li>\n<li>Douleurs pelviennes, tensions, sacralgies, coccygodynies\u2026<\/li>\n<li>Douleurs abdominales, constipation, ballonnements, naus\u00e9es et vomissements, contractures du diaphragme\u2026<\/li>\n<li>Douleurs thoraciques et intercostales\u2026<\/li>\n<li>Angoisse, fatigue, oppression, troubles du sommeil, d\u00e9prime ou d\u00e9pression (baby blues)\u2026<\/li>\n<li>Maux de t\u00eates et certains vertiges<\/li>\n<li>Troubles circulatoires (phl\u00e9bites, jambes lourdes, r\u00e9tention d\u2019eau, \u0153d\u00e8mes\u2026)<\/li>\n<\/ul>\n<p style=\"text-align: justify;\">Voici quelques signes amenant \u00e0 consulter en post-partum (apr\u00e8s l\u2019accouchement) :<\/p>\n<ul style=\"text-align: justify;\">\n<li>Pr\u00e9vention : bilan post-partum, pr\u00e9paration \u00e0 la <a href=\"https:\/\/pes-luxembourg.lu\/bascharage\/reeducation-perineale-bascharage\/\">r\u00e9\u00e9ducation p\u00e9rin\u00e9ale<\/a>\u2026<\/li>\n<li>Douleurs lombaires et pelviennes (sacrum, coccyx et\u00a0p\u00e9rin\u00e9e), dorsales et cervicales\u2026<\/li>\n<li>Incontinence urinaire et anale fonctionnelle<\/li>\n<li>Douleurs pendant les rapports sexuels<\/li>\n<li>C\u00e9sarienne\u00a0et p\u00e9ridurale (<a href=\"https:\/\/pes-luxembourg.lu\/bascharage\/lpg-cellu-m6-endermologie-bascharage\/\">travail de la cicatrice<\/a>)<\/li>\n<li>Baby blues, angoisse, d\u00e9pression, fatigue\u2026<\/li>\n<\/ul>\n<p style=\"text-align: justify;\">L\u2019ost\u00e9opathe agit\u00a0en compl\u00e9ment\u00a0du gyn\u00e9cologue et de l\u2019obst\u00e9tricien. L\u2019Ost\u00e9pathie\u00a0peut \u00e9galement \u00eatre pr\u00e9conis\u00e9e dans les cas de d\u00e9sir de grossesse, face \u00e0 une\u00a0infertilit\u00e9\u00a0fonctionnelle sans causes apparentes. Le praticien s\u2019assurera de la bonne mobilit\u00e9 du bassin et du rachis ainsi que des structures organiques (ut\u00e9rus, ovaires et trompes), vasculaires et nerveuses qui sont n\u00e9cessaires et propices \u00e0 la f\u00e9condation.<\/p>\n<\/div>\n<\/div><div class=\"fusion-clearfix\"><\/div><\/div><\/div><\/div><\/div>\n","protected":false},"excerpt":{"rendered":"","protected":false},"author":1,"featured_media":0,"parent":0,"menu_order":0,"comment_status":"closed","ping_status":"closed","template":"","meta":{"_seopress_robots_primary_cat":"","_seopress_titles_title":"","_seopress_titles_desc":"","_seopress_robots_index":"","footnotes":""},"class_list":["post-909","page","type-page","status-publish","hentry"],"_links":{"self":[{"href":"https:\/\/pes-luxembourg.lu\/bascharage\/wp-json\/wp\/v2\/pages\/909","targetHints":{"allow":["GET"]}}],"collection":[{"href":"https:\/\/pes-luxembourg.lu\/bascharage\/wp-json\/wp\/v2\/pages"}],"about":[{"href":"https:\/\/pes-luxembourg.lu\/bascharage\/wp-json\/wp\/v2\/types\/page"}],"author":[{"embeddable":true,"href":"https:\/\/pes-luxembourg.lu\/bascharage\/wp-json\/wp\/v2\/users\/1"}],"replies":[{"embeddable":true,"href":"https:\/\/pes-luxembourg.lu\/bascharage\/wp-json\/wp\/v2\/comments?post=909"}],"version-history":[{"count":0,"href":"https:\/\/pes-luxembourg.lu\/bascharage\/wp-json\/wp\/v2\/pages\/909\/revisions"}],"wp:attachment":[{"href":"https:\/\/pes-luxembourg.lu\/bascharage\/wp-json\/wp\/v2\/media?parent=909"}],"curies":[{"name":"wp","href":"https:\/\/api.w.org\/{rel}","templated":true}]}}