{"id":903,"date":"2019-08-10T19:30:23","date_gmt":"2019-08-10T17:30:23","guid":{"rendered":"https:\/\/pes-luxembourg.lu\/bascharage\/?page_id=903"},"modified":"2024-01-27T09:41:07","modified_gmt":"2024-01-27T08:41:07","slug":"osteopathie-nourrisson","status":"publish","type":"page","link":"https:\/\/pes-luxembourg.lu\/bascharage\/osteopathie-nourrisson\/","title":{"rendered":"Ost\u00e9opathie Nourrisson"},"content":{"rendered":"<div class=\"fusion-fullwidth fullwidth-box fusion-builder-row-1 nonhundred-percent-fullwidth non-hundred-percent-height-scrolling\" style=\"--awb-border-radius-top-left:0px;--awb-border-radius-top-right:0px;--awb-border-radius-bottom-right:0px;--awb-border-radius-bottom-left:0px;--awb-flex-wrap:wrap;\" ><div class=\"fusion-builder-row fusion-row\"><div class=\"fusion-layout-column fusion_builder_column fusion-builder-column-0 fusion_builder_column_1_1 1_1 fusion-one-full fusion-column-first fusion-column-last\" style=\"--awb-bg-size:cover;\"><div class=\"fusion-column-wrapper fusion-flex-column-wrapper-legacy\"><div class=\"fusion-title title fusion-title-1 fusion-title-center fusion-title-text fusion-title-size-one\" style=\"--awb-margin-top-small:0px;--awb-margin-right-small:0px;--awb-margin-bottom-small:20px;--awb-margin-left-small:0px;\"><div class=\"title-sep-container title-sep-container-left\"><div class=\"title-sep sep-double sep-solid\" style=\"border-color:#e0dede;\"><\/div><\/div><span class=\"awb-title-spacer\"><\/span><h1 class=\"fusion-title-heading title-heading-center fusion-responsive-typography-calculated\" style=\"margin:0;--fontSize:34;line-height:1.41;\">Ost\u00e9opathie pour\u00a0Nourrisson<\/h1><span class=\"awb-title-spacer\"><\/span><div class=\"title-sep-container title-sep-container-right\"><div class=\"title-sep sep-double sep-solid\" style=\"border-color:#e0dede;\"><\/div><\/div><\/div><div class=\"fusion-clearfix\"><\/div><\/div><\/div><div class=\"fusion-layout-column fusion_builder_column fusion-builder-column-1 fusion_builder_column_1_4 1_4 fusion-one-fourth fusion-column-first\" style=\"--awb-bg-size:cover;width:25%;width:calc(25% - ( ( 4% + 4% ) * 0.25 ) );margin-right: 4%;\"><div class=\"fusion-column-wrapper fusion-flex-column-wrapper-legacy\"><div class=\"fusion-clearfix\"><\/div><\/div><\/div><div class=\"fusion-layout-column fusion_builder_column fusion-builder-column-2 fusion_builder_column_1_2 1_2 fusion-one-half\" style=\"--awb-bg-size:cover;width:50%;width:calc(50% - ( ( 4% + 4% ) * 0.5 ) );margin-right: 4%;\"><div class=\"fusion-column-wrapper fusion-flex-column-wrapper-legacy\"><div class=\"fusion-image-element fusion-image-align-center in-legacy-container\" style=\"text-align:center;--awb-bottom-shadow-color:rgba(0,0,0,0.4);--awb-caption-title-font-family:var(--h2_typography-font-family);--awb-caption-title-font-weight:var(--h2_typography-font-weight);--awb-caption-title-font-style:var(--h2_typography-font-style);--awb-caption-title-size:var(--h2_typography-font-size);--awb-caption-title-transform:var(--h2_typography-text-transform);--awb-caption-title-line-height:var(--h2_typography-line-height);--awb-caption-title-letter-spacing:var(--h2_typography-letter-spacing);\"><div class=\"imageframe-align-center\"><div class=\"awb-image-frame awb-image-frame-1 awb-bottomshadow\"><span class=\" fusion-imageframe imageframe-bottomshadow imageframe-1 hover-type-none\"><img decoding=\"async\" width=\"600\" height=\"360\" alt=\"Ost\u00e9opathie pour Nourrisson\" title=\"Ost\u00e9opathie-Nourrisson\" src=\"https:\/\/pes-luxembourg.lu\/bascharage\/wp-content\/uploads\/sites\/2\/2023\/03\/Osteopathie-Nourrisson-600x360.jpg\" class=\"img-responsive wp-image-8132\" srcset=\"https:\/\/pes-luxembourg.lu\/bascharage\/wp-content\/uploads\/sites\/2\/2023\/03\/Osteopathie-Nourrisson-200x120.jpg 200w, https:\/\/pes-luxembourg.lu\/bascharage\/wp-content\/uploads\/sites\/2\/2023\/03\/Osteopathie-Nourrisson-400x240.jpg 400w, https:\/\/pes-luxembourg.lu\/bascharage\/wp-content\/uploads\/sites\/2\/2023\/03\/Osteopathie-Nourrisson-600x360.jpg 600w, https:\/\/pes-luxembourg.lu\/bascharage\/wp-content\/uploads\/sites\/2\/2023\/03\/Osteopathie-Nourrisson-800x480.jpg 800w, https:\/\/pes-luxembourg.lu\/bascharage\/wp-content\/uploads\/sites\/2\/2023\/03\/Osteopathie-Nourrisson-1200x720.jpg 1200w, https:\/\/pes-luxembourg.lu\/bascharage\/wp-content\/uploads\/sites\/2\/2023\/03\/Osteopathie-Nourrisson.jpg 1476w\" sizes=\"(max-width: 800px) 100vw, 600px\" \/><\/span><svg xmlns=\"http:\/\/www.w3.org\/2000\/svg\" version=\"1.1\" width=\"100%\" viewBox=\"0 0 600 28\" preserveAspectRatio=\"none\"><g clip-path=\"url(#a)\"><mask id=\"b\" style=\"mask-type:luminance\" maskUnits=\"userSpaceOnUse\" x=\"0\" y=\"0\" width=\"600\" height=\"28\"><path d=\"M0 0h600v28H0V0Z\" fill=\"#fff\"\/><\/mask><g filter=\"url(#c)\" mask=\"url(#b)\"><path d=\"M16.439-18.667h567.123v30.8S438.961-8.4 300-8.4C161.04-8.4 16.438 12.133 16.438 12.133v-30.8Z\" fill=\"#000\"\/><\/g><\/g><defs><clipPath id=\"a\"><path fill=\"#fff\" d=\"M0 0h600v28H0z\"\/><\/clipPath><filter id=\"c\" x=\"5.438\" y=\"-29.667\" width=\"589.123\" height=\"52.8\" filterUnits=\"userSpaceOnUse\" color-interpolation-filters=\"sRGB\"><feFlood flood-opacity=\"0\" result=\"BackgroundImageFix\"\/><feBlend in=\"SourceGraphic\" in2=\"BackgroundImageFix\" result=\"shape\"\/><feGaussianBlur stdDeviation=\"5.5\" result=\"effect1_foregroundBlur_3983_183\"\/><\/filter><\/defs><\/svg><\/div><\/div><\/div><div class=\"fusion-clearfix\"><\/div><\/div><\/div><div class=\"fusion-layout-column fusion_builder_column fusion-builder-column-3 fusion_builder_column_1_4 1_4 fusion-one-fourth fusion-column-last\" style=\"--awb-bg-size:cover;width:25%;width:calc(25% - ( ( 4% + 4% ) * 0.25 ) );\"><div class=\"fusion-column-wrapper fusion-flex-column-wrapper-legacy\"><div class=\"fusion-clearfix\"><\/div><\/div><\/div><div class=\"fusion-layout-column fusion_builder_column fusion-builder-column-4 fusion_builder_column_1_1 1_1 fusion-one-full fusion-column-first fusion-column-last\" style=\"--awb-padding-top:30px;--awb-bg-size:cover;\"><div class=\"fusion-column-wrapper fusion-flex-column-wrapper-legacy\"><div class=\"fusion-text fusion-text-1\"><div>\n<p style=\"text-align: justify;\">Chaque grossesse, chaque naissance et chaque croissance est uniques. Toutes ces \u00e9tapes vont influencer le d\u00e9veloppement du nourrisson. L\u2019accouchement constitue l\u2019un des premiers traumatismes v\u00e9cus par le nouveau-n\u00e9, c&rsquo;est le passage d&rsquo;un environnement liquide et protecteur \u00e0 un environnement a\u00e9rien nettement moins rassurant. Dans le ventre de sa m\u00e8re, l&rsquo;enfant est en harmonie avec elle. Il r\u00e9agit aux \u00e9l\u00e9ments ext\u00e9rieurs, essentiellement les bruits, mais \u00e9galement au stress maternel<strong>.\u00a0<\/strong>Dans les derni\u00e8res semaines avant l&rsquo;accouchement, le f\u0153tus n&rsquo;a que tr\u00e8s peu de place, la t\u00eate est en contact avec le bassin de la m\u00e8re et les premiers traumatismes peuvent survenir.<\/p>\n<p style=\"text-align: justify;\">Lors de l\u2019accouchement, votre enfant subit de fortes pressions agissant parfois sur la mobilit\u00e9 des os de son cr\u00e2ne et de son rachis. Elles peuvent provoquer des perturbations fonctionnelles imm\u00e9diates ou diff\u00e9r\u00e9es. 8 nouveau-n\u00e9s sur 10 ont un probl\u00e8me cr\u00e2nien \u00e0 la naissance sans qu&rsquo;il y ait forc\u00e9ment des signes apparents. Donc, que l&rsquo;accouchement soit trop court ou trop long, naturel ou provoqu\u00e9, ou encore assist\u00e9 ou non, il influence la mobilit\u00e9 des os du cr\u00e2ne qui ne sont pas encore soud\u00e9s entre eux (fontanelles). Ceci peut engendrer des pressions qui se manifestent par certains troubles fonctionnels chez le nourrisson ou plus tardivement.<\/p>\n<blockquote>\n<p><strong>\u00ab\u00a0La naissance peut \u00eatre le premier traumatisme de la vie d&rsquo;un enfant.\u00a0\u00bb<br \/>\n<\/strong><\/p>\n<\/blockquote>\n<p style=\"text-align: justify;\">C\u2019est pourquoi un bilan post-natal pr\u00e9coce en Ost\u00e9opathie (dans les premiers jours ou semaines) est conseill\u00e9. En effet, plus on attend, moins le cr\u00e2ne corrigera ses asym\u00e9tries et plus le travail de l&rsquo;ost\u00e9opathe sera long et difficile.<\/p>\n<p style=\"text-align: justify;\">Voici une liste de signes qui peuvent vous amener \u00e0 faire consulter un ost\u00e9opathe pour votre b\u00e9b\u00e9 :<\/p>\n<ul style=\"text-align: justify;\">\n<li>Asym\u00e9trie de la t\u00eate : t\u00eate plate ou plagioc\u00e9phalie, front plat ou bomb\u00e9, bosse, \u0153il mi-clos, oreille d\u00e9coll\u00e9e, \u0153d\u00e8mes, utilisation de forceps ou ventouse\u2026<\/li>\n<li>R\u00e9gurgitations, vomissements\u2026<\/li>\n<li>Accouchement difficile : enroulement du cordon, si\u00e8ge, c\u00e9sarienne, passage difficile, pr\u00e9maturit\u00e9<\/li>\n<li>Troubles digestifs : diarrh\u00e9es, constipation, coliques, tortillements, pleurs\u2026<\/li>\n<li><a href=\"https:\/\/pes-luxembourg.lu\/bascharage\/kinesitherapie-pediatrique\/\">Torticolis<\/a>, difficult\u00e9s \u00e0 tourner la t\u00eate d\u2019un c\u00f4t\u00e9\u2026<\/li>\n<li>Agitation, nervosit\u00e9, troubles du sommeil, pleurs, col\u00e8res, angoisses\u2026<\/li>\n<li>Strabisme (convergent ou divergent)<\/li>\n<li>Troubles de la succion<\/li>\n<li>Otites ou rhinites \u00e0 r\u00e9p\u00e9tition<\/li>\n<\/ul>\n<p style=\"text-align: justify;\">La prise en charge de l\u2019enfant par un ost\u00e9opathe ne remplace en aucun cas le suivi m\u00e9dical par son p\u00e9diatre ou par un autre sp\u00e9cialiste dont il aurait besoin. Les techniques utilis\u00e9es sur les nouveaux n\u00e9s sont des techniques douces et adapt\u00e9es.<\/p>\n<\/div>\n<\/div><div class=\"fusion-clearfix\"><\/div><\/div><\/div><\/div><\/div>\n","protected":false},"excerpt":{"rendered":"","protected":false},"author":1,"featured_media":8132,"parent":0,"menu_order":0,"comment_status":"closed","ping_status":"closed","template":"","meta":{"_seopress_robots_primary_cat":"","_seopress_titles_title":"","_seopress_titles_desc":"","_seopress_robots_index":"","footnotes":""},"class_list":["post-903","page","type-page","status-publish","has-post-thumbnail","hentry"],"_links":{"self":[{"href":"https:\/\/pes-luxembourg.lu\/bascharage\/wp-json\/wp\/v2\/pages\/903","targetHints":{"allow":["GET"]}}],"collection":[{"href":"https:\/\/pes-luxembourg.lu\/bascharage\/wp-json\/wp\/v2\/pages"}],"about":[{"href":"https:\/\/pes-luxembourg.lu\/bascharage\/wp-json\/wp\/v2\/types\/page"}],"author":[{"embeddable":true,"href":"https:\/\/pes-luxembourg.lu\/bascharage\/wp-json\/wp\/v2\/users\/1"}],"replies":[{"embeddable":true,"href":"https:\/\/pes-luxembourg.lu\/bascharage\/wp-json\/wp\/v2\/comments?post=903"}],"version-history":[{"count":0,"href":"https:\/\/pes-luxembourg.lu\/bascharage\/wp-json\/wp\/v2\/pages\/903\/revisions"}],"wp:featuredmedia":[{"embeddable":true,"href":"https:\/\/pes-luxembourg.lu\/bascharage\/wp-json\/wp\/v2\/media\/8132"}],"wp:attachment":[{"href":"https:\/\/pes-luxembourg.lu\/bascharage\/wp-json\/wp\/v2\/media?parent=903"}],"curies":[{"name":"wp","href":"https:\/\/api.w.org\/{rel}","templated":true}]}}