{"id":8272,"date":"2023-07-30T22:59:45","date_gmt":"2023-07-30T20:59:45","guid":{"rendered":"https:\/\/pes-luxembourg.lu\/bascharage\/?page_id=8272"},"modified":"2024-01-27T15:23:52","modified_gmt":"2024-01-27T14:23:52","slug":"soins-infirmiers-a-domicile","status":"publish","type":"page","link":"https:\/\/pes-luxembourg.lu\/bascharage\/soins-infirmiers-a-domicile\/","title":{"rendered":"Soins Infirmiers \u00e0 Domicile"},"content":{"rendered":"<div class=\"fusion-fullwidth fullwidth-box fusion-builder-row-1 fusion-flex-container has-pattern-background has-mask-background nonhundred-percent-fullwidth non-hundred-percent-height-scrolling\" style=\"--awb-border-radius-top-left:0px;--awb-border-radius-top-right:0px;--awb-border-radius-bottom-right:0px;--awb-border-radius-bottom-left:0px;--awb-flex-wrap:wrap;\" ><div class=\"fusion-builder-row fusion-row fusion-flex-align-items-flex-start fusion-flex-content-wrap\" style=\"max-width:1144px;margin-left: calc(-4% \/ 2 );margin-right: calc(-4% \/ 2 );\"><div class=\"fusion-layout-column fusion_builder_column fusion-builder-column-0 fusion_builder_column_1_1 1_1 fusion-flex-column\" style=\"--awb-bg-size:cover;--awb-width-large:100%;--awb-margin-top-large:0px;--awb-spacing-right-large:1.92%;--awb-margin-bottom-large:0px;--awb-spacing-left-large:1.92%;--awb-width-medium:100%;--awb-order-medium:0;--awb-spacing-right-medium:1.92%;--awb-spacing-left-medium:1.92%;--awb-width-small:100%;--awb-order-small:0;--awb-spacing-right-small:1.92%;--awb-spacing-left-small:1.92%;\"><div class=\"fusion-column-wrapper fusion-column-has-shadow fusion-flex-justify-content-flex-start fusion-content-layout-column\"><div class=\"fusion-title title fusion-title-1 fusion-title-center fusion-title-text fusion-title-size-one\" style=\"--awb-margin-top-small:0px;--awb-margin-right-small:0px;--awb-margin-bottom-small:20px;--awb-margin-left-small:0px;\"><div class=\"title-sep-container title-sep-container-left\"><div class=\"title-sep sep-double sep-solid\" style=\"border-color:#e0dede;\"><\/div><\/div><span class=\"awb-title-spacer\"><\/span><h1 class=\"fusion-title-heading title-heading-center fusion-responsive-typography-calculated\" style=\"margin:0;--fontSize:34;line-height:1.41;\">Soins Infirmiers \u00e0 Domicile<\/h1><span class=\"awb-title-spacer\"><\/span><div class=\"title-sep-container title-sep-container-right\"><div class=\"title-sep sep-double sep-solid\" style=\"border-color:#e0dede;\"><\/div><\/div><\/div><div class=\"fusion-text fusion-text-1\"><p style=\"text-align: justify;\">Bienvenue chez LetzNursing, votre r\u00e9f\u00e9rence pour des soins infirmiers \u00e0 domicile de qualit\u00e9. Nous comprenons que chaque patient a des besoins sp\u00e9cifiques et m\u00e9rite des soins infirmiers individualis\u00e9s. C&rsquo;est pour cela que nous nous engageons \u00e0 vous offrir une prise en charge personnalis\u00e9e, directement chez vous.<\/p>\n<p style=\"text-align: justify;\">Notre \u00e9quipe de professionnels infirmiers exp\u00e9riment\u00e9s est pr\u00eate \u00e0 vous fournir une gamme compl\u00e8te de services de soins infirmiers. Que vous ayez besoin de soins post-op\u00e9ratoires, de gestion de la douleur, de soins palliatifs, ou simplement d&rsquo;un soutien r\u00e9gulier pour des besoins de sant\u00e9 quotidiens, nous sommes l\u00e0 pour vous aider.<\/p>\n<p style=\"text-align: justify;\">Chez LetzNursing, nous comprenons que la gu\u00e9rison et le bien-\u00eatre sont plus faciles \u00e0 atteindre dans le confort et la tranquillit\u00e9 de votre propre maison. Nos infirmi\u00e8res et infirmiers d\u00e9vou\u00e9s travaillent pour garantir que vous recevez des soins de la plus haute qualit\u00e9 sans la contrainte de d\u00e9placements fr\u00e9quents.<\/p>\n<p style=\"text-align: justify;\">Notre objectif est d&rsquo;am\u00e9liorer votre qualit\u00e9 de vie et de promouvoir votre ind\u00e9pendance gr\u00e2ce \u00e0 nos services de soins infirmiers \u00e0 domicile. Nous travaillons en \u00e9troite collaboration avec vous et votre m\u00e9decin pour \u00e9tablir un plan de soins qui r\u00e9pond \u00e0 vos besoins individuels et favorise votre r\u00e9tablissement et votre sant\u00e9 \u00e0 long terme.<\/p>\n<p style=\"text-align: justify;\">Nous croyons que chaque patient est unique et m\u00e9rite une attention particuli\u00e8re. Si vous ou un proche avez besoin de soins infirmiers \u00e0 domicile, n&rsquo;h\u00e9sitez pas \u00e0 nous contacter.<\/p>\n<\/div><div class=\"fusion-image-element \" style=\"text-align:center;--awb-margin-right:2%;--awb-caption-title-font-family:var(--h2_typography-font-family);--awb-caption-title-font-weight:var(--h2_typography-font-weight);--awb-caption-title-font-style:var(--h2_typography-font-style);--awb-caption-title-size:var(--h2_typography-font-size);--awb-caption-title-transform:var(--h2_typography-text-transform);--awb-caption-title-line-height:var(--h2_typography-line-height);--awb-caption-title-letter-spacing:var(--h2_typography-letter-spacing);\"><span class=\" fusion-imageframe imageframe-none imageframe-1 hover-type-none\"><a class=\"fusion-no-lightbox\" href=\"https:\/\/letznursing.lu\" target=\"_self\" aria-label=\"Ernesto com nome\"><img decoding=\"async\" width=\"265\" height=\"300\" src=\"https:\/\/pes-luxembourg.lu\/bascharage\/wp-content\/uploads\/sites\/2\/2023\/08\/Ernesto-com-nome-265x300.jpg\" alt class=\"img-responsive wp-image-8298\" srcset=\"https:\/\/pes-luxembourg.lu\/bascharage\/wp-content\/uploads\/sites\/2\/2023\/08\/Ernesto-com-nome-200x226.jpg 200w, https:\/\/pes-luxembourg.lu\/bascharage\/wp-content\/uploads\/sites\/2\/2023\/08\/Ernesto-com-nome-400x453.jpg 400w, https:\/\/pes-luxembourg.lu\/bascharage\/wp-content\/uploads\/sites\/2\/2023\/08\/Ernesto-com-nome-600x679.jpg 600w, https:\/\/pes-luxembourg.lu\/bascharage\/wp-content\/uploads\/sites\/2\/2023\/08\/Ernesto-com-nome-800x905.jpg 800w, https:\/\/pes-luxembourg.lu\/bascharage\/wp-content\/uploads\/sites\/2\/2023\/08\/Ernesto-com-nome.jpg 1080w\" sizes=\"(max-width: 1024px) 100vw, (max-width: 640px) 100vw, 265px\" \/><\/a><\/span><\/div><div style=\"text-align:center;\"><a class=\"fusion-button button-flat button-xlarge button-default fusion-button-default button-1 fusion-button-default-span fusion-button-default-type\" style=\"--awb-margin-right:2%;\" target=\"_self\" href=\"https:\/\/letznursing.lu\"><span class=\"fusion-button-text awb-button__text awb-button__text--default fusion-button-text-right\">Visitez notre Site&#8230;<\/span><span class=\"fusion-button-icon-divider button-icon-divider-right\"><i class=\"fa-mouse-pointer fas awb-button__icon awb-button__icon--default\" aria-hidden=\"true\"><\/i><\/span><\/a><\/div><\/div><\/div><\/div><\/div>\n","protected":false},"excerpt":{"rendered":"","protected":false},"author":1,"featured_media":0,"parent":0,"menu_order":0,"comment_status":"closed","ping_status":"closed","template":"","meta":{"_seopress_robots_primary_cat":"","_seopress_titles_title":"","_seopress_titles_desc":"","_seopress_robots_index":"","footnotes":""},"class_list":["post-8272","page","type-page","status-publish","hentry"],"_links":{"self":[{"href":"https:\/\/pes-luxembourg.lu\/bascharage\/wp-json\/wp\/v2\/pages\/8272","targetHints":{"allow":["GET"]}}],"collection":[{"href":"https:\/\/pes-luxembourg.lu\/bascharage\/wp-json\/wp\/v2\/pages"}],"about":[{"href":"https:\/\/pes-luxembourg.lu\/bascharage\/wp-json\/wp\/v2\/types\/page"}],"author":[{"embeddable":true,"href":"https:\/\/pes-luxembourg.lu\/bascharage\/wp-json\/wp\/v2\/users\/1"}],"replies":[{"embeddable":true,"href":"https:\/\/pes-luxembourg.lu\/bascharage\/wp-json\/wp\/v2\/comments?post=8272"}],"version-history":[{"count":0,"href":"https:\/\/pes-luxembourg.lu\/bascharage\/wp-json\/wp\/v2\/pages\/8272\/revisions"}],"wp:attachment":[{"href":"https:\/\/pes-luxembourg.lu\/bascharage\/wp-json\/wp\/v2\/media?parent=8272"}],"curies":[{"name":"wp","href":"https:\/\/api.w.org\/{rel}","templated":true}]}}