{"id":446,"date":"2019-05-14T22:31:51","date_gmt":"2019-05-14T20:31:51","guid":{"rendered":"https:\/\/pes-luxembourg.lu\/bascharage\/?page_id=446"},"modified":"2024-01-24T15:58:32","modified_gmt":"2024-01-24T14:58:32","slug":"kinesitherapeute-bascharage-valentin-boch","status":"publish","type":"page","link":"https:\/\/pes-luxembourg.lu\/bascharage\/kinesitherapeute-bascharage-valentin-boch\/","title":{"rendered":"Kin\u00e9sith\u00e9rapeute Bascharage Valentin Boch"},"content":{"rendered":"<div class=\"fusion-fullwidth fullwidth-box fusion-builder-row-1 nonhundred-percent-fullwidth non-hundred-percent-height-scrolling\" style=\"--awb-border-radius-top-left:0px;--awb-border-radius-top-right:0px;--awb-border-radius-bottom-right:0px;--awb-border-radius-bottom-left:0px;--awb-flex-wrap:wrap;\" ><div class=\"fusion-builder-row fusion-row\"><div class=\"fusion-layout-column fusion_builder_column fusion-builder-column-0 fusion_builder_column_1_1 1_1 fusion-one-full fusion-column-first fusion-column-last\" style=\"--awb-bg-size:cover;\"><div class=\"fusion-column-wrapper fusion-flex-column-wrapper-legacy\"><div class=\"fusion-title title fusion-title-1 fusion-title-center fusion-title-text fusion-title-size-one\" style=\"--awb-margin-top-small:0px;--awb-margin-right-small:0px;--awb-margin-bottom-small:20px;--awb-margin-left-small:0px;\"><div class=\"title-sep-container title-sep-container-left\"><div class=\"title-sep sep-double sep-solid\" style=\"border-color:#e0dede;\"><\/div><\/div><span class=\"awb-title-spacer\"><\/span><h1 class=\"fusion-title-heading title-heading-center fusion-responsive-typography-calculated\" style=\"margin:0;--fontSize:34;line-height:1.41;\">Kin\u00e9sith\u00e9rapeute Bascharage Valentin Boch<\/h1><span class=\"awb-title-spacer\"><\/span><div class=\"title-sep-container title-sep-container-right\"><div class=\"title-sep sep-double sep-solid\" style=\"border-color:#e0dede;\"><\/div><\/div><\/div><div class=\"fusion-clearfix\"><\/div><\/div><\/div><div class=\"fusion-layout-column fusion_builder_column fusion-builder-column-1 fusion_builder_column_1_1 1_1 fusion-one-full fusion-column-first fusion-column-last\" style=\"--awb-bg-size:cover;\"><div class=\"fusion-column-wrapper fusion-flex-column-wrapper-legacy\"><div class=\"fusion-person person fusion-person-center fusion-person-1 fusion-person-icon-top\" style=\"--awb-pic-style-color:#000000;--awb-pic-borderradius:20px;--awb-margin-top:0px;--awb-margin-right:0px;--awb-margin-bottom:0px;--awb-margin-left:0px;--awb-social-box-border-top:0px;--awb-social-box-border-right:0px;--awb-social-box-border-bottom:0px;--awb-social-box-border-left:0px;--awb-social-box-border-color:var(--awb-color3);--awb-social-box-border-color-hover:var(--awb-color4);--awb-social-box-colors-hover:rgba(232,232,232,0.8);--awb-social-icon-boxed-colors:#e8e8e8;--awb-social-icon-colors:#82c9f0;--awb-social-icon-colors-hover:rgba(130,201,240,0.8);\"><div class=\"person-shortcode-image-wrapper\"><div class=\"person-image-container hover-type-none person-rounded-overflow\" style=\"-webkit-border-radius:20px;-moz-border-radius:20px;border-radius:20px;border:0px solid #f6f6f6;-webkit-border-radius:20px;-moz-border-radius:20px;border-radius:20px;\"><img decoding=\"async\" class=\"person-img img-responsive wp-image-116\" width=\"400\" height=\"400\" src=\"https:\/\/pes-luxembourg.lu\/bascharage\/wp-content\/uploads\/sites\/2\/2018\/08\/Valentin-Boch-Kine-Bascharage-400x400.jpg\" alt=\"Valentin Boch\" srcset=\"https:\/\/pes-luxembourg.lu\/bascharage\/wp-content\/uploads\/sites\/2\/2018\/08\/Valentin-Boch-Kine-Bascharage-200x200.jpg 200w, https:\/\/pes-luxembourg.lu\/bascharage\/wp-content\/uploads\/sites\/2\/2018\/08\/Valentin-Boch-Kine-Bascharage-400x400.jpg 400w, https:\/\/pes-luxembourg.lu\/bascharage\/wp-content\/uploads\/sites\/2\/2018\/08\/Valentin-Boch-Kine-Bascharage-600x600.jpg 600w, https:\/\/pes-luxembourg.lu\/bascharage\/wp-content\/uploads\/sites\/2\/2018\/08\/Valentin-Boch-Kine-Bascharage-800x800.jpg 800w, https:\/\/pes-luxembourg.lu\/bascharage\/wp-content\/uploads\/sites\/2\/2018\/08\/Valentin-Boch-Kine-Bascharage-1200x1200.jpg 1200w\" sizes=\"(max-width: 800px) 100vw, 1200px\" \/><\/div><\/div><div class=\"person-desc\"><div class=\"person-author\"><div class=\"person-author-wrapper\"><span class=\"person-name\">Valentin Boch<\/span><span class=\"person-title\">Kin\u00e9sith\u00e9rapeute<\/span><\/div><\/div><div class=\"person-content fusion-clearfix\"><\/div><\/div><\/div><div class=\"fusion-text fusion-text-1\"><p style=\"text-align: justify;\"><strong>Valentin Boch,<\/strong> votre kin\u00e9sith\u00e9rapeute et th\u00e9rapeute manuel \u00e0 Bascharage est dipl\u00f4m\u00e9 d\u2019un master en kin\u00e9sith\u00e9rapie de la Haute Ecole Robert Schuman de Libramont en juin 2015. Il y a suivi une formation de 4 ann\u00e9es bas\u00e9e sur des cours th\u00e9oriques tels que l\u2019anatomie, la biom\u00e9canique, la physiologie, les pathologies (m\u00e9dicales, chirurgicales et sportives), la neurologie, l\u2019orthop\u00e9die ainsi que des cours pratiques tels que le massage, la mobilisation, les techniques sp\u00e9cialis\u00e9es, l\u2019anatomie palpatoire, la r\u00e9\u00e9ducation cardio-respiratoire, la r\u00e9\u00e9ducation neurologique, la r\u00e9\u00e9ducation sportive et orthop\u00e9dique, \u2026<\/p>\n<p style=\"text-align: justify;\">La partie clinique des \u00e9tudes s\u2019est faite dans diff\u00e9rents hopitaux, centres de r\u00e9\u00e9ducation, centres thermaux, cabinets lib\u00e9raux ainsi que clubs sportifs professionnels. Ces stages lui ont permis de d\u00e9couvrir tous les domaines de la kin\u00e9sith\u00e9rapie (p\u00e9diatrie, neurologie, sports, orthop\u00e9die, cardiologie\u2026)<\/p>\n<p style=\"text-align: justify;\">Ces diff\u00e9rents stages se sont d\u00e9roul\u00e9s au <a href=\"https:\/\/www.mondorf.lu\">Centre thermal \u00e0 Mondorf-les-Bains<\/a>, dans le service neuro-g\u00e9riatrique du <a href=\"https:\/\/www.vivalia.be\">CHA de Libramont<\/a> (Belgique), dans le service kin\u00e9sith\u00e9rapie (sport et r\u00e9\u00e9ducation) des <a href=\"https:\/\/www.vivalia.be\">Cliniques du Sud Luxembourg<\/a>, dans plusieurs cabinets lib\u00e9raux ainsi qu\u2019au club de foot professionnel du <a href=\"https:\/\/www.fcmetz.com\">FC Metz<\/a> (CFA et Equipe professionnelle).<\/p>\n<p style=\"text-align: justify;\">Apr\u00e8s ses \u00e9tudes, votre kin\u00e9sith\u00e9rapeute \u00e0 Kaerjeng, Valentin Boch, a suivi plusieurs formations suppl\u00e9mentaires comme le Drainage lymphatique manuel (<a href=\"https:\/\/www.lympho.net\/fr\/accueil\/\">Olivier Leduc<\/a>), la prise en charge de l\u2019ob\u00e9sit\u00e9 en lien avec l\u2019activit\u00e9 au CHA de Libramont, l\u2019application pratique des ventouses en kin\u00e9sith\u00e9rapie, le crochetage myo-apon\u00e9vrotique de niveaux 1 et 2 et surtout <a href=\"https:\/\/www.formationatms.com\">l\u2019Acad\u00e9mie de Th\u00e9rapie Manuelle et Sportive<\/a> (ATMS) en Belgique.<\/p>\n<p style=\"text-align: justify;\">Il travaille au cabinet P\u00f4le Equilibre&amp;Sant\u00e9 de Bascharage depuis juin 2015 et son domaine de pr\u00e9dilection est la kin\u00e9 du sport.<\/p>\n<\/div><div class=\"fusion-title title fusion-title-2 fusion-title-center fusion-title-text fusion-title-size-one\" style=\"--awb-margin-top-small:0px;--awb-margin-right-small:0px;--awb-margin-bottom-small:20px;--awb-margin-left-small:0px;\"><div class=\"title-sep-container title-sep-container-left\"><div class=\"title-sep sep-double sep-solid\" style=\"border-color:#e0dede;\"><\/div><\/div><span class=\"awb-title-spacer\"><\/span><h1 class=\"fusion-title-heading title-heading-center fusion-responsive-typography-calculated\" style=\"margin:0;--fontSize:34;line-height:1.41;\">Prendre RDV en ligne avec Valentin Boch<\/h1><span class=\"awb-title-spacer\"><\/span><div class=\"title-sep-container title-sep-container-right\"><div class=\"title-sep sep-double sep-solid\" style=\"border-color:#e0dede;\"><\/div><\/div><\/div><div class=\"fusion-text fusion-text-2\"><section data-toggle=\"doc-calendar\" data-picture=\"1\" data-doctor-eid=\"e9413655-0b8c-4df3-802d-a2fffa1c5a6a\" data-language=\"fr\"><\/section>\n<p><script src=\"https:\/\/api.doctena.lu\/js\/widgetBooking\/calendar\/build.php\"><\/script><\/p>\n<\/div><div class=\"fusion-clearfix\"><\/div><\/div><\/div><\/div><\/div>\n","protected":false},"excerpt":{"rendered":"","protected":false},"author":1,"featured_media":0,"parent":0,"menu_order":0,"comment_status":"closed","ping_status":"closed","template":"","meta":{"_seopress_robots_primary_cat":"","_seopress_titles_title":"","_seopress_titles_desc":"","_seopress_robots_index":"","footnotes":""},"class_list":["post-446","page","type-page","status-publish","hentry"],"_links":{"self":[{"href":"https:\/\/pes-luxembourg.lu\/bascharage\/wp-json\/wp\/v2\/pages\/446","targetHints":{"allow":["GET"]}}],"collection":[{"href":"https:\/\/pes-luxembourg.lu\/bascharage\/wp-json\/wp\/v2\/pages"}],"about":[{"href":"https:\/\/pes-luxembourg.lu\/bascharage\/wp-json\/wp\/v2\/types\/page"}],"author":[{"embeddable":true,"href":"https:\/\/pes-luxembourg.lu\/bascharage\/wp-json\/wp\/v2\/users\/1"}],"replies":[{"embeddable":true,"href":"https:\/\/pes-luxembourg.lu\/bascharage\/wp-json\/wp\/v2\/comments?post=446"}],"version-history":[{"count":0,"href":"https:\/\/pes-luxembourg.lu\/bascharage\/wp-json\/wp\/v2\/pages\/446\/revisions"}],"wp:attachment":[{"href":"https:\/\/pes-luxembourg.lu\/bascharage\/wp-json\/wp\/v2\/media?parent=446"}],"curies":[{"name":"wp","href":"https:\/\/api.w.org\/{rel}","templated":true}]}}