{"id":409,"date":"2019-05-13T01:43:46","date_gmt":"2019-05-12T23:43:46","guid":{"rendered":"https:\/\/pes-luxembourg.lu\/bascharage\/?page_id=409"},"modified":"2024-01-24T17:03:29","modified_gmt":"2024-01-24T16:03:29","slug":"kinesitherapie-du-sport","status":"publish","type":"page","link":"https:\/\/pes-luxembourg.lu\/bascharage\/kinesitherapie-du-sport\/","title":{"rendered":"Kin\u00e9sith\u00e9rapie du Sport"},"content":{"rendered":"<div class=\"fusion-fullwidth fullwidth-box fusion-builder-row-1 nonhundred-percent-fullwidth non-hundred-percent-height-scrolling\" style=\"--awb-border-radius-top-left:0px;--awb-border-radius-top-right:0px;--awb-border-radius-bottom-right:0px;--awb-border-radius-bottom-left:0px;--awb-flex-wrap:wrap;\" ><div class=\"fusion-builder-row fusion-row\"><div class=\"fusion-layout-column fusion_builder_column fusion-builder-column-0 fusion_builder_column_1_1 1_1 fusion-one-full fusion-column-first fusion-column-last\" style=\"--awb-bg-size:cover;\"><div class=\"fusion-column-wrapper fusion-column-has-shadow fusion-flex-column-wrapper-legacy\"><div class=\"fusion-title title fusion-title-1 fusion-title-center fusion-title-text fusion-title-size-one\" style=\"--awb-margin-top-small:0px;--awb-margin-right-small:0px;--awb-margin-bottom-small:20px;--awb-margin-left-small:0px;\"><div class=\"title-sep-container title-sep-container-left\"><div class=\"title-sep sep-double sep-solid\" style=\"border-color:#e0dede;\"><\/div><\/div><span class=\"awb-title-spacer\"><\/span><h1 class=\"fusion-title-heading title-heading-center fusion-responsive-typography-calculated\" style=\"margin:0;--fontSize:34;line-height:1.41;\">Kin\u00e9sith\u00e9rapie du Sport Bascharage<\/h1><span class=\"awb-title-spacer\"><\/span><div class=\"title-sep-container title-sep-container-right\"><div class=\"title-sep sep-double sep-solid\" style=\"border-color:#e0dede;\"><\/div><\/div><\/div><div class=\"fusion-image-element fusion-image-align-center in-legacy-container\" style=\"text-align:center;--awb-caption-title-font-family:var(--h2_typography-font-family);--awb-caption-title-font-weight:var(--h2_typography-font-weight);--awb-caption-title-font-style:var(--h2_typography-font-style);--awb-caption-title-size:var(--h2_typography-font-size);--awb-caption-title-transform:var(--h2_typography-text-transform);--awb-caption-title-line-height:var(--h2_typography-line-height);--awb-caption-title-letter-spacing:var(--h2_typography-letter-spacing);\"><div class=\"imageframe-align-center\"><span class=\" fusion-imageframe imageframe-none imageframe-1 hover-type-none\" style=\"border:3px solid #f6f6f6;border-radius:50%;\"><img decoding=\"async\" width=\"300\" height=\"300\" title=\"Kin\u00e9 du Sport\" src=\"https:\/\/pes-luxembourg.lu\/bascharage\/wp-content\/uploads\/sites\/2\/2019\/07\/Kin\u00e9-du-Sport-1-300x300.jpg\" alt class=\"img-responsive wp-image-705\" srcset=\"https:\/\/pes-luxembourg.lu\/bascharage\/wp-content\/uploads\/sites\/2\/2019\/07\/Kin\u00e9-du-Sport-1-200x199.jpg 200w, https:\/\/pes-luxembourg.lu\/bascharage\/wp-content\/uploads\/sites\/2\/2019\/07\/Kin\u00e9-du-Sport-1-400x398.jpg 400w, https:\/\/pes-luxembourg.lu\/bascharage\/wp-content\/uploads\/sites\/2\/2019\/07\/Kin\u00e9-du-Sport-1-600x597.jpg 600w, https:\/\/pes-luxembourg.lu\/bascharage\/wp-content\/uploads\/sites\/2\/2019\/07\/Kin\u00e9-du-Sport-1.jpg 647w\" sizes=\"(max-width: 800px) 100vw, 300px\" \/><\/span><\/div><\/div><div class=\"fusion-sep-clear\"><\/div><div class=\"fusion-separator fusion-full-width-sep\" style=\"margin-left: auto;margin-right: auto;margin-top:20px;margin-bottom:20px;width:100%;\"><div class=\"fusion-separator-border sep-shadow\" style=\"--awb-height:20px;--awb-amount:20px;background:radial-gradient(ellipse at 50% -50% , #e0dede 0px, rgba(255, 255, 255, 0) 80%) repeat scroll 0 0 rgba(0, 0, 0, 0);background:-webkit-radial-gradient(ellipse at 50% -50% , #e0dede 0px, rgba(255, 255, 255, 0) 80%) repeat scroll 0 0 rgba(0, 0, 0, 0);background:-moz-radial-gradient(ellipse at 50% -50% , #e0dede 0px, rgba(255, 255, 255, 0) 80%) repeat scroll 0 0 rgba(0, 0, 0, 0);background:-o-radial-gradient(ellipse at 50% -50% , #e0dede 0px, rgba(255, 255, 255, 0) 80%) repeat scroll 0 0 rgba(0, 0, 0, 0);\"><\/div><\/div><div class=\"fusion-sep-clear\"><\/div><div class=\"fusion-text fusion-text-1\"><p style=\"text-align: justify;\">La <strong>kin\u00e9sith\u00e9rapie du sport<\/strong> est une branche essentielle de la kin\u00e9sith\u00e9rapie, qui s&rsquo;adresse aussi bien aux athl\u00e8tes professionnels qu&rsquo;aux amateurs. Cette discipline se concentre sur la pr\u00e9vention, le diagnostic et le traitement des blessures li\u00e9es \u00e0 la pratique sportive. Elle joue un r\u00f4le crucial non seulement dans la gu\u00e9rison des traumatismes, mais \u00e9galement dans la pr\u00e9paration physique et l&rsquo;am\u00e9lioration de la performance, peu importe le niveau de comp\u00e9tition. Les kin\u00e9sith\u00e9rapeutes du sport \u00e9laborent des programmes sur mesure qui int\u00e8grent des exercices de renforcement musculaire, d&rsquo;\u00e9tirement, de th\u00e9rapie manuelle et des strat\u00e9gies de r\u00e9cup\u00e9ration adapt\u00e9es. Ces interventions sont fondamentales pour aider tous les sportifs, du week-end aux comp\u00e9titeurs \u00e9lites, \u00e0 maintenir une condition physique optimale, \u00e0 maximiser leurs performances et \u00e0 r\u00e9duire les risques de blessures. En combinant des principes scientifiques et des techniques avanc\u00e9es, la kin\u00e9sith\u00e9rapie du sport offre une prise en charge compl\u00e8te et personnalis\u00e9e pour chaque athl\u00e8te, garantissant une approche adapt\u00e9e \u00e0 chaque niveau et discipline sportive.<\/p>\n<h2 style=\"text-align: justify;\">Pr\u00e9vention des Blessures<\/h2>\n<p style=\"text-align: justify;\">La kin\u00e9sith\u00e9rapie du sport joue un r\u00f4le crucial dans la pr\u00e9vention des blessures. Une \u00e9tude majeure publi\u00e9e dans le \u00ab\u00a0Journal of Science and Medicine in Sport\u00a0\u00bb r\u00e9v\u00e8le qu&rsquo;environ 50% des blessures sportives pourraient \u00eatre \u00e9vit\u00e9es gr\u00e2ce \u00e0 l&rsquo;impl\u00e9mentation de programmes de pr\u00e9vention adapt\u00e9s. <a href=\"https:\/\/pes-luxembourg.lu\/bascharage\/kinesitherapeutes-bascharage\/\">Nos kin\u00e9sith\u00e9rapeutes<\/a> utilisent une approche proactive, incluant :<\/p>\n<ul style=\"text-align: justify;\">\n<li><strong>\u00c9valuation Biom\u00e9canique<\/strong> : Analyse de la posture et des mouvements pour d\u00e9tecter les risques potentiels de blessure.<\/li>\n<li><strong>Programmes de Renforcement Musculaire<\/strong> : Con\u00e7us pour renforcer les muscles qui sont les plus susceptibles de subir des blessures dans votre discipline sportive.<\/li>\n<li><strong>Techniques d&rsquo;\u00c9tirement<\/strong> : Pour am\u00e9liorer la flexibilit\u00e9 et r\u00e9duire la tension musculaire, minimisant ainsi les risques de blessures.<\/li>\n<li><strong>Enseignement de la Bonne Technique<\/strong> : Correction des mouvements et des postures inappropri\u00e9es dans la pratique sportive.<\/li>\n<\/ul>\n<h2 style=\"text-align: justify;\">R\u00e9\u00e9ducation et R\u00e9cup\u00e9ration<\/h2>\n<p style=\"text-align: justify;\">En cas de blessure, notre objectif est de vous aider \u00e0 retrouver rapidement et en toute s\u00e9curit\u00e9 votre niveau de performance. Pour cela, nous utilisons des m\u00e9thodes \u00e9prouv\u00e9es :<\/p>\n<ul style=\"text-align: justify;\">\n<li><strong>Th\u00e9rapie Manuelle<\/strong> : <a href=\"https:\/\/pes-luxembourg.lu\/bascharage\/therapie-manuelle-bascharage\/\">Mobilisations et manipulations manuelles<\/a> pour am\u00e9liorer la mobilit\u00e9 et soulager la douleur.<\/li>\n<li><strong>Exercices de R\u00e9\u00e9ducation<\/strong> : Programmes personnalis\u00e9s pour restaurer la force, l&rsquo;amplitude de mouvement et la fonctionnalit\u00e9.<\/li>\n<li><strong>Th\u00e9rapie par Ondes de Choc<\/strong> : Utilisation <a href=\"https:\/\/pes-luxembourg.lu\/bascharage\/ondes-de-choc-kinesitherapie-bascharage\/\">d&rsquo;ondes de choc<\/a> pour stimuler la gu\u00e9rison des tissus.<\/li>\n<li><strong>Planification du Retour au Sport<\/strong> : Strat\u00e9gies gradu\u00e9es pour un retour s\u00e9curis\u00e9 \u00e0 la comp\u00e9tition.<\/li>\n<\/ul>\n<h2 style=\"text-align: justify;\">Am\u00e9lioration de la Performance<\/h2>\n<p style=\"text-align: justify;\">La kin\u00e9sith\u00e9rapie du sport ne se limite pas \u00e0 la r\u00e9\u00e9ducation ; elle est \u00e9galement un outil puissant pour am\u00e9liorer les performances. Nous nous appuyons sur des \u00e9tudes scientifiques pour proposer des interventions cibl\u00e9es :<\/p>\n<ul style=\"text-align: justify;\">\n<li><strong>Renforcement Musculaire Cibl\u00e9<\/strong> : Exercices sp\u00e9cifiques pour augmenter la force et la puissance musculaire gr\u00e2ce par exemple \u00e0 <a href=\"https:\/\/pes-luxembourg.lu\/bascharage\/isocinetisme-contrex-bascharage\/\">l&rsquo;isocin\u00e9tisme<\/a>.<\/li>\n<li><strong>Am\u00e9lioration de l&rsquo;Endurance<\/strong> : Programmes visant \u00e0 augmenter la r\u00e9sistance \u00e0 la fatigue musculaire et cardiovasculaire.<\/li>\n<li><strong>Optimisation de la Technique Sportive<\/strong> : Conseils et entra\u00eenements pour affiner la technique et maximiser l&rsquo;efficacit\u00e9.<\/li>\n<li><strong>Pr\u00e9paration Physique G\u00e9n\u00e9rale<\/strong> : Programmes complets pour am\u00e9liorer l&rsquo;\u00e9quilibre, la coordination et la souplesse.<\/li>\n<\/ul>\n<p style=\"text-align: justify;\">En int\u00e9grant ces strat\u00e9gies, la kin\u00e9sith\u00e9rapie du sport devient un \u00e9l\u00e9ment incontournable pour tout athl\u00e8te, qu&rsquo;il soit amateur ou professionnel, visant \u00e0 pr\u00e9venir les blessures, acc\u00e9l\u00e9rer la gu\u00e9rison et am\u00e9liorer les performances sportives. Notre approche est fond\u00e9e sur des preuves scientifiques et adapt\u00e9e individuellement pour r\u00e9pondre aux besoins sp\u00e9cifiques de chaque sportif.<\/p>\n<\/div><div class=\"fusion-clearfix\"><\/div><\/div><\/div><\/div><\/div>\n","protected":false},"excerpt":{"rendered":"","protected":false},"author":1,"featured_media":0,"parent":0,"menu_order":0,"comment_status":"closed","ping_status":"closed","template":"","meta":{"_seopress_robots_primary_cat":"","_seopress_titles_title":"","_seopress_titles_desc":"","_seopress_robots_index":"","footnotes":""},"class_list":["post-409","page","type-page","status-publish","hentry"],"_links":{"self":[{"href":"https:\/\/pes-luxembourg.lu\/bascharage\/wp-json\/wp\/v2\/pages\/409","targetHints":{"allow":["GET"]}}],"collection":[{"href":"https:\/\/pes-luxembourg.lu\/bascharage\/wp-json\/wp\/v2\/pages"}],"about":[{"href":"https:\/\/pes-luxembourg.lu\/bascharage\/wp-json\/wp\/v2\/types\/page"}],"author":[{"embeddable":true,"href":"https:\/\/pes-luxembourg.lu\/bascharage\/wp-json\/wp\/v2\/users\/1"}],"replies":[{"embeddable":true,"href":"https:\/\/pes-luxembourg.lu\/bascharage\/wp-json\/wp\/v2\/comments?post=409"}],"version-history":[{"count":0,"href":"https:\/\/pes-luxembourg.lu\/bascharage\/wp-json\/wp\/v2\/pages\/409\/revisions"}],"wp:attachment":[{"href":"https:\/\/pes-luxembourg.lu\/bascharage\/wp-json\/wp\/v2\/media?parent=409"}],"curies":[{"name":"wp","href":"https:\/\/api.w.org\/{rel}","templated":true}]}}