{"id":404,"date":"2019-05-13T01:41:19","date_gmt":"2019-05-12T23:41:19","guid":{"rendered":"https:\/\/pes-luxembourg.lu\/bascharage\/?page_id=404"},"modified":"2024-01-24T17:07:44","modified_gmt":"2024-01-24T16:07:44","slug":"kinesitherapie-maxillo-faciale","status":"publish","type":"page","link":"https:\/\/pes-luxembourg.lu\/bascharage\/kinesitherapie-maxillo-faciale\/","title":{"rendered":"Kin\u00e9sith\u00e9rapie Maxillo-faciale"},"content":{"rendered":"<div class=\"fusion-fullwidth fullwidth-box fusion-builder-row-1 nonhundred-percent-fullwidth non-hundred-percent-height-scrolling\" style=\"--awb-border-radius-top-left:0px;--awb-border-radius-top-right:0px;--awb-border-radius-bottom-right:0px;--awb-border-radius-bottom-left:0px;--awb-flex-wrap:wrap;\" ><div class=\"fusion-builder-row fusion-row\"><div class=\"fusion-layout-column fusion_builder_column fusion-builder-column-0 fusion_builder_column_1_1 1_1 fusion-one-full fusion-column-first fusion-column-last\" style=\"--awb-bg-size:cover;\"><div class=\"fusion-column-wrapper fusion-column-has-shadow fusion-flex-column-wrapper-legacy\"><div class=\"fusion-title title fusion-title-1 fusion-title-center fusion-title-text fusion-title-size-one\" style=\"--awb-margin-top-small:0px;--awb-margin-right-small:0px;--awb-margin-bottom-small:20px;--awb-margin-left-small:0px;\"><div class=\"title-sep-container title-sep-container-left\"><div class=\"title-sep sep-double sep-solid\" style=\"border-color:#e0dede;\"><\/div><\/div><span class=\"awb-title-spacer\"><\/span><h1 class=\"fusion-title-heading title-heading-center fusion-responsive-typography-calculated\" style=\"margin:0;--fontSize:34;line-height:1.41;\">R\u00e9\u00e9ducation Maxillo-Faciale<\/h1><span class=\"awb-title-spacer\"><\/span><div class=\"title-sep-container title-sep-container-right\"><div class=\"title-sep sep-double sep-solid\" style=\"border-color:#e0dede;\"><\/div><\/div><\/div><div class=\"fusion-image-element fusion-image-align-center in-legacy-container\" style=\"text-align:center;--awb-caption-title-font-family:var(--h2_typography-font-family);--awb-caption-title-font-weight:var(--h2_typography-font-weight);--awb-caption-title-font-style:var(--h2_typography-font-style);--awb-caption-title-size:var(--h2_typography-font-size);--awb-caption-title-transform:var(--h2_typography-text-transform);--awb-caption-title-line-height:var(--h2_typography-line-height);--awb-caption-title-letter-spacing:var(--h2_typography-letter-spacing);\"><div class=\"imageframe-align-center\"><span class=\" fusion-imageframe imageframe-none imageframe-1 hover-type-none\" style=\"border:3px solid #f6f6f6;border-radius:50%;\"><img decoding=\"async\" width=\"300\" height=\"290\" title=\"Reeducation Maxillo-Faciale\" src=\"https:\/\/pes-luxembourg.lu\/bascharage\/wp-content\/uploads\/sites\/2\/2019\/07\/Reeducation-Maxillo-Faciale-300x290.jpg\" alt class=\"img-responsive wp-image-769\" srcset=\"https:\/\/pes-luxembourg.lu\/bascharage\/wp-content\/uploads\/sites\/2\/2019\/07\/Reeducation-Maxillo-Faciale-200x193.jpg 200w, https:\/\/pes-luxembourg.lu\/bascharage\/wp-content\/uploads\/sites\/2\/2019\/07\/Reeducation-Maxillo-Faciale-400x386.jpg 400w, https:\/\/pes-luxembourg.lu\/bascharage\/wp-content\/uploads\/sites\/2\/2019\/07\/Reeducation-Maxillo-Faciale-600x579.jpg 600w, https:\/\/pes-luxembourg.lu\/bascharage\/wp-content\/uploads\/sites\/2\/2019\/07\/Reeducation-Maxillo-Faciale.jpg 746w\" sizes=\"(max-width: 800px) 100vw, 300px\" \/><\/span><\/div><\/div><div class=\"fusion-sep-clear\"><\/div><div class=\"fusion-separator fusion-full-width-sep\" style=\"margin-left: auto;margin-right: auto;margin-top:20px;margin-bottom:20px;width:100%;\"><div class=\"fusion-separator-border sep-shadow\" style=\"--awb-height:20px;--awb-amount:20px;background:radial-gradient(ellipse at 50% -50% , #e0dede 0px, rgba(255, 255, 255, 0) 80%) repeat scroll 0 0 rgba(0, 0, 0, 0);background:-webkit-radial-gradient(ellipse at 50% -50% , #e0dede 0px, rgba(255, 255, 255, 0) 80%) repeat scroll 0 0 rgba(0, 0, 0, 0);background:-moz-radial-gradient(ellipse at 50% -50% , #e0dede 0px, rgba(255, 255, 255, 0) 80%) repeat scroll 0 0 rgba(0, 0, 0, 0);background:-o-radial-gradient(ellipse at 50% -50% , #e0dede 0px, rgba(255, 255, 255, 0) 80%) repeat scroll 0 0 rgba(0, 0, 0, 0);\"><\/div><\/div><div class=\"fusion-sep-clear\"><\/div><div class=\"fusion-text fusion-text-1\"><p style=\"text-align: justify;\">Probl\u00e8me de m\u00e2choire, luxation, claquement, bruxisme (dent serr\u00e9es durant la nuit), douleur &#8230; Votre sp\u00e9cialiste en Kin\u00e9sith\u00e9rapie maxillo-faciale peut vous aider \u00e0 trouver des solutions durables.<\/p>\n<div class=\"wpb_text_column wpb_content_element \" style=\"text-align: justify;\">\n<div class=\"wpb_wrapper\">\n<div class=\"page\" title=\"Page 1\">\n<div class=\"layoutArea\">\n<div class=\"column\">\n<p>L\u2019articulation de la m\u00e2choire est l\u2019articulation temporo-mandibulaire ou ATM. C&rsquo;est une des articulations les plus mobiles du corps humain, <strong>l\u2019une des plus utilis\u00e9es<\/strong> et aussi <strong>l\u2019une des moins stables<\/strong>.\u00a0Comme toute articulation, on retrouve\u00a0aux ATM des surfaces articulaires, du liquide synovial, une capsule, des ligaments, des muscles, des tendons et m\u00eame la pr\u00e9sence d\u2019un disque articulaire. Ces structures peuvent donc mener \u00e0 de l\u2019arthrose, de l\u2019inflammation, une r\u00e9traction capsulaire, une laxit\u00e9 ligamentaire, des tensions musculaires ou un blocage articulaire suite au d\u00e9placement du disque.<\/p>\n<p>Les douleurs de l&rsquo;articulation temporo-mandibulaire affectent, selon les \u00e9tudes, 30 \u00e0 50 % de la population adulte \u00e0 un moment donn\u00e9 de leur existence. L&rsquo;\u00e9thiopathog\u00e9nie est plurifactorielle mais est principalement cons\u00e9cutive \u00e0 des tensions musculaires incoordonn\u00e9es ou exag\u00e9r\u00e9es, responsables de l\u00e9sions ligamentaires et capsulaires, discales et musculaires. Les douleurs sont souvent accompagn\u00e9es de bruits articulaires, de craquements. Les probl\u00e8mes de l\u2019ATM peuvent \u00eatre entra\u00een\u00e9s par : une blessure traumatique comme un accident de la route ou une commotion c\u00e9r\u00e9brale, une mauvaise posture ou par des soins dentaires. Aussi certains maux de t\u00eate et probl\u00e8mes cervicaux peuvent \u00eatre en lien avec une probl\u00e9matique de l\u2019ATM. La r\u00e9\u00e9ducation de l\u2019articulation temporo-mandibulaire en physioth\u00e9rapie permet de diminuer la douleur, d\u2019augmenter la mobilit\u00e9 et de diminuer les bruits lors de l\u2019occlusion et de l\u2019ouverture de la bouche. Le physioth\u00e9rapeute utilise des techniques de th\u00e9rapie manuelle, des exercices et l\u2019\u00e9lectroth\u00e9rapie.<\/p>\n<\/div>\n<\/div>\n<\/div>\n<\/div>\n<\/div>\n<\/div><div class=\"fusion-title title fusion-title-2 fusion-sep-none fusion-title-text fusion-title-size-two\" style=\"--awb-margin-top-small:0px;--awb-margin-right-small:0px;--awb-margin-bottom-small:20px;--awb-margin-left-small:0px;\"><h2 class=\"fusion-title-heading title-heading-left fusion-responsive-typography-calculated\" style=\"margin:0;--fontSize:28;line-height:1.5;\">Votre m\u00e2choire craque ?<\/h2><\/div><div class=\"fusion-text fusion-text-2\"><p style=\"text-align: justify;\">L\u2019ATM poss\u00e8de un disque entre ses 2 surfaces articulaires. Parfois, suite \u00e0 des probl\u00e8mes m\u00e9caniques, le disque va se d\u00e9placer vers l\u2019avant. Le bruit que nous entendons est le bruit du disque qui retourne \u00e0 sa place. Donc non, un craquement n\u2019est pas normal. Notez qu\u2019il n\u2019y a pas d\u2019inqui\u00e9tude \u00e0 avoir si on a un craquement qui est occasionnel et qui est indolore. Si toutefois il y a un craquement audible lors de chaque mastication, votre ATM sera plus sujette \u00e0 bloquer ou \u00e0 s\u2019user plus rapidement! M\u00eame si elle est peu ou pas douloureuse, il est beaucoup plus simple pour votre kin\u00e9sith\u00e9rapeute d\u2019\u00e9liminer un simple craquement que d\u2019attendre plusieurs ann\u00e9es, que le probl\u00e8me empire et que votre th\u00e9rapeute ait ainsi beaucoup de compensations \u00e0 traiter.<\/p>\n<\/div><div class=\"fusion-title title fusion-title-3 fusion-sep-none fusion-title-text fusion-title-size-two\" style=\"--awb-margin-top-small:0px;--awb-margin-right-small:0px;--awb-margin-bottom-small:20px;--awb-margin-left-small:0px;\"><h2 class=\"fusion-title-heading title-heading-left fusion-responsive-typography-calculated\" style=\"margin:0;--fontSize:28;line-height:1.5;\"><p style=\"text-align: justify;\"><span class=\"attention\">Quelles sont les indications de la kin\u00e9sith\u00e9rapie maxillo-faciale ou de la m\u00e2choire ?<\/span><\/p><\/h2><\/div><div class=\"fusion-text fusion-text-3\"><ul>\n<li>C\u00e9phal\u00e9es \/ douleur cervicale ou faciale<\/li>\n<li>Engourdissement ou des fourmillements autour de la m\u00e2choire<\/li>\n<li>Douleur pour m\u00e2cher, serrer les dents ou b\u00e2iller<\/li>\n<li>Craquement ou blocage de la m\u00e2choire<\/li>\n<li>Un son de cliquetis \/ sensation de frottement lors de l\u2019ouverture de la bouche ou pendant la mastication<\/li>\n<li>Une diminution des mouvements de la m\u00e2choire<\/li>\n<li>Un changement dans la mani\u00e8re dont les dents du haut et celles du bas s\u2019embo\u00eetent<\/li>\n<li>Apr\u00e8s une arthroscopie<\/li>\n<li>Contusions diverses, luxation de l&rsquo;articulation temporo-mandibulaire<\/li>\n<li>Suite \u00e0 une op\u00e9ration de l&rsquo;articulation temporo-mandibulaire<\/li>\n<li>Suite \u00e0 des fractures du massif facial et des fractures de la mandibule<\/li>\n<li>Paralysie faciale post traumatique<\/li>\n<li>Suite \u00e0 une ost\u00e9otomie r\u00e9habilitatrice de la face<\/li>\n<li>Suite \u00e0 une h\u00e9mir\u00e9section de la mandibule<\/li>\n<\/ul>\n<\/div><div class=\"fusion-title title fusion-title-4 fusion-sep-none fusion-title-text fusion-title-size-two\" style=\"--awb-margin-top-small:0px;--awb-margin-right-small:0px;--awb-margin-bottom-small:20px;--awb-margin-left-small:0px;\"><h2 class=\"fusion-title-heading title-heading-left fusion-responsive-typography-calculated\" style=\"margin:0;--fontSize:28;line-height:1.5;\"><p style=\"text-align: justify;\"><span class=\"attention\">Les buts de la kin\u00e9sith\u00e9rapie maxillo-faciale sont :<\/span><\/p><\/h2><\/div><div class=\"fusion-text fusion-text-4\"><ul>\n<li>R\u00e9cup\u00e9ration de l&rsquo;ouverture buccale<\/li>\n<li style=\"text-align: justify;\">R\u00e9duire les douleurs, les contractures et les oed\u00e8mes<\/li>\n<li style=\"text-align: justify;\">R\u00e9cup\u00e9rer une force musculaire normale<\/li>\n<\/ul>\n<\/div><div class=\"fusion-title title fusion-title-5 fusion-sep-none fusion-title-text fusion-title-size-two\" style=\"--awb-margin-top-small:0px;--awb-margin-right-small:0px;--awb-margin-bottom-small:20px;--awb-margin-left-small:0px;\"><h2 class=\"fusion-title-heading title-heading-left fusion-responsive-typography-calculated\" style=\"margin:0;--fontSize:28;line-height:1.5;\"><p style=\"text-align: justify;\"><span class=\"attention\">D\u00e9roulement d&rsquo;une s\u00e9ance en kin\u00e9sith\u00e9rapie maxillo-faciale :<\/span><\/p><\/h2><\/div><div class=\"fusion-text fusion-text-5\"><p>Lors de la s\u00e9ances, de nombreuses techniques pourront \u00eatre utilis\u00e9es comme \u00a0:<\/p>\n<ul>\n<li>Des approches en th\u00e9rapie manuelle pour r\u00e9tablir la normalit\u00e9 des mouvements<\/li>\n<li>Des techniques de rel\u00e2chement musculaire au niveau des muscles temporaux, sous-occipitaux et intra-buccaux (mass\u00e9ter, pt\u00e9rygo\u00efdes m\u00e9diaux et lat\u00e9raux)<\/li>\n<li>Des programmes d\u2019exercices pour maintenir les gains obtenus en physioth\u00e9rapie<\/li>\n<li>L\u2019enseignement postural (extension axiale pour diminuer la compression cr\u00e2nio-cervicale)<\/li>\n<li>L\u2019\u00e9lectroth\u00e9rapie (Ultrason, Tens, etc.)<\/li>\n<li>Des conseils de pr\u00e9vention seront enseign\u00e9s tout au long du traitement<\/li>\n<\/ul>\n<\/div><div class=\"fusion-clearfix\"><\/div><\/div><\/div><\/div><\/div>\n","protected":false},"excerpt":{"rendered":"","protected":false},"author":1,"featured_media":0,"parent":0,"menu_order":0,"comment_status":"closed","ping_status":"closed","template":"","meta":{"_seopress_robots_primary_cat":"","_seopress_titles_title":"","_seopress_titles_desc":"","_seopress_robots_index":"","footnotes":""},"class_list":["post-404","page","type-page","status-publish","hentry"],"_links":{"self":[{"href":"https:\/\/pes-luxembourg.lu\/bascharage\/wp-json\/wp\/v2\/pages\/404","targetHints":{"allow":["GET"]}}],"collection":[{"href":"https:\/\/pes-luxembourg.lu\/bascharage\/wp-json\/wp\/v2\/pages"}],"about":[{"href":"https:\/\/pes-luxembourg.lu\/bascharage\/wp-json\/wp\/v2\/types\/page"}],"author":[{"embeddable":true,"href":"https:\/\/pes-luxembourg.lu\/bascharage\/wp-json\/wp\/v2\/users\/1"}],"replies":[{"embeddable":true,"href":"https:\/\/pes-luxembourg.lu\/bascharage\/wp-json\/wp\/v2\/comments?post=404"}],"version-history":[{"count":0,"href":"https:\/\/pes-luxembourg.lu\/bascharage\/wp-json\/wp\/v2\/pages\/404\/revisions"}],"wp:attachment":[{"href":"https:\/\/pes-luxembourg.lu\/bascharage\/wp-json\/wp\/v2\/media?parent=404"}],"curies":[{"name":"wp","href":"https:\/\/api.w.org\/{rel}","templated":true}]}}