{"id":377,"date":"2019-05-13T01:08:55","date_gmt":"2019-05-12T23:08:55","guid":{"rendered":"https:\/\/pes-luxembourg.lu\/bascharage\/?page_id=377"},"modified":"2024-01-24T15:26:07","modified_gmt":"2024-01-24T14:26:07","slug":"electrotherapie-bascharage","status":"publish","type":"page","link":"https:\/\/pes-luxembourg.lu\/bascharage\/electrotherapie-bascharage\/","title":{"rendered":"Electroth\u00e9rapie Bascharage"},"content":{"rendered":"<div class=\"fusion-fullwidth fullwidth-box fusion-builder-row-1 nonhundred-percent-fullwidth non-hundred-percent-height-scrolling\" style=\"--awb-border-radius-top-left:0px;--awb-border-radius-top-right:0px;--awb-border-radius-bottom-right:0px;--awb-border-radius-bottom-left:0px;--awb-padding-top:20px;--awb-padding-bottom:20px;--awb-flex-wrap:wrap;\" ><div class=\"fusion-builder-row fusion-row\"><div class=\"fusion-layout-column fusion_builder_column fusion-builder-column-0 fusion_builder_column_1_1 1_1 fusion-one-full fusion-column-first fusion-column-last\" style=\"--awb-bg-size:cover;\"><div class=\"fusion-column-wrapper fusion-column-has-shadow fusion-flex-column-wrapper-legacy\"><div class=\"fusion-title title fusion-title-1 fusion-title-center fusion-title-text fusion-title-size-one\" style=\"--awb-margin-top-small:0px;--awb-margin-right-small:0px;--awb-margin-bottom-small:20px;--awb-margin-left-small:0px;\"><div class=\"title-sep-container title-sep-container-left\"><div class=\"title-sep sep-double sep-solid\" style=\"border-color:#e0dede;\"><\/div><\/div><span class=\"awb-title-spacer\"><\/span><h1 class=\"fusion-title-heading title-heading-center fusion-responsive-typography-calculated\" style=\"margin:0;--fontSize:34;line-height:1.41;\">Electroth\u00e9rapie<\/h1><span class=\"awb-title-spacer\"><\/span><div class=\"title-sep-container title-sep-container-right\"><div class=\"title-sep sep-double sep-solid\" style=\"border-color:#e0dede;\"><\/div><\/div><\/div><div class=\"fusion-image-element fusion-image-align-center in-legacy-container\" style=\"text-align:center;--awb-bottom-shadow-color:rgba(0,0,0,0.4);--awb-caption-title-font-family:var(--h2_typography-font-family);--awb-caption-title-font-weight:var(--h2_typography-font-weight);--awb-caption-title-font-style:var(--h2_typography-font-style);--awb-caption-title-size:var(--h2_typography-font-size);--awb-caption-title-transform:var(--h2_typography-text-transform);--awb-caption-title-line-height:var(--h2_typography-line-height);--awb-caption-title-letter-spacing:var(--h2_typography-letter-spacing);\"><div class=\"imageframe-align-center\"><div class=\"awb-image-frame awb-image-frame-1 awb-bottomshadow\"><span class=\" fusion-imageframe imageframe-bottomshadow imageframe-1 hover-type-none\" style=\"border:2px solid #f6f6f6;\"><img decoding=\"async\" width=\"1024\" height=\"341\" title=\"Electroth\u00e9rapie\" src=\"https:\/\/pes-luxembourg.lu\/bascharage\/wp-content\/uploads\/sites\/2\/2020\/09\/Electrotherapie-1-1024x341.png\" alt class=\"img-responsive wp-image-2539\" srcset=\"https:\/\/pes-luxembourg.lu\/bascharage\/wp-content\/uploads\/sites\/2\/2020\/09\/Electrotherapie-1-200x67.png 200w, https:\/\/pes-luxembourg.lu\/bascharage\/wp-content\/uploads\/sites\/2\/2020\/09\/Electrotherapie-1-400x133.png 400w, https:\/\/pes-luxembourg.lu\/bascharage\/wp-content\/uploads\/sites\/2\/2020\/09\/Electrotherapie-1-600x200.png 600w, https:\/\/pes-luxembourg.lu\/bascharage\/wp-content\/uploads\/sites\/2\/2020\/09\/Electrotherapie-1-800x267.png 800w, https:\/\/pes-luxembourg.lu\/bascharage\/wp-content\/uploads\/sites\/2\/2020\/09\/Electrotherapie-1-1200x400.png 1200w\" sizes=\"(max-width: 800px) 100vw, 1200px\" \/><\/span><svg xmlns=\"http:\/\/www.w3.org\/2000\/svg\" version=\"1.1\" width=\"100%\" viewBox=\"0 0 600 28\" preserveAspectRatio=\"none\"><g clip-path=\"url(#a)\"><mask id=\"b\" style=\"mask-type:luminance\" maskUnits=\"userSpaceOnUse\" x=\"0\" y=\"0\" width=\"600\" height=\"28\"><path d=\"M0 0h600v28H0V0Z\" fill=\"#fff\"\/><\/mask><g filter=\"url(#c)\" mask=\"url(#b)\"><path d=\"M16.439-18.667h567.123v30.8S438.961-8.4 300-8.4C161.04-8.4 16.438 12.133 16.438 12.133v-30.8Z\" fill=\"#000\"\/><\/g><\/g><defs><clipPath id=\"a\"><path fill=\"#fff\" d=\"M0 0h600v28H0z\"\/><\/clipPath><filter id=\"c\" x=\"5.438\" y=\"-29.667\" width=\"589.123\" height=\"52.8\" filterUnits=\"userSpaceOnUse\" color-interpolation-filters=\"sRGB\"><feFlood flood-opacity=\"0\" result=\"BackgroundImageFix\"\/><feBlend in=\"SourceGraphic\" in2=\"BackgroundImageFix\" result=\"shape\"\/><feGaussianBlur stdDeviation=\"5.5\" result=\"effect1_foregroundBlur_3983_183\"\/><\/filter><\/defs><\/svg><\/div><\/div><\/div><div class=\"fusion-sep-clear\"><\/div><div class=\"fusion-separator fusion-full-width-sep\" style=\"margin-left: auto;margin-right: auto;margin-top:20px;margin-bottom:20px;width:100%;\"><div class=\"fusion-separator-border sep-shadow\" style=\"--awb-height:20px;--awb-amount:20px;background:radial-gradient(ellipse at 50% -50% , #e0dede 0px, rgba(255, 255, 255, 0) 80%) repeat scroll 0 0 rgba(0, 0, 0, 0);background:-webkit-radial-gradient(ellipse at 50% -50% , #e0dede 0px, rgba(255, 255, 255, 0) 80%) repeat scroll 0 0 rgba(0, 0, 0, 0);background:-moz-radial-gradient(ellipse at 50% -50% , #e0dede 0px, rgba(255, 255, 255, 0) 80%) repeat scroll 0 0 rgba(0, 0, 0, 0);background:-o-radial-gradient(ellipse at 50% -50% , #e0dede 0px, rgba(255, 255, 255, 0) 80%) repeat scroll 0 0 rgba(0, 0, 0, 0);\"><\/div><\/div><div class=\"fusion-sep-clear\"><\/div><div class=\"fusion-text fusion-text-1\"><div class=\" vc_custom_1519305554815\">\n<div id=\"text-block-7\" class=\"mk-text-block \">\n<p style=\"text-align: justify;\">L\u2019\u00e9lectroth\u00e9rapie est une technique utilis\u00e9e depuis plusieurs d\u00e9cennies en kin\u00e9sith\u00e9rapie avec succ\u00e8s. Il existe 2 grands types de traitement en \u00e9lectroth\u00e9rapie :<\/p>\n<\/div>\n<\/div>\n<div class=\" vc_custom_1539874290962\">\n<div id=\"text-block-8\" class=\"mk-text-block \">\n<ul class=\"content-list\" style=\"text-align: justify;\">\n<li><strong>L\u2019\u00e9lectroth\u00e9rapie antalgique pour diminuer les douleurs articulaires et musculaires (TENS)<\/strong><\/li>\n<li><strong>L\u2019\u00e9lectrostimulation musculaire pour la musculation et la tonification des muscles (EMS)<\/strong><\/li>\n<\/ul>\n<p style=\"text-align: justify;\">En fonction de votre pathologie, de votre stade d\u2019\u00e9volution, et des indications de la technique, votre kin\u00e9sith\u00e9rapeute sera amen\u00e9 \u00e0 utiliser l&rsquo;\u00e9lectroth\u00e9rapie avec vous.<\/p>\n<\/div>\n<\/div>\n<\/div><div class=\"fusion-clearfix\"><\/div><\/div><\/div><div class=\"fusion-layout-column fusion_builder_column fusion-builder-column-1 fusion_builder_column_1_1 1_1 fusion-one-full fusion-column-first fusion-column-last\" style=\"--awb-bg-size:cover;\"><div class=\"fusion-column-wrapper fusion-column-has-shadow fusion-flex-column-wrapper-legacy\"><div class=\"fusion-title title fusion-title-2 fusion-sep-none fusion-title-text fusion-title-size-two\" style=\"--awb-margin-top-small:0px;--awb-margin-right-small:0px;--awb-margin-bottom-small:20px;--awb-margin-left-small:0px;\"><h2 class=\"fusion-title-heading title-heading-left fusion-responsive-typography-calculated\" style=\"margin:0;--fontSize:28;line-height:1.5;\"><p id=\"fancy-title-9\" class=\"mk-fancy-title simple-style color-single \">Histoire de l&rsquo;Electroth\u00e9rapie<\/p><\/h2><\/div><div class=\"fusion-text fusion-text-2\"><p style=\"text-align: justify;\">\u00c0\u00a0l\u2019inverse de ce que l\u2019on pourrait penser un <strong>courant \u00e9lectrique permet de g\u00e9rer la douleur et de favoriser la gu\u00e9rison des tissus<\/strong>. La stimulation \u00e9lectrique pour g\u00e9rer la douleur a \u00e9t\u00e9 utilis\u00e9e dans la Rome antique. Il a \u00e9t\u00e9 rapport\u00e9 par Scribonius Largus que les douleurs \u00e9taient soulag\u00e9es en utilisant des anguilles \u00e9lectriques. Du 16\u00e8me au 18\u00e8me si\u00e8cle, divers dispositifs \u00e9lectrostatiques ont \u00e9t\u00e9 utilis\u00e9s pour traiter les maux de t\u00eate et les autres douleurs. Benjamin Franklin \u00e9tait un partisan de cette m\u00e9thode pour soulager ses propres douleurs.<\/p>\n<\/div><div class=\"fusion-title title fusion-title-3 fusion-sep-none fusion-title-text fusion-title-size-two\" style=\"--awb-margin-top-small:0px;--awb-margin-right-small:0px;--awb-margin-bottom-small:20px;--awb-margin-left-small:0px;\"><h2 class=\"fusion-title-heading title-heading-left fusion-responsive-typography-calculated\" style=\"margin:0;--fontSize:28;line-height:1.5;\"><p id=\"fancy-title-9\" class=\"mk-fancy-title simple-style color-single \">D\u00e9finition et Principes de fonctionnement<\/p><\/h2><\/div><div class=\"fusion-text fusion-text-3\"><p style=\"text-align: justify;\">L\u2019\u00e9lectroth\u00e9rapie est la contraction d\u2019\u00ab \u00e9lectro \u00bb pour \u00e9lectricit\u00e9, et \u00ab th\u00e9rapie \u00bb, c\u2019est donc une <strong>th\u00e9rapeutique utilisant l\u2019\u00e9lectricit\u00e9<\/strong>. L\u2019\u00e9lectroth\u00e9rapie est donc un traitement m\u00e9dical bas\u00e9 sur l\u2019utilisation de l\u2019\u00e9nergie \u00e9lectrique. A noter que l\u2019on parle \u00e9galement d\u2019\u00e9lectroth\u00e9rapie pour d\u00e9signer l\u2019<strong>enregistrement de l\u2019activit\u00e9 \u00e9lectrique d\u2019un muscle<\/strong>.<\/p>\n<p style=\"text-align: justify;\">Pour son bon fonctionnement, le corps produit naturellement de l\u2019\u00e9lectricit\u00e9 qui est v\u00e9hicul\u00e9e <em>via<\/em> les nerfs \u00e0 destination des muscles essentiellement. Dans ce circuit ferm\u00e9, le g\u00e9n\u00e9rateur est le cerveau, les fils sont les nerfs et le moteur est le muscle. Ainsi, chacun \u00e0 son r\u00f4le : le g\u00e9n\u00e9rateur donne l\u2019information, les fils ou c\u00e2bles la transmettent et le moteur r\u00e9agit \u00e0 cette information. L\u2019\u00e9lectroth\u00e9rapie fonctionne de la m\u00eame fa\u00e7on. La seule diff\u00e9rence est qu\u2019un g\u00e9n\u00e9rateur externe vient shunter la commande volontaire du cerveau. Par exemple, en cas de douleur, les nerfs sont charg\u00e9s d\u2019envoyer un signal d\u2019alarme au cerveau. Gr\u00e2ce \u00e0 l\u2019\u00e9lectroth\u00e9rapie, ce signal d\u2019alarme ne parviendra pas jusqu\u2019au cerveau puisque le g\u00e9n\u00e9rateur externe va court-circuiter la transmission de l\u2019information douloureuse. Le patient sera alors moins douloureux.<\/p>\n<p style=\"text-align: justify;\">L\u2019\u00e9lectroth\u00e9rapie a recours \u00e0 des <strong>courants \u00e9lectriques de diff\u00e9rentes fr\u00e9quences<\/strong>. Ainsi, un traitement \u00e0 basse fr\u00e9quence se situe entre 0 et 1 000 Hz, le traitement \u00e0 moyenne fr\u00e9quence, entre 1 000 et 100 000 Hz, et le traitement \u00e0 haute fr\u00e9quence utilise un courant sup\u00e9rieur \u00e0 100 000 Hz. Ce courant, appliqu\u00e9 sur le corps <em>via<\/em> des \u00e9lectrodes, a pour effet de soulager les douleurs et favoriser la circulation sanguine. Selon la m\u00e9thode d\u2019\u00e9lectroth\u00e9rapie utilis\u00e9e, l\u2019\u00e9lectricit\u00e9 peut assurer la d\u00e9tente ou, au contraire, la contraction du ou des muscles cibl\u00e9s par le traitement.<\/p>\n<\/div><div class=\"fusion-clearfix\"><\/div><\/div><\/div><div class=\"fusion-layout-column fusion_builder_column fusion-builder-column-2 fusion_builder_column_1_2 1_2 fusion-one-half fusion-column-first\" style=\"--awb-bg-size:cover;width:50%;width:calc(50% - ( ( 4% ) * 0.5 ) );margin-right: 4%;\"><div class=\"fusion-column-wrapper fusion-column-has-shadow fusion-flex-column-wrapper-legacy\"><div class=\"fusion-title title fusion-title-4 fusion-sep-none fusion-title-text fusion-title-size-two\" style=\"--awb-margin-top-small:0px;--awb-margin-right-small:0px;--awb-margin-bottom-small:20px;--awb-margin-left-small:0px;\"><h2 class=\"fusion-title-heading title-heading-left fusion-responsive-typography-calculated\" style=\"margin:0;--fontSize:28;line-height:1.5;\"><span id=\"TENS_ou_neurostimulation_\u00e9lectrique_transcutan\u00e9e_\u00e0_vis\u00e9e_antalgique\" class=\"mw-headline\"><i>TENS<\/i> ou neurostimulation \u00e9lectrique transcutan\u00e9e \u00e0 vis\u00e9e antalgique<\/span><\/h2><\/div><div class=\"fusion-text fusion-text-4\"><p style=\"text-align: justify;\">La <strong>neurostimulation \u00e9lectrique transcutan\u00e9e<\/strong> (NSTC), plus connue sous son sigle anglosaxon TENS (<strong><i>Transcutaneous Electrical Nerve Stimulation<\/i><\/strong>) consiste \u00e0 stimuler \u00e9lectriquement les nerfs au moyen d\u2019\u00e9lectrodes pos\u00e9es \u00e0 la surface de la peau. La principale indication de la <i>TENS<\/i> est le <strong>traitement de la douleur<\/strong>. Son action analg\u00e9sique serait due au fait que les courants transcutan\u00e9s interf\u00e9reraient avec la conduction nerveuse. Les courants utilis\u00e9s sont g\u00e9n\u00e9ralement des courants de basse (60 &#8211; 200 Hz) ou tr\u00e8s basse fr\u00e9quence (&lt;<span class=\"nowrap\"><span title=\"0,1 s ou 62,831853071796 rad\u00b7s\u207b\u00b9\">10<\/span>\u00a0<span title=\"Hertz\">Hz<\/span><\/span>).<\/p>\n<p style=\"text-align: justify;\">La stimulation dite \u00ab\u00a0conventionnelle\u00a0\u00bb (ou Gate Control) peut \u00eatre utilis\u00e9e sur une p\u00e9riode courte mais le soulagement de douleur dure alors aussi moins longtemps. La stimulation de tr\u00e8s basse fr\u00e9quence, parfois similaire \u00e0 l\u2019\u00e9lectropuncture est plus inconfortable et tol\u00e9rable pendant seulement 20\u201330 minutes, mais le soulagement dure plus longtemps. Les utilisateurs de TENS peuvent exp\u00e9rimenter diff\u00e9rents placements d&rsquo;\u00e9lectrodes. Les \u00e9lectrodes peuvent \u00eatre plac\u00e9es sur le territoire douloureux, autour du territoire douloureux ou sur le trajet du nerf aff\u00e9rent au territoire douloureux. Plusieurs essais sont parfois n\u00e9cessaires pour trouver la bonne combinaison entre positionnement des \u00e9lectrodes et type de programme, pour une efficacit\u00e9 maximale, et constater si l&rsquo;appareil TENS a un effet b\u00e9n\u00e9fique ou non sur la douleur.<\/p>\n<\/div><div class=\"fusion-clearfix\"><\/div><\/div><\/div><div class=\"fusion-layout-column fusion_builder_column fusion-builder-column-3 fusion_builder_column_1_2 1_2 fusion-one-half fusion-column-last\" style=\"--awb-bg-size:cover;width:50%;width:calc(50% - ( ( 4% ) * 0.5 ) );\"><div class=\"fusion-column-wrapper fusion-column-has-shadow fusion-flex-column-wrapper-legacy\"><div class=\"fusion-title title fusion-title-5 fusion-sep-none fusion-title-text fusion-title-size-two\" style=\"--awb-margin-top-small:0px;--awb-margin-right-small:0px;--awb-margin-bottom-small:20px;--awb-margin-left-small:0px;\"><h2 class=\"fusion-title-heading title-heading-left fusion-responsive-typography-calculated\" style=\"margin:0;--fontSize:28;line-height:1.5;\"><span id=\"Stimulation_\u00e0_caract\u00e8re_excito-moteur\" class=\"mw-headline\"><em>EMS<\/em> ou stimulation \u00e0 caract\u00e8re excito-moteur<\/span><\/h2><\/div><div class=\"fusion-text fusion-text-5\"><p style=\"text-align: justify;\">La <b>stimulation musculaire \u00e9lectrique<\/b> (EMS) ou \u00e9lectro-myostimulation, est le d\u00e9clenchement de la contraction des muscles en utilisant des impulsions \u00e9lectriques.\u00a0Les impulsions sont g\u00e9n\u00e9r\u00e9es par un appareil et d\u00e9livr\u00e9es au moyen d&rsquo;\u00e9lectrodes sur la peau \u00e0 proximit\u00e9 imm\u00e9diate des muscles \u00e0 stimuler.\u00a0Les impulsions imitent les influx nerveux venant du syst\u00e8me nerveux central, provoquant la contraction des muscles. Les \u00e9lectrodes sont g\u00e9n\u00e9ralement des plaquettes qui adh\u00e8rent \u00e0 la peau.\u00a0L&rsquo;EMS est \u00e0 la fois une forme d&rsquo;\u00e9lectroth\u00e9rapie et d&rsquo;entra\u00eenement musculaire.<\/p>\n<p style=\"text-align: justify;\">Cette technique est utilis\u00e9e principalement comme r\u00e9\u00e9ducation musculaire par les kin\u00e9sith\u00e9rapeutes, comme technique compl\u00e9mentaire pour la formation sportive, et aussi par les particuliers pour le sport amateur ou pour la musculation esth\u00e9tique.\u00a0L&rsquo;\u00e9lectrostimulation \u00e0 vis\u00e9e excito-motrice peut suivre plusieurs objectifs\u00a0: <strong>la modification du volume du muscle, la modification de son activit\u00e9 fonctionnelle ou une modification d&rsquo;ordre m\u00e9tabolique<\/strong>. La r\u00e9ponse neuro-musculaire va d\u00e9pendre des caract\u00e9ristiques du courant utilis\u00e9. Les courants utilis\u00e9s peuvent \u00eatre de basse fr\u00e9quence (le plus fr\u00e9quent actuellement) ou de moyenne fr\u00e9quence.<\/p>\n<p style=\"text-align: justify;\">Il est possible d&rsquo;exciter un muscle innerv\u00e9 (sain) mais aussi un muscle d\u00e9nerv\u00e9 (totalement ou partiellement l\u00e9s\u00e9) pour le stimuler afin de l&rsquo;entretenir durant la phase de r\u00e9-innervation (repousse du nerf).<\/p>\n<\/div><div class=\"fusion-clearfix\"><\/div><\/div><\/div><div class=\"fusion-layout-column fusion_builder_column fusion-builder-column-4 fusion_builder_column_1_1 1_1 fusion-one-full fusion-column-first fusion-column-last\" style=\"--awb-bg-size:cover;\"><div class=\"fusion-column-wrapper fusion-column-has-shadow fusion-flex-column-wrapper-legacy\"><div class=\"fusion-title title fusion-title-6 fusion-sep-none fusion-title-text fusion-title-size-two\" style=\"--awb-margin-top-small:0px;--awb-margin-right-small:0px;--awb-margin-bottom-small:20px;--awb-margin-left-small:0px;\"><h2 class=\"fusion-title-heading title-heading-left fusion-responsive-typography-calculated\" style=\"margin:0;--fontSize:28;line-height:1.5;\"><p id=\"fancy-title-9\" class=\"mk-fancy-title simple-style color-single \">Indications de l\u2019\u00e9l\u00e9ctroth\u00e9rapie<\/p><\/h2><\/div><div class=\"fusion-text fusion-text-6\"><ul>\n<li><strong>Douleurs musculaires<\/strong><\/li>\n<li><strong>Douleurs articulaires<\/strong><\/li>\n<li><strong>Douleurs cervicales<\/strong><\/li>\n<li><strong>Mal de dos<\/strong><\/li>\n<li><strong>Sciatique<\/strong><\/li>\n<li><strong>Lombosciatalgie<\/strong><\/li>\n<li><strong>Cruralgie<\/strong><\/li>\n<li><strong>N\u00e9vralgie cervico brachiale<\/strong><\/li>\n<li><strong>L\u00e9sion musculaire<\/strong><\/li>\n<li><strong>Douleurs du zona<\/strong><\/li>\n<li><strong>Renforcement musculaire<\/strong><\/li>\n<\/ul>\n<\/div><div class=\"fusion-clearfix\"><\/div><\/div><\/div><\/div><\/div>\n","protected":false},"excerpt":{"rendered":"","protected":false},"author":1,"featured_media":0,"parent":0,"menu_order":0,"comment_status":"closed","ping_status":"closed","template":"","meta":{"_seopress_robots_primary_cat":"","_seopress_titles_title":"","_seopress_titles_desc":"","_seopress_robots_index":"","footnotes":""},"class_list":["post-377","page","type-page","status-publish","hentry"],"_links":{"self":[{"href":"https:\/\/pes-luxembourg.lu\/bascharage\/wp-json\/wp\/v2\/pages\/377","targetHints":{"allow":["GET"]}}],"collection":[{"href":"https:\/\/pes-luxembourg.lu\/bascharage\/wp-json\/wp\/v2\/pages"}],"about":[{"href":"https:\/\/pes-luxembourg.lu\/bascharage\/wp-json\/wp\/v2\/types\/page"}],"author":[{"embeddable":true,"href":"https:\/\/pes-luxembourg.lu\/bascharage\/wp-json\/wp\/v2\/users\/1"}],"replies":[{"embeddable":true,"href":"https:\/\/pes-luxembourg.lu\/bascharage\/wp-json\/wp\/v2\/comments?post=377"}],"version-history":[{"count":0,"href":"https:\/\/pes-luxembourg.lu\/bascharage\/wp-json\/wp\/v2\/pages\/377\/revisions"}],"wp:attachment":[{"href":"https:\/\/pes-luxembourg.lu\/bascharage\/wp-json\/wp\/v2\/media?parent=377"}],"curies":[{"name":"wp","href":"https:\/\/api.w.org\/{rel}","templated":true}]}}