{"id":368,"date":"2019-05-13T01:04:41","date_gmt":"2019-05-12T23:04:41","guid":{"rendered":"https:\/\/pes-luxembourg.lu\/bascharage\/?page_id=368"},"modified":"2024-01-27T16:01:05","modified_gmt":"2024-01-27T15:01:05","slug":"reeducation-perineale-bascharage","status":"publish","type":"page","link":"https:\/\/pes-luxembourg.lu\/bascharage\/reeducation-perineale-bascharage\/","title":{"rendered":"R\u00e9\u00e9ducation p\u00e9rin\u00e9ale Bascharage"},"content":{"rendered":"<div class=\"fusion-fullwidth fullwidth-box fusion-builder-row-1 nonhundred-percent-fullwidth non-hundred-percent-height-scrolling\" style=\"--awb-border-radius-top-left:0px;--awb-border-radius-top-right:0px;--awb-border-radius-bottom-right:0px;--awb-border-radius-bottom-left:0px;--awb-flex-wrap:wrap;\" ><div class=\"fusion-builder-row fusion-row\"><div class=\"fusion-layout-column fusion_builder_column fusion-builder-column-0 fusion_builder_column_1_1 1_1 fusion-one-full fusion-column-first fusion-column-last\" style=\"--awb-bg-size:cover;\"><div class=\"fusion-column-wrapper fusion-column-has-shadow fusion-flex-column-wrapper-legacy\"><div class=\"fusion-title title fusion-title-1 fusion-title-center fusion-title-text fusion-title-size-one\" style=\"--awb-margin-top-small:0px;--awb-margin-right-small:0px;--awb-margin-bottom-small:20px;--awb-margin-left-small:0px;\"><div class=\"title-sep-container title-sep-container-left\"><div class=\"title-sep sep-double sep-solid\" style=\"border-color:#e0dede;\"><\/div><\/div><span class=\"awb-title-spacer\"><\/span><h1 class=\"fusion-title-heading title-heading-center fusion-responsive-typography-calculated\" style=\"margin:0;--fontSize:34;line-height:1.41;\"><p>R\u00e9\u00e9ducation P\u00e9rin\u00e9ale<br \/>\n\u00c9lectrostimulation et Biofeedback sans fil<\/p><\/h1><span class=\"awb-title-spacer\"><\/span><div class=\"title-sep-container title-sep-container-right\"><div class=\"title-sep sep-double sep-solid\" style=\"border-color:#e0dede;\"><\/div><\/div><\/div><div class=\"fusion-image-element fusion-image-align-center in-legacy-container\" style=\"text-align:center;--awb-bottom-shadow-color:rgba(0,0,0,0.4);--awb-caption-title-font-family:var(--h2_typography-font-family);--awb-caption-title-font-weight:var(--h2_typography-font-weight);--awb-caption-title-font-style:var(--h2_typography-font-style);--awb-caption-title-size:var(--h2_typography-font-size);--awb-caption-title-transform:var(--h2_typography-text-transform);--awb-caption-title-line-height:var(--h2_typography-line-height);--awb-caption-title-letter-spacing:var(--h2_typography-letter-spacing);\"><div class=\"imageframe-align-center\"><div class=\"awb-image-frame awb-image-frame-1 awb-bottomshadow\"><span class=\" fusion-imageframe imageframe-bottomshadow imageframe-1 hover-type-none\" style=\"border:2px solid #f6f6f6;\"><a class=\"fusion-no-lightbox\" href=\"https:\/\/www.vivaltis.com\/fr\/page\/gamme-sans-fil\" target=\"_blank\" aria-label=\"Phenix\" rel=\"noopener noreferrer\"><img decoding=\"async\" width=\"4000\" height=\"1333\" alt=\"R\u00e9\u00e9ducation P\u00e9rin\u00e9ale avec Vivaltis Phenix Neo\" src=\"https:\/\/pes-luxembourg.lu\/bascharage\/wp-content\/uploads\/sites\/2\/2019\/11\/Phenix-2.png\" class=\"img-responsive wp-image-1965\" srcset=\"https:\/\/pes-luxembourg.lu\/bascharage\/wp-content\/uploads\/sites\/2\/2019\/11\/Phenix-2-200x67.png 200w, https:\/\/pes-luxembourg.lu\/bascharage\/wp-content\/uploads\/sites\/2\/2019\/11\/Phenix-2-400x133.png 400w, https:\/\/pes-luxembourg.lu\/bascharage\/wp-content\/uploads\/sites\/2\/2019\/11\/Phenix-2-600x200.png 600w, https:\/\/pes-luxembourg.lu\/bascharage\/wp-content\/uploads\/sites\/2\/2019\/11\/Phenix-2-800x267.png 800w, https:\/\/pes-luxembourg.lu\/bascharage\/wp-content\/uploads\/sites\/2\/2019\/11\/Phenix-2-1200x400.png 1200w, https:\/\/pes-luxembourg.lu\/bascharage\/wp-content\/uploads\/sites\/2\/2019\/11\/Phenix-2.png 4000w\" sizes=\"(max-width: 800px) 100vw, 4000px\" \/><\/a><\/span><svg xmlns=\"http:\/\/www.w3.org\/2000\/svg\" version=\"1.1\" width=\"100%\" viewBox=\"0 0 600 28\" preserveAspectRatio=\"none\"><g clip-path=\"url(#a)\"><mask id=\"b\" style=\"mask-type:luminance\" maskUnits=\"userSpaceOnUse\" x=\"0\" y=\"0\" width=\"600\" height=\"28\"><path d=\"M0 0h600v28H0V0Z\" fill=\"#fff\"\/><\/mask><g filter=\"url(#c)\" mask=\"url(#b)\"><path d=\"M16.439-18.667h567.123v30.8S438.961-8.4 300-8.4C161.04-8.4 16.438 12.133 16.438 12.133v-30.8Z\" fill=\"#000\"\/><\/g><\/g><defs><clipPath id=\"a\"><path fill=\"#fff\" d=\"M0 0h600v28H0z\"\/><\/clipPath><filter id=\"c\" x=\"5.438\" y=\"-29.667\" width=\"589.123\" height=\"52.8\" filterUnits=\"userSpaceOnUse\" color-interpolation-filters=\"sRGB\"><feFlood flood-opacity=\"0\" result=\"BackgroundImageFix\"\/><feBlend in=\"SourceGraphic\" in2=\"BackgroundImageFix\" result=\"shape\"\/><feGaussianBlur stdDeviation=\"5.5\" result=\"effect1_foregroundBlur_3983_183\"\/><\/filter><\/defs><\/svg><\/div><\/div><\/div><div class=\"fusion-sep-clear\"><\/div><div class=\"fusion-separator fusion-full-width-sep\" style=\"margin-left: auto;margin-right: auto;margin-top:20px;margin-bottom:20px;width:100%;\"><div class=\"fusion-separator-border sep-shadow\" style=\"--awb-height:20px;--awb-amount:20px;background:radial-gradient(ellipse at 50% -50% , #e0dede 0px, rgba(255, 255, 255, 0) 80%) repeat scroll 0 0 rgba(0, 0, 0, 0);background:-webkit-radial-gradient(ellipse at 50% -50% , #e0dede 0px, rgba(255, 255, 255, 0) 80%) repeat scroll 0 0 rgba(0, 0, 0, 0);background:-moz-radial-gradient(ellipse at 50% -50% , #e0dede 0px, rgba(255, 255, 255, 0) 80%) repeat scroll 0 0 rgba(0, 0, 0, 0);background:-o-radial-gradient(ellipse at 50% -50% , #e0dede 0px, rgba(255, 255, 255, 0) 80%) repeat scroll 0 0 rgba(0, 0, 0, 0);\"><\/div><\/div><div class=\"fusion-sep-clear\"><\/div><div class=\"fusion-text fusion-text-1\"><p><span style=\"text-align: justify;\">Le <\/span><strong style=\"text-align: justify;\">PHENIX N\u00e9o <\/strong><span style=\"text-align: justify;\">est un \u00e9lectrostimulateur doubl\u00e9 d\u2019un biofeedback \u00e0 technologie sans fil permettant une utilisation du biofeedback librement dans tous les mouvements du corps humain et plus particuli\u00e8rement pour la r\u00e9\u00e9ducation p\u00e9rin\u00e9ale.<\/span><\/p>\n<p>Il est constitu\u00e9 d\u2019un ou plusieurs POD stimultion\/biofeedback qui sont des unit\u00e9s miniaturis\u00e9es \u00e0 2 voies qui d\u00e9livrent suivant le choix de votre kin\u00e9sith\u00e9rapeute de l&rsquo;\u00e9lectrostimulation ou un biofeedback. Ce pod est pilot\u00e9 \u00e0 distance et SANS FIL par l\u2019ordinateur.<\/p>\n<blockquote>\n<p>Le Phenix N\u00e9o pour la r\u00e9\u00e9ducation p\u00e9rin\u00e9ale de la femme, de l&rsquo;homme, de l&rsquo;enfant et la r\u00e9\u00e9ducation ano-rectale<\/p>\n<\/blockquote>\n<\/div><div class=\"fusion-text fusion-text-2\"><\/div><div class=\"fusion-title title fusion-title-2 fusion-sep-none fusion-title-text fusion-title-size-two\" style=\"--awb-margin-top-small:0px;--awb-margin-right-small:0px;--awb-margin-bottom-small:20px;--awb-margin-left-small:0px;\"><h2 class=\"fusion-title-heading title-heading-left fusion-responsive-typography-calculated\" style=\"margin:0;--fontSize:28;line-height:1.5;\"><p class=\"ut-accordion-module-heading\" data-counter=\"1\">Biofeedback p\u00e9rin\u00e9al en position debout et en mouvement<\/p>\n<div class=\"ut-accordion-module-content\" data-content=\"\"><\/div><\/h2><\/div><div class=\"fusion-text fusion-text-3\"><p style=\"text-align: justify;\">Il est enfin possible de r\u00e9aliser\u00a0<strong>du biofeedback p\u00e9rin\u00e9al en position debout et en mouvement<\/strong>. En effet, il est tr\u00e8s important de r\u00e9int\u00e9grer le verrouillage p\u00e9rin\u00e9al \u00e0 l\u2019effort lors des mouvements de la vie quotidienne d\u00e9clencheurs de l\u2019incontinence. Avec notre appareil Phenix N\u00e9o, le patient peut par exemple rest\u00e9e habill\u00e9, avec sa sonde positionn\u00e9e en intra-vaginal sans aucun fil entre elle et la machine. Elle peut maintenant sauter, porter des charges, sautiller, etc\u2026 Pendant ce temps, <a href=\"https:\/\/pes-luxembourg.lu\/bascharage\/kinesitherapeutes-bascharage\/\">le kin\u00e9sith\u00e9rapeute<\/a> peut simultan\u00e9ment v\u00e9rifier que la patiente verrouille son p\u00e9rin\u00e9e au moment de l\u2019effort. La visualisation par la patiente du verrouillage p\u00e9rin\u00e9al par l\u2019interm\u00e9diaire de l\u2019\u00e9cran de <strong>biofeedback<\/strong> a aussi <strong>un r\u00f4le \u00e9ducatif dans la r\u00e9int\u00e9gration de son sch\u00e9ma moteur.<\/strong><\/p>\n<\/div><div class=\"fusion-title title fusion-title-3 fusion-sep-none fusion-title-text fusion-title-size-two\" style=\"--awb-margin-top-small:0px;--awb-margin-right-small:0px;--awb-margin-bottom-small:20px;--awb-margin-left-small:0px;\"><h2 class=\"fusion-title-heading title-heading-left fusion-responsive-typography-calculated\" style=\"margin:0;--fontSize:28;line-height:1.5;\"><p class=\"ut-accordion-module-heading\" data-counter=\"2\">Un r\u00e9-entrainement sans fil<\/p>\n<div class=\"ut-accordion-module-content\" data-content=\"\"><\/div><\/h2><\/div><div class=\"fusion-text fusion-text-4\"><p style=\"text-align: justify;\">Lors de la phase de r\u00e9-entrainement \u00e0 l\u2019effort allong\u00e9e sur la table la patiente doit r\u00e9aliser des exercices de contraction abdominale et prot\u00e9ger son p\u00e9rin\u00e9e en le verrouillant. Avec le Phenix N\u00e9o, il n\u2019y a plus de fil entre la patiente et la machine donc ces exercices sont possibles et facilit\u00e9s. La patiente et le th\u00e9rapeute peuvent gr\u00e2ce au biofeedback v\u00e9rifier la qualit\u00e9 du verrouillage p\u00e9rin\u00e9al et son anticipation.<\/p>\n<\/div><div class=\"fusion-title title fusion-title-4 fusion-sep-none fusion-title-text fusion-title-size-two\" style=\"--awb-margin-top-small:0px;--awb-margin-right-small:0px;--awb-margin-bottom-small:20px;--awb-margin-left-small:0px;\"><h2 class=\"fusion-title-heading title-heading-left fusion-responsive-typography-calculated\" style=\"margin:0;--fontSize:28;line-height:1.5;\"><p class=\"ut-accordion-module-heading\" data-counter=\"3\">Plus jamais d\u2019interf\u00e9rence en biofeedback<\/p>\n<div class=\"ut-accordion-module-content\" data-content=\"\"><\/div><\/h2><\/div><div class=\"fusion-text fusion-text-5\"><p style=\"text-align: justify;\">Sans fil entre la patiente et la machine<strong>, il n&rsquo;y aura plus jamais d\u2019interf\u00e9rence en biofeedback<\/strong>. En effet les interf\u00e9rences sont d\u00fbes \u00e0 des facteurs environnementaux divers.<br \/>\nCes facteurs sont : oubli de l\u2019\u00e9lectrode de r\u00e9f\u00e9rence, d\u00e9faut ou absence de prise de terre de l\u2019installation \u00e9lectrique du site utilisateur, ou non respect des normes \u00e9lectriques du site utilisateur etc.<\/p>\n<\/div><div class=\"fusion-title title fusion-title-5 fusion-sep-none fusion-title-text fusion-title-size-two\" style=\"--awb-margin-top-small:0px;--awb-margin-right-small:0px;--awb-margin-bottom-small:20px;--awb-margin-left-small:0px;\"><h2 class=\"fusion-title-heading title-heading-left fusion-responsive-typography-calculated\" style=\"margin:0;--fontSize:28;line-height:1.5;\"><p class=\"section-title \">Protocole de communication s\u00e9curis\u00e9<\/p><\/h2><\/div><div class=\"fusion-text fusion-text-6\"><p style=\"text-align: justify;\"><strong>Vivaltis est le 1er fabricant mondial \u00e0 avoir d\u00e9velopp\u00e9 l\u2019\u00e9lectrostimulation \u00e0 distance sans fil.<\/strong> C\u2019est un v\u00e9ritable <strong>tour de force technologique<\/strong> qu\u2019aucun fabricant au monde n\u2019avait su r\u00e9aliser avant Vivaltis.<br \/>\nUn savoir faire unique et fran\u00e7ais d\u00e9velopp\u00e9 en collaboration avec le <strong>CNRS<\/strong>.<br \/>\nTous les param\u00e8tres de traitement des Pods stim\/bio sont modifiables en temps r\u00e9el depuis l\u2019unit\u00e9 centrale. Les donn\u00e9es de traitement sont transmises selon un protocole s\u00e9curis\u00e9 et brevet\u00e9. Cette technologie assure une <strong>s\u00e9curit\u00e9 totale, \u00e0 l\u2019abri des perturbations<\/strong> et sans risque pour l\u2019environnement (puissance \u00e9mise &lt; 10 mW).<\/p>\n<\/div><div class=\"fusion-title title fusion-title-6 fusion-sep-none fusion-title-text fusion-title-size-two\" style=\"--awb-margin-top-small:0px;--awb-margin-right-small:0px;--awb-margin-bottom-small:20px;--awb-margin-left-small:0px;\"><h2 class=\"fusion-title-heading title-heading-left fusion-responsive-typography-calculated\" style=\"margin:0;--fontSize:28;line-height:1.5;\"><p class=\"section-title \">Qualit\u00e9 du biofeedback<\/p><\/h2><\/div><div class=\"fusion-text fusion-text-7\"><p style=\"text-align: justify;\">La technologie du signal biofeedback est <strong>parfaitement ma\u00eetris\u00e9e par Vivaltis<\/strong>. Les toutes derni\u00e8res g\u00e9n\u00e9rations d\u2019amplificateurs permettent <strong>un trac\u00e9 de courbe biofeedback pur et fluide<\/strong>, sans perturbations environnementales. Cette qualit\u00e9 de <strong>trac\u00e9 sans interf\u00e9rence<\/strong>est renforc\u00e9e par le fait <strong>qu\u2019aucun fil ne relie le patient \u00e0 la machine<\/strong>. L\u2019exp\u00e9rience nous a prouv\u00e9 que vous n\u2019\u00eates plus oblig\u00e9 de mettre d\u2019\u00e9lectrode de r\u00e9f\u00e9rence comme sur les appareils classiques avec fil entre le patient et la machine !<\/p>\n<\/div><div class=\"fusion-title title fusion-title-7 fusion-sep-none fusion-title-text fusion-title-size-two\" style=\"--awb-margin-top-small:0px;--awb-margin-right-small:0px;--awb-margin-bottom-small:20px;--awb-margin-left-small:0px;\"><h2 class=\"fusion-title-heading title-heading-left fusion-responsive-typography-calculated\" style=\"margin:0;--fontSize:28;line-height:1.5;\"><p class=\"section-title \">Les actions th\u00e9rapeutiques<\/p><\/h2><\/div><div class=\"fusion-text fusion-text-8\"><ul>\n<li><strong>R\u00e9\u00e9ducation p\u00e9rin\u00e9ale chez la femme<\/strong> : Post-Partum, Incontinence urinaire d\u2019effort, Instabilit\u00e9 v\u00e9sicale, Incontinence urinaire mixte, Vaginisme, S\u00e9quelle douloureuses d\u2019\u00e9pisiotomies etc.<\/li>\n<li><strong>R\u00e9ducation p\u00e9rin\u00e9ale chez l\u2019enfant<\/strong> : Immaturit\u00e9 v\u00e9sicale, Hypertonies etc.<\/li>\n<li><strong>R\u00e9\u00e9ducation chez l\u2019homme<\/strong> : Apr\u00e8s prostatectomie sur un tableau d\u2019incontinence d\u2019effort, Imp\u00e9riosit\u00e9s mictionnelles etc.<\/li>\n<li><strong>R\u00e9\u00e9ducation colo-proctologique<\/strong> : Incontinences anales, Constipations.<\/li>\n<\/ul>\n<\/div><div class=\"fusion-clearfix\"><\/div><\/div><\/div><\/div><div class=\"fusion-builder-row fusion-row\"><\/div><\/div>\n","protected":false},"excerpt":{"rendered":"","protected":false},"author":1,"featured_media":0,"parent":0,"menu_order":0,"comment_status":"closed","ping_status":"closed","template":"","meta":{"_seopress_robots_primary_cat":"","_seopress_titles_title":"","_seopress_titles_desc":"","_seopress_robots_index":"","footnotes":""},"class_list":["post-368","page","type-page","status-publish","hentry"],"_links":{"self":[{"href":"https:\/\/pes-luxembourg.lu\/bascharage\/wp-json\/wp\/v2\/pages\/368","targetHints":{"allow":["GET"]}}],"collection":[{"href":"https:\/\/pes-luxembourg.lu\/bascharage\/wp-json\/wp\/v2\/pages"}],"about":[{"href":"https:\/\/pes-luxembourg.lu\/bascharage\/wp-json\/wp\/v2\/types\/page"}],"author":[{"embeddable":true,"href":"https:\/\/pes-luxembourg.lu\/bascharage\/wp-json\/wp\/v2\/users\/1"}],"replies":[{"embeddable":true,"href":"https:\/\/pes-luxembourg.lu\/bascharage\/wp-json\/wp\/v2\/comments?post=368"}],"version-history":[{"count":0,"href":"https:\/\/pes-luxembourg.lu\/bascharage\/wp-json\/wp\/v2\/pages\/368\/revisions"}],"wp:attachment":[{"href":"https:\/\/pes-luxembourg.lu\/bascharage\/wp-json\/wp\/v2\/media?parent=368"}],"curies":[{"name":"wp","href":"https:\/\/api.w.org\/{rel}","templated":true}]}}