{"id":13826,"date":"2026-04-26T14:02:24","date_gmt":"2026-04-26T12:02:24","guid":{"rendered":"https:\/\/pes-luxembourg.lu\/bascharage\/?page_id=13826"},"modified":"2026-04-26T22:30:24","modified_gmt":"2026-04-26T20:30:24","slug":"kinesitherapeute-bascharage-julien-colantuono","status":"publish","type":"page","link":"https:\/\/pes-luxembourg.lu\/bascharage\/kinesitherapeute-bascharage-julien-colantuono\/","title":{"rendered":"Kin\u00e9sith\u00e9rapeute Bascharage Julien Colantuono"},"content":{"rendered":"<div class=\"fusion-fullwidth fullwidth-box fusion-builder-row-1 nonhundred-percent-fullwidth non-hundred-percent-height-scrolling\" style=\"--awb-border-radius-top-left:0px;--awb-border-radius-top-right:0px;--awb-border-radius-bottom-right:0px;--awb-border-radius-bottom-left:0px;--awb-flex-wrap:wrap;\" ><div class=\"fusion-builder-row fusion-row\"><div class=\"fusion-layout-column fusion_builder_column fusion-builder-column-0 fusion_builder_column_1_1 1_1 fusion-one-full fusion-column-first fusion-column-last\" style=\"--awb-bg-blend:overlay;--awb-bg-size:cover;\"><div class=\"fusion-column-wrapper fusion-flex-column-wrapper-legacy\"><div class=\"fusion-title title fusion-title-1 fusion-title-center fusion-title-text fusion-title-size-one\" style=\"--awb-margin-top-small:0px;--awb-margin-right-small:0px;--awb-margin-bottom-small:20px;--awb-margin-left-small:0px;\"><div class=\"title-sep-container title-sep-container-left\"><div class=\"title-sep sep-double sep-solid\" style=\"border-color:#e0dede;\"><\/div><\/div><span class=\"awb-title-spacer\"><\/span><h1 class=\"fusion-title-heading title-heading-center fusion-responsive-typography-calculated\" style=\"margin:0;--fontSize:34;line-height:1.41;\">Kin\u00e9sith\u00e9rapeute Bascharage Julien Colantuono<\/h1><span class=\"awb-title-spacer\"><\/span><div class=\"title-sep-container title-sep-container-right\"><div class=\"title-sep sep-double sep-solid\" style=\"border-color:#e0dede;\"><\/div><\/div><\/div><div class=\"fusion-clearfix\"><\/div><\/div><\/div><div class=\"fusion-layout-column fusion_builder_column fusion-builder-column-1 fusion_builder_column_1_1 1_1 fusion-one-full fusion-column-first fusion-column-last\" style=\"--awb-bg-blend:overlay;--awb-bg-size:cover;\"><div class=\"fusion-column-wrapper fusion-flex-column-wrapper-legacy\"><div class=\"fusion-person person fusion-person-center fusion-person-1 fusion-person-icon-top\" style=\"--awb-pic-style-color:#000000;--awb-pic-borderradius:20px;--awb-margin-top:0px;--awb-margin-right:0px;--awb-margin-bottom:0px;--awb-margin-left:0px;--awb-social-box-border-top:0px;--awb-social-box-border-right:0px;--awb-social-box-border-bottom:0px;--awb-social-box-border-left:0px;--awb-social-box-border-color:var(--awb-color3);--awb-social-box-border-color-hover:var(--awb-color4);--awb-social-box-colors-hover:rgba(232,232,232,0.8);--awb-social-icon-boxed-colors:#e8e8e8;--awb-social-icon-colors:#82c9f0;--awb-social-icon-colors-hover:rgba(130,201,240,0.8);\"><div class=\"person-shortcode-image-wrapper\"><div class=\"person-image-container hover-type-none person-rounded-overflow\" style=\"-webkit-border-radius:20px;-moz-border-radius:20px;border-radius:20px;border:0px solid #f6f6f6;-webkit-border-radius:20px;-moz-border-radius:20px;border-radius:20px;\"><img decoding=\"async\" class=\"person-img img-responsive wp-image-13837\" width=\"400\" height=\"384\" src=\"https:\/\/pes-luxembourg.lu\/bascharage\/wp-content\/uploads\/sites\/2\/2026\/04\/julien-colantuono-400x384.png\" alt=\"Julien Colantuono\" srcset=\"https:\/\/pes-luxembourg.lu\/bascharage\/wp-content\/uploads\/sites\/2\/2026\/04\/julien-colantuono-200x192.png 200w, https:\/\/pes-luxembourg.lu\/bascharage\/wp-content\/uploads\/sites\/2\/2026\/04\/julien-colantuono-400x384.png 400w, https:\/\/pes-luxembourg.lu\/bascharage\/wp-content\/uploads\/sites\/2\/2026\/04\/julien-colantuono-600x576.png 600w, https:\/\/pes-luxembourg.lu\/bascharage\/wp-content\/uploads\/sites\/2\/2026\/04\/julien-colantuono-800x768.png 800w, https:\/\/pes-luxembourg.lu\/bascharage\/wp-content\/uploads\/sites\/2\/2026\/04\/julien-colantuono-1200x1152.png 1200w, https:\/\/pes-luxembourg.lu\/bascharage\/wp-content\/uploads\/sites\/2\/2026\/04\/julien-colantuono.png 1280w\" sizes=\"(max-width: 800px) 100vw, 1200px\" \/><\/div><\/div><div class=\"person-desc\"><div class=\"person-author\"><div class=\"person-author-wrapper\"><span class=\"person-name\">Julien Colantuono<\/span><span class=\"person-title\">Kin\u00e9sith\u00e9rapeute<\/span><\/div><\/div><div class=\"person-content fusion-clearfix\"><\/div><\/div><\/div><div class=\"fusion-text fusion-text-1\"><p class=\"p1\">Julien Colantuono exerce en tant que kin\u00e9sith\u00e9rapeute \u00e0 Bascharage. Titulaire d\u2019un Master en physioth\u00e9rapie obtenu \u00e0 <span class=\"s1\">LUNEX University<\/span>, il a suivi un cursus complet lui permettant de d\u00e9velopper des comp\u00e9tences approfondies dans diff\u00e9rents champs de la r\u00e9\u00e9ducation, notamment en neurologie, en pathologies musculo-squelettiques et en r\u00e9\u00e9ducation cardio-respiratoire.<\/p>\n<p class=\"p1\">Sa pratique s\u2019appuie sur une approche globale du patient, int\u00e9grant un bilan pr\u00e9cis ainsi que l\u2019utilisation de techniques vari\u00e9es telles que les mobilisations articulaires, les th\u00e9rapies manuelles, les massages th\u00e9rapeutiques, la r\u00e9\u00e9ducation fonctionnelle et sportive ou encore le drainage lymphatique. Il accompagne des patients de tous \u00e2ges, en adaptant ses soins aux besoins sp\u00e9cifiques de chacun.<\/p>\n<p class=\"p1\">Au cours de son parcours, il a acquis une exp\u00e9rience diversifi\u00e9e au sein de structures reconnues comme la <a href=\"http:\/\/lesfeuillades.com\">Clinique des Feuillades<\/a>, le <a href=\"https:\/\/www.smr-ambrussum.fr\">centre SMR d\u2019Ambrussum<\/a> ou encore le <a href=\"https:\/\/cers-saint-raphael.ramsaysante.fr\">CERS de Saint-Rapha\u00ebl<\/a>, sp\u00e9cialis\u00e9 dans le suivi des sportifs. Il a \u00e9galement exerc\u00e9 en milieu hospitalier au <a href=\"https:\/\/www.chl.lu\/fr\"><span class=\"s1\">Centre Hospitalier de Luxembourg<\/span><\/a> ainsi qu\u2019en cabinet lib\u00e9ral.<\/p>\n<p class=\"p1\">Attach\u00e9 \u00e0 une d\u00e9marche de formation continue, il a approfondi ses connaissances dans des domaines sp\u00e9cifiques tels que la kin\u00e9sith\u00e9rapie respiratoire du nourrisson, le drainage autog\u00e8ne et la prise en charge des pathologies respiratoires chroniques, notamment la BPCO.<\/p>\n<p class=\"p2\">Il exerce aujourd\u2019hui au sein du P\u00f4le \u00c9quilibre et Sant\u00e9 de Bascharage au Luxembourg o\u00f9 il met en \u0153uvre une prise en charge personnalis\u00e9e, fond\u00e9e sur des techniques actuelles et adapt\u00e9es \u00e0 chaque patient.<\/p>\n<\/div><div class=\"fusion-title title fusion-title-2 fusion-title-center fusion-title-text fusion-title-size-one\" style=\"--awb-margin-top-small:0px;--awb-margin-right-small:0px;--awb-margin-bottom-small:20px;--awb-margin-left-small:0px;\"><div class=\"title-sep-container title-sep-container-left\"><div class=\"title-sep sep-double sep-solid\" style=\"border-color:#e0dede;\"><\/div><\/div><span class=\"awb-title-spacer\"><\/span><h1 class=\"fusion-title-heading title-heading-center fusion-responsive-typography-calculated\" style=\"margin:0;--fontSize:34;line-height:1.41;\">Prendre RDV en ligne avec Julien Colantuono<\/h1><span class=\"awb-title-spacer\"><\/span><div class=\"title-sep-container title-sep-container-right\"><div class=\"title-sep sep-double sep-solid\" style=\"border-color:#e0dede;\"><\/div><\/div><\/div><div class=\"fusion-text fusion-text-2\"><section data-toggle=\"doc-calendar\" data-picture=\"1\" data-doctor-eid=\"3bbf392a-316a-4e17-9cf6-baafc9306fac\" data-language=\"fr\"><\/section>\n<p><script src=\"https:\/\/api.doctena.lu\/js\/widgetBooking\/calendar\/build.php\"><\/script><\/p>\n<\/div><div class=\"fusion-clearfix\"><\/div><\/div><\/div><\/div><\/div>\n","protected":false},"excerpt":{"rendered":"","protected":false},"author":1,"featured_media":0,"parent":0,"menu_order":0,"comment_status":"closed","ping_status":"closed","template":"","meta":{"_seopress_robots_primary_cat":"","_seopress_titles_title":"","_seopress_titles_desc":"","_seopress_robots_index":"","footnotes":""},"class_list":["post-13826","page","type-page","status-publish","hentry"],"_links":{"self":[{"href":"https:\/\/pes-luxembourg.lu\/bascharage\/wp-json\/wp\/v2\/pages\/13826","targetHints":{"allow":["GET"]}}],"collection":[{"href":"https:\/\/pes-luxembourg.lu\/bascharage\/wp-json\/wp\/v2\/pages"}],"about":[{"href":"https:\/\/pes-luxembourg.lu\/bascharage\/wp-json\/wp\/v2\/types\/page"}],"author":[{"embeddable":true,"href":"https:\/\/pes-luxembourg.lu\/bascharage\/wp-json\/wp\/v2\/users\/1"}],"replies":[{"embeddable":true,"href":"https:\/\/pes-luxembourg.lu\/bascharage\/wp-json\/wp\/v2\/comments?post=13826"}],"version-history":[{"count":4,"href":"https:\/\/pes-luxembourg.lu\/bascharage\/wp-json\/wp\/v2\/pages\/13826\/revisions"}],"predecessor-version":[{"id":13839,"href":"https:\/\/pes-luxembourg.lu\/bascharage\/wp-json\/wp\/v2\/pages\/13826\/revisions\/13839"}],"wp:attachment":[{"href":"https:\/\/pes-luxembourg.lu\/bascharage\/wp-json\/wp\/v2\/media?parent=13826"}],"curies":[{"name":"wp","href":"https:\/\/api.w.org\/{rel}","templated":true}]}}