{"id":9985,"date":"2023-08-30T00:29:32","date_gmt":"2023-08-29T22:29:32","guid":{"rendered":"https:\/\/pes-luxembourg.lu\/bascharage\/fisioterapia-ao-domicilio\/"},"modified":"2024-01-24T18:55:16","modified_gmt":"2024-01-24T17:55:16","slug":"fisioterapia-ao-domicilio","status":"publish","type":"page","link":"https:\/\/pes-luxembourg.lu\/bascharage\/pt-pt\/fisioterapia-ao-domicilio\/","title":{"rendered":"Fisioterapia ao domic\u00edlio"},"content":{"rendered":"<div class=\"fusion-fullwidth fullwidth-box fusion-builder-row-1 fusion-flex-container has-pattern-background has-mask-background nonhundred-percent-fullwidth non-hundred-percent-height-scrolling\" style=\"--awb-border-radius-top-left:0px;--awb-border-radius-top-right:0px;--awb-border-radius-bottom-right:0px;--awb-border-radius-bottom-left:0px;--awb-flex-wrap:wrap;\" ><div class=\"fusion-builder-row fusion-row fusion-flex-align-items-flex-start fusion-flex-content-wrap\" style=\"max-width:1144px;margin-left: calc(-4% \/ 2 );margin-right: calc(-4% \/ 2 );\"><div class=\"fusion-layout-column fusion_builder_column fusion-builder-column-0 fusion_builder_column_1_1 1_1 fusion-flex-column\" style=\"--awb-bg-size:cover;--awb-width-large:100%;--awb-margin-top-large:0px;--awb-spacing-right-large:1.92%;--awb-margin-bottom-large:0px;--awb-spacing-left-large:1.92%;--awb-width-medium:100%;--awb-order-medium:0;--awb-spacing-right-medium:1.92%;--awb-spacing-left-medium:1.92%;--awb-width-small:100%;--awb-order-small:0;--awb-spacing-right-small:1.92%;--awb-spacing-left-small:1.92%;\"><div class=\"fusion-column-wrapper fusion-column-has-shadow fusion-flex-justify-content-flex-start fusion-content-layout-column\"><div class=\"fusion-title title fusion-title-1 fusion-title-center fusion-title-text fusion-title-size-one\" style=\"--awb-margin-top-small:10px;--awb-margin-right-small:0px;--awb-margin-bottom-small:10px;--awb-margin-left-small:0px;\"><div class=\"title-sep-container title-sep-container-left\"><div class=\"title-sep sep-double sep-solid\" style=\"border-color:#e0dede;\"><\/div><\/div><span class=\"awb-title-spacer\"><\/span><h1 class=\"fusion-title-heading title-heading-center fusion-responsive-typography-calculated\" style=\"margin:0;--fontSize:34;line-height:1.41;\">Fisioterapia ao domic\u00edlio<\/h1><span class=\"awb-title-spacer\"><\/span><div class=\"title-sep-container title-sep-container-right\"><div class=\"title-sep sep-double sep-solid\" style=\"border-color:#e0dede;\"><\/div><\/div><\/div><div class=\"fusion-text fusion-text-1\" style=\"--awb-content-alignment:justify;\"><p style=\"text-align: justify;\">No P\u00f4le Equilibre &amp; Sant\u00e9 de Bascharage, dedicamo-nos a oferecer um servi\u00e7o de fisioterapia ao domic\u00edlio que alia compet\u00eancia e conforto. Conscientes de que a desloca\u00e7\u00e3o para uma sess\u00e3o de fisioterapia pode, por vezes, ser complicada, sobretudo se estiver a recuperar de uma doen\u00e7a ou tiver mobilidade reduzida, decidimos ir at\u00e9 si com o nosso novo servi\u00e7o de fisioterapia ao domic\u00edlio: <a href=\"https:\/\/mon-kine.lu\">Mon Kin\u00e9<\/a>.<\/p>\n<p style=\"text-align: justify;\">A nossa equipa de fisioterapeutas qualificados e entusiastas trabalhar\u00e1 consigo para conceber um programa de reabilita\u00e7\u00e3o adaptado \u00e0s suas necessidades espec\u00edficas. Quer necessite de reabilita\u00e7\u00e3o ortop\u00e9dica ap\u00f3s uma cirurgia, de reabilita\u00e7\u00e3o geri\u00e1trica para enfrentar os desafios da velhice ou de reabilita\u00e7\u00e3o neurol\u00f3gica em resposta a perturba\u00e7\u00f5es como a doen\u00e7a de Parkinson ou o acidente vascular cerebral, estamos ao seu dispor.<\/p>\n<p style=\"text-align: justify;\">Com Mon Kin\u00e9, beneficia n\u00e3o s\u00f3 da nossa experi\u00eancia, mas tamb\u00e9m da comodidade de receber cuidados de fisioterapia no seu domic\u00edlio, num ambiente familiar e tranquilizador. Isto permite-lhe minimizar o stress da viagem e concentrar-se totalmente na sua recupera\u00e7\u00e3o.<\/p>\n<p style=\"text-align: justify;\">\u00c9 importante notar que, para beneficiar do nosso servi\u00e7o de fisioterapia ao domic\u00edlio, o seu m\u00e9dico deve especificar esta necessidade na sua prescri\u00e7\u00e3o m\u00e9dica. Para o efeito, deve utilizar o c\u00f3digo <strong>&#8220;ZD10: Despesas de desloca\u00e7\u00e3o&#8221;<\/strong>. Este c\u00f3digo indica-nos que a sua situa\u00e7\u00e3o requer cuidados domicili\u00e1rios <strong>NO LUXEMBURGO<\/strong>.<\/p>\n<p style=\"text-align: justify;\">Oferecemos uma vasta gama de servi\u00e7os de fisioterapia ao domic\u00edlio, incluindo exerc\u00edcios terap\u00eauticos, t\u00e9cnicas de controlo da dor, conselhos para melhorar o equil\u00edbrio e evitar quedas, e muito mais. A nossa ambi\u00e7\u00e3o na Mon Kin\u00e9 \u00e9 ajud\u00e1-lo a atingir os seus objectivos de sa\u00fade e bem-estar.<\/p>\n<p style=\"text-align: justify;\">N\u00e3o espere mais, d\u00ea o primeiro passo para a sua recupera\u00e7\u00e3o com Mon Kin\u00e9. Contacte-nos hoje para saber mais sobre o nosso servi\u00e7o de fisioterapia ao domic\u00edlio e como podemos ajud\u00e1-lo a recuperar a sua vitalidade.<\/p>\n<\/div><div class=\"fusion-image-element \" style=\"text-align:center;--awb-margin-top:2%;--awb-margin-bottom:2%;--awb-caption-margin-top:5%;--awb-caption-margin-right:5%;--awb-caption-margin-bottom:5%;--awb-caption-margin-left:5%;--awb-caption-title-font-family:var(--h2_typography-font-family);--awb-caption-title-font-weight:var(--h2_typography-font-weight);--awb-caption-title-font-style:var(--h2_typography-font-style);--awb-caption-title-size:var(--h2_typography-font-size);--awb-caption-title-transform:var(--h2_typography-text-transform);--awb-caption-title-line-height:var(--h2_typography-line-height);--awb-caption-title-letter-spacing:var(--h2_typography-letter-spacing);\"><span class=\" fusion-imageframe imageframe-none imageframe-1 hover-type-none\" style=\"border-radius:20px;\"><a class=\"fusion-no-lightbox\" href=\"https:\/\/mon-kine.lu\" target=\"_self\" aria-label=\"Logo Mon Kin\u00e9\"><img decoding=\"async\" width=\"600\" height=\"273\" src=\"https:\/\/pes-luxembourg.lu\/bascharage\/wp-content\/uploads\/sites\/2\/2023\/08\/Logo-Mon-Kine-600x273.png\" alt class=\"img-responsive wp-image-8283\" srcset=\"https:\/\/pes-luxembourg.lu\/bascharage\/wp-content\/uploads\/sites\/2\/2023\/08\/Logo-Mon-Kine-200x91.png 200w, https:\/\/pes-luxembourg.lu\/bascharage\/wp-content\/uploads\/sites\/2\/2023\/08\/Logo-Mon-Kine-400x182.png 400w, https:\/\/pes-luxembourg.lu\/bascharage\/wp-content\/uploads\/sites\/2\/2023\/08\/Logo-Mon-Kine-600x273.png 600w, https:\/\/pes-luxembourg.lu\/bascharage\/wp-content\/uploads\/sites\/2\/2023\/08\/Logo-Mon-Kine-800x364.png 800w, https:\/\/pes-luxembourg.lu\/bascharage\/wp-content\/uploads\/sites\/2\/2023\/08\/Logo-Mon-Kine-1200x546.png 1200w\" sizes=\"(max-width: 1024px) 100vw, (max-width: 640px) 100vw, 1200px\" \/><\/a><\/span><\/div><div style=\"text-align:center;\"><a class=\"fusion-button button-flat button-xlarge button-default fusion-button-default button-1 fusion-button-default-span fusion-button-default-type\" style=\"--awb-margin-right:2%;\" target=\"_blank\" rel=\"noopener noreferrer\" href=\"https:\/\/mon-kine.lu\"><span class=\"fusion-button-text awb-button__text awb-button__text--default fusion-button-text-right\">Visite o nosso s\u00edtio Web&#8230;<\/span><span class=\"fusion-button-icon-divider button-icon-divider-right\"><i class=\"fa-mouse-pointer fas awb-button__icon awb-button__icon--default\" aria-hidden=\"true\"><\/i><\/span><\/a><\/div><\/div><\/div><\/div><\/div>\n","protected":false},"excerpt":{"rendered":"","protected":false},"author":1,"featured_media":0,"parent":0,"menu_order":0,"comment_status":"closed","ping_status":"closed","template":"","meta":{"_seopress_robots_primary_cat":"","_seopress_titles_title":"","_seopress_titles_desc":"","_seopress_robots_index":"","footnotes":""},"class_list":["post-9985","page","type-page","status-publish","hentry"],"_links":{"self":[{"href":"https:\/\/pes-luxembourg.lu\/bascharage\/pt-pt\/wp-json\/wp\/v2\/pages\/9985","targetHints":{"allow":["GET"]}}],"collection":[{"href":"https:\/\/pes-luxembourg.lu\/bascharage\/pt-pt\/wp-json\/wp\/v2\/pages"}],"about":[{"href":"https:\/\/pes-luxembourg.lu\/bascharage\/pt-pt\/wp-json\/wp\/v2\/types\/page"}],"author":[{"embeddable":true,"href":"https:\/\/pes-luxembourg.lu\/bascharage\/pt-pt\/wp-json\/wp\/v2\/users\/1"}],"replies":[{"embeddable":true,"href":"https:\/\/pes-luxembourg.lu\/bascharage\/pt-pt\/wp-json\/wp\/v2\/comments?post=9985"}],"version-history":[{"count":0,"href":"https:\/\/pes-luxembourg.lu\/bascharage\/pt-pt\/wp-json\/wp\/v2\/pages\/9985\/revisions"}],"wp:attachment":[{"href":"https:\/\/pes-luxembourg.lu\/bascharage\/pt-pt\/wp-json\/wp\/v2\/media?parent=9985"}],"curies":[{"name":"wp","href":"https:\/\/api.w.org\/{rel}","templated":true}]}}