{"id":9895,"date":"2023-08-30T00:29:10","date_gmt":"2023-08-29T22:29:10","guid":{"rendered":"https:\/\/pes-luxembourg.lu\/bascharage\/bascharage-velo-excite-live-recline\/"},"modified":"2024-01-27T15:02:06","modified_gmt":"2024-01-27T14:02:06","slug":"bascharage-velo-excite-live-recline","status":"publish","type":"page","link":"https:\/\/pes-luxembourg.lu\/bascharage\/pt-pt\/bascharage-velo-excite-live-recline\/","title":{"rendered":"Bascharage Velo Excite Live Recline"},"content":{"rendered":"<div class=\"fusion-fullwidth fullwidth-box fusion-builder-row-1 nonhundred-percent-fullwidth non-hundred-percent-height-scrolling\" style=\"--awb-border-radius-top-left:0px;--awb-border-radius-top-right:0px;--awb-border-radius-bottom-right:0px;--awb-border-radius-bottom-left:0px;--awb-flex-wrap:wrap;\" ><div class=\"fusion-builder-row fusion-row\"><div class=\"fusion-layout-column fusion_builder_column fusion-builder-column-0 fusion_builder_column_1_1 1_1 fusion-one-full fusion-column-first fusion-column-last\" style=\"--awb-bg-size:cover;\"><div class=\"fusion-column-wrapper fusion-column-has-shadow fusion-flex-column-wrapper-legacy\"><div class=\"fusion-title title fusion-title-1 fusion-title-center fusion-title-text fusion-title-size-one\" style=\"--awb-margin-top-small:10px;--awb-margin-right-small:0px;--awb-margin-bottom-small:10px;--awb-margin-left-small:0px;\"><div class=\"title-sep-container title-sep-container-left\"><div class=\"title-sep sep-double sep-solid\" style=\"border-color:#e0dede;\"><\/div><\/div><span class=\"awb-title-spacer\"><\/span><h1 class=\"fusion-title-heading title-heading-center fusion-responsive-typography-calculated\" style=\"margin:0;--fontSize:34;line-height:1.41;\">Technogym Excite Live Recline<\/h1><span class=\"awb-title-spacer\"><\/span><div class=\"title-sep-container title-sep-container-right\"><div class=\"title-sep sep-double sep-solid\" style=\"border-color:#e0dede;\"><\/div><\/div><\/div><div class=\"fusion-image-element fusion-image-align-center in-legacy-container\" style=\"text-align:center;--awb-bottom-shadow-color:rgba(0,0,0,0.4);--awb-caption-title-font-family:var(--h2_typography-font-family);--awb-caption-title-font-weight:var(--h2_typography-font-weight);--awb-caption-title-font-style:var(--h2_typography-font-style);--awb-caption-title-size:var(--h2_typography-font-size);--awb-caption-title-transform:var(--h2_typography-text-transform);--awb-caption-title-line-height:var(--h2_typography-line-height);--awb-caption-title-letter-spacing:var(--h2_typography-letter-spacing);\"><div class=\"imageframe-align-center\"><div class=\"awb-image-frame awb-image-frame-1 awb-bottomshadow\"><span class=\" fusion-imageframe imageframe-bottomshadow imageframe-1 hover-type-none\" style=\"border:2px solid #f6f6f6;\"><img decoding=\"async\" width=\"4000\" height=\"1333\" title=\"Excite Live Recline\" src=\"https:\/\/pes-luxembourg.lu\/bascharage\/wp-content\/uploads\/sites\/2\/2023\/03\/Excite-Live-Recline.png\" alt class=\"img-responsive wp-image-8066\" srcset=\"https:\/\/pes-luxembourg.lu\/bascharage\/wp-content\/uploads\/sites\/2\/2023\/03\/Excite-Live-Recline-200x67.png 200w, https:\/\/pes-luxembourg.lu\/bascharage\/wp-content\/uploads\/sites\/2\/2023\/03\/Excite-Live-Recline-400x133.png 400w, https:\/\/pes-luxembourg.lu\/bascharage\/wp-content\/uploads\/sites\/2\/2023\/03\/Excite-Live-Recline-600x200.png 600w, https:\/\/pes-luxembourg.lu\/bascharage\/wp-content\/uploads\/sites\/2\/2023\/03\/Excite-Live-Recline-800x267.png 800w, https:\/\/pes-luxembourg.lu\/bascharage\/wp-content\/uploads\/sites\/2\/2023\/03\/Excite-Live-Recline-1200x400.png 1200w, https:\/\/pes-luxembourg.lu\/bascharage\/wp-content\/uploads\/sites\/2\/2023\/03\/Excite-Live-Recline.png 4000w\" sizes=\"(max-width: 800px) 100vw, 1200px\" \/><\/span><svg xmlns=\"http:\/\/www.w3.org\/2000\/svg\" version=\"1.1\" width=\"100%\" viewBox=\"0 0 600 28\" preserveAspectRatio=\"none\"><g clip-path=\"url(#a)\"><mask id=\"b\" style=\"mask-type:luminance\" maskUnits=\"userSpaceOnUse\" x=\"0\" y=\"0\" width=\"600\" height=\"28\"><path d=\"M0 0h600v28H0V0Z\" fill=\"#fff\"\/><\/mask><g filter=\"url(#c)\" mask=\"url(#b)\"><path d=\"M16.439-18.667h567.123v30.8S438.961-8.4 300-8.4C161.04-8.4 16.438 12.133 16.438 12.133v-30.8Z\" fill=\"#000\"\/><\/g><\/g><defs><clipPath id=\"a\"><path fill=\"#fff\" d=\"M0 0h600v28H0z\"\/><\/clipPath><filter id=\"c\" x=\"5.438\" y=\"-29.667\" width=\"589.123\" height=\"52.8\" filterUnits=\"userSpaceOnUse\" color-interpolation-filters=\"sRGB\"><feFlood flood-opacity=\"0\" result=\"BackgroundImageFix\"\/><feBlend in=\"SourceGraphic\" in2=\"BackgroundImageFix\" result=\"shape\"\/><feGaussianBlur stdDeviation=\"5.5\" result=\"effect1_foregroundBlur_3983_183\"\/><\/filter><\/defs><\/svg><\/div><\/div><\/div><div class=\"fusion-sep-clear\"><\/div><div class=\"fusion-separator fusion-full-width-sep\" style=\"margin-left: auto;margin-right: auto;margin-top:20px;margin-bottom:20px;width:100%;\"><div class=\"fusion-separator-border sep-shadow\" style=\"--awb-height:20px;--awb-amount:20px;background:radial-gradient(ellipse at 50% -50% , #e0dede 0px, rgba(255, 255, 255, 0) 80%) repeat scroll 0 0 rgba(0, 0, 0, 0);background:-webkit-radial-gradient(ellipse at 50% -50% , #e0dede 0px, rgba(255, 255, 255, 0) 80%) repeat scroll 0 0 rgba(0, 0, 0, 0);background:-moz-radial-gradient(ellipse at 50% -50% , #e0dede 0px, rgba(255, 255, 255, 0) 80%) repeat scroll 0 0 rgba(0, 0, 0, 0);background:-o-radial-gradient(ellipse at 50% -50% , #e0dede 0px, rgba(255, 255, 255, 0) 80%) repeat scroll 0 0 rgba(0, 0, 0, 0);\"><\/div><\/div><div class=\"fusion-sep-clear\"><\/div><div class=\"fusion-text fusion-text-1\"><p style=\"text-align: justify;\">A Excite Live Recline da Technogym \u00e9 uma bicicleta semi-reclinada ergon\u00f3mica que combina conforto, desempenho e tecnologia para proporcionar uma experi\u00eancia de treino inigual\u00e1vel. Este dispositivo foi especialmente concebido para pacientes em reabilita\u00e7\u00e3o, pessoas com problemas de mobilidade e pessoas que procuram melhorar a sua condi\u00e7\u00e3o f\u00edsica. Analisamos em pormenor as caracter\u00edsticas, as vantagens e a funcionalidade \u00fanica do Excite Live Recline.<\/p>\n<\/div><div class=\"fusion-title title fusion-title-2 fusion-sep-none fusion-title-text fusion-title-size-two\" style=\"--awb-margin-top-small:10px;--awb-margin-right-small:0px;--awb-margin-bottom-small:10px;--awb-margin-left-small:0px;\"><h2 class=\"fusion-title-heading title-heading-left fusion-responsive-typography-calculated\" style=\"margin:0;--fontSize:28;line-height:1.5;\">Caracter\u00edsticas do Excite Live Recline<\/h2><\/div><div class=\"fusion-text fusion-text-2\"><h3 style=\"text-align: justify;\">Design ergon\u00f3mico<\/h3>\n<p style=\"text-align: justify;\">A Excite Live Recline tem um assento almofadado e ajust\u00e1vel com apoio lombar para um conforto \u00f3timo. O guiador tamb\u00e9m \u00e9 ajust\u00e1vel e oferece v\u00e1rias posi\u00e7\u00f5es para se adaptar \u00e0 forma do corpo de cada utilizador. Os pedais largos e antiderrapantes garantem a m\u00e1xima ader\u00eancia e estabilidade durante o exerc\u00edcio.<\/p>\n<h3 style=\"text-align: justify;\">Tecnologia UNITY<\/h3>\n<p style=\"text-align: justify;\">O ecr\u00e3 t\u00e1til UNITY\u2122 oferece uma interface de utilizador simples e intuitiva para controlar a intensidade do exerc\u00edcio, a dura\u00e7\u00e3o e o tipo de treino. Tamb\u00e9m d\u00e1 acesso a v\u00e1rias aplica\u00e7\u00f5es de entretenimento, de acompanhamento do desempenho e de redes sociais para tornar o treino mais agrad\u00e1vel e motivador.<\/p>\n<h3 style=\"text-align: justify;\">Resist\u00eancia magn\u00e9tica<\/h3>\n<p style=\"text-align: justify;\">A m\u00e1quina utiliza um sistema de resist\u00eancia magn\u00e9tica que oferece um movimento suave e silencioso e uma vasta gama de n\u00edveis de intensidade para se adequar a todos os n\u00edveis de fitness. Este sistema garante igualmente um desgaste m\u00ednimo e uma manuten\u00e7\u00e3o reduzida.<\/p>\n<\/div><div class=\"fusion-title title fusion-title-3 fusion-sep-none fusion-title-text fusion-title-size-two\" style=\"--awb-margin-top-small:10px;--awb-margin-right-small:0px;--awb-margin-bottom-small:10px;--awb-margin-left-small:0px;\"><h2 class=\"fusion-title-heading title-heading-left fusion-responsive-typography-calculated\" style=\"margin:0;--fontSize:28;line-height:1.5;\">Benef\u00edcios para a reabilita\u00e7\u00e3o<\/h2><\/div><div class=\"fusion-text fusion-text-3\"><h3 style=\"text-align: justify;\">Redu\u00e7\u00e3o da press\u00e3o sobre as articula\u00e7\u00f5es<\/h3>\n<p style=\"text-align: justify;\">A posi\u00e7\u00e3o semi-reclinada da Excite Live Recline reduz a press\u00e3o sobre as articula\u00e7\u00f5es, especialmente sobre os joelhos, as ancas e a zona lombar. Isto \u00e9 particularmente ben\u00e9fico para os doentes em reabilita\u00e7\u00e3o e para as pessoas que sofrem de dores nas articula\u00e7\u00f5es.<\/p>\n<h3 style=\"text-align: justify;\">Melhoria da circula\u00e7\u00e3o sangu\u00ednea<\/h3>\n<p style=\"text-align: justify;\">A posi\u00e7\u00e3o semi-reclinada tamb\u00e9m promove uma melhor circula\u00e7\u00e3o sangu\u00ednea, reduzindo o risco de incha\u00e7o das pernas e melhorando a recupera\u00e7\u00e3o ap\u00f3s o exerc\u00edcio.<\/p>\n<h3 style=\"text-align: justify;\">Refor\u00e7ar os m\u00fasculos<\/h3>\n<p style=\"text-align: justify;\">A utiliza\u00e7\u00e3o regular da Excite Live Recline ajuda a fortalecer os m\u00fasculos das pernas, das n\u00e1degas e do tronco. Este refor\u00e7o muscular melhora a mobilidade e a estabilidade geral do corpo e ajuda a prevenir futuras les\u00f5es.<\/p>\n<h3 style=\"text-align: justify;\">Adaptabilidade<\/h3>\n<p style=\"text-align: justify;\">O dispositivo \u00e9 adequado para uma vasta gama de doentes, incluindo idosos, pessoas com excesso de peso e pessoas com problemas de mobilidade. Os n\u00edveis de resist\u00eancia ajust\u00e1veis permitem-lhe adaptar o seu treino \u00e0s suas necessidades e capacidades individuais.<\/p>\n<\/div><div class=\"fusion-title title fusion-title-4 fusion-sep-none fusion-title-text fusion-title-size-two\" style=\"--awb-margin-top-small:10px;--awb-margin-right-small:0px;--awb-margin-bottom-small:10px;--awb-margin-left-small:0px;\"><h2 class=\"fusion-title-heading title-heading-left fusion-responsive-typography-calculated\" style=\"margin:0;--fontSize:28;line-height:1.5;\">Caracter\u00edsticas inovadoras<\/h2><\/div><div class=\"fusion-text fusion-text-4\"><h3 style=\"text-align: justify;\">Programa de reabilita\u00e7\u00e3o personalizado<\/h3>\n<p style=\"text-align: justify;\">Gra\u00e7as \u00e0 tecnologia UNITY\u2122, os pacientes podem seguir um programa de treino personalizado, adaptado \u00e0s suas necessidades espec\u00edficas e aos seus objectivos de reabilita\u00e7\u00e3o. Os terapeutas podem tamb\u00e9m monitorizar o progresso dos doentes e ajustar o programa \u00e0 medida que a sua condi\u00e7\u00e3o se altera.<\/p>\n<h3 style=\"text-align: justify;\">Acompanhamento dos progressos<\/h3>\n<p style=\"text-align: justify;\">O Excite Live Recline regista dados de treino como a dist\u00e2ncia percorrida, a velocidade, o tempo, as calorias queimadas e o ritmo card\u00edaco. Esta informa\u00e7\u00e3o permite que os doentes monitorizem os seus progressos e se mantenham motivados durante a reabilita\u00e7\u00e3o.<\/p>\n<h3 style=\"text-align: justify;\">Entretenimento e motiva\u00e7\u00e3o<\/h3>\n<p style=\"text-align: justify;\">O ecr\u00e3 t\u00e1til UNITY\u2122 oferece uma variedade de aplica\u00e7\u00f5es de entretenimento, como TV, r\u00e1dio, jogos e acesso a redes sociais. Estas op\u00e7\u00f5es de entretenimento tornam o treino mais agrad\u00e1vel e ajudam a manter os doentes motivados.<\/p>\n<h3 style=\"text-align: justify;\">Conectividade<\/h3>\n<p style=\"text-align: justify;\">O Excite Live Recline \u00e9 compat\u00edvel com as aplica\u00e7\u00f5es de fitness mais populares, como o MyFitnessPal, o Strava e o Apple Health. Os doentes podem sincronizar os seus dados de treino e acompanhar os seus progressos no seu smartphone ou tablet.<\/p>\n<\/div><div class=\"fusion-title title fusion-title-5 fusion-sep-none fusion-title-text fusion-title-size-two\" style=\"--awb-margin-top-small:10px;--awb-margin-right-small:0px;--awb-margin-bottom-small:10px;--awb-margin-left-small:0px;\"><h2 class=\"fusion-title-heading title-heading-left fusion-responsive-typography-calculated\" style=\"margin:0;--fontSize:28;line-height:1.5;\">Conclus\u00f5es<\/h2><\/div><div class=\"fusion-text fusion-text-5\"><p style=\"text-align: justify;\">O Excite Live Recline da Technogym \u00e9 uma pe\u00e7a de equipamento vers\u00e1til e inovadora, perfeitamente adequada \u00e0s necessidades dos pacientes de reabilita\u00e7\u00e3o e de qualquer pessoa que procure melhorar a sua sa\u00fade f\u00edsica. Gra\u00e7as ao seu design ergon\u00f3mico, funcionalidades avan\u00e7adas e conetividade, a Excite Live Recline oferece uma experi\u00eancia de treino personalizada e motivadora, permitindo que os utilizadores fa\u00e7am progressos efectivos em dire\u00e7\u00e3o aos seus objectivos de sa\u00fade e bem-estar.<\/p>\n<\/div><div class=\"fusion-clearfix\"><\/div><\/div><\/div><\/div><\/div>\n","protected":false},"excerpt":{"rendered":"","protected":false},"author":1,"featured_media":0,"parent":0,"menu_order":0,"comment_status":"closed","ping_status":"closed","template":"","meta":{"_seopress_robots_primary_cat":"","_seopress_titles_title":"","_seopress_titles_desc":"","_seopress_robots_index":"","footnotes":""},"class_list":["post-9895","page","type-page","status-publish","hentry"],"_links":{"self":[{"href":"https:\/\/pes-luxembourg.lu\/bascharage\/pt-pt\/wp-json\/wp\/v2\/pages\/9895","targetHints":{"allow":["GET"]}}],"collection":[{"href":"https:\/\/pes-luxembourg.lu\/bascharage\/pt-pt\/wp-json\/wp\/v2\/pages"}],"about":[{"href":"https:\/\/pes-luxembourg.lu\/bascharage\/pt-pt\/wp-json\/wp\/v2\/types\/page"}],"author":[{"embeddable":true,"href":"https:\/\/pes-luxembourg.lu\/bascharage\/pt-pt\/wp-json\/wp\/v2\/users\/1"}],"replies":[{"embeddable":true,"href":"https:\/\/pes-luxembourg.lu\/bascharage\/pt-pt\/wp-json\/wp\/v2\/comments?post=9895"}],"version-history":[{"count":0,"href":"https:\/\/pes-luxembourg.lu\/bascharage\/pt-pt\/wp-json\/wp\/v2\/pages\/9895\/revisions"}],"wp:attachment":[{"href":"https:\/\/pes-luxembourg.lu\/bascharage\/pt-pt\/wp-json\/wp\/v2\/media?parent=9895"}],"curies":[{"name":"wp","href":"https:\/\/api.w.org\/{rel}","templated":true}]}}