{"id":9718,"date":"2023-08-30T00:28:57","date_gmt":"2023-08-29T22:28:57","guid":{"rendered":"https:\/\/pes-luxembourg.lu\/bascharage\/maquina-de-remo-technogym-skillrow-bascharage\/"},"modified":"2024-01-27T11:06:23","modified_gmt":"2024-01-27T10:06:23","slug":"maquina-de-remo-technogym-skillrow-bascharage","status":"publish","type":"page","link":"https:\/\/pes-luxembourg.lu\/bascharage\/pt-pt\/maquina-de-remo-technogym-skillrow-bascharage\/","title":{"rendered":"M\u00e1quina de remo Technogym Skillrow Bascharage"},"content":{"rendered":"<p><div class=\"fusion-fullwidth fullwidth-box fusion-builder-row-1 nonhundred-percent-fullwidth non-hundred-percent-height-scrolling\" style=\"--awb-border-radius-top-left:0px;--awb-border-radius-top-right:0px;--awb-border-radius-bottom-right:0px;--awb-border-radius-bottom-left:0px;--awb-padding-top:20px;--awb-padding-bottom:20px;--awb-flex-wrap:wrap;\" ><div class=\"fusion-builder-row fusion-row\"><div class=\"fusion-layout-column fusion_builder_column fusion-builder-column-0 fusion_builder_column_1_1 1_1 fusion-one-full fusion-column-first fusion-column-last\" style=\"--awb-bg-size:cover;\"><div class=\"fusion-column-wrapper fusion-column-has-shadow fusion-flex-column-wrapper-legacy\"><div class=\"fusion-title title fusion-title-1 fusion-title-center fusion-title-text fusion-title-size-one\" style=\"--awb-margin-top-small:10px;--awb-margin-right-small:0px;--awb-margin-bottom-small:10px;--awb-margin-left-small:0px;\"><div class=\"title-sep-container title-sep-container-left\"><div class=\"title-sep sep-double sep-solid\" style=\"border-color:#e0dede;\"><\/div><\/div><span class=\"awb-title-spacer\"><\/span><h1 class=\"fusion-title-heading title-heading-center fusion-responsive-typography-calculated\" style=\"margin:0;--fontSize:34;line-height:1.41;\">M\u00e1quina de remo Technogym Skillrow<\/h1><span class=\"awb-title-spacer\"><\/span><div class=\"title-sep-container title-sep-container-right\"><div class=\"title-sep sep-double sep-solid\" style=\"border-color:#e0dede;\"><\/div><\/div><\/div><div class=\"fusion-image-element fusion-image-align-center in-legacy-container\" style=\"text-align:center;--awb-bottom-shadow-color:rgba(0,0,0,0.4);--awb-caption-title-font-family:var(--h2_typography-font-family);--awb-caption-title-font-weight:var(--h2_typography-font-weight);--awb-caption-title-font-style:var(--h2_typography-font-style);--awb-caption-title-size:var(--h2_typography-font-size);--awb-caption-title-transform:var(--h2_typography-text-transform);--awb-caption-title-line-height:var(--h2_typography-line-height);--awb-caption-title-letter-spacing:var(--h2_typography-letter-spacing);\"><div class=\"imageframe-align-center\"><div class=\"awb-image-frame awb-image-frame-1 awb-bottomshadow\"><span class=\" fusion-imageframe imageframe-bottomshadow imageframe-1 hover-type-none\" style=\"border:2px solid #f6f6f6;\"><a class=\"fusion-no-lightbox\" href=\"https:\/\/www.technogym.com\/fr-BE\/product\/skillrow_DJR0NDT.html\" target=\"_blank\" aria-label=\"SkillRow\" rel=\"noopener noreferrer\"><img decoding=\"async\" width=\"4000\" height=\"1333\" alt=\"Apresenta\u00e7\u00e3o da Technogym Skillrow\" src=\"https:\/\/pes-luxembourg.lu\/bascharage\/wp-content\/uploads\/sites\/2\/2023\/02\/SkillRow.png\" class=\"img-responsive wp-image-8041\" srcset=\"https:\/\/pes-luxembourg.lu\/bascharage\/wp-content\/uploads\/sites\/2\/2023\/02\/SkillRow-200x67.png 200w, https:\/\/pes-luxembourg.lu\/bascharage\/wp-content\/uploads\/sites\/2\/2023\/02\/SkillRow-400x133.png 400w, https:\/\/pes-luxembourg.lu\/bascharage\/wp-content\/uploads\/sites\/2\/2023\/02\/SkillRow-600x200.png 600w, https:\/\/pes-luxembourg.lu\/bascharage\/wp-content\/uploads\/sites\/2\/2023\/02\/SkillRow-800x267.png 800w, https:\/\/pes-luxembourg.lu\/bascharage\/wp-content\/uploads\/sites\/2\/2023\/02\/SkillRow-1200x400.png 1200w, https:\/\/pes-luxembourg.lu\/bascharage\/wp-content\/uploads\/sites\/2\/2023\/02\/SkillRow.png 4000w\" sizes=\"(max-width: 800px) 100vw, 1200px\" \/><\/a><\/span><svg xmlns=\"http:\/\/www.w3.org\/2000\/svg\" version=\"1.1\" width=\"100%\" viewBox=\"0 0 600 28\" preserveAspectRatio=\"none\"><g clip-path=\"url(#a)\"><mask id=\"b\" style=\"mask-type:luminance\" maskUnits=\"userSpaceOnUse\" x=\"0\" y=\"0\" width=\"600\" height=\"28\"><path d=\"M0 0h600v28H0V0Z\" fill=\"#fff\"\/><\/mask><g filter=\"url(#c)\" mask=\"url(#b)\"><path d=\"M16.439-18.667h567.123v30.8S438.961-8.4 300-8.4C161.04-8.4 16.438 12.133 16.438 12.133v-30.8Z\" fill=\"#000\"\/><\/g><\/g><defs><clipPath id=\"a\"><path fill=\"#fff\" d=\"M0 0h600v28H0z\"\/><\/clipPath><filter id=\"c\" x=\"5.438\" y=\"-29.667\" width=\"589.123\" height=\"52.8\" filterUnits=\"userSpaceOnUse\" color-interpolation-filters=\"sRGB\"><feFlood flood-opacity=\"0\" result=\"BackgroundImageFix\"\/><feBlend in=\"SourceGraphic\" in2=\"BackgroundImageFix\" result=\"shape\"\/><feGaussianBlur stdDeviation=\"5.5\" result=\"effect1_foregroundBlur_3983_183\"\/><\/filter><\/defs><\/svg><\/div><\/div><\/div><div class=\"fusion-sep-clear\"><\/div><div class=\"fusion-separator fusion-full-width-sep\" style=\"margin-left: auto;margin-right: auto;margin-top:20px;margin-bottom:20px;width:100%;\"><div class=\"fusion-separator-border sep-shadow\" style=\"--awb-height:20px;--awb-amount:20px;background:radial-gradient(ellipse at 50% -50% , #e0dede 0px, rgba(255, 255, 255, 0) 80%) repeat scroll 0 0 rgba(0, 0, 0, 0);background:-webkit-radial-gradient(ellipse at 50% -50% , #e0dede 0px, rgba(255, 255, 255, 0) 80%) repeat scroll 0 0 rgba(0, 0, 0, 0);background:-moz-radial-gradient(ellipse at 50% -50% , #e0dede 0px, rgba(255, 255, 255, 0) 80%) repeat scroll 0 0 rgba(0, 0, 0, 0);background:-o-radial-gradient(ellipse at 50% -50% , #e0dede 0px, rgba(255, 255, 255, 0) 80%) repeat scroll 0 0 rgba(0, 0, 0, 0);\"><\/div><\/div><div class=\"fusion-sep-clear\"><\/div><div class=\"fusion-text fusion-text-1\"><p style=\"text-align: justify;\">A reabilita\u00e7\u00e3o e a fisioterapia desempenham um papel essencial na recupera\u00e7\u00e3o e na manuten\u00e7\u00e3o de uma boa sa\u00fade. Os doentes procuram frequentemente dispositivos de qualidade para os acompanhar na sua viagem. A Technogym Skillrow \u00e9 uma das melhores op\u00e7\u00f5es para pacientes de fisioterapia. \u00c9 um equipamento de fitness topo de gama concebido para proporcionar um treino completo do corpo, centrado no fortalecimento muscular, na resist\u00eancia e na perda de peso. Este equipamento de fitness \u00e9 utilizado em centros de fitness, clubes de sa\u00fade, cl\u00ednicas de reabilita\u00e7\u00e3o e centros de desempenho desportivo.<\/p>\n<\/div><div class=\"fusion-title title fusion-title-2 fusion-sep-none fusion-title-text fusion-title-size-two\" style=\"--awb-margin-top-small:10px;--awb-margin-right-small:0px;--awb-margin-bottom-small:10px;--awb-margin-left-small:0px;\"><h2 class=\"fusion-title-heading title-heading-left fusion-responsive-typography-calculated\" style=\"margin:0;--fontSize:28;line-height:1.5;\">Apresenta\u00e7\u00e3o da m\u00e1quina Skillrow da Technogym<\/h2><\/div><div class=\"fusion-text fusion-text-2\"><h3 style=\"text-align: justify;\">Descri\u00e7\u00e3o geral<\/h3>\n<p style=\"text-align: justify;\">A Technogym Skillrow \u00e9 uma m\u00e1quina de remo profissional concebida para proporcionar uma experi\u00eancia de treino completa e eficaz. Combina tecnologia de ponta e design ergon\u00f3mico para facilitar a reabilita\u00e7\u00e3o e o fortalecimento muscular.<\/p>\n<h3 style=\"text-align: justify;\">Tecnologia e caracter\u00edsticas<\/h3>\n<ul>\n<li style=\"text-align: justify;\">Resist\u00eancia \u00e0 \u00e1gua: O Skillrow utiliza um sistema patenteado de resist\u00eancia \u00e0 \u00e1gua para proporcionar uma experi\u00eancia de remo realista e fluida.<\/li>\n<li style=\"text-align: justify;\">Tecnologia de conetividade: O dispositivo est\u00e1 equipado com conetividade Bluetooth para sincroniza\u00e7\u00e3o com a aplica\u00e7\u00e3o Mywellness da Technogym, permitindo a monitoriza\u00e7\u00e3o personalizada dos treinos.<\/li>\n<li style=\"text-align: justify;\">Ecr\u00e3 interativo: O Skillrow possui um ecr\u00e3 t\u00e1til que lhe permite visualizar os dados de desempenho em tempo real e personalizar os seus treinos.<\/li>\n<\/ul>\n<\/div><div class=\"fusion-title title fusion-title-3 fusion-sep-none fusion-title-text fusion-title-size-two\" style=\"--awb-margin-top-small:10px;--awb-margin-right-small:0px;--awb-margin-bottom-small:10px;--awb-margin-left-small:0px;\"><h2 class=\"fusion-title-heading title-heading-left fusion-responsive-typography-calculated\" style=\"margin:0;--fontSize:28;line-height:1.5;\">Tecnologia Aquafeel\u2122<\/h2><\/div><div class=\"fusion-text fusion-text-3\"><p style=\"text-align: justify;\">A tecnologia Aquafeel\u2122 da m\u00e1quina de remo Technogym \u00e9 uma inova\u00e7\u00e3o not\u00e1vel no dom\u00ednio do exerc\u00edcio f\u00edsico. Esta tecnologia revolucion\u00e1ria simula a resist\u00eancia da \u00e1gua utilizando um sistema de resist\u00eancia de ar e \u00e1gua, proporcionando uma experi\u00eancia de remo extremamente realista e eficaz.<\/p>\n<p style=\"text-align: justify;\">Utilizando a tecnologia Aquafeel\u2122, o remo Technogym permite ao utilizador trabalhar todos os grupos musculares do corpo, proporcionando um treino completo e equilibrado. Para al\u00e9m disso, a tecnologia Aquafeel\u2122 permite um ajuste preciso da resist\u00eancia, permitindo que os utilizadores adaptem o seu treino aos seus objectivos de fitness.<\/p>\n<p style=\"text-align: justify;\">Em suma, a tecnologia Aquafeel\u2122 \u00e9 uma inova\u00e7\u00e3o impressionante que permite aos utilizadores do remo Technogym beneficiarem de um treino completo e eficaz, enquanto desfrutam de uma experi\u00eancia de remo realista e envolvente.<\/p>\n<\/div><div class=\"fusion-image-element fusion-image-align-center in-legacy-container\" style=\"text-align:center;--awb-bottom-shadow-color:rgba(0,0,0,0.4);--awb-caption-title-font-family:var(--h2_typography-font-family);--awb-caption-title-font-weight:var(--h2_typography-font-weight);--awb-caption-title-font-style:var(--h2_typography-font-style);--awb-caption-title-size:var(--h2_typography-font-size);--awb-caption-title-transform:var(--h2_typography-text-transform);--awb-caption-title-line-height:var(--h2_typography-line-height);--awb-caption-title-letter-spacing:var(--h2_typography-letter-spacing);\"><div class=\"imageframe-align-center\"><div class=\"awb-image-frame awb-image-frame-2 awb-bottomshadow\" style=\"max-width:400px;display:inline-block;\"><span class=\" fusion-imageframe imageframe-bottomshadow imageframe-2 hover-type-none\"><img decoding=\"async\" width=\"1024\" height=\"610\" title=\"Aquafeel\" src=\"https:\/\/pes-luxembourg.lu\/bascharage\/wp-content\/uploads\/sites\/2\/2023\/02\/Aquafeel-1024x610.png\" alt class=\"img-responsive wp-image-8034\" srcset=\"https:\/\/pes-luxembourg.lu\/bascharage\/wp-content\/uploads\/sites\/2\/2023\/02\/Aquafeel-200x119.png 200w, https:\/\/pes-luxembourg.lu\/bascharage\/wp-content\/uploads\/sites\/2\/2023\/02\/Aquafeel-400x238.png 400w, https:\/\/pes-luxembourg.lu\/bascharage\/wp-content\/uploads\/sites\/2\/2023\/02\/Aquafeel-600x357.png 600w, https:\/\/pes-luxembourg.lu\/bascharage\/wp-content\/uploads\/sites\/2\/2023\/02\/Aquafeel-800x476.png 800w, https:\/\/pes-luxembourg.lu\/bascharage\/wp-content\/uploads\/sites\/2\/2023\/02\/Aquafeel-1200x714.png 1200w, https:\/\/pes-luxembourg.lu\/bascharage\/wp-content\/uploads\/sites\/2\/2023\/02\/Aquafeel.png 1646w\" sizes=\"(max-width: 800px) 100vw, 1200px\" \/><\/span><svg xmlns=\"http:\/\/www.w3.org\/2000\/svg\" version=\"1.1\" width=\"100%\" viewBox=\"0 0 600 28\" preserveAspectRatio=\"none\"><g clip-path=\"url(#a)\"><mask id=\"b\" style=\"mask-type:luminance\" maskUnits=\"userSpaceOnUse\" x=\"0\" y=\"0\" width=\"600\" height=\"28\"><path d=\"M0 0h600v28H0V0Z\" fill=\"#fff\"\/><\/mask><g filter=\"url(#c)\" mask=\"url(#b)\"><path d=\"M16.439-18.667h567.123v30.8S438.961-8.4 300-8.4C161.04-8.4 16.438 12.133 16.438 12.133v-30.8Z\" fill=\"#000\"\/><\/g><\/g><defs><clipPath id=\"a\"><path fill=\"#fff\" d=\"M0 0h600v28H0z\"\/><\/clipPath><filter id=\"c\" x=\"5.438\" y=\"-29.667\" width=\"589.123\" height=\"52.8\" filterUnits=\"userSpaceOnUse\" color-interpolation-filters=\"sRGB\"><feFlood flood-opacity=\"0\" result=\"BackgroundImageFix\"\/><feBlend in=\"SourceGraphic\" in2=\"BackgroundImageFix\" result=\"shape\"\/><feGaussianBlur stdDeviation=\"5.5\" result=\"effect1_foregroundBlur_3983_183\"\/><\/filter><\/defs><\/svg><\/div><\/div><\/div><div class=\"fusion-title title fusion-title-4 fusion-sep-none fusion-title-text fusion-title-size-two\" style=\"--awb-margin-top-small:10px;--awb-margin-right-small:0px;--awb-margin-bottom-small:10px;--awb-margin-left-small:0px;\"><h2 class=\"fusion-title-heading title-heading-left fusion-responsive-typography-calculated\" style=\"margin:0;--fontSize:28;line-height:1.5;\">Benef\u00edcios para a fisioterapia<\/h2><\/div><div class=\"fusion-text fusion-text-4\"><h3 style=\"text-align: justify;\">Refor\u00e7ar os m\u00fasculos<\/h3>\n<p style=\"text-align: justify;\">A m\u00e1quina de remo Technogym Skillrow proporciona-lhe um treino de corpo inteiro, trabalhando quase 85% dos seus m\u00fasculos. \u00c9 particularmente adequado para pacientes em reabilita\u00e7\u00e3o que pretendem refor\u00e7ar os seus m\u00fasculos.<\/p>\n<h3 style=\"text-align: justify;\">Melhoria da mobilidade das articula\u00e7\u00f5es<\/h3>\n<p style=\"text-align: justify;\">O remo melhora a mobilidade das articula\u00e7\u00f5es, nomeadamente dos ombros, dos cotovelos, dos joelhos e dos tornozelos. Isto \u00e9 muito ben\u00e9fico para os pacientes de fisioterapia, que procuram frequentemente recuperar uma amplitude de movimentos \u00f3ptima.<\/p>\n<h3 style=\"text-align: justify;\">Reduzir a dor<\/h3>\n<p style=\"text-align: justify;\">O movimento fluido e natural da m\u00e1quina de remo Technogym Skillrow ajuda a reduzir as dores articulares e musculares. Isto pode ser particularmente \u00fatil para pacientes que sofrem de doen\u00e7as como a osteoartrite ou les\u00f5es desportivas.<\/p>\n<\/div><div class=\"fusion-title title fusion-title-5 fusion-sep-none fusion-title-text fusion-title-size-two\" style=\"--awb-margin-top-small:10px;--awb-margin-right-small:0px;--awb-margin-bottom-small:10px;--awb-margin-left-small:0px;\"><h2 class=\"fusion-title-heading title-heading-left fusion-responsive-typography-calculated\" style=\"margin:0;--fontSize:28;line-height:1.5;\">Conselhos para uma utiliza\u00e7\u00e3o \u00f3ptima<\/h2><\/div><div class=\"fusion-text fusion-text-5\"><h3 style=\"text-align: justify;\">Posicionamento e postura<\/h3>\n<p style=\"text-align: justify;\">Uma postura correcta na m\u00e1quina de remo \u00e9 essencial para evitar les\u00f5es e maximizar os benef\u00edcios. Mantenha as costas direitas, os ombros baixos e relaxados e os movimentos fluidos e coordenados.<\/p>\n<h3 style=\"text-align: justify;\">Progress\u00e3o e frequ\u00eancia<\/h3>\n<p style=\"text-align: justify;\">Para os pacientes de fisioterapia, \u00e9 importante estabelecer um programa de treino adaptado \u00e0 sua condi\u00e7\u00e3o f\u00edsica. Recomenda-se que comece com sess\u00f5es curtas de intensidade moderada e que aumente gradualmente a dura\u00e7\u00e3o e a intensidade em fun\u00e7\u00e3o dos seus progressos e das recomenda\u00e7\u00f5es do seu fisioterapeuta.<\/p>\n<h3 style=\"text-align: justify;\">Acompanhamento do desempenho e dos objectivos<\/h3>\n<p style=\"text-align: justify;\">Utilizando a aplica\u00e7\u00e3o Mywellness, pode monitorizar o seu desempenho e definir objectivos adaptados \u00e0s necessidades de cada doente. O acompanhamento regular e a comunica\u00e7\u00e3o estreita com o fisioterapeuta s\u00e3o essenciais para que o programa de treino possa ser ajustado em fun\u00e7\u00e3o dos progressos registados.<\/p>\n<h3 style=\"text-align: justify;\">Seguran\u00e7a e precau\u00e7\u00f5es<\/h3>\n<p style=\"text-align: justify;\">\u00c9 fundamental seguir sempre as instru\u00e7\u00f5es de seguran\u00e7a ao utilizar o Technogym Skillrow. Certifique-se de que mant\u00e9m um ambiente seguro em torno da m\u00e1quina e consulte o seu fisioterapeuta se sentir qualquer dor ou desconforto durante o treino.<\/p>\n<\/div><div class=\"fusion-title title fusion-title-6 fusion-sep-none fusion-title-text fusion-title-size-two\" style=\"--awb-margin-top-small:10px;--awb-margin-right-small:0px;--awb-margin-bottom-small:10px;--awb-margin-left-small:0px;\"><h2 class=\"fusion-title-heading title-heading-left fusion-responsive-typography-calculated\" style=\"margin:0;--fontSize:28;line-height:1.5;\">Conclus\u00e3o<\/h2><\/div><div class=\"fusion-text fusion-text-6\"><div class=\"group w-full text-gray-800 dark:text-gray-100 border-b border-black\/10 dark:border-gray-900\/50 bg-gray-50 dark:bg-&#091;#444654&#093;\">\n<div class=\"text-base gap-4 md:gap-6 md:max-w-2xl lg:max-w-2xl xl:max-w-3xl p-4 md:py-6 flex lg:px-0 m-auto\">\n<div class=\"relative flex w-&#091;calc(100%-50px)&#093; flex-col gap-1 md:gap-3 lg:w-&#091;calc(100%-115px)&#093;\">\n<div class=\"flex flex-grow flex-col gap-3\">\n<div class=\"min-h-&#091;20px&#093; flex flex-col items-start gap-4 whitespace-pre-wrap\">\n<div class=\"markdown prose w-full break-words dark:prose-invert light\">\n<p style=\"text-align: justify;\">A Technogym Skillrow \u00e9 uma excelente escolha para pacientes de fisioterapia, gra\u00e7as \u00e0s suas caracter\u00edsticas avan\u00e7adas, benef\u00edcios de reabilita\u00e7\u00e3o e adaptabilidade \u00e0s necessidades individuais. Seguindo os conselhos sobre a utiliza\u00e7\u00e3o ideal e trabalhando em estreita colabora\u00e7\u00e3o com um profissional de fisioterapia, o Skillrow pode ajudar os doentes a atingir os seus objectivos de reabilita\u00e7\u00e3o e a recuperar uma melhor qualidade de vida.<\/p>\n<\/div>\n<\/div>\n<\/div>\n<\/div>\n<\/div>\n<\/div>\n<\/div><div class=\"fusion-clearfix\"><\/div><\/div><\/div><\/div><div class=\"fusion-builder-row fusion-row\"><\/div><\/div><div class=\"fusion-fullwidth fullwidth-box fusion-builder-row-2 fusion-flex-container has-pattern-background has-mask-background nonhundred-percent-fullwidth non-hundred-percent-height-scrolling\" style=\"--awb-border-radius-top-left:0px;--awb-border-radius-top-right:0px;--awb-border-radius-bottom-right:0px;--awb-border-radius-bottom-left:0px;--awb-flex-wrap:wrap;\" ><\/div><\/p>\n","protected":false},"excerpt":{"rendered":"","protected":false},"author":1,"featured_media":0,"parent":0,"menu_order":0,"comment_status":"closed","ping_status":"closed","template":"","meta":{"_seopress_robots_primary_cat":"","_seopress_titles_title":"","_seopress_titles_desc":"","_seopress_robots_index":"","footnotes":""},"class_list":["post-9718","page","type-page","status-publish","hentry"],"_links":{"self":[{"href":"https:\/\/pes-luxembourg.lu\/bascharage\/pt-pt\/wp-json\/wp\/v2\/pages\/9718","targetHints":{"allow":["GET"]}}],"collection":[{"href":"https:\/\/pes-luxembourg.lu\/bascharage\/pt-pt\/wp-json\/wp\/v2\/pages"}],"about":[{"href":"https:\/\/pes-luxembourg.lu\/bascharage\/pt-pt\/wp-json\/wp\/v2\/types\/page"}],"author":[{"embeddable":true,"href":"https:\/\/pes-luxembourg.lu\/bascharage\/pt-pt\/wp-json\/wp\/v2\/users\/1"}],"replies":[{"embeddable":true,"href":"https:\/\/pes-luxembourg.lu\/bascharage\/pt-pt\/wp-json\/wp\/v2\/comments?post=9718"}],"version-history":[{"count":0,"href":"https:\/\/pes-luxembourg.lu\/bascharage\/pt-pt\/wp-json\/wp\/v2\/pages\/9718\/revisions"}],"wp:attachment":[{"href":"https:\/\/pes-luxembourg.lu\/bascharage\/pt-pt\/wp-json\/wp\/v2\/media?parent=9718"}],"curies":[{"name":"wp","href":"https:\/\/api.w.org\/{rel}","templated":true}]}}