{"id":9589,"date":"2023-08-30T00:28:10","date_gmt":"2023-08-29T22:28:10","guid":{"rendered":"https:\/\/pes-luxembourg.lu\/bascharage\/excite-live-climb-bascharage\/"},"modified":"2024-01-12T12:10:34","modified_gmt":"2024-01-12T11:10:34","slug":"excite-live-climb-bascharage","status":"publish","type":"page","link":"https:\/\/pes-luxembourg.lu\/bascharage\/pt-pt\/excite-live-climb-bascharage\/","title":{"rendered":"Excite Live Climb Bascharage"},"content":{"rendered":"<div class=\"fusion-fullwidth fullwidth-box fusion-builder-row-1 nonhundred-percent-fullwidth non-hundred-percent-height-scrolling\" style=\"--awb-border-radius-top-left:0px;--awb-border-radius-top-right:0px;--awb-border-radius-bottom-right:0px;--awb-border-radius-bottom-left:0px;--awb-flex-wrap:wrap;\" ><div class=\"fusion-builder-row fusion-row\"><div class=\"fusion-layout-column fusion_builder_column fusion-builder-column-0 fusion_builder_column_1_1 1_1 fusion-one-full fusion-column-first fusion-column-last\" style=\"--awb-bg-size:cover;\"><div class=\"fusion-column-wrapper fusion-column-has-shadow fusion-flex-column-wrapper-legacy\"><div class=\"fusion-title title fusion-title-1 fusion-title-center fusion-title-text fusion-title-size-one\" style=\"--awb-margin-top-small:10px;--awb-margin-right-small:0px;--awb-margin-bottom-small:10px;--awb-margin-left-small:0px;\"><div class=\"title-sep-container title-sep-container-left\"><div class=\"title-sep sep-double sep-solid\" style=\"border-color:#e0dede;\"><\/div><\/div><span class=\"awb-title-spacer\"><\/span><h1 class=\"fusion-title-heading title-heading-center fusion-responsive-typography-calculated\" style=\"margin:0;--fontSize:34;line-height:1.41;\">Technogym Excite Live Climb<\/h1><span class=\"awb-title-spacer\"><\/span><div class=\"title-sep-container title-sep-container-right\"><div class=\"title-sep sep-double sep-solid\" style=\"border-color:#e0dede;\"><\/div><\/div><\/div><div class=\"fusion-image-element fusion-image-align-center in-legacy-container\" style=\"text-align:center;--awb-bottom-shadow-color:rgba(0,0,0,0.4);--awb-caption-title-font-family:var(--h2_typography-font-family);--awb-caption-title-font-weight:var(--h2_typography-font-weight);--awb-caption-title-font-style:var(--h2_typography-font-style);--awb-caption-title-size:var(--h2_typography-font-size);--awb-caption-title-transform:var(--h2_typography-text-transform);--awb-caption-title-line-height:var(--h2_typography-line-height);--awb-caption-title-letter-spacing:var(--h2_typography-letter-spacing);\"><div class=\"imageframe-align-center\"><div class=\"awb-image-frame awb-image-frame-1 awb-bottomshadow\"><span class=\" fusion-imageframe imageframe-bottomshadow imageframe-1 hover-type-none\" style=\"border:2px solid #f6f6f6;\"><img decoding=\"async\" width=\"4000\" height=\"1333\" title=\"Excite Live Climb\" src=\"https:\/\/pes-luxembourg.lu\/bascharage\/wp-content\/uploads\/sites\/2\/2023\/02\/Excite-Live-Climb.png\" alt class=\"img-responsive wp-image-8048\" srcset=\"https:\/\/pes-luxembourg.lu\/bascharage\/wp-content\/uploads\/sites\/2\/2023\/02\/Excite-Live-Climb-200x67.png 200w, https:\/\/pes-luxembourg.lu\/bascharage\/wp-content\/uploads\/sites\/2\/2023\/02\/Excite-Live-Climb-400x133.png 400w, https:\/\/pes-luxembourg.lu\/bascharage\/wp-content\/uploads\/sites\/2\/2023\/02\/Excite-Live-Climb-600x200.png 600w, https:\/\/pes-luxembourg.lu\/bascharage\/wp-content\/uploads\/sites\/2\/2023\/02\/Excite-Live-Climb-800x267.png 800w, https:\/\/pes-luxembourg.lu\/bascharage\/wp-content\/uploads\/sites\/2\/2023\/02\/Excite-Live-Climb-1200x400.png 1200w, https:\/\/pes-luxembourg.lu\/bascharage\/wp-content\/uploads\/sites\/2\/2023\/02\/Excite-Live-Climb.png 4000w\" sizes=\"(max-width: 800px) 100vw, 1200px\" \/><\/span><svg xmlns=\"http:\/\/www.w3.org\/2000\/svg\" version=\"1.1\" width=\"100%\" viewBox=\"0 0 600 28\" preserveAspectRatio=\"none\"><g clip-path=\"url(#a)\"><mask id=\"b\" style=\"mask-type:luminance\" maskUnits=\"userSpaceOnUse\" x=\"0\" y=\"0\" width=\"600\" height=\"28\"><path d=\"M0 0h600v28H0V0Z\" fill=\"#fff\"\/><\/mask><g filter=\"url(#c)\" mask=\"url(#b)\"><path d=\"M16.439-18.667h567.123v30.8S438.961-8.4 300-8.4C161.04-8.4 16.438 12.133 16.438 12.133v-30.8Z\" fill=\"#000\"\/><\/g><\/g><defs><clipPath id=\"a\"><path fill=\"#fff\" d=\"M0 0h600v28H0z\"\/><\/clipPath><filter id=\"c\" x=\"5.438\" y=\"-29.667\" width=\"589.123\" height=\"52.8\" filterUnits=\"userSpaceOnUse\" color-interpolation-filters=\"sRGB\"><feFlood flood-opacity=\"0\" result=\"BackgroundImageFix\"\/><feBlend in=\"SourceGraphic\" in2=\"BackgroundImageFix\" result=\"shape\"\/><feGaussianBlur stdDeviation=\"5.5\" result=\"effect1_foregroundBlur_3983_183\"\/><\/filter><\/defs><\/svg><\/div><\/div><\/div><div class=\"fusion-sep-clear\"><\/div><div class=\"fusion-separator fusion-full-width-sep\" style=\"margin-left: auto;margin-right: auto;margin-top:20px;margin-bottom:20px;width:100%;\"><div class=\"fusion-separator-border sep-shadow\" style=\"--awb-height:20px;--awb-amount:20px;background:radial-gradient(ellipse at 50% -50% , #e0dede 0px, rgba(255, 255, 255, 0) 80%) repeat scroll 0 0 rgba(0, 0, 0, 0);background:-webkit-radial-gradient(ellipse at 50% -50% , #e0dede 0px, rgba(255, 255, 255, 0) 80%) repeat scroll 0 0 rgba(0, 0, 0, 0);background:-moz-radial-gradient(ellipse at 50% -50% , #e0dede 0px, rgba(255, 255, 255, 0) 80%) repeat scroll 0 0 rgba(0, 0, 0, 0);background:-o-radial-gradient(ellipse at 50% -50% , #e0dede 0px, rgba(255, 255, 255, 0) 80%) repeat scroll 0 0 rgba(0, 0, 0, 0);\"><\/div><\/div><div class=\"fusion-sep-clear\"><\/div><div class=\"fusion-text fusion-text-1\"><p style=\"text-align: justify;\">A reeduca\u00e7\u00e3o e o refor\u00e7o muscular s\u00e3o essenciais para recuperar uma mobilidade \u00f3ptima ap\u00f3s uma les\u00e3o, uma cirurgia ou uma dor cr\u00f3nica. \u00c9 neste contexto que a Excite Live Climb da Technogym est\u00e1 a provar ser o equipamento de elei\u00e7\u00e3o para os fisioterapeutas e os seus pacientes. Oferecemos-lhe uma an\u00e1lise completa e detalhada deste aparelho para lhe mostrar as suas in\u00fameras vantagens.<\/p>\n<\/div><div class=\"fusion-title title fusion-title-2 fusion-sep-none fusion-title-text fusion-title-size-two\" style=\"--awb-margin-top-small:10px;--awb-margin-right-small:0px;--awb-margin-bottom-small:10px;--awb-margin-left-small:0px;\"><h2 class=\"fusion-title-heading title-heading-left fusion-responsive-typography-calculated\" style=\"margin:0;--fontSize:28;line-height:1.5;\">Apresenta\u00e7\u00e3o da m\u00e1quina Excite Live Climb da Technogym<\/h2><\/div><div class=\"fusion-text fusion-text-2\"><p style=\"text-align: justify;\">A Excite Live Climb \u00e9 uma m\u00e1quina de fitness vertical que combina os benef\u00edcios de uma passadeira, el\u00edptica e stepper. Trabalha todo o corpo, estimulando os m\u00fasculos dos membros inferiores e superiores, ao mesmo tempo que \u00e9 suave para as articula\u00e7\u00f5es.<\/p>\n<\/div><div class=\"fusion-title title fusion-title-3 fusion-sep-none fusion-title-text fusion-title-size-two\" style=\"--awb-margin-top-small:10px;--awb-margin-right-small:0px;--awb-margin-bottom-small:10px;--awb-margin-left-small:0px;\"><h2 class=\"fusion-title-heading title-heading-left fusion-responsive-typography-calculated\" style=\"margin:0;--fontSize:28;line-height:1.5;\">Caracter\u00edsticas do Excite Live Climb<\/h2><\/div><div class=\"fusion-text fusion-text-3\"><h3 style=\"text-align: justify;\">Design ergon\u00f3mico e seguro<\/h3>\n<p style=\"text-align: justify;\">O Excite Live Climb foi concebido para proporcionar uma experi\u00eancia de treino confort\u00e1vel e segura. A sua estrutura robusta e est\u00e1vel pode suportar utilizadores com um peso at\u00e9 160 kg. Os degraus e as pegas s\u00e3o antiderrapantes, garantindo uma boa ader\u00eancia e evitando quedas.<\/p>\n<h3 style=\"text-align: justify;\">Ecr\u00e3 interativo e personaliz\u00e1vel<\/h3>\n<p style=\"text-align: justify;\">O dispositivo possui um ecr\u00e3 t\u00e1til de 15,6 polegadas que apresenta informa\u00e7\u00f5es em tempo real sobre o desempenho, o ritmo card\u00edaco e as calorias queimadas. Permite igualmente o acesso a programas de forma\u00e7\u00e3o personalizados, bem como a aplica\u00e7\u00f5es de entretenimento e de treino.<\/p>\n<h3 style=\"text-align: justify;\">Funcionalidades de conetividade avan\u00e7adas<\/h3>\n<p style=\"text-align: justify;\">O Excite Live Climb \u00e9 compat\u00edvel com os principais monitores de atividade e aplica\u00e7\u00f5es de fitness. Liga-se atrav\u00e9s de Bluetooth, permitindo aos utilizadores sincronizar os seus dados e acompanhar o seu progresso no seu smartphone ou tablet.<\/p>\n<h3 style=\"text-align: justify;\">Defini\u00e7\u00f5es personaliz\u00e1veis<\/h3>\n<p style=\"text-align: justify;\">O aparelho permite personalizar as defini\u00e7\u00f5es de acordo com as necessidades e prefer\u00eancias de cada utilizador. Pode ajustar a altura das pegas, a inclina\u00e7\u00e3o dos degraus, a resist\u00eancia e a velocidade da m\u00e1quina para um treino \u00e0 medida.<\/p>\n<\/div><div class=\"fusion-title title fusion-title-4 fusion-sep-none fusion-title-text fusion-title-size-two\" style=\"--awb-margin-top-small:10px;--awb-margin-right-small:0px;--awb-margin-bottom-small:10px;--awb-margin-left-small:0px;\"><h2 class=\"fusion-title-heading title-heading-left fusion-responsive-typography-calculated\" style=\"margin:0;--fontSize:28;line-height:1.5;\">As vantagens do Excite Live Climb em fisioterapia<\/h2><\/div><div class=\"fusion-text fusion-text-4\"><h3 style=\"text-align: justify;\">Forma\u00e7\u00e3o completa e polivalente<\/h3>\n<p style=\"text-align: justify;\">O Excite Live Climb trabalha os m\u00fasculos da parte inferior e superior do corpo de forma coordenada. Estimula os quadr\u00edceps, os isquiotibiais, as panturrilhas, os gl\u00fateos, os abdominais, as costas e os ombros, proporcionando um treino completo e equilibrado.<\/p>\n<h3 style=\"text-align: justify;\">Reabilita\u00e7\u00e3o suave<\/h3>\n<p style=\"text-align: justify;\">Gra\u00e7as ao seu movimento fluido e natural, a Excite Live Climb limita o impacto sobre as articula\u00e7\u00f5es, o que \u00e9 particularmente ben\u00e9fico para os pacientes em reabilita\u00e7\u00e3o. Permite-lhe recuperar gradualmente a sua for\u00e7a e mobilidade, sem o risco de agravar les\u00f5es ou dores.<\/p>\n<h3 style=\"text-align: justify;\">Apoio personalizado e \u00e0 medida<\/h3>\n<p style=\"text-align: justify;\">O ecr\u00e3 interativo do Excite Live Climb permite-lhe seguir programas de treino adaptados \u00e0s necessidades espec\u00edficas de cada paciente. O fisioterapeuta pode, assim, ajustar os par\u00e2metros de acordo com os objectivos de reabilita\u00e7\u00e3o e o n\u00edvel de aptid\u00e3o f\u00edsica do doente.<\/p>\n<h3 style=\"text-align: justify;\">Trabalhar o equil\u00edbrio e a coordena\u00e7\u00e3o<\/h3>\n<p style=\"text-align: justify;\">O Excite Live Climb permite-lhe trabalhar o seu equil\u00edbrio e coordena\u00e7\u00e3o, compet\u00eancias essenciais para a reabilita\u00e7\u00e3o e preven\u00e7\u00e3o de quedas, especialmente para os idosos e pessoas em recupera\u00e7\u00e3o de doen\u00e7as.<\/p>\n<h3 style=\"text-align: justify;\">Integra\u00e7\u00e3o do biofeedback<\/h3>\n<p style=\"text-align: justify;\">Alguns modelos Excite Live Climb incorporam fun\u00e7\u00f5es de biofeedback, permitindo aos pacientes e fisioterapeutas monitorizar dados fisiol\u00f3gicos como o ritmo card\u00edaco, a press\u00e3o arterial e a satura\u00e7\u00e3o de oxig\u00e9nio em tempo real. Isto significa que a forma\u00e7\u00e3o pode ser adaptada de acordo com estes dados, para uma monitoriza\u00e7\u00e3o mais precisa e segura.<\/p>\n<\/div><div class=\"fusion-title title fusion-title-5 fusion-sep-none fusion-title-text fusion-title-size-two\" style=\"--awb-margin-top-small:10px;--awb-margin-right-small:0px;--awb-margin-bottom-small:10px;--awb-margin-left-small:0px;\"><h2 class=\"fusion-title-heading title-heading-left fusion-responsive-typography-calculated\" style=\"margin:0;--fontSize:28;line-height:1.5;\">Como utilizar o Excite Live Climb<\/h2><\/div><div class=\"fusion-text fusion-text-5\"><div class=\"w-full border-b border-black\/10 dark:border-gray-900\/50 text-gray-800 dark:text-gray-100 group bg-gray-50 dark:bg-&#091;#444654&#093;\">\n<div class=\"text-base gap-4 md:gap-6 m-auto md:max-w-2xl lg:max-w-2xl xl:max-w-3xl p-4 md:py-6 flex lg:px-0\">\n<div class=\"relative flex w-&#091;calc(100%-50px)&#093; flex-col gap-1 md:gap-3 lg:w-&#091;calc(100%-115px)&#093;\">\n<div class=\"flex flex-grow flex-col gap-3\">\n<div class=\"min-h-&#091;20px&#093; flex flex-col items-start gap-4 whitespace-pre-wrap\">\n<div class=\"markdown prose w-full break-words dark:prose-invert light\">\n<h3 style=\"text-align: justify;\">Postura e posicionamento<\/h3>\n<p style=\"text-align: justify;\">Para tirar o m\u00e1ximo partido da sua Excite Live Climb, comece por colocar os p\u00e9s firmemente nos degraus e agarrar as pegas com firmeza. Mantenha uma postura direita e est\u00e1vel durante todo o exerc\u00edcio, mantendo as costas direitas, a cabe\u00e7a erguida e os ombros relaxados. Lembre-se de distribuir o seu peso uniformemente por todos os p\u00e9s para evitar esfor\u00e7os desnecess\u00e1rios.<\/p>\n<h3 style=\"text-align: justify;\">Defini\u00e7\u00f5es personalizadas<\/h3>\n<p style=\"text-align: justify;\">Ajuste a altura das pegas e a inclina\u00e7\u00e3o dos degraus para um movimento suave e seguro. Certifique-se de que as defini\u00e7\u00f5es correspondem \u00e0 sua altura, ao seu n\u00edvel de fitness e aos objectivos de reabilita\u00e7\u00e3o definidos pelo seu fisioterapeuta.<\/p>\n<h3 style=\"text-align: justify;\">Progress\u00e3o e ritmo<\/h3>\n<p style=\"text-align: justify;\">Comece com um ritmo lento e gradual para se familiarizar com a m\u00e1quina. Aumente gradualmente a velocidade e a resist\u00eancia de acordo com o seu n\u00edvel de conforto e as recomenda\u00e7\u00f5es do seu fisioterapeuta. Respeite sempre os seus limites e n\u00e3o force a sua a\u00e7\u00e3o em zonas dolorosas ou em recupera\u00e7\u00e3o.<\/p>\n<p style=\"text-align: justify;\">Seguindo estas instru\u00e7\u00f5es de utiliza\u00e7\u00e3o, poder\u00e1 desfrutar de todas as vantagens do Excite Live Climb para a sua reabilita\u00e7\u00e3o e fortalecimento muscular com toda a seguran\u00e7a e efici\u00eancia.<\/p>\n<div class=\"group w-full text-gray-800 dark:text-gray-100 border-b border-black\/10 dark:border-gray-900\/50 bg-gray-50 dark:bg-&#091;#444654&#093;\">\n<div class=\"text-base gap-4 md:gap-6 md:max-w-2xl lg:max-w-2xl xl:max-w-3xl p-4 md:py-6 flex lg:px-0 m-auto\">\n<div class=\"relative flex w-&#091;calc(100%-50px)&#093; flex-col gap-1 md:gap-3 lg:w-&#091;calc(100%-115px)&#093;\">\n<div class=\"flex justify-between\">\n<div class=\"text-gray-400 flex self-end lg:self-center justify-center mt-2 gap-3 md:gap-4 lg:gap-1 lg:absolute lg:top-0 lg:translate-x-full lg:right-0 lg:mt-0 lg:pl-2 visible\"><\/div>\n<\/div>\n<\/div>\n<\/div>\n<\/div>\n<\/div>\n<\/div>\n<\/div>\n<\/div>\n<\/div>\n<\/div>\n<\/div><div class=\"fusion-title title fusion-title-6 fusion-sep-none fusion-title-text fusion-title-size-two\" style=\"--awb-margin-top-small:10px;--awb-margin-right-small:0px;--awb-margin-bottom-small:10px;--awb-margin-left-small:0px;\"><h2 class=\"fusion-title-heading title-heading-left fusion-responsive-typography-calculated\" style=\"margin:0;--fontSize:28;line-height:1.5;\">Conclus\u00e3o<\/h2><\/div><div class=\"fusion-text fusion-text-6\"><div class=\"w-full border-b border-black\/10 dark:border-gray-900\/50 text-gray-800 dark:text-gray-100 group bg-gray-50 dark:bg-&#091;#444654&#093;\">\n<div class=\"text-base gap-4 md:gap-6 m-auto md:max-w-2xl lg:max-w-2xl xl:max-w-3xl p-4 md:py-6 flex lg:px-0\">\n<div class=\"relative flex w-&#091;calc(100%-50px)&#093; flex-col gap-1 md:gap-3 lg:w-&#091;calc(100%-115px)&#093;\">\n<div class=\"flex flex-grow flex-col gap-3\">\n<div class=\"min-h-&#091;20px&#093; flex flex-col items-start gap-4 whitespace-pre-wrap\">\n<div class=\"markdown prose w-full break-words dark:prose-invert light\">\n<div class=\"group w-full text-gray-800 dark:text-gray-100 border-b border-black\/10 dark:border-gray-900\/50 bg-gray-50 dark:bg-&#091;#444654&#093;\">\n<div class=\"text-base gap-4 md:gap-6 md:max-w-2xl lg:max-w-2xl xl:max-w-3xl p-4 md:py-6 flex lg:px-0 m-auto\">\n<div class=\"relative flex w-&#091;calc(100%-50px)&#093; flex-col gap-1 md:gap-3 lg:w-&#091;calc(100%-115px)&#093;\">\n<div class=\"flex flex-grow flex-col gap-3\">\n<div class=\"min-h-&#091;20px&#093; flex flex-col items-start gap-4 whitespace-pre-wrap\">\n<div class=\"markdown prose w-full break-words dark:prose-invert light\">\n<p style=\"text-align: justify;\">A Excite Live Climb \u00e9 uma ferramenta inestim\u00e1vel para fisioterapeutas e seus pacientes, oferecendo um treino completo e vers\u00e1til para reabilita\u00e7\u00e3o e fortalecimento muscular. Gra\u00e7as ao seu design ergon\u00f3mico, fun\u00e7\u00f5es interactivas e conetividade, pode ser utilizado para monitorizar e ajustar os programas de treino de acordo com as necessidades de cada paciente.<\/p>\n<\/div>\n<\/div>\n<\/div>\n<\/div>\n<\/div>\n<\/div>\n<div class=\"group w-full text-gray-800 dark:text-gray-100 border-b border-black\/10 dark:border-gray-900\/50 dark:bg-gray-800\">\n<div class=\"text-base gap-4 md:gap-6 md:max-w-2xl lg:max-w-2xl xl:max-w-3xl p-4 md:py-6 flex lg:px-0 m-auto\">\n<div class=\"w-&#091;30px&#093; flex flex-col relative items-end\">\n<div class=\"relative flex\"><\/div>\n<\/div>\n<\/div>\n<\/div>\n<\/div>\n<\/div>\n<\/div>\n<\/div>\n<\/div>\n<\/div>\n<\/div><div class=\"fusion-clearfix\"><\/div><\/div><\/div><\/div><\/div>\n","protected":false},"excerpt":{"rendered":"","protected":false},"author":1,"featured_media":0,"parent":0,"menu_order":0,"comment_status":"closed","ping_status":"closed","template":"","meta":{"_seopress_robots_primary_cat":"","_seopress_titles_title":"","_seopress_titles_desc":"","_seopress_robots_index":"","footnotes":""},"class_list":["post-9589","page","type-page","status-publish","hentry"],"_links":{"self":[{"href":"https:\/\/pes-luxembourg.lu\/bascharage\/pt-pt\/wp-json\/wp\/v2\/pages\/9589","targetHints":{"allow":["GET"]}}],"collection":[{"href":"https:\/\/pes-luxembourg.lu\/bascharage\/pt-pt\/wp-json\/wp\/v2\/pages"}],"about":[{"href":"https:\/\/pes-luxembourg.lu\/bascharage\/pt-pt\/wp-json\/wp\/v2\/types\/page"}],"author":[{"embeddable":true,"href":"https:\/\/pes-luxembourg.lu\/bascharage\/pt-pt\/wp-json\/wp\/v2\/users\/1"}],"replies":[{"embeddable":true,"href":"https:\/\/pes-luxembourg.lu\/bascharage\/pt-pt\/wp-json\/wp\/v2\/comments?post=9589"}],"version-history":[{"count":0,"href":"https:\/\/pes-luxembourg.lu\/bascharage\/pt-pt\/wp-json\/wp\/v2\/pages\/9589\/revisions"}],"wp:attachment":[{"href":"https:\/\/pes-luxembourg.lu\/bascharage\/pt-pt\/wp-json\/wp\/v2\/media?parent=9589"}],"curies":[{"name":"wp","href":"https:\/\/api.w.org\/{rel}","templated":true}]}}