{"id":9501,"date":"2023-08-30T00:28:05","date_gmt":"2023-08-29T22:28:05","guid":{"rendered":"https:\/\/pes-luxembourg.lu\/bascharage\/terapia-manual-bascharage\/"},"modified":"2024-01-27T15:16:39","modified_gmt":"2024-01-27T14:16:39","slug":"terapia-manual-bascharage","status":"publish","type":"page","link":"https:\/\/pes-luxembourg.lu\/bascharage\/pt-pt\/terapia-manual-bascharage\/","title":{"rendered":"Terapia manual Bascharage"},"content":{"rendered":"<div class=\"fusion-fullwidth fullwidth-box fusion-builder-row-1 nonhundred-percent-fullwidth non-hundred-percent-height-scrolling\" style=\"--awb-border-radius-top-left:0px;--awb-border-radius-top-right:0px;--awb-border-radius-bottom-right:0px;--awb-border-radius-bottom-left:0px;--awb-flex-wrap:wrap;\" ><div class=\"fusion-builder-row fusion-row\"><div class=\"fusion-layout-column fusion_builder_column fusion-builder-column-0 fusion_builder_column_1_1 1_1 fusion-one-full fusion-column-first fusion-column-last\" style=\"--awb-bg-size:cover;\"><div class=\"fusion-column-wrapper fusion-column-has-shadow fusion-flex-column-wrapper-legacy\"><div class=\"fusion-title title fusion-title-1 fusion-title-center fusion-title-text fusion-title-size-one\" style=\"--awb-margin-top-small:10px;--awb-margin-right-small:0px;--awb-margin-bottom-small:10px;--awb-margin-left-small:0px;\"><div class=\"title-sep-container title-sep-container-left\"><div class=\"title-sep sep-double sep-solid\" style=\"border-color:#e0dede;\"><\/div><\/div><span class=\"awb-title-spacer\"><\/span><h1 class=\"fusion-title-heading title-heading-center fusion-responsive-typography-calculated\" style=\"margin:0;--fontSize:34;line-height:1.41;\">Terapia manual Bascharage<\/h1><span class=\"awb-title-spacer\"><\/span><div class=\"title-sep-container title-sep-container-right\"><div class=\"title-sep sep-double sep-solid\" style=\"border-color:#e0dede;\"><\/div><\/div><\/div><div class=\"fusion-image-element fusion-image-align-center in-legacy-container\" style=\"text-align:center;--awb-caption-title-font-family:var(--h2_typography-font-family);--awb-caption-title-font-weight:var(--h2_typography-font-weight);--awb-caption-title-font-style:var(--h2_typography-font-style);--awb-caption-title-size:var(--h2_typography-font-size);--awb-caption-title-transform:var(--h2_typography-text-transform);--awb-caption-title-line-height:var(--h2_typography-line-height);--awb-caption-title-letter-spacing:var(--h2_typography-letter-spacing);\"><div class=\"imageframe-align-center\"><span class=\" fusion-imageframe imageframe-none imageframe-1 hover-type-none\" style=\"border:3px solid #f6f6f6;border-radius:50%;\"><img decoding=\"async\" width=\"300\" height=\"289\" title=\"Therapie Manuelle\" src=\"https:\/\/pes-luxembourg.lu\/bascharage\/wp-content\/uploads\/sites\/2\/2019\/08\/Therapie-Manuelle-300x289.jpg\" alt class=\"img-responsive wp-image-9513\" srcset=\"https:\/\/pes-luxembourg.lu\/bascharage\/wp-content\/uploads\/sites\/2\/2019\/08\/Therapie-Manuelle-200x193.jpg 200w, https:\/\/pes-luxembourg.lu\/bascharage\/wp-content\/uploads\/sites\/2\/2019\/08\/Therapie-Manuelle-400x386.jpg 400w, https:\/\/pes-luxembourg.lu\/bascharage\/wp-content\/uploads\/sites\/2\/2019\/08\/Therapie-Manuelle-600x579.jpg 600w, https:\/\/pes-luxembourg.lu\/bascharage\/wp-content\/uploads\/sites\/2\/2019\/08\/Therapie-Manuelle.jpg 622w\" sizes=\"(max-width: 800px) 100vw, 300px\" \/><\/span><\/div><\/div><div class=\"fusion-sep-clear\"><\/div><div class=\"fusion-separator fusion-full-width-sep\" style=\"margin-left: auto;margin-right: auto;margin-top:20px;margin-bottom:20px;width:100%;\"><div class=\"fusion-separator-border sep-shadow\" style=\"--awb-height:20px;--awb-amount:20px;background:radial-gradient(ellipse at 50% -50% , #e0dede 0px, rgba(255, 255, 255, 0) 80%) repeat scroll 0 0 rgba(0, 0, 0, 0);background:-webkit-radial-gradient(ellipse at 50% -50% , #e0dede 0px, rgba(255, 255, 255, 0) 80%) repeat scroll 0 0 rgba(0, 0, 0, 0);background:-moz-radial-gradient(ellipse at 50% -50% , #e0dede 0px, rgba(255, 255, 255, 0) 80%) repeat scroll 0 0 rgba(0, 0, 0, 0);background:-o-radial-gradient(ellipse at 50% -50% , #e0dede 0px, rgba(255, 255, 255, 0) 80%) repeat scroll 0 0 rgba(0, 0, 0, 0);\"><\/div><\/div><div class=\"fusion-sep-clear\"><\/div><div class=\"fusion-text fusion-text-1\"><div class=\"flex-shrink-0 flex flex-col relative items-end\">\n<div class=\"pt-0.5\">\n<div class=\"gizmo-shadow-stroke flex h-6 w-6 items-center justify-center overflow-hidden rounded-full\">\n<div class=\"relative p-1 rounded-sm h-9 w-9 text-white flex items-center justify-center\" style=\"text-align: justify;\">A terapia manual, uma abordagem hol\u00edstica e eficaz dos cuidados de sa\u00fade, centra-se no restabelecimento e otimiza\u00e7\u00e3o da mobilidade e do equil\u00edbrio em todo o corpo humano. Esta pr\u00e1tica terap\u00eautica, que se destina a uma vasta gama de pacientes &#8211; dos atletas aos menos activos, dos jovens aos idosos &#8211; baseia-se em princ\u00edpios biomec\u00e2nicos e neurofisiol\u00f3gicos avan\u00e7ados. O seu objetivo \u00e9 identificar e tratar as causas subjacentes \u00e0 disfun\u00e7\u00e3o m\u00fasculo-esquel\u00e9tica.<\/div>\n<\/div>\n<\/div>\n<\/div>\n<div class=\"relative flex w-full flex-col lg:w-&#091;calc(100%-115px)&#093; agent-turn\">\n<div class=\"flex-col gap-1 md:gap-3\">\n<div class=\"flex flex-grow flex-col max-w-full\">\n<div class=\"min-h-&#091;20px&#093; text-message flex flex-col items-start gap-3 whitespace-pre-wrap break-words &#091;.text-message+&amp;&#093;:mt-5 overflow-x-auto\" data-message-author-role=\"assistant\" data-message-id=\"42dfb7ed-705d-4350-a064-6a610306cfb8\">\n<div class=\"markdown prose w-full break-words dark:prose-invert light\">\n<p style=\"text-align: justify;\">Na terapia manual, a import\u00e2ncia de determinar a origem exacta da les\u00e3o e de compreender os factores que a desencadeiam \u00e9 crucial. Esta abordagem utiliza uma combina\u00e7\u00e3o de mobiliza\u00e7\u00f5es espec\u00edficas e de t\u00e9cnicas miotensivas para tratar eficazmente os casos em que uma patologia conduziu a uma perda ou restri\u00e7\u00e3o da mobilidade. Estas t\u00e9cnicas espec\u00edficas n\u00e3o s\u00f3 &#8220;desbloqueiam&#8221; as \u00e1reas afectadas, como tamb\u00e9m melhoram significativamente a amplitude de movimentos e a fun\u00e7\u00e3o geral do corpo.<\/p>\n<p style=\"text-align: justify;\">Para al\u00e9m das suas capacidades terap\u00eauticas, a terapia manual desempenha um papel preventivo fundamental, ajudando a manter a mobilidade e a evitar o aparecimento de novas les\u00f5es ou disfun\u00e7\u00f5es. Este m\u00e9todo de tratamento manual \u00e9 a solu\u00e7\u00e3o de elei\u00e7\u00e3o para quem procura uma abordagem n\u00e3o invasiva e personalizada para gerir e melhorar a sua sa\u00fade m\u00fasculo-esquel\u00e9tica.<\/p>\n<\/div>\n<\/div>\n<\/div>\n<\/div>\n<\/div>\n<p style=\"text-align: justify;\"><strong>A terapia manual baseia-se em :<\/strong><\/p>\n<ul style=\"text-align: justify;\">\n<li>Compreender a dor do doente<\/li>\n<li>An\u00e1lise dos diferentes par\u00e2metros das algas<\/li>\n<li>Encontrar a origem dos sintomas atrav\u00e9s das diferentes estruturas do corpo: parietal &#8211; visceral &#8211; craniosacral.<\/li>\n<\/ul>\n<p style=\"text-align: justify;\"><strong>As diferentes t\u00e9cnicas utilizadas na terapia manual s\u00e3o as seguintes<\/strong><\/p>\n<ul style=\"text-align: justify;\">\n<li>M\u00e9todo Cyriax<\/li>\n<li>Cinesiologia postural<\/li>\n<li>Engate miofascial<\/li>\n<li>Posturologia<\/li>\n<li>Inibi\u00e7\u00f5es musculares<\/li>\n<li>T\u00e9cnicas directas utilizando impulsos HVBA<\/li>\n<li>Tratamento cl\u00ednico das les\u00f5es ortop\u00e9dicas e discais<\/li>\n<\/ul>\n<p style=\"text-align: justify;\"><strong>Os princ\u00edpios orientadores da terapia manual s\u00e3o os seguintes:<\/strong><\/p>\n<ul style=\"text-align: justify;\">\n<li>As les\u00f5es prim\u00e1rias e secund\u00e1rias e o seu aparecimento<\/li>\n<li>Causa da dor e da les\u00e3o<\/li>\n<li>Mecanismos de les\u00e3o &#8211; biomec\u00e2nicos e extr\u00ednsecos<\/li>\n<li>Testes e\/ou diagn\u00f3sticos: testes palpat\u00f3rios, funcionais e din\u00e2micos, de reflexos e de tecidos<\/li>\n<li>Estudo das cadeias ascendentes ou descendentes<\/li>\n<\/ul>\n<p style=\"text-align: justify;\">Para um desportista que tenha sofrido uma les\u00e3o ou um ferimento de qualquer tipo, o objetivo final da terapia manual \u00e9 um regresso r\u00e1pido \u00e0 competi\u00e7\u00e3o ap\u00f3s o tratamento da les\u00e3o no seu todo, evitando, na medida do poss\u00edvel, o risco de recorr\u00eancia.<\/p>\n<p style=\"text-align: justify;\">Para os n\u00e3o atletas, o principal objetivo do tratamento \u00e9 aliviar a dor sentida e descrita pelo paciente e restaurar a mobilidade ideal na vida quotidiana.<\/p>\n<\/div><div class=\"fusion-clearfix\"><\/div><\/div><\/div><\/div><\/div>\n","protected":false},"excerpt":{"rendered":"","protected":false},"author":1,"featured_media":0,"parent":0,"menu_order":0,"comment_status":"closed","ping_status":"closed","template":"","meta":{"_seopress_robots_primary_cat":"","_seopress_titles_title":"","_seopress_titles_desc":"","_seopress_robots_index":"","footnotes":""},"class_list":["post-9501","page","type-page","status-publish","hentry"],"_links":{"self":[{"href":"https:\/\/pes-luxembourg.lu\/bascharage\/pt-pt\/wp-json\/wp\/v2\/pages\/9501","targetHints":{"allow":["GET"]}}],"collection":[{"href":"https:\/\/pes-luxembourg.lu\/bascharage\/pt-pt\/wp-json\/wp\/v2\/pages"}],"about":[{"href":"https:\/\/pes-luxembourg.lu\/bascharage\/pt-pt\/wp-json\/wp\/v2\/types\/page"}],"author":[{"embeddable":true,"href":"https:\/\/pes-luxembourg.lu\/bascharage\/pt-pt\/wp-json\/wp\/v2\/users\/1"}],"replies":[{"embeddable":true,"href":"https:\/\/pes-luxembourg.lu\/bascharage\/pt-pt\/wp-json\/wp\/v2\/comments?post=9501"}],"version-history":[{"count":0,"href":"https:\/\/pes-luxembourg.lu\/bascharage\/pt-pt\/wp-json\/wp\/v2\/pages\/9501\/revisions"}],"wp:attachment":[{"href":"https:\/\/pes-luxembourg.lu\/bascharage\/pt-pt\/wp-json\/wp\/v2\/media?parent=9501"}],"curies":[{"name":"wp","href":"https:\/\/api.w.org\/{rel}","templated":true}]}}