{"id":9320,"date":"2023-08-30T00:27:38","date_gmt":"2023-08-29T22:27:38","guid":{"rendered":"https:\/\/pes-luxembourg.lu\/bascharage\/osteopatia-ao-domicilio\/"},"modified":"2024-01-26T20:10:40","modified_gmt":"2024-01-26T19:10:40","slug":"osteopatia-ao-domicilio","status":"publish","type":"page","link":"https:\/\/pes-luxembourg.lu\/bascharage\/pt-pt\/osteopatia-ao-domicilio\/","title":{"rendered":"Osteopatia ao domic\u00edlio"},"content":{"rendered":"<div class=\"fusion-fullwidth fullwidth-box fusion-builder-row-1 fusion-flex-container has-pattern-background has-mask-background nonhundred-percent-fullwidth non-hundred-percent-height-scrolling\" style=\"--awb-border-radius-top-left:0px;--awb-border-radius-top-right:0px;--awb-border-radius-bottom-right:0px;--awb-border-radius-bottom-left:0px;--awb-flex-wrap:wrap;\" ><div class=\"fusion-builder-row fusion-row fusion-flex-align-items-flex-start fusion-flex-content-wrap\" style=\"max-width:1144px;margin-left: calc(-4% \/ 2 );margin-right: calc(-4% \/ 2 );\"><div class=\"fusion-layout-column fusion_builder_column fusion-builder-column-0 fusion_builder_column_1_1 1_1 fusion-flex-column\" style=\"--awb-bg-size:cover;--awb-width-large:100%;--awb-margin-top-large:0px;--awb-spacing-right-large:1.92%;--awb-margin-bottom-large:0px;--awb-spacing-left-large:1.92%;--awb-width-medium:100%;--awb-order-medium:0;--awb-spacing-right-medium:1.92%;--awb-spacing-left-medium:1.92%;--awb-width-small:100%;--awb-order-small:0;--awb-spacing-right-small:1.92%;--awb-spacing-left-small:1.92%;\"><div class=\"fusion-column-wrapper fusion-column-has-shadow fusion-flex-justify-content-flex-start fusion-content-layout-column\"><div class=\"fusion-title title fusion-title-1 fusion-title-center fusion-title-text fusion-title-size-one\" style=\"--awb-margin-top-small:10px;--awb-margin-right-small:0px;--awb-margin-bottom-small:10px;--awb-margin-left-small:0px;\"><div class=\"title-sep-container title-sep-container-left\"><div class=\"title-sep sep-double sep-solid\" style=\"border-color:#e0dede;\"><\/div><\/div><span class=\"awb-title-spacer\"><\/span><h1 class=\"fusion-title-heading title-heading-center fusion-responsive-typography-calculated\" style=\"margin:0;--fontSize:34;line-height:1.41;\">Osteopatia ao domic\u00edlio<\/h1><span class=\"awb-title-spacer\"><\/span><div class=\"title-sep-container title-sep-container-right\"><div class=\"title-sep sep-double sep-solid\" style=\"border-color:#e0dede;\"><\/div><\/div><\/div><div class=\"fusion-text fusion-text-1\" style=\"--awb-content-alignment:justify;\"><div class=\"flex-shrink-0 flex flex-col relative items-end\">\n<div class=\"pt-0.5\">\n<div class=\"gizmo-shadow-stroke flex h-6 w-6 items-center justify-center overflow-hidden rounded-full\">\n<div class=\"relative p-1 rounded-sm h-9 w-9 text-white flex items-center justify-center\" style=\"text-align: justify;\">No P\u00f4le \u00c9quilibre &amp; Sant\u00e9 de Bascharage, comprometemo-nos a oferecer um servi\u00e7o de osteopatia ao domic\u00edlio que alia compet\u00eancia e conforto. Sabendo que as desloca\u00e7\u00f5es para uma sess\u00e3o de osteopatia podem ser dif\u00edceis, nomeadamente em caso de recupera\u00e7\u00e3o ou de mobilidade reduzida, decidimos propor-lhe o nosso novo servi\u00e7o de osteopatia ao domic\u00edlio: <a href=\"https:\/\/mon-osteo.lu\">Mon Ost\u00e9o<\/a>.<\/div>\n<\/div>\n<\/div>\n<\/div>\n<div class=\"relative flex w-full flex-col lg:w-&#091;calc(100%-115px)&#093; agent-turn\">\n<div class=\"flex-col gap-1 md:gap-3\">\n<div class=\"flex flex-grow flex-col max-w-full\">\n<div class=\"min-h-&#091;20px&#093; text-message flex flex-col items-start gap-3 whitespace-pre-wrap break-words &#091;.text-message+&amp;&#093;:mt-5 overflow-x-auto\" data-message-author-role=\"assistant\" data-message-id=\"692d9359-5765-4a94-8d2d-7b7d635a0496\">\n<div class=\"markdown prose w-full break-words dark:prose-invert dark\">\n<p style=\"text-align: justify;\">A nossa equipa de osteopatas qualificados e apaixonados dedica-se a trabalhar consigo para desenvolver um plano de tratamento personalizado, dirigido a uma vasta gama de pacientes e \u00e0s suas necessidades espec\u00edficas. Estamos aqui para apoiar beb\u00e9s, crian\u00e7as, adultos, atletas, mulheres gr\u00e1vidas e idosos. Quer se trate de cuidados osteop\u00e1ticos para mulheres gr\u00e1vidas durante e ap\u00f3s a gravidez, do tratamento de perturba\u00e7\u00f5es m\u00fasculo-esquel\u00e9ticas em desportistas ou do tratamento de doen\u00e7as neurol\u00f3gicas como a doen\u00e7a de Parkinson ou as sequelas de um acidente vascular cerebral, a nossa abordagem \u00e9 adaptada a cada paciente. O nosso objetivo \u00e9 proporcionar al\u00edvio e melhorar a qualidade de vida de todas as pessoas, independentemente da sua idade ou condi\u00e7\u00e3o.<\/p>\n<p style=\"text-align: justify;\">Com Mon Ost\u00e9o, beneficia n\u00e3o s\u00f3 da nossa experi\u00eancia, mas tamb\u00e9m da comodidade de receber cuidados osteop\u00e1ticos na sua pr\u00f3pria casa, num ambiente familiar e seguro. Isto significa que pode reduzir o stress da viagem e concentrar-se totalmente na sua recupera\u00e7\u00e3o.<\/p>\n<p style=\"text-align: justify;\">Oferecemos uma vasta gama de servi\u00e7os de osteopatia ao domic\u00edlio, incluindo manipula\u00e7\u00e3o suave, t\u00e9cnicas de al\u00edvio da dor, conselhos para melhorar a postura e a mobilidade, e muito mais. O nosso objetivo na Mon Ost\u00e9o \u00e9 ajud\u00e1-lo a atingir os seus objectivos de sa\u00fade e bem-estar.<\/p>\n<p style=\"text-align: justify;\">N\u00e3o espere mais, d\u00ea o primeiro passo para o seu bem-estar com a Mon Ost\u00e9o. Contacte-nos hoje para saber mais sobre o nosso servi\u00e7o de osteopatia ao domic\u00edlio e como podemos ajud\u00e1-lo a recuperar a sua vitalidade.<\/p>\n<\/div>\n<\/div>\n<\/div>\n<\/div>\n<\/div>\n<\/div><div class=\"fusion-image-element \" style=\"text-align:center;--awb-margin-top:2%;--awb-margin-bottom:2%;--awb-caption-margin-top:5%;--awb-caption-margin-right:5%;--awb-caption-margin-bottom:5%;--awb-caption-margin-left:5%;--awb-caption-title-font-family:var(--h2_typography-font-family);--awb-caption-title-font-weight:var(--h2_typography-font-weight);--awb-caption-title-font-style:var(--h2_typography-font-style);--awb-caption-title-size:var(--h2_typography-font-size);--awb-caption-title-transform:var(--h2_typography-text-transform);--awb-caption-title-line-height:var(--h2_typography-line-height);--awb-caption-title-letter-spacing:var(--h2_typography-letter-spacing);\"><span class=\" fusion-imageframe imageframe-none imageframe-1 hover-type-none\" style=\"border-radius:20px;\"><a class=\"fusion-no-lightbox\" href=\"https:\/\/mon-osteo.lu\" target=\"_self\" aria-label=\"Logo Mon Ost\u00e9o\"><img decoding=\"async\" width=\"600\" height=\"246\" src=\"https:\/\/pes-luxembourg.lu\/bascharage\/wp-content\/uploads\/sites\/2\/2024\/01\/Logo-Mon-Osteo-600x246.png\" alt class=\"img-responsive wp-image-12588\" srcset=\"https:\/\/pes-luxembourg.lu\/bascharage\/wp-content\/uploads\/sites\/2\/2024\/01\/Logo-Mon-Osteo-200x82.png 200w, https:\/\/pes-luxembourg.lu\/bascharage\/wp-content\/uploads\/sites\/2\/2024\/01\/Logo-Mon-Osteo-400x164.png 400w, https:\/\/pes-luxembourg.lu\/bascharage\/wp-content\/uploads\/sites\/2\/2024\/01\/Logo-Mon-Osteo-600x246.png 600w, https:\/\/pes-luxembourg.lu\/bascharage\/wp-content\/uploads\/sites\/2\/2024\/01\/Logo-Mon-Osteo-800x328.png 800w, https:\/\/pes-luxembourg.lu\/bascharage\/wp-content\/uploads\/sites\/2\/2024\/01\/Logo-Mon-Osteo-1200x492.png 1200w\" sizes=\"(max-width: 1024px) 100vw, (max-width: 640px) 100vw, 1200px\" \/><\/a><\/span><\/div><div style=\"text-align:center;\"><a class=\"fusion-button button-flat button-xlarge button-custom fusion-button-default button-1 fusion-button-default-span fusion-button-default-type fusion-has-button-gradient\" style=\"--button_accent_color:#ffffff;--button_accent_hover_color:#ffffff;--button_border_hover_color:#ffffff;--button_gradient_top_color:#9499cc;--button_gradient_bottom_color:#5e6185;--button_gradient_top_color_hover:#4cb6ef;--button_gradient_bottom_color_hover:#82c9f0;\" target=\"_blank\" rel=\"noopener noreferrer\" href=\"https:\/\/mon-osteo.lu\"><span class=\"fusion-button-text awb-button__text awb-button__text--default fusion-button-text-right\">Visite o nosso s\u00edtio Web&#8230;<\/span><span class=\"fusion-button-icon-divider button-icon-divider-right\"><i class=\"fa-mouse-pointer fas awb-button__icon awb-button__icon--default\" aria-hidden=\"true\"><\/i><\/span><\/a><\/div><\/div><\/div><\/div><\/div>\n","protected":false},"excerpt":{"rendered":"","protected":false},"author":1,"featured_media":0,"parent":0,"menu_order":0,"comment_status":"closed","ping_status":"closed","template":"","meta":{"_seopress_robots_primary_cat":"","_seopress_titles_title":"","_seopress_titles_desc":"","_seopress_robots_index":"","footnotes":""},"class_list":["post-9320","page","type-page","status-publish","hentry"],"_links":{"self":[{"href":"https:\/\/pes-luxembourg.lu\/bascharage\/pt-pt\/wp-json\/wp\/v2\/pages\/9320","targetHints":{"allow":["GET"]}}],"collection":[{"href":"https:\/\/pes-luxembourg.lu\/bascharage\/pt-pt\/wp-json\/wp\/v2\/pages"}],"about":[{"href":"https:\/\/pes-luxembourg.lu\/bascharage\/pt-pt\/wp-json\/wp\/v2\/types\/page"}],"author":[{"embeddable":true,"href":"https:\/\/pes-luxembourg.lu\/bascharage\/pt-pt\/wp-json\/wp\/v2\/users\/1"}],"replies":[{"embeddable":true,"href":"https:\/\/pes-luxembourg.lu\/bascharage\/pt-pt\/wp-json\/wp\/v2\/comments?post=9320"}],"version-history":[{"count":0,"href":"https:\/\/pes-luxembourg.lu\/bascharage\/pt-pt\/wp-json\/wp\/v2\/pages\/9320\/revisions"}],"wp:attachment":[{"href":"https:\/\/pes-luxembourg.lu\/bascharage\/pt-pt\/wp-json\/wp\/v2\/media?parent=9320"}],"curies":[{"name":"wp","href":"https:\/\/api.w.org\/{rel}","templated":true}]}}