{"id":8965,"date":"2023-08-30T00:13:32","date_gmt":"2023-08-29T22:13:32","guid":{"rendered":"https:\/\/pes-luxembourg.lu\/bascharage\/ultrasonoterapia-bascharage\/"},"modified":"2024-01-27T15:03:25","modified_gmt":"2024-01-27T14:03:25","slug":"ultrasonoterapia-bascharage","status":"publish","type":"page","link":"https:\/\/pes-luxembourg.lu\/bascharage\/pt-pt\/ultrasonoterapia-bascharage\/","title":{"rendered":"Ultrasonoterapia Bascharage"},"content":{"rendered":"<div class=\"fusion-fullwidth fullwidth-box fusion-builder-row-1 nonhundred-percent-fullwidth non-hundred-percent-height-scrolling\" style=\"--awb-border-radius-top-left:0px;--awb-border-radius-top-right:0px;--awb-border-radius-bottom-right:0px;--awb-border-radius-bottom-left:0px;--awb-padding-top:20px;--awb-padding-bottom:20px;--awb-flex-wrap:wrap;\" ><div class=\"fusion-builder-row fusion-row\"><div class=\"fusion-layout-column fusion_builder_column fusion-builder-column-0 fusion_builder_column_1_1 1_1 fusion-one-full fusion-column-first fusion-column-last\" style=\"--awb-bg-size:cover;\"><div class=\"fusion-column-wrapper fusion-column-has-shadow fusion-flex-column-wrapper-legacy\"><div class=\"fusion-title title fusion-title-1 fusion-title-center fusion-title-text fusion-title-size-one\" style=\"--awb-margin-top-small:10px;--awb-margin-right-small:0px;--awb-margin-bottom-small:10px;--awb-margin-left-small:0px;\"><div class=\"title-sep-container title-sep-container-left\"><div class=\"title-sep sep-double sep-solid\" style=\"border-color:#e0dede;\"><\/div><\/div><span class=\"awb-title-spacer\"><\/span><h1 class=\"fusion-title-heading title-heading-center fusion-responsive-typography-calculated\" style=\"margin:0;--fontSize:34;line-height:1.41;\">Ultrassonoterapia<\/h1><span class=\"awb-title-spacer\"><\/span><div class=\"title-sep-container title-sep-container-right\"><div class=\"title-sep sep-double sep-solid\" style=\"border-color:#e0dede;\"><\/div><\/div><\/div><div class=\"fusion-image-element fusion-image-align-center in-legacy-container\" style=\"text-align:center;--awb-bottom-shadow-color:rgba(0,0,0,0.4);--awb-caption-title-font-family:var(--h2_typography-font-family);--awb-caption-title-font-weight:var(--h2_typography-font-weight);--awb-caption-title-font-style:var(--h2_typography-font-style);--awb-caption-title-size:var(--h2_typography-font-size);--awb-caption-title-transform:var(--h2_typography-text-transform);--awb-caption-title-line-height:var(--h2_typography-line-height);--awb-caption-title-letter-spacing:var(--h2_typography-letter-spacing);\"><div class=\"imageframe-align-center\"><div class=\"awb-image-frame awb-image-frame-1 awb-bottomshadow\"><span class=\" fusion-imageframe imageframe-bottomshadow imageframe-1 hover-type-none\" style=\"border:2px solid #f6f6f6;\"><img decoding=\"async\" width=\"4000\" height=\"1333\" title=\"Ultrasonoth\u00e9rapie\" src=\"https:\/\/pes-luxembourg.lu\/bascharage\/wp-content\/uploads\/sites\/2\/2022\/10\/Ultrasonotherapie.jpg\" alt class=\"img-responsive wp-image-8980\" srcset=\"https:\/\/pes-luxembourg.lu\/bascharage\/wp-content\/uploads\/sites\/2\/2022\/10\/Ultrasonotherapie-200x67.jpg 200w, https:\/\/pes-luxembourg.lu\/bascharage\/wp-content\/uploads\/sites\/2\/2022\/10\/Ultrasonotherapie-400x133.jpg 400w, https:\/\/pes-luxembourg.lu\/bascharage\/wp-content\/uploads\/sites\/2\/2022\/10\/Ultrasonotherapie-600x200.jpg 600w, https:\/\/pes-luxembourg.lu\/bascharage\/wp-content\/uploads\/sites\/2\/2022\/10\/Ultrasonotherapie-800x267.jpg 800w, https:\/\/pes-luxembourg.lu\/bascharage\/wp-content\/uploads\/sites\/2\/2022\/10\/Ultrasonotherapie-1200x400.jpg 1200w, https:\/\/pes-luxembourg.lu\/bascharage\/wp-content\/uploads\/sites\/2\/2022\/10\/Ultrasonotherapie.jpg 4000w\" sizes=\"(max-width: 800px) 100vw, 1200px\" \/><\/span><svg xmlns=\"http:\/\/www.w3.org\/2000\/svg\" version=\"1.1\" width=\"100%\" viewBox=\"0 0 600 28\" preserveAspectRatio=\"none\"><g clip-path=\"url(#a)\"><mask id=\"b\" style=\"mask-type:luminance\" maskUnits=\"userSpaceOnUse\" x=\"0\" y=\"0\" width=\"600\" height=\"28\"><path d=\"M0 0h600v28H0V0Z\" fill=\"#fff\"\/><\/mask><g filter=\"url(#c)\" mask=\"url(#b)\"><path d=\"M16.439-18.667h567.123v30.8S438.961-8.4 300-8.4C161.04-8.4 16.438 12.133 16.438 12.133v-30.8Z\" fill=\"#000\"\/><\/g><\/g><defs><clipPath id=\"a\"><path fill=\"#fff\" d=\"M0 0h600v28H0z\"\/><\/clipPath><filter id=\"c\" x=\"5.438\" y=\"-29.667\" width=\"589.123\" height=\"52.8\" filterUnits=\"userSpaceOnUse\" color-interpolation-filters=\"sRGB\"><feFlood flood-opacity=\"0\" result=\"BackgroundImageFix\"\/><feBlend in=\"SourceGraphic\" in2=\"BackgroundImageFix\" result=\"shape\"\/><feGaussianBlur stdDeviation=\"5.5\" result=\"effect1_foregroundBlur_3983_183\"\/><\/filter><\/defs><\/svg><\/div><\/div><\/div><div class=\"fusion-sep-clear\"><\/div><div class=\"fusion-separator fusion-full-width-sep\" style=\"margin-left: auto;margin-right: auto;margin-top:20px;margin-bottom:20px;width:100%;\"><div class=\"fusion-separator-border sep-shadow\" style=\"--awb-height:20px;--awb-amount:20px;background:radial-gradient(ellipse at 50% -50% , #e0dede 0px, rgba(255, 255, 255, 0) 80%) repeat scroll 0 0 rgba(0, 0, 0, 0);background:-webkit-radial-gradient(ellipse at 50% -50% , #e0dede 0px, rgba(255, 255, 255, 0) 80%) repeat scroll 0 0 rgba(0, 0, 0, 0);background:-moz-radial-gradient(ellipse at 50% -50% , #e0dede 0px, rgba(255, 255, 255, 0) 80%) repeat scroll 0 0 rgba(0, 0, 0, 0);background:-o-radial-gradient(ellipse at 50% -50% , #e0dede 0px, rgba(255, 255, 255, 0) 80%) repeat scroll 0 0 rgba(0, 0, 0, 0);\"><\/div><\/div><div class=\"fusion-sep-clear\"><\/div><div class=\"fusion-text fusion-text-1\"><div class=\" vc_custom_1519305554815\">\n<div id=\"text-block-7\" class=\"mk-text-block \">\n<div class=\"colorBlock colorBlock--color--1\">\n<p style=\"text-align: justify;\">A utiliza\u00e7\u00e3o de <strong>ultra-sons<\/strong> para fins terap\u00eauticos \u00e9 uma das t\u00e9cnicas mais difundidas e antigas da <strong>fisioterapia<\/strong>. A terapia por ultra-sons baseia-se num princ\u00edpio simples: a estimula\u00e7\u00e3o profunda dos tecidos atrav\u00e9s de vibra\u00e7\u00f5es sonoras (n\u00e3o percept\u00edveis ao ouvido humano) e a sua a\u00e7\u00e3o relaxante, analg\u00e9sica, anti-inflamat\u00f3ria e desfibrosante. <strong>A terapia por ultra-sons <\/strong>\u00e9 indolor e eficaz em condi\u00e7\u00f5es t\u00e3o diversas como entorses, tendinites, distens\u00f5es e hematomas. Entre os muitos dispositivos dispon\u00edveis no mercado, o BTL 4000 Premium destaca-se pelo seu desempenho e efici\u00eancia. Neste artigo, oferecemos-lhe um guia completo e detalhado sobre a terapia por ultra-sons e o aparelho BTL 4000 Premium, para o ajudar a compreender melhor o seu funcionamento e as suas vantagens.<\/p>\n<\/div>\n<\/div>\n<\/div>\n<\/div><div class=\"fusion-title title fusion-title-2 fusion-sep-none fusion-title-text fusion-title-size-two\" style=\"--awb-margin-top-small:10px;--awb-margin-right-small:0px;--awb-margin-bottom-small:10px;--awb-margin-left-small:0px;\"><h2 class=\"fusion-title-heading title-heading-left fusion-responsive-typography-calculated\" style=\"margin:0;--fontSize:28;line-height:1.5;\"><p id=\"fancy-title-9\" class=\"mk-fancy-title simple-style color-single \">Efeitos da ultra-sonoterapia<\/p><\/h2><\/div><div class=\"fusion-text fusion-text-2\"><ul>\n<li><strong>A\u00e7\u00e3o desfibrosante<\/strong>: \u00e9 a a\u00e7\u00e3o mec\u00e2nica da aplica\u00e7\u00e3o dos ultra-sons, que tem um efeito destrutivo iniciado pela liberta\u00e7\u00e3o de bolhas de g\u00e1s nos tecidos (fen\u00f3meno de cavita\u00e7\u00e3o). Este efeito sobre a estrutura do colag\u00e9nio torna-a mais flex\u00edvel e favorece a organiza\u00e7\u00e3o espacial, segundo um eixo longitudinal, da reconstru\u00e7\u00e3o da estrutura do tend\u00e3o.<\/li>\n<li><strong>A\u00e7\u00e3o analg\u00e9sica<\/strong>: a condu\u00e7\u00e3o nervosa pode ser abrandada ou mesmo temporariamente interrompida. Este facto pode ser explicado pela despolariza\u00e7\u00e3o das fibras nervosas aferentes devido ao efeito t\u00e9rmico. A termoterapia por ultra-sons atinge as estruturas mais profundas.<\/li>\n<li><strong>A\u00e7\u00e3o anti-inflamat\u00f3ria<\/strong>: o aumento do calor na zona tratada \u00e9 acompanhado por um aumento do metabolismo a n\u00edvel celular (vasculariza\u00e7\u00e3o\/vasodilata\u00e7\u00e3o: oxigena\u00e7\u00e3o e metabolitos circulantes, aumento da permeabilidade das membranas).<\/li>\n<\/ul>\n<p>Geralmente, os geradores de ultra-sons utilizados em fisioterapia funcionam com frequ\u00eancias de 1 MHz para tratamentos em profundidade, e de <span class=\"nowrap\"><span title=\"3,333 333 333 333 333 3E-7 s ou 18 849 555,921 539 rad-s-\u00b9\">3<\/span> <span title=\"megahertz\">MHz<\/span><\/span> para tratamentos superficiais. Para ser eficaz, o dispositivo deve ser potente, ou seja, oferecer uma intensidade de pelo menos 3 <sup>W\/cm2<\/sup> em modo pulsado e de pelo menos 2 <sup>W\/cm2<\/sup> em modo cont\u00ednuo. Todos os nossos equipamentos podem trabalhar com estas frequ\u00eancias e intensidades.<\/p>\n<\/div><div class=\"fusion-title title fusion-title-3 fusion-sep-none fusion-title-text fusion-title-size-two\" style=\"--awb-margin-top-small:10px;--awb-margin-right-small:0px;--awb-margin-bottom-small:10px;--awb-margin-left-small:0px;\"><h2 class=\"fusion-title-heading title-heading-left fusion-responsive-typography-calculated\" style=\"margin:0;--fontSize:28;line-height:1.5;\"><p id=\"fancy-title-9\" class=\"mk-fancy-title simple-style color-single \">Indica\u00e7\u00f5es para a terapia por ultra-sons<\/p><\/h2><\/div><div class=\"fusion-text fusion-text-3\"><ul>\n<li><strong>Tendinite<\/strong> (e, de um modo mais geral, todas as tendinopatias);<\/li>\n<li>L\u00e1grimas, distens\u00f5es, distens\u00f5es (e qualquer outra les\u00e3o muscular);<\/li>\n<li>Bursite ;<\/li>\n<li>Problemas de ader\u00eancia nas cicatrizes ap\u00f3s um acidente ou uma opera\u00e7\u00e3o;<\/li>\n<li>S\u00edndrome de Dupuytren ou doen\u00e7a de Raynaud;<\/li>\n<li>Entorses ;<\/li>\n<li>Hematomas ;<\/li>\n<li><strong>Dor<\/strong> (dor nas cartilagens, nos m\u00fasculos, nas articula\u00e7\u00f5es ou nas inser\u00e7\u00f5es);<\/li>\n<li>Entesopatia.<\/li>\n<\/ul>\n<\/div><div class=\"fusion-title title fusion-title-4 fusion-sep-none fusion-title-text fusion-title-size-two\" style=\"--awb-margin-top-small:10px;--awb-margin-right-small:0px;--awb-margin-bottom-small:10px;--awb-margin-left-small:0px;\"><h2 class=\"fusion-title-heading title-heading-left fusion-responsive-typography-calculated\" style=\"margin:0;--fontSize:28;line-height:1.5;\"><p id=\"fancy-title-9\" class=\"mk-fancy-title simple-style color-single \">O BTL 4000 Premium<\/p><\/h2><\/div><div class=\"fusion-text fusion-text-4\"><p style=\"text-align: justify;\">O BTL 4000 Premium \u00e9 um dispositivo de terapia por ultra-sons de alta qualidade, concebido para proporcionar um desempenho \u00f3timo no tratamento de condi\u00e7\u00f5es m\u00fasculo-esquel\u00e9ticas. Este dispositivo foi especialmente concebido para profissionais de fisioterapia e oferece uma variedade de fun\u00e7\u00f5es avan\u00e7adas, tais como:<\/p>\n<ul>\n<li style=\"text-align: justify;\">Ecr\u00e3 t\u00e1til a cores: O BTL 4000 Premium est\u00e1 equipado com um ecr\u00e3 t\u00e1til a cores intuitivo, tornando-o r\u00e1pido e f\u00e1cil de utilizar.<\/li>\n<li style=\"text-align: justify;\">Modos de tratamento: Oferece v\u00e1rios modos de tratamento, tais como cont\u00ednuo, pulsado e combinado, para se adaptar a uma variedade de condi\u00e7\u00f5es.<\/li>\n<li style=\"text-align: justify;\">Pot\u00eancia ajust\u00e1vel: A pot\u00eancia do dispositivo pode ser ajustada de acordo com as necessidades espec\u00edficas de cada paciente, assegurando um tratamento personalizado.<\/li>\n<li style=\"text-align: justify;\">Funcionamento silencioso: O BTL 4000 Premium funciona silenciosamente, proporcionando um ambiente de tratamento calmo e confort\u00e1vel.<\/li>\n<\/ul>\n<\/div><div class=\"fusion-clearfix\"><\/div><\/div><\/div><\/div><\/div>\n","protected":false},"excerpt":{"rendered":"","protected":false},"author":1,"featured_media":0,"parent":0,"menu_order":0,"comment_status":"closed","ping_status":"closed","template":"","meta":{"_seopress_robots_primary_cat":"","_seopress_titles_title":"","_seopress_titles_desc":"","_seopress_robots_index":"","footnotes":""},"class_list":["post-8965","page","type-page","status-publish","hentry"],"_links":{"self":[{"href":"https:\/\/pes-luxembourg.lu\/bascharage\/pt-pt\/wp-json\/wp\/v2\/pages\/8965","targetHints":{"allow":["GET"]}}],"collection":[{"href":"https:\/\/pes-luxembourg.lu\/bascharage\/pt-pt\/wp-json\/wp\/v2\/pages"}],"about":[{"href":"https:\/\/pes-luxembourg.lu\/bascharage\/pt-pt\/wp-json\/wp\/v2\/types\/page"}],"author":[{"embeddable":true,"href":"https:\/\/pes-luxembourg.lu\/bascharage\/pt-pt\/wp-json\/wp\/v2\/users\/1"}],"replies":[{"embeddable":true,"href":"https:\/\/pes-luxembourg.lu\/bascharage\/pt-pt\/wp-json\/wp\/v2\/comments?post=8965"}],"version-history":[{"count":0,"href":"https:\/\/pes-luxembourg.lu\/bascharage\/pt-pt\/wp-json\/wp\/v2\/pages\/8965\/revisions"}],"wp:attachment":[{"href":"https:\/\/pes-luxembourg.lu\/bascharage\/pt-pt\/wp-json\/wp\/v2\/media?parent=8965"}],"curies":[{"name":"wp","href":"https:\/\/api.w.org\/{rel}","templated":true}]}}