{"id":1640,"date":"2019-10-31T00:40:17","date_gmt":"2019-10-30T23:40:17","guid":{"rendered":"https:\/\/pes-luxembourg.lu\/bascharage\/?page_id=1640"},"modified":"2024-01-24T15:52:16","modified_gmt":"2024-01-24T14:52:16","slug":"fisioterapeuta-bascharage-julien-kune","status":"publish","type":"page","link":"https:\/\/pes-luxembourg.lu\/bascharage\/pt-pt\/fisioterapeuta-bascharage-julien-kune\/","title":{"rendered":"Fisioterapeuta Bascharage Julien Kune"},"content":{"rendered":"<div class=\"fusion-fullwidth fullwidth-box fusion-builder-row-1 nonhundred-percent-fullwidth non-hundred-percent-height-scrolling\" style=\"--awb-border-radius-top-left:0px;--awb-border-radius-top-right:0px;--awb-border-radius-bottom-right:0px;--awb-border-radius-bottom-left:0px;--awb-flex-wrap:wrap;\" ><div class=\"fusion-builder-row fusion-row\"><div class=\"fusion-layout-column fusion_builder_column fusion-builder-column-0 fusion_builder_column_1_1 1_1 fusion-one-full fusion-column-first fusion-column-last\" style=\"--awb-bg-size:cover;\"><div class=\"fusion-column-wrapper fusion-flex-column-wrapper-legacy\"><div class=\"fusion-title title fusion-title-1 fusion-title-center fusion-title-text fusion-title-size-one\" style=\"--awb-margin-top-small:10px;--awb-margin-right-small:0px;--awb-margin-bottom-small:10px;--awb-margin-left-small:0px;\"><div class=\"title-sep-container title-sep-container-left\"><div class=\"title-sep sep-double sep-solid\" style=\"border-color:#e0dede;\"><\/div><\/div><span class=\"awb-title-spacer\"><\/span><h1 class=\"fusion-title-heading title-heading-center fusion-responsive-typography-calculated\" style=\"margin:0;--fontSize:34;line-height:1.41;\">Fisioterapeuta Bascharage Julien Kune<\/h1><span class=\"awb-title-spacer\"><\/span><div class=\"title-sep-container title-sep-container-right\"><div class=\"title-sep sep-double sep-solid\" style=\"border-color:#e0dede;\"><\/div><\/div><\/div><div class=\"fusion-clearfix\"><\/div><\/div><\/div><div class=\"fusion-layout-column fusion_builder_column fusion-builder-column-1 fusion_builder_column_1_1 1_1 fusion-one-full fusion-column-first fusion-column-last\" style=\"--awb-bg-size:cover;\"><div class=\"fusion-column-wrapper fusion-flex-column-wrapper-legacy\"><div class=\"fusion-person person fusion-person-left fusion-person-1 fusion-person-icon-top\" style=\"--awb-pic-style-color:#000000;--awb-pic-borderradius:20px;--awb-margin-top:0px;--awb-margin-right:0px;--awb-margin-bottom:0px;--awb-margin-left:0px;--awb-social-box-border-top:0px;--awb-social-box-border-right:0px;--awb-social-box-border-bottom:0px;--awb-social-box-border-left:0px;--awb-social-box-border-color:var(--awb-color3);--awb-social-box-border-color-hover:var(--awb-color4);--awb-social-box-colors-hover:rgba(232,232,232,0.8);--awb-social-icon-boxed-colors:#e8e8e8;--awb-social-icon-colors:#82c9f0;--awb-social-icon-colors-hover:rgba(130,201,240,0.8);\"><div class=\"person-shortcode-image-wrapper\"><div class=\"person-image-container hover-type-none person-rounded-overflow\" style=\"-webkit-border-radius:20px;-moz-border-radius:20px;border-radius:20px;border:0px solid #f6f6f6;-webkit-border-radius:20px;-moz-border-radius:20px;border-radius:20px;\"><img decoding=\"async\" class=\"person-img img-responsive wp-image-8212\" width=\"400\" height=\"400\" src=\"https:\/\/pes-luxembourg.lu\/bascharage\/wp-content\/uploads\/sites\/2\/2018\/08\/Julien-Kune-Kine-Bascharage-400x400.jpg\" alt=\"Julien Kune\" srcset=\"https:\/\/pes-luxembourg.lu\/bascharage\/wp-content\/uploads\/sites\/2\/2018\/08\/Julien-Kune-Kine-Bascharage-200x200.jpg 200w, https:\/\/pes-luxembourg.lu\/bascharage\/wp-content\/uploads\/sites\/2\/2018\/08\/Julien-Kune-Kine-Bascharage-400x400.jpg 400w, https:\/\/pes-luxembourg.lu\/bascharage\/wp-content\/uploads\/sites\/2\/2018\/08\/Julien-Kune-Kine-Bascharage-600x600.jpg 600w, https:\/\/pes-luxembourg.lu\/bascharage\/wp-content\/uploads\/sites\/2\/2018\/08\/Julien-Kune-Kine-Bascharage-800x800.jpg 800w, https:\/\/pes-luxembourg.lu\/bascharage\/wp-content\/uploads\/sites\/2\/2018\/08\/Julien-Kune-Kine-Bascharage-1200x1200.jpg 1200w\" sizes=\"(max-width: 800px) 100vw, 1200px\" \/><\/div><\/div><div class=\"person-desc\"><div class=\"person-author\"><div class=\"person-author-wrapper\"><span class=\"person-name\">Julien Kune<\/span><span class=\"person-title\">Fisioterapeuta<\/span><\/div><\/div><div class=\"person-content fusion-clearfix\"><\/div><\/div><\/div><div class=\"fusion-text fusion-text-1\"><p class=\"Standard\" style=\"text-align: justify;\"><span class=\"StrongEmphasis\"><span lang=\"FR-BE\"><strong>Julien Kune<\/strong>, o seu fisioterapeuta em Bascharage, concluiu um mestrado em fisioterapia na Haute Ecole Robert Schuman em Libramont, onde se licenciou em junho de 2012.<\/span><\/span><span lang=\"FR-BE\">. Durante os seus estudos, recebeu forma\u00e7\u00e3o num vasto leque de disciplinas te\u00f3ricas, incluindo anatomia, fisiologia geral, especial e do movimento, biomec\u00e2nica, fisiologia, desporto, patologias m\u00e9dicas e cir\u00fargicas, ortopedia dos membros superiores e inferiores, neurologia, reabilita\u00e7\u00e3o respirat\u00f3ria, card\u00edaca e vascular, geriatria, imagiologia m\u00e9dica, cuidados paliativos, etc&#8230; bem como numerosas disciplinas pr\u00e1ticas como a reabilita\u00e7\u00e3o cardio-respirat\u00f3ria, a massagem, a mobiliza\u00e7\u00e3o, a reabilita\u00e7\u00e3o neurol\u00f3gica, as t\u00e9cnicas especializadas, os exames e as avalia\u00e7\u00f5es, a reabilita\u00e7\u00e3o ortop\u00e9dica e desportiva, a anatomia palpat\u00f3ria, etc., sem esquecer o ensino cl\u00ednico, onde teve a oportunidade de tratar beb\u00e9s, crian\u00e7as, adolescentes, gr\u00e1vidas, idosos e desportistas.<\/span><\/p>\n<p class=\"Standard\" style=\"text-align: justify;\"><span lang=\"FR-BE\">A parte cl\u00ednica foi realizada em v\u00e1rios hospitais, consult\u00f3rios privados, centros de reabilita\u00e7\u00e3o e clubes desportivos franceses de elite. O objetivo destes diferentes cursos era descobrir os diferentes mundos da fisioterapia (fisioterapia desportiva, reabilita\u00e7\u00e3o geri\u00e1trica, reabilita\u00e7\u00e3o card\u00edaca e respirat\u00f3ria, reabilita\u00e7\u00e3o neurol\u00f3gica, reabilita\u00e7\u00e3o ortop\u00e9dica, etc.). Os est\u00e1gios tiveram lugar durante o terceiro e quarto anos de estudos, nomeadamente no  <a href=\"https:\/\/www.fcmetz.com\">FC Metz<\/a>  (fisioterapeuta desportivo), no servi\u00e7o de ortopedia do  <a href=\"https:\/\/chrn.be\/le-chr-de-namur\">Hospital Regional de Namur<\/a>no departamento de geriatria e cardio-respirat\u00f3rio do  <a href=\"https:\/\/www.paliseul.be\/social-et-sante\/sante\/localisation-des-hopitaux-de-la-province-du-luxembourg\/centre-hospitalier-de-sainte-ode\">Hospital de Sainte-Ode<\/a>no departamento de neurologia do  <a href=\"https:\/\/www.chem.lu\">Hospital Emile Mayrisch, Esch-sur-Alzette<\/a>clube de futebol profissional  <a href=\"https:\/\/www.cssedan-ardennes.com\/sedan\/\">CSSA Sedan<\/a>  (Liga 2 francesa), bem como em v\u00e1rios consult\u00f3rios privados.<\/span><\/p>\n<p class=\"Standard\" style=\"text-align: justify;\"><span lang=\"FR-BE\">Ap\u00f3s os seus estudos, o vosso fisioterapeuta em K\u00e4erjeng, Julien Kune, teve a oportunidade de seguir v\u00e1rias forma\u00e7\u00f5es, tais como a  <a href=\"https:\/\/www.gtmf.eu\">reeduca\u00e7\u00e3o oro-maxilo-facial pelo Professor Thyl Snoeck<\/a>a  <a href=\"https:\/\/www.lympho.net\/fr\/accueil\/\">drenagem linf\u00e1tica manual<\/a>  (proferida pelo Professor Olivier Leduc), t\u00e9cnicas avan\u00e7adas de kinesiotaping (Sr. Barthelemy), strapping (Sr. Hanus) e lombalgia e lomboci\u00e1tica nos desportistas (Sra. Depouhon).<\/span><\/p>\n<p class=\"Standard\" style=\"text-align: justify;\"><span lang=\"FR-BE\">Trabalha no P\u00f4le Equilibre&amp;Sant\u00e9 em Bascharage desde outubro de 2012.<\/span><\/p>\n<p class=\"Standard\" style=\"text-align: justify;\"><span lang=\"FR-BE\"> <\/span><\/p>\n<\/div><div class=\"fusion-title title fusion-title-2 fusion-title-center fusion-title-text fusion-title-size-one\" style=\"--awb-margin-top-small:10px;--awb-margin-right-small:0px;--awb-margin-bottom-small:10px;--awb-margin-left-small:0px;\"><div class=\"title-sep-container title-sep-container-left\"><div class=\"title-sep sep-double sep-solid\" style=\"border-color:#e0dede;\"><\/div><\/div><span class=\"awb-title-spacer\"><\/span><h1 class=\"fusion-title-heading title-heading-center fusion-responsive-typography-calculated\" style=\"margin:0;--fontSize:34;line-height:1.41;\">Marcar uma consulta em linha com Julien Kune<\/h1><span class=\"awb-title-spacer\"><\/span><div class=\"title-sep-container title-sep-container-right\"><div class=\"title-sep sep-double sep-solid\" style=\"border-color:#e0dede;\"><\/div><\/div><\/div><div class=\"fusion-text fusion-text-2\"><section data-toggle=\"doc-calendar\" data-picture=\"1\" data-doctor-eid=\"6d3ad4b0-a2d2-4c57-bfb9-cea150b63f0d\" data-language=\"fr\"><\/section>\n<p><script src=\"https:\/\/api.doctena.lu\/js\/widgetBooking\/calendar\/build.php\"><\/script><\/p>\n<\/div><div class=\"fusion-clearfix\"><\/div><\/div><\/div><\/div><\/div>\n","protected":false},"excerpt":{"rendered":"","protected":false},"author":1,"featured_media":0,"parent":0,"menu_order":0,"comment_status":"closed","ping_status":"closed","template":"","meta":{"_seopress_robots_primary_cat":"","_seopress_titles_title":"","_seopress_titles_desc":"","_seopress_robots_index":"","footnotes":""},"class_list":["post-1640","page","type-page","status-publish","hentry"],"_links":{"self":[{"href":"https:\/\/pes-luxembourg.lu\/bascharage\/pt-pt\/wp-json\/wp\/v2\/pages\/1640","targetHints":{"allow":["GET"]}}],"collection":[{"href":"https:\/\/pes-luxembourg.lu\/bascharage\/pt-pt\/wp-json\/wp\/v2\/pages"}],"about":[{"href":"https:\/\/pes-luxembourg.lu\/bascharage\/pt-pt\/wp-json\/wp\/v2\/types\/page"}],"author":[{"embeddable":true,"href":"https:\/\/pes-luxembourg.lu\/bascharage\/pt-pt\/wp-json\/wp\/v2\/users\/1"}],"replies":[{"embeddable":true,"href":"https:\/\/pes-luxembourg.lu\/bascharage\/pt-pt\/wp-json\/wp\/v2\/comments?post=1640"}],"version-history":[{"count":0,"href":"https:\/\/pes-luxembourg.lu\/bascharage\/pt-pt\/wp-json\/wp\/v2\/pages\/1640\/revisions"}],"wp:attachment":[{"href":"https:\/\/pes-luxembourg.lu\/bascharage\/pt-pt\/wp-json\/wp\/v2\/media?parent=1640"}],"curies":[{"name":"wp","href":"https:\/\/api.w.org\/{rel}","templated":true}]}}