{"id":1630,"date":"2019-05-14T22:42:22","date_gmt":"2019-05-14T20:42:22","guid":{"rendered":"https:\/\/pes-luxembourg.lu\/bascharage\/?page_id=1630"},"modified":"2024-01-24T15:52:05","modified_gmt":"2024-01-24T14:52:05","slug":"fisioterapeuta-bascharage-lise-anne-parent","status":"publish","type":"page","link":"https:\/\/pes-luxembourg.lu\/bascharage\/pt-pt\/fisioterapeuta-bascharage-lise-anne-parent\/","title":{"rendered":"Fisioterapeuta Bascharage Lise-Anne Parent"},"content":{"rendered":"<div class=\"fusion-fullwidth fullwidth-box fusion-builder-row-1 nonhundred-percent-fullwidth non-hundred-percent-height-scrolling\" style=\"--awb-border-radius-top-left:0px;--awb-border-radius-top-right:0px;--awb-border-radius-bottom-right:0px;--awb-border-radius-bottom-left:0px;--awb-flex-wrap:wrap;\" ><div class=\"fusion-builder-row fusion-row\"><div class=\"fusion-layout-column fusion_builder_column fusion-builder-column-0 fusion_builder_column_1_1 1_1 fusion-one-full fusion-column-first fusion-column-last\" style=\"--awb-bg-size:cover;\"><div class=\"fusion-column-wrapper fusion-flex-column-wrapper-legacy\"><div class=\"fusion-title title fusion-title-1 fusion-title-center fusion-title-text fusion-title-size-one\" style=\"--awb-margin-top-small:10px;--awb-margin-right-small:0px;--awb-margin-bottom-small:10px;--awb-margin-left-small:0px;\"><div class=\"title-sep-container title-sep-container-left\"><div class=\"title-sep sep-double sep-solid\" style=\"border-color:#e0dede;\"><\/div><\/div><span class=\"awb-title-spacer\"><\/span><h1 class=\"fusion-title-heading title-heading-center fusion-responsive-typography-calculated\" style=\"margin:0;--fontSize:34;line-height:1.41;\">Fisioterapeuta Bascharage Lise-Anne Parent<\/h1><span class=\"awb-title-spacer\"><\/span><div class=\"title-sep-container title-sep-container-right\"><div class=\"title-sep sep-double sep-solid\" style=\"border-color:#e0dede;\"><\/div><\/div><\/div><div class=\"fusion-clearfix\"><\/div><\/div><\/div><div class=\"fusion-layout-column fusion_builder_column fusion-builder-column-1 fusion_builder_column_1_1 1_1 fusion-one-full fusion-column-first fusion-column-last\" style=\"--awb-bg-size:cover;\"><div class=\"fusion-column-wrapper fusion-flex-column-wrapper-legacy\"><div class=\"fusion-person person fusion-person-left fusion-person-1 fusion-person-icon-top\" style=\"--awb-pic-style-color:#000000;--awb-pic-borderradius:20px;--awb-margin-top:0px;--awb-margin-right:0px;--awb-margin-bottom:0px;--awb-margin-left:0px;--awb-social-box-border-top:0px;--awb-social-box-border-right:0px;--awb-social-box-border-bottom:0px;--awb-social-box-border-left:0px;--awb-social-box-border-color:var(--awb-color3);--awb-social-box-border-color-hover:var(--awb-color4);--awb-social-box-colors-hover:rgba(232,232,232,0.8);--awb-social-icon-boxed-colors:#e8e8e8;--awb-social-icon-colors:#82c9f0;--awb-social-icon-colors-hover:rgba(130,201,240,0.8);\"><div class=\"person-shortcode-image-wrapper\"><div class=\"person-image-container hover-type-none person-rounded-overflow\" style=\"-webkit-border-radius:20px;-moz-border-radius:20px;border-radius:20px;border:0px solid #f6f6f6;-webkit-border-radius:20px;-moz-border-radius:20px;border-radius:20px;\"><img decoding=\"async\" class=\"person-img img-responsive wp-image-9012\" width=\"400\" height=\"400\" src=\"https:\/\/pes-luxembourg.lu\/bascharage\/wp-content\/uploads\/sites\/2\/2020\/09\/Lise-Anne-Parent-Kine-Bascharage-1-400x400.jpg\" alt=\"Lise-Anne Parent\" srcset=\"https:\/\/pes-luxembourg.lu\/bascharage\/wp-content\/uploads\/sites\/2\/2020\/09\/Lise-Anne-Parent-Kine-Bascharage-1-200x200.jpg 200w, https:\/\/pes-luxembourg.lu\/bascharage\/wp-content\/uploads\/sites\/2\/2020\/09\/Lise-Anne-Parent-Kine-Bascharage-1-400x400.jpg 400w, https:\/\/pes-luxembourg.lu\/bascharage\/wp-content\/uploads\/sites\/2\/2020\/09\/Lise-Anne-Parent-Kine-Bascharage-1-600x600.jpg 600w, https:\/\/pes-luxembourg.lu\/bascharage\/wp-content\/uploads\/sites\/2\/2020\/09\/Lise-Anne-Parent-Kine-Bascharage-1-800x800.jpg 800w, https:\/\/pes-luxembourg.lu\/bascharage\/wp-content\/uploads\/sites\/2\/2020\/09\/Lise-Anne-Parent-Kine-Bascharage-1-1200x1200.jpg 1200w\" sizes=\"(max-width: 800px) 100vw, 1200px\" \/><\/div><\/div><div class=\"person-desc\"><div class=\"person-author\"><div class=\"person-author-wrapper\"><span class=\"person-name\">Lise-Anne Parent<\/span><span class=\"person-title\">Fisioterapeuta<\/span><\/div><\/div><div class=\"person-content fusion-clearfix\"><\/div><\/div><\/div><div class=\"fusion-text fusion-text-1\"><p style=\"text-align: justify;\"><strong>Lise-Anne Parent<\/strong>, a sua fisioterapeuta em Bascharage, completou o programa internacional de bacharelato na <a href=\"https:\/\/www.lunex-university.net\/fr\/etude\/bachelor-in-physiotherapy\/\">Universidade LUNEX<\/a> em Differdange, terminando o curso em abril de 2020.<\/p>\n<p style=\"text-align: justify;\">Durante os seus estudos, seguiu um curr\u00edculo te\u00f3rico que inclu\u00eda disciplinas como anatomia geral, locomotora e neurol\u00f3gica, fisiologia, bioqu\u00edmica, biomec\u00e2nica, desporto, patologias m\u00e9dicas e cir\u00fargicas, neurologia, fisioterapia respirat\u00f3ria, card\u00edaca e vascular, geriatria, fisioterapia, nutri\u00e7\u00e3o, etc. Estudou tamb\u00e9m um vasto leque de mat\u00e9rias pr\u00e1ticas, tais como massagem, drenagem linf\u00e1tica, mobiliza\u00e7\u00e3o, reabilita\u00e7\u00e3o neurol\u00f3gica, exames e check-ups, reabilita\u00e7\u00e3o ortop\u00e9dica e desportiva, anatomia palpat\u00f3ria, etc. Sem esquecer o ensino cl\u00ednico, onde teve a oportunidade de se encarregar de diferentes tipos de pacientes.<\/p>\n<p style=\"text-align: justify;\">A parte cl\u00ednica foi efectuada em centros de reabilita\u00e7\u00e3o e em consult\u00f3rios privados. P\u00f4de aprofundar os seus conhecimentos em fisioterapia cardiovascular e respirat\u00f3ria, bem como em traumatologia e reumatologia, praticando no <a href=\"http:\/\/www.ugecam-pacac.fr\/etablissements\/centre-medical-rhone-azur-gap\">Centro Rh\u00f4ne Azur de Gap<\/a>. A sua passagem pelo <a href=\"http:\/\/www.ugecam-nordest.fr\/etablissements\/irr-etablissement-de-lay-saint-christophe\">Centro de Reabilita\u00e7\u00e3o Lay-Saint-Christophe<\/a>, especializado em neurologia central, permitiu-lhe acompanhar um vasto leque de patologias complexas (AVC, esclerose m\u00faltipla, tetraplegia, paraplegia, etc.). No <a href=\"http:\/\/www.ugecam-nordest.fr\/etablissements\/irr-etablissement-de-nancy-louis-pierquin\">Centre de R\u00e9\u00e9ducation et R\u00e9adaptation de Nancy<\/a>, Lise-Anne aperfei\u00e7oou a sua abordagem cl\u00ednica das patologias da m\u00e3o e da reabilita\u00e7\u00e3o de amputados, bem como da traumatologia geral e da reumatologia.<\/p>\n<p style=\"text-align: justify;\">No final do seu curso, Lise-Anne apresentou uma disserta\u00e7\u00e3o de investiga\u00e7\u00e3o sobre a reabilita\u00e7\u00e3o proprioceptiva do ombro nos idosos.<\/p>\n<\/div><div class=\"fusion-title title fusion-title-2 fusion-title-center fusion-title-text fusion-title-size-one\" style=\"--awb-margin-top-small:10px;--awb-margin-right-small:0px;--awb-margin-bottom-small:10px;--awb-margin-left-small:0px;\"><div class=\"title-sep-container title-sep-container-left\"><div class=\"title-sep sep-double sep-solid\" style=\"border-color:#e0dede;\"><\/div><\/div><span class=\"awb-title-spacer\"><\/span><h1 class=\"fusion-title-heading title-heading-center fusion-responsive-typography-calculated\" style=\"margin:0;--fontSize:34;line-height:1.41;\">Marcar uma consulta em linha com Lise-Anne Parent<\/h1><span class=\"awb-title-spacer\"><\/span><div class=\"title-sep-container title-sep-container-right\"><div class=\"title-sep sep-double sep-solid\" style=\"border-color:#e0dede;\"><\/div><\/div><\/div><div class=\"fusion-text fusion-text-2\"><section data-toggle=\"doc-calendar\" data-picture=\"1\" data-doctor-eid=\"7c4bd224-23b4-4fb3-b08c-97a7e30da22e\" data-language=\"fr\"><\/section>\n<p><script src=\"https:\/\/api.doctena.lu\/js\/widgetBooking\/calendar\/build.php\"><\/script><\/p>\n<\/div><div class=\"fusion-clearfix\"><\/div><\/div><\/div><\/div><\/div>\n","protected":false},"excerpt":{"rendered":"","protected":false},"author":1,"featured_media":0,"parent":0,"menu_order":0,"comment_status":"closed","ping_status":"closed","template":"","meta":{"_seopress_robots_primary_cat":"","_seopress_titles_title":"","_seopress_titles_desc":"","_seopress_robots_index":"","footnotes":""},"class_list":["post-1630","page","type-page","status-publish","hentry"],"_links":{"self":[{"href":"https:\/\/pes-luxembourg.lu\/bascharage\/pt-pt\/wp-json\/wp\/v2\/pages\/1630","targetHints":{"allow":["GET"]}}],"collection":[{"href":"https:\/\/pes-luxembourg.lu\/bascharage\/pt-pt\/wp-json\/wp\/v2\/pages"}],"about":[{"href":"https:\/\/pes-luxembourg.lu\/bascharage\/pt-pt\/wp-json\/wp\/v2\/types\/page"}],"author":[{"embeddable":true,"href":"https:\/\/pes-luxembourg.lu\/bascharage\/pt-pt\/wp-json\/wp\/v2\/users\/1"}],"replies":[{"embeddable":true,"href":"https:\/\/pes-luxembourg.lu\/bascharage\/pt-pt\/wp-json\/wp\/v2\/comments?post=1630"}],"version-history":[{"count":0,"href":"https:\/\/pes-luxembourg.lu\/bascharage\/pt-pt\/wp-json\/wp\/v2\/pages\/1630\/revisions"}],"wp:attachment":[{"href":"https:\/\/pes-luxembourg.lu\/bascharage\/pt-pt\/wp-json\/wp\/v2\/media?parent=1630"}],"curies":[{"name":"wp","href":"https:\/\/api.w.org\/{rel}","templated":true}]}}