{"id":1621,"date":"2019-10-30T23:43:01","date_gmt":"2019-10-30T22:43:01","guid":{"rendered":"https:\/\/pes-luxembourg.lu\/bascharage\/?page_id=1621"},"modified":"2024-09-20T22:37:48","modified_gmt":"2024-09-20T20:37:48","slug":"fisioterapeuta-bascharage-florian-savaris","status":"publish","type":"page","link":"https:\/\/pes-luxembourg.lu\/bascharage\/pt-pt\/fisioterapeuta-bascharage-florian-savaris\/","title":{"rendered":"Fisioterapeuta Bascharage Florian Savaris"},"content":{"rendered":"<div class=\"fusion-fullwidth fullwidth-box fusion-builder-row-1 nonhundred-percent-fullwidth non-hundred-percent-height-scrolling\" style=\"--awb-border-radius-top-left:0px;--awb-border-radius-top-right:0px;--awb-border-radius-bottom-right:0px;--awb-border-radius-bottom-left:0px;--awb-flex-wrap:wrap;\" ><div class=\"fusion-builder-row fusion-row\"><div class=\"fusion-layout-column fusion_builder_column fusion-builder-column-0 fusion_builder_column_1_1 1_1 fusion-one-full fusion-column-first fusion-column-last\" style=\"--awb-bg-size:cover;\"><div class=\"fusion-column-wrapper fusion-flex-column-wrapper-legacy\"><div class=\"fusion-title title fusion-title-1 fusion-title-center fusion-title-text fusion-title-size-one\" style=\"--awb-margin-top-small:10px;--awb-margin-right-small:0px;--awb-margin-bottom-small:10px;--awb-margin-left-small:0px;\"><div class=\"title-sep-container title-sep-container-left\"><div class=\"title-sep sep-double sep-solid\" style=\"border-color:#e0dede;\"><\/div><\/div><span class=\"awb-title-spacer\"><\/span><h1 class=\"fusion-title-heading title-heading-center fusion-responsive-typography-calculated\" style=\"margin:0;--fontSize:34;line-height:1.41;\">Fisioterapeuta Bascharage Florian Savaris<\/h1><span class=\"awb-title-spacer\"><\/span><div class=\"title-sep-container title-sep-container-right\"><div class=\"title-sep sep-double sep-solid\" style=\"border-color:#e0dede;\"><\/div><\/div><\/div><div class=\"fusion-clearfix\"><\/div><\/div><\/div><div class=\"fusion-layout-column fusion_builder_column fusion-builder-column-1 fusion_builder_column_1_1 1_1 fusion-one-full fusion-column-first fusion-column-last\" style=\"--awb-bg-size:cover;\"><div class=\"fusion-column-wrapper fusion-flex-column-wrapper-legacy\"><div class=\"fusion-person person fusion-person-left fusion-person-1 fusion-person-icon-top\" style=\"--awb-pic-style-color:#000000;--awb-pic-borderradius:20px;--awb-margin-top:0px;--awb-margin-right:0px;--awb-margin-bottom:0px;--awb-margin-left:0px;--awb-social-box-border-top:0px;--awb-social-box-border-right:0px;--awb-social-box-border-bottom:0px;--awb-social-box-border-left:0px;--awb-social-box-border-color:var(--awb-color3);--awb-social-box-border-color-hover:var(--awb-color4);--awb-social-box-colors-hover:rgba(232,232,232,0.8);--awb-social-icon-boxed-colors:#e8e8e8;--awb-social-icon-colors:#82c9f0;--awb-social-icon-colors-hover:rgba(130,201,240,0.8);\"><div class=\"person-shortcode-image-wrapper\"><div class=\"person-image-container hover-type-none person-rounded-overflow\" style=\"-webkit-border-radius:20px;-moz-border-radius:20px;border-radius:20px;border:0px solid #f6f6f6;-webkit-border-radius:20px;-moz-border-radius:20px;border-radius:20px;\"><img decoding=\"async\" class=\"person-img img-responsive wp-image-8215\" width=\"400\" height=\"400\" src=\"https:\/\/pes-luxembourg.lu\/bascharage\/wp-content\/uploads\/sites\/2\/2019\/04\/Florian-Savaris-Kin\u00e9sith\u00e9rapeute-400x400.jpg\" alt=\"Florian Savaris\" srcset=\"https:\/\/pes-luxembourg.lu\/bascharage\/wp-content\/uploads\/sites\/2\/2019\/04\/Florian-Savaris-Kin\u00e9sith\u00e9rapeute-200x200.jpg 200w, https:\/\/pes-luxembourg.lu\/bascharage\/wp-content\/uploads\/sites\/2\/2019\/04\/Florian-Savaris-Kin\u00e9sith\u00e9rapeute-400x400.jpg 400w, https:\/\/pes-luxembourg.lu\/bascharage\/wp-content\/uploads\/sites\/2\/2019\/04\/Florian-Savaris-Kin\u00e9sith\u00e9rapeute-600x600.jpg 600w, https:\/\/pes-luxembourg.lu\/bascharage\/wp-content\/uploads\/sites\/2\/2019\/04\/Florian-Savaris-Kin\u00e9sith\u00e9rapeute.jpg 700w\" sizes=\"(max-width: 800px) 100vw, 400px\" \/><\/div><\/div><div class=\"person-desc\"><div class=\"person-author\"><div class=\"person-author-wrapper\"><span class=\"person-name\">Florian Savaris<\/span><span class=\"person-title\">Fisioterapeuta<\/span><\/div><\/div><div class=\"person-content fusion-clearfix\"><\/div><\/div><\/div><div class=\"fusion-text fusion-text-1\"><p class=\"Standard\" style=\"text-align: justify;\"><span class=\"StrongEmphasis\"><span lang=\"FR-BE\"><strong>Florian Savaris<\/strong>, o seu fisioterapeuta em Bascharage, possui um mestrado em fisioterapia pela ULB<a href=\"https:\/\/www.ulb.be\">(Universit\u00e9 Libre de Bruxelles<\/a>) obtido em agosto de 2016.<\/span><\/span><span lang=\"FR-BE\">. Durante os seus estudos, recebeu forma\u00e7\u00e3o num grande n\u00famero de disciplinas te\u00f3ricas, nomeadamente anatomia, fisiologia geral, especial e do movimento, biomec\u00e2nica, fisiologia, desporto, patologias m\u00e9dicas e cir\u00fargicas, ortopedia dos membros superiores e inferiores, neurologia, reabilita\u00e7\u00e3o respirat\u00f3ria, card\u00edaca e vascular, geriatria, imagiologia m\u00e9dica, cuidados paliativos, etc&#8230; bem como numerosas disciplinas pr\u00e1ticas como a reabilita\u00e7\u00e3o cardio-respirat\u00f3ria, massagem, mobiliza\u00e7\u00e3o, reabilita\u00e7\u00e3o neurol\u00f3gica, t\u00e9cnicas especializadas, exames e avalia\u00e7\u00f5es de fisioterapia, reabilita\u00e7\u00e3o ortop\u00e9dica e desportiva, anatomia palpat\u00f3ria, etc., sem esquecer o ensino cl\u00ednico, onde teve a oportunidade de tratar beb\u00e9s, crian\u00e7as, adolescentes, gr\u00e1vidas, idosos e desportistas.<\/span><\/p>\n<p class=\"Standard\" style=\"text-align: justify;\"><span lang=\"FR-BE\">A parte cl\u00ednica foi realizada em v\u00e1rios servi\u00e7os do <a href=\"https:\/\/www.erasme.ulb.ac.be\">Hospital Erasme<\/a>, em particular na <a href=\"https:\/\/www.erasme.ulb.ac.be\/fr\/services-de-soins\/services-medicaux\/soins-intensifs#apropos\">unidade de cuidados intensivos<\/a> onde o teu fisioterapeuta Florian Savaris escreveu a sua disserta\u00e7\u00e3o intitulada &#8220;R\u00e9percussions fonctionnelles d&#8217;un s\u00e9jour sup\u00e9rieur \u00e0 5 jours en unit\u00e9 de soins intensifs&#8221; (&#8220;Repercuss\u00f5es funcionais de uma estadia superior a 5 dias numa unidade de cuidados intensivos&#8221;), que defendeu com Grande Distin\u00e7\u00e3o e que foi apresentada nas <a href=\"https:\/\/www.lesjfn.fr\/\">Journ\u00e9es Francophone de la Nutrition<\/a> e no <a href=\"https:\/\/www.esicm.org\/\">Congresso de Cuidados Intensivos em Mil\u00e3o<\/a>. Teve tamb\u00e9m a oportunidade de trabalhar com Ralph Delire no <a href=\"https:\/\/www.crfna.be\/\">Centre du R\u00e9adaptation Fonctionnelle Neurologique <u>Ambulatoire<\/u>pour adultes do Hospital Erasme<\/a>, aperfei\u00e7oando o seu tratamento de doentes com perturba\u00e7\u00f5es neurol\u00f3gicas. No que diz respeito \u00e0 traumatologia e \u00e0 reabilita\u00e7\u00e3o p\u00f3s-operat\u00f3ria, teve a sorte de trabalhar no <a href=\"https:\/\/rehazenter.lu\/\">Rehazenter<\/a> e tamb\u00e9m no centro <a href=\"http:\/\/www.kineos.fr\">Kineos<\/a> em Metz, onde tratou futebolistas do <a href=\"https:\/\/www.fcmetz.com\">FC Metz<\/a> e jogadores do <a href=\"https:\/\/www.metz-handball.com\/\">Metz Handball<\/a>, como <a href=\"https:\/\/fr.wikipedia.org\/wiki\/Orlane_Kanor\">Orlane Kanor<\/a>, campe\u00e3 mundial e europeia de andebol.<\/span><\/p>\n<h3 class=\"Standard\" style=\"text-align: justify;\">Forma\u00e7\u00e3o complementar:<\/h3>\n<ul>\n<li>\n<div dir=\"auto\">Forma\u00e7\u00e3o em Kinesiotaping N\u00edvel KT1\/KT2 dada pela Kinesiotaping France em 2015<\/div>\n<\/li>\n<li>\n<div dir=\"auto\">Forma\u00e7\u00e3o em terapia extracorporal radial e focal por ondas de choque ministrada pela Swiss Dolorclast Academy em 2019<\/div>\n<\/li>\n<li>\n<div dir=\"auto\">Forma\u00e7\u00e3o P2R, Reabilita\u00e7\u00e3o respirat\u00f3ria centrada na bronquiolite por Hugues Gauchez em 2019.<\/div>\n<\/li>\n<li>\n<div dir=\"auto\">Curso &#8220;L&#8217;\u00e9paule au TOP, du raisonnement clinique \u00e0 la pratique&#8221; ministrado por Fr\u00e9d\u00e9ric Srour em 2020.<\/div>\n<\/li>\n<li>Diploma universit\u00e1rio de isoquinetismo, com distin\u00e7\u00e3o, atribu\u00eddo pela Universidade de Lille em 2023-2024<\/li>\n<\/ul>\n<p class=\"Standard\" style=\"text-align: justify;\"><span lang=\"FR-BE\"> <\/span><\/p>\n<\/div><div class=\"fusion-title title fusion-title-2 fusion-title-center fusion-title-text fusion-title-size-one\" style=\"--awb-margin-top-small:10px;--awb-margin-right-small:0px;--awb-margin-bottom-small:10px;--awb-margin-left-small:0px;\"><div class=\"title-sep-container title-sep-container-left\"><div class=\"title-sep sep-double sep-solid\" style=\"border-color:#e0dede;\"><\/div><\/div><span class=\"awb-title-spacer\"><\/span><h1 class=\"fusion-title-heading title-heading-center fusion-responsive-typography-calculated\" style=\"margin:0;--fontSize:34;line-height:1.41;\">Marca uma consulta online com Florian Savaris<\/h1><span class=\"awb-title-spacer\"><\/span><div class=\"title-sep-container title-sep-container-right\"><div class=\"title-sep sep-double sep-solid\" style=\"border-color:#e0dede;\"><\/div><\/div><\/div><div class=\"fusion-text fusion-text-2\"><section data-toggle=\"doc-calendar\" data-picture=\"1\" data-doctor-eid=\"5be45c30-eb06-41af-9757-354a012c8f96\" data-language=\"fr\"><\/section>\n<p><script src=\"https:\/\/api.doctena.lu\/js\/widgetBooking\/calendar\/build.php\"><\/script><\/p>\n<\/div><div class=\"fusion-clearfix\"><\/div><\/div><\/div><\/div><\/div>\n","protected":false},"excerpt":{"rendered":"","protected":false},"author":1,"featured_media":0,"parent":0,"menu_order":0,"comment_status":"closed","ping_status":"closed","template":"","meta":{"_seopress_robots_primary_cat":"","_seopress_titles_title":"","_seopress_titles_desc":"","_seopress_robots_index":"","footnotes":""},"class_list":["post-1621","page","type-page","status-publish","hentry"],"_links":{"self":[{"href":"https:\/\/pes-luxembourg.lu\/bascharage\/pt-pt\/wp-json\/wp\/v2\/pages\/1621","targetHints":{"allow":["GET"]}}],"collection":[{"href":"https:\/\/pes-luxembourg.lu\/bascharage\/pt-pt\/wp-json\/wp\/v2\/pages"}],"about":[{"href":"https:\/\/pes-luxembourg.lu\/bascharage\/pt-pt\/wp-json\/wp\/v2\/types\/page"}],"author":[{"embeddable":true,"href":"https:\/\/pes-luxembourg.lu\/bascharage\/pt-pt\/wp-json\/wp\/v2\/users\/1"}],"replies":[{"embeddable":true,"href":"https:\/\/pes-luxembourg.lu\/bascharage\/pt-pt\/wp-json\/wp\/v2\/comments?post=1621"}],"version-history":[{"count":0,"href":"https:\/\/pes-luxembourg.lu\/bascharage\/pt-pt\/wp-json\/wp\/v2\/pages\/1621\/revisions"}],"wp:attachment":[{"href":"https:\/\/pes-luxembourg.lu\/bascharage\/pt-pt\/wp-json\/wp\/v2\/media?parent=1621"}],"curies":[{"name":"wp","href":"https:\/\/api.w.org\/{rel}","templated":true}]}}