{"id":1166,"date":"2019-10-17T01:05:10","date_gmt":"2019-10-16T23:05:10","guid":{"rendered":"https:\/\/pes-luxembourg.lu\/bascharage\/?page_id=1166"},"modified":"2024-01-24T17:04:07","modified_gmt":"2024-01-24T16:04:07","slug":"fisioterapia-esportiva","status":"publish","type":"page","link":"https:\/\/pes-luxembourg.lu\/bascharage\/pt-pt\/fisioterapia-esportiva\/","title":{"rendered":"Fisioterapia desportiva"},"content":{"rendered":"<div class=\"fusion-fullwidth fullwidth-box fusion-builder-row-1 nonhundred-percent-fullwidth non-hundred-percent-height-scrolling\" style=\"--awb-border-radius-top-left:0px;--awb-border-radius-top-right:0px;--awb-border-radius-bottom-right:0px;--awb-border-radius-bottom-left:0px;--awb-flex-wrap:wrap;\" ><div class=\"fusion-builder-row fusion-row\"><div class=\"fusion-layout-column fusion_builder_column fusion-builder-column-0 fusion_builder_column_1_1 1_1 fusion-one-full fusion-column-first fusion-column-last\" style=\"--awb-bg-size:cover;\"><div class=\"fusion-column-wrapper fusion-column-has-shadow fusion-flex-column-wrapper-legacy\"><div class=\"fusion-title title fusion-title-1 fusion-title-center fusion-title-text fusion-title-size-one\" style=\"--awb-margin-top-small:10px;--awb-margin-right-small:0px;--awb-margin-bottom-small:10px;--awb-margin-left-small:0px;\"><div class=\"title-sep-container title-sep-container-left\"><div class=\"title-sep sep-double sep-solid\" style=\"border-color:#e0dede;\"><\/div><\/div><span class=\"awb-title-spacer\"><\/span><h1 class=\"fusion-title-heading title-heading-center fusion-responsive-typography-calculated\" style=\"margin:0;--fontSize:34;line-height:1.41;\">Fisioterapia desportiva Bascharage<\/h1><span class=\"awb-title-spacer\"><\/span><div class=\"title-sep-container title-sep-container-right\"><div class=\"title-sep sep-double sep-solid\" style=\"border-color:#e0dede;\"><\/div><\/div><\/div><div class=\"fusion-image-element fusion-image-align-center in-legacy-container\" style=\"text-align:center;--awb-caption-title-font-family:var(--h2_typography-font-family);--awb-caption-title-font-weight:var(--h2_typography-font-weight);--awb-caption-title-font-style:var(--h2_typography-font-style);--awb-caption-title-size:var(--h2_typography-font-size);--awb-caption-title-transform:var(--h2_typography-text-transform);--awb-caption-title-line-height:var(--h2_typography-line-height);--awb-caption-title-letter-spacing:var(--h2_typography-letter-spacing);\"><div class=\"imageframe-align-center\"><span class=\" fusion-imageframe imageframe-none imageframe-1 hover-type-none\" style=\"border:3px solid #f6f6f6;border-radius:50%;\"><img decoding=\"async\" width=\"300\" height=\"300\" title=\"Kin\u00e9 du Sport\" src=\"https:\/\/pes-luxembourg.lu\/bascharage\/wp-content\/uploads\/sites\/2\/2019\/07\/Kin\u00e9-du-Sport-1-300x300.jpg\" alt class=\"img-responsive wp-image-9008\" srcset=\"https:\/\/pes-luxembourg.lu\/bascharage\/wp-content\/uploads\/sites\/2\/2019\/07\/Kin\u00e9-du-Sport-1-200x199.jpg 200w, https:\/\/pes-luxembourg.lu\/bascharage\/wp-content\/uploads\/sites\/2\/2019\/07\/Kin\u00e9-du-Sport-1-400x398.jpg 400w, https:\/\/pes-luxembourg.lu\/bascharage\/wp-content\/uploads\/sites\/2\/2019\/07\/Kin\u00e9-du-Sport-1-600x597.jpg 600w, https:\/\/pes-luxembourg.lu\/bascharage\/wp-content\/uploads\/sites\/2\/2019\/07\/Kin\u00e9-du-Sport-1.jpg 647w\" sizes=\"(max-width: 800px) 100vw, 300px\" \/><\/span><\/div><\/div><div class=\"fusion-sep-clear\"><\/div><div class=\"fusion-separator fusion-full-width-sep\" style=\"margin-left: auto;margin-right: auto;margin-top:20px;margin-bottom:20px;width:100%;\"><div class=\"fusion-separator-border sep-shadow\" style=\"--awb-height:20px;--awb-amount:20px;background:radial-gradient(ellipse at 50% -50% , #e0dede 0px, rgba(255, 255, 255, 0) 80%) repeat scroll 0 0 rgba(0, 0, 0, 0);background:-webkit-radial-gradient(ellipse at 50% -50% , #e0dede 0px, rgba(255, 255, 255, 0) 80%) repeat scroll 0 0 rgba(0, 0, 0, 0);background:-moz-radial-gradient(ellipse at 50% -50% , #e0dede 0px, rgba(255, 255, 255, 0) 80%) repeat scroll 0 0 rgba(0, 0, 0, 0);background:-o-radial-gradient(ellipse at 50% -50% , #e0dede 0px, rgba(255, 255, 255, 0) 80%) repeat scroll 0 0 rgba(0, 0, 0, 0);\"><\/div><\/div><div class=\"fusion-sep-clear\"><\/div><div class=\"fusion-text fusion-text-1\"><p style=\"text-align: justify;\"><strong>A fisioterapia desportiva<\/strong> \u00e9 um ramo essencial da fisioterapia, destinado tanto aos atletas profissionais como aos amadores. Esta disciplina centra-se na preven\u00e7\u00e3o, no diagn\u00f3stico e no tratamento de les\u00f5es relacionadas com o desporto. Desempenha um papel crucial n\u00e3o s\u00f3 na cura de traumatismos, mas tamb\u00e9m na prepara\u00e7\u00e3o f\u00edsica e na melhoria do desempenho, independentemente do n\u00edvel de competi\u00e7\u00e3o. Os fisioterapeutas desportivos desenvolvem programas personalizados que incluem exerc\u00edcios de fortalecimento muscular, alongamentos, terapia manual e estrat\u00e9gias de recupera\u00e7\u00e3o adequadas. Estas interven\u00e7\u00f5es s\u00e3o fundamentais para ajudar todos os desportistas, desde os que praticam desporto ao fim de semana at\u00e9 aos competidores de elite, a manter uma condi\u00e7\u00e3o f\u00edsica \u00f3ptima, a maximizar o seu desempenho e a reduzir o risco de les\u00f5es. Combinando princ\u00edpios cient\u00edficos e t\u00e9cnicas avan\u00e7adas, a fisioterapia desportiva oferece cuidados completos e personalizados a cada atleta, garantindo uma abordagem adaptada a cada n\u00edvel e disciplina desportiva.<\/p>\n<h2 style=\"text-align: justify;\">Preven\u00e7\u00e3o de les\u00f5es<\/h2>\n<p style=\"text-align: justify;\">A fisioterapia desportiva desempenha um papel crucial na preven\u00e7\u00e3o de les\u00f5es. Um importante estudo publicado no Journal of Science and Medicine in Sport revela que cerca de 50% das les\u00f5es desportivas poderiam ser evitadas atrav\u00e9s da aplica\u00e7\u00e3o de programas de preven\u00e7\u00e3o adequados. <a href=\"https:\/\/pes-luxembourg.lu\/bascharage\/pt-pt\/fisioterapeuta-bascharage\/\">Os nossos fisioterapeutas<\/a> utilizam uma abordagem proactiva, incluindo :<\/p>\n<ul style=\"text-align: justify;\">\n<li><strong>Avalia\u00e7\u00e3o biomec\u00e2nica<\/strong>: An\u00e1lise da postura e dos movimentos para detetar potenciais riscos de les\u00e3o.<\/li>\n<li><strong>Programas de refor\u00e7o muscular<\/strong>: Concebidos para refor\u00e7ar os m\u00fasculos mais suscept\u00edveis de se lesionarem no seu desporto.<\/li>\n<li><strong>T\u00e9cnicas de alongamento<\/strong>: Para melhorar a flexibilidade e reduzir a tens\u00e3o muscular, minimizando assim o risco de les\u00f5es.<\/li>\n<li><strong>Ensinar a boa t\u00e9cnica<\/strong>: corrigir os movimentos e as posturas inadequadas no desporto.<\/li>\n<\/ul>\n<h2 style=\"text-align: justify;\">Reabilita\u00e7\u00e3o e recupera\u00e7\u00e3o<\/h2>\n<p style=\"text-align: justify;\">Em caso de les\u00e3o, o nosso objetivo \u00e9 ajud\u00e1-lo a regressar ao seu n\u00edvel de desempenho de forma r\u00e1pida e segura. Para o conseguir, utilizamos m\u00e9todos testados e comprovados:<\/p>\n<ul style=\"text-align: justify;\">\n<li><strong>Terapia manual<\/strong>: <a href=\"https:\/\/pes-luxembourg.lu\/bascharage\/pt-pt\/terapia-manual-bascharage\/\">Mobiliza\u00e7\u00e3o e manipula\u00e7\u00e3o manual<\/a> para melhorar a mobilidade e aliviar a dor.<\/li>\n<li><strong>Exerc\u00edcios de reabilita\u00e7\u00e3o<\/strong>: programas personalizados para recuperar a for\u00e7a, a amplitude de movimentos e a funcionalidade.<\/li>\n<li><strong>Terapia por ondas<\/strong> de choque: Utiliza\u00e7\u00e3o de <a href=\"https:\/\/pes-luxembourg.lu\/bascharage\/pt-pt\/fisioterapia-por-ondas-de-choque\/\">ondas de choque<\/a> para estimular a cicatriza\u00e7\u00e3o dos tecidos.<\/li>\n<li><strong>Planear o regresso ao desporto<\/strong>: estrat\u00e9gias graduadas para um regresso seguro \u00e0 competi\u00e7\u00e3o.<\/li>\n<\/ul>\n<h2 style=\"text-align: justify;\">Melhoria do desempenho<\/h2>\n<p style=\"text-align: justify;\">A fisioterapia desportiva n\u00e3o se limita \u00e0 reabilita\u00e7\u00e3o; \u00e9 tamb\u00e9m uma ferramenta poderosa para melhorar o desempenho. Utilizamos estudos cient\u00edficos para propor interven\u00e7\u00f5es espec\u00edficas:<\/p>\n<ul style=\"text-align: justify;\">\n<li><strong>Fortalecimento muscular direcionado<\/strong>: Exerc\u00edcios espec\u00edficos para aumentar a for\u00e7a e a pot\u00eancia muscular utilizando, por exemplo, <a href=\"https:\/\/pes-luxembourg.lu\/bascharage\/pt-pt\/bases-de-calculo-isocineticas-contrex\/\">a isocin\u00e9tica<\/a>.<\/li>\n<li><strong>Melhoria da resist\u00eancia<\/strong>: Programas concebidos para aumentar a resist\u00eancia \u00e0 fadiga muscular e cardiovascular.<\/li>\n<li><strong>Otimiza\u00e7\u00e3o da t\u00e9cnica desportiva<\/strong>: conselhos e forma\u00e7\u00e3o para aperfei\u00e7oar a t\u00e9cnica e maximizar a efici\u00eancia.<\/li>\n<li><strong>Prepara\u00e7\u00e3o f\u00edsica geral<\/strong>: Programas completos para melhorar o equil\u00edbrio, a coordena\u00e7\u00e3o e a flexibilidade.<\/li>\n<\/ul>\n<p style=\"text-align: justify;\">Ao integrar estas estrat\u00e9gias, a fisioterapia desportiva torna-se um elemento essencial para todos os atletas, amadores ou profissionais, com o objetivo de prevenir les\u00f5es, acelerar a recupera\u00e7\u00e3o e melhorar o desempenho desportivo. A nossa abordagem baseia-se em provas cient\u00edficas e \u00e9 adaptada individualmente para responder \u00e0s necessidades espec\u00edficas de cada desportista.<\/p>\n<\/div><div class=\"fusion-clearfix\"><\/div><\/div><\/div><\/div><\/div>\n","protected":false},"excerpt":{"rendered":"","protected":false},"author":1,"featured_media":0,"parent":0,"menu_order":0,"comment_status":"closed","ping_status":"closed","template":"","meta":{"_seopress_robots_primary_cat":"","_seopress_titles_title":"","_seopress_titles_desc":"","_seopress_robots_index":"","footnotes":""},"class_list":["post-1166","page","type-page","status-publish","hentry"],"_links":{"self":[{"href":"https:\/\/pes-luxembourg.lu\/bascharage\/pt-pt\/wp-json\/wp\/v2\/pages\/1166","targetHints":{"allow":["GET"]}}],"collection":[{"href":"https:\/\/pes-luxembourg.lu\/bascharage\/pt-pt\/wp-json\/wp\/v2\/pages"}],"about":[{"href":"https:\/\/pes-luxembourg.lu\/bascharage\/pt-pt\/wp-json\/wp\/v2\/types\/page"}],"author":[{"embeddable":true,"href":"https:\/\/pes-luxembourg.lu\/bascharage\/pt-pt\/wp-json\/wp\/v2\/users\/1"}],"replies":[{"embeddable":true,"href":"https:\/\/pes-luxembourg.lu\/bascharage\/pt-pt\/wp-json\/wp\/v2\/comments?post=1166"}],"version-history":[{"count":0,"href":"https:\/\/pes-luxembourg.lu\/bascharage\/pt-pt\/wp-json\/wp\/v2\/pages\/1166\/revisions"}],"wp:attachment":[{"href":"https:\/\/pes-luxembourg.lu\/bascharage\/pt-pt\/wp-json\/wp\/v2\/media?parent=1166"}],"curies":[{"name":"wp","href":"https:\/\/api.w.org\/{rel}","templated":true}]}}