{"id":1694,"date":"2019-10-31T01:54:34","date_gmt":"2019-10-31T00:54:34","guid":{"rendered":"https:\/\/pes-luxembourg.lu\/bascharage\/?page_id=1694"},"modified":"2019-10-31T01:54:34","modified_gmt":"2019-10-31T00:54:34","slug":"orthopadesch-physiotherapie","status":"publish","type":"page","link":"https:\/\/pes-luxembourg.lu\/bascharage\/lu\/orthopadesch-physiotherapie\/","title":{"rendered":"Orthop\u00e4desch Physiotherapie"},"content":{"rendered":"<div class=\"fusion-fullwidth fullwidth-box fusion-builder-row-1 nonhundred-percent-fullwidth non-hundred-percent-height-scrolling\" style=\"--awb-border-radius-top-left:0px;--awb-border-radius-top-right:0px;--awb-border-radius-bottom-right:0px;--awb-border-radius-bottom-left:0px;--awb-flex-wrap:wrap;\" ><div class=\"fusion-builder-row fusion-row\"><div class=\"fusion-layout-column fusion_builder_column fusion-builder-column-0 fusion_builder_column_1_1 1_1 fusion-one-full fusion-column-first fusion-column-last\" style=\"--awb-bg-size:cover;\"><div class=\"fusion-column-wrapper fusion-column-has-shadow fusion-flex-column-wrapper-legacy\"><div class=\"fusion-title title fusion-title-1 fusion-title-center fusion-title-text fusion-title-size-one\" style=\"--awb-margin-top-small:10px;--awb-margin-right-small:0px;--awb-margin-bottom-small:10px;--awb-margin-left-small:0px;\"><div class=\"title-sep-container title-sep-container-left\"><div class=\"title-sep sep-double sep-solid\" style=\"border-color:#e0dede;\"><\/div><\/div><span class=\"awb-title-spacer\"><\/span><h1 class=\"fusion-title-heading title-heading-center fusion-responsive-typography-calculated\" style=\"margin:0;--fontSize:34;line-height:1.41;\">Orthop\u00e4desch Rehabilitatioun Nidderk\u00e4erjeng<\/h1><span class=\"awb-title-spacer\"><\/span><div class=\"title-sep-container title-sep-container-right\"><div class=\"title-sep sep-double sep-solid\" style=\"border-color:#e0dede;\"><\/div><\/div><\/div><div class=\"fusion-image-element fusion-image-align-center in-legacy-container\" style=\"text-align:center;--awb-caption-title-font-family:var(--h2_typography-font-family);--awb-caption-title-font-weight:var(--h2_typography-font-weight);--awb-caption-title-font-style:var(--h2_typography-font-style);--awb-caption-title-size:var(--h2_typography-font-size);--awb-caption-title-transform:var(--h2_typography-text-transform);--awb-caption-title-line-height:var(--h2_typography-line-height);--awb-caption-title-letter-spacing:var(--h2_typography-letter-spacing);\"><div class=\"imageframe-align-center\"><span class=\" fusion-imageframe imageframe-none imageframe-1 hover-type-none\" style=\"border:3px solid #f6f6f6;border-radius:50%;\"><img decoding=\"async\" width=\"400\" height=\"381\" title=\"Reeducation Orthopedique\" src=\"https:\/\/pes-luxembourg.lu\/bascharage\/wp-content\/uploads\/sites\/2\/2019\/07\/Reeducation-Orthopedique-400x381.jpg\" alt class=\"img-responsive wp-image-791\" srcset=\"https:\/\/pes-luxembourg.lu\/bascharage\/wp-content\/uploads\/sites\/2\/2019\/07\/Reeducation-Orthopedique-200x191.jpg 200w, https:\/\/pes-luxembourg.lu\/bascharage\/wp-content\/uploads\/sites\/2\/2019\/07\/Reeducation-Orthopedique-400x381.jpg 400w, https:\/\/pes-luxembourg.lu\/bascharage\/wp-content\/uploads\/sites\/2\/2019\/07\/Reeducation-Orthopedique-600x572.jpg 600w, https:\/\/pes-luxembourg.lu\/bascharage\/wp-content\/uploads\/sites\/2\/2019\/07\/Reeducation-Orthopedique-800x763.jpg 800w, https:\/\/pes-luxembourg.lu\/bascharage\/wp-content\/uploads\/sites\/2\/2019\/07\/Reeducation-Orthopedique-1200x1144.jpg 1200w, https:\/\/pes-luxembourg.lu\/bascharage\/wp-content\/uploads\/sites\/2\/2019\/07\/Reeducation-Orthopedique.jpg 1431w\" sizes=\"(max-width: 800px) 100vw, 1200px\" \/><\/span><\/div><\/div><div class=\"fusion-sep-clear\"><\/div><div class=\"fusion-separator fusion-full-width-sep\" style=\"margin-left: auto;margin-right: auto;margin-top:20px;margin-bottom:20px;width:100%;\"><div class=\"fusion-separator-border sep-shadow\" style=\"--awb-height:20px;--awb-amount:20px;background:radial-gradient(ellipse at 50% -50% , #e0dede 0px, rgba(255, 255, 255, 0) 80%) repeat scroll 0 0 rgba(0, 0, 0, 0);background:-webkit-radial-gradient(ellipse at 50% -50% , #e0dede 0px, rgba(255, 255, 255, 0) 80%) repeat scroll 0 0 rgba(0, 0, 0, 0);background:-moz-radial-gradient(ellipse at 50% -50% , #e0dede 0px, rgba(255, 255, 255, 0) 80%) repeat scroll 0 0 rgba(0, 0, 0, 0);background:-o-radial-gradient(ellipse at 50% -50% , #e0dede 0px, rgba(255, 255, 255, 0) 80%) repeat scroll 0 0 rgba(0, 0, 0, 0);\"><\/div><\/div><div class=\"fusion-sep-clear\"><\/div><div class=\"fusion-text fusion-text-1\"><p><strong>Orthop\u00e4desch<\/strong> an <strong>traumatologesch<\/strong> <strong>Rehabilitatioun<\/strong> g\u00ebtt meeschtens no Muskuloskeletallchirurgie gemaach, meeschtens w\u00e9inst Osteoarthritis oder no enger Verletzung, ob oper\u00e9iert oder net (Strooss Accident, Fall, Sportverletzung, etc.).<\/p>\n<p>Et kann een och schw\u00e4tzen vun orthop\u00e4descher Kaltchirurgie (<strong>orthop\u00e4desch<\/strong>) wann et programm\u00e9iert ass w\u00e9i d&#8217;Installatioun vun enger Prothese am Kader vun fortgeschrattem Osteoarthritis, oder waarm (<strong>traumatologesch<\/strong>) fir d\u00e9i dr\u00e9ngend Interventiounen no engem Accident. Am Fall vu geplangte Operatiounen, rode mir Iech e <a href=\"https:\/\/pes-luxembourg.lu\/bascharage\/contact\/\">Rendez-vous ze maachen fir \u00c4r Rehabilitatioun virun der Chirurgie<\/a>.<\/p>\n<p><a href=\"https:\/\/pes-luxembourg.lu\/bascharage\/kinesitherapeutes-bascharage\/\">Eis Physiotherapeute<\/a> k\u00ebnnen d\u00ebs <a href=\"https:\/\/pes-luxembourg.lu\/bascharage\/consultation-kinesitherapie-luxembourg\/\">Rehabilitatiounen ufanks doheem ubidden<\/a>, wann de Chirurg et spezifiz\u00e9iert.<\/p>\n<p>Wann \u00c4r Reesen er\u00ebm m\u00e9iglech gemaach gi vun der Autonomie d\u00e9i fonnt g\u00ebtt, g\u00ebtt d&#8217;Rehabilitatioun weider am B\u00fcro. Tats\u00e4chlech ass orthop\u00e4desch an traumatologesch Rehabilitatioun am B\u00fcro m\u00e9i komplett duerch d&#8217;Ausr\u00fcstung op der Plaz a m\u00e9i laang Sessiounen<\/p>\n<\/div><div class=\"fusion-title title fusion-title-2 fusion-sep-none fusion-title-text fusion-title-size-two\" style=\"--awb-margin-top-small:10px;--awb-margin-right-small:0px;--awb-margin-bottom-small:10px;--awb-margin-left-small:0px;\"><h2 class=\"fusion-title-heading title-heading-left fusion-responsive-typography-calculated\" style=\"margin:0;--fontSize:28;line-height:1.5;\">Orthop\u00e4desch Rehabilitatioun<\/h2><\/div><div class=\"fusion-text fusion-text-2\"><p>Wann eng Bedingung d&#8217;Gelenker a periartikul\u00e4re Strukturen beaflosst, kann funktionell Onbequemheet a Schmerz de Patient erfuerderen eng Chirurgie ze maachen d\u00e9i geplangt ass &#8211; Hipprothese (PTH), Arthrodesis vun der Wirbels\u00e4it, Knieprothese (TKA) etc. &#8230; <a href=\"https:\/\/pes-luxembourg.lu\/bascharage\/kinesitherapeutes-bascharage\/\">\u00c4re Physiotherapeut<\/a> w\u00e4ert dann postoperativ interven\u00e9ieren fir den \u00d6dem ze verbesseren, Erhuelung vun Amplituden a Funktioun. D&#8217;Zil hei ass d\u00e9i schnellst Autonomie ze fannen d\u00e9i d&#8217;Haaptziel vun der Chirurgie ass. <a href=\"https:\/\/pes-luxembourg.lu\/bascharage\/kinesitherapeutes-bascharage\/\">\u00c4re Kin\u00e9<\/a> w\u00e4ert an enke Kontakt mam Chirurg sinn a w\u00e4ert seng Behandlung no sengen Instruktiounen upassen. Hie w\u00e4ert de Patient w\u00e4hrend senger Rehabilitatioun begleeden fir dat oper\u00e9iert Ber\u00e4ich ze retten an Komplikatiounen ze vermeiden.<\/p>\n<p>Wann eng Operatioun geplangt ass, ass et interessant, am Accord mat \u00c4rem Dokter, eng preoperativ Re-Ausbildung opzebauen fir se ze prepar\u00e9ieren. Tats\u00e4chlech, no der Operatioun, w\u00e4ert e muskul\u00e4re Guss s\u00e9ier settelen a kann duerch eng Verst\u00e4erkung upstream limit\u00e9iert ginn.<\/p>\n<\/div><div class=\"fusion-title title fusion-title-3 fusion-sep-none fusion-title-text fusion-title-size-two\" style=\"--awb-margin-top-small:10px;--awb-margin-right-small:0px;--awb-margin-bottom-small:10px;--awb-margin-left-small:0px;\"><h2 class=\"fusion-title-heading title-heading-left fusion-responsive-typography-calculated\" style=\"margin:0;--fontSize:28;line-height:1.5;\">Traumatologesch Rehabilitatioun<\/h2><\/div><div class=\"fusion-text fusion-text-3\"><p>Et follegt en Accident oder e Fall. Ofh\u00e4ngeg vun der Natur vun de L\u00e4sionen (Fraktur, Entlocatioun, Sprain &#8230;) an der Behandlung, d\u00e9i den Dokter agefouert huet (Immobilis\u00e9ierung \u00ebnner Splitter, Putz oder Chirurgie), w\u00e4ert de Loun orient\u00e9iert ginn fir Rehabilitatiounssitzungen unzef\u00e4nken. No enger Evaluatioun vun de Restriktiounen, d\u00e9i duerch den Trauma an der Behandlung verursaacht ginn, propos\u00e9iert <a href=\"https:\/\/pes-luxembourg.lu\/bascharage\/kinesitherapeutes-bascharage\/\">\u00c4re Physiotherapeut<\/a> eng adapt\u00e9iert Behandlung d\u00e9i d&#8217;Wonnheilung an \u00c4r Erhuelungsziler respekt\u00e9iert.<\/p>\n<\/div><div class=\"fusion-clearfix\"><\/div><\/div><\/div><\/div><\/div>\n","protected":false},"excerpt":{"rendered":"","protected":false},"author":2,"featured_media":0,"parent":0,"menu_order":0,"comment_status":"closed","ping_status":"closed","template":"","meta":{"_seopress_robots_primary_cat":"","_seopress_titles_title":"","_seopress_titles_desc":"","_seopress_robots_index":"","footnotes":""},"class_list":["post-1694","page","type-page","status-publish","hentry"],"_links":{"self":[{"href":"https:\/\/pes-luxembourg.lu\/bascharage\/lu\/wp-json\/wp\/v2\/pages\/1694","targetHints":{"allow":["GET"]}}],"collection":[{"href":"https:\/\/pes-luxembourg.lu\/bascharage\/lu\/wp-json\/wp\/v2\/pages"}],"about":[{"href":"https:\/\/pes-luxembourg.lu\/bascharage\/lu\/wp-json\/wp\/v2\/types\/page"}],"author":[{"embeddable":true,"href":"https:\/\/pes-luxembourg.lu\/bascharage\/lu\/wp-json\/wp\/v2\/users\/2"}],"replies":[{"embeddable":true,"href":"https:\/\/pes-luxembourg.lu\/bascharage\/lu\/wp-json\/wp\/v2\/comments?post=1694"}],"version-history":[{"count":0,"href":"https:\/\/pes-luxembourg.lu\/bascharage\/lu\/wp-json\/wp\/v2\/pages\/1694\/revisions"}],"wp:attachment":[{"href":"https:\/\/pes-luxembourg.lu\/bascharage\/lu\/wp-json\/wp\/v2\/media?parent=1694"}],"curies":[{"name":"wp","href":"https:\/\/api.w.org\/{rel}","templated":true}]}}