{"id":1618,"date":"2019-10-30T23:31:26","date_gmt":"2019-10-30T22:31:26","guid":{"rendered":"https:\/\/pes-luxembourg.lu\/bascharage\/?page_id=1618"},"modified":"2023-04-10T20:13:53","modified_gmt":"2023-04-10T18:13:53","slug":"physiotherapeut-nidderkaerjeng-florian-savaris","status":"publish","type":"page","link":"https:\/\/pes-luxembourg.lu\/bascharage\/lu\/physiotherapeut-nidderkaerjeng-florian-savaris\/","title":{"rendered":"Physiotherapeut Nidderk\u00e4erjeng Florian Savaris"},"content":{"rendered":"<div class=\"fusion-fullwidth fullwidth-box fusion-builder-row-1 nonhundred-percent-fullwidth non-hundred-percent-height-scrolling\" style=\"--awb-border-radius-top-left:0px;--awb-border-radius-top-right:0px;--awb-border-radius-bottom-right:0px;--awb-border-radius-bottom-left:0px;--awb-flex-wrap:wrap;\" ><div class=\"fusion-builder-row fusion-row\"><div class=\"fusion-layout-column fusion_builder_column fusion-builder-column-0 fusion_builder_column_1_1 1_1 fusion-one-full fusion-column-first fusion-column-last\" style=\"--awb-bg-size:cover;\"><div class=\"fusion-column-wrapper fusion-flex-column-wrapper-legacy\"><div class=\"fusion-title title fusion-title-1 fusion-title-center fusion-title-text fusion-title-size-one\" style=\"--awb-margin-top-small:10px;--awb-margin-right-small:0px;--awb-margin-bottom-small:10px;--awb-margin-left-small:0px;\"><div class=\"title-sep-container title-sep-container-left\"><div class=\"title-sep sep-double sep-solid\" style=\"border-color:#e0dede;\"><\/div><\/div><span class=\"awb-title-spacer\"><\/span><h1 class=\"fusion-title-heading title-heading-center fusion-responsive-typography-calculated\" style=\"margin:0;--fontSize:34;line-height:1.41;\"><p style=\"text-align: justify;\">Physiotherapeut Nidderk\u00e4erjeng Florian Savaris<\/p>\n<p style=\"text-align: justify;\"><\/h1><span class=\"awb-title-spacer\"><\/span><div class=\"title-sep-container title-sep-container-right\"><div class=\"title-sep sep-double sep-solid\" style=\"border-color:#e0dede;\"><\/div><\/div><\/div><div class=\"fusion-clearfix\"><\/div><\/div><\/div><div class=\"fusion-layout-column fusion_builder_column fusion-builder-column-1 fusion_builder_column_1_1 1_1 fusion-one-full fusion-column-first fusion-column-last\" style=\"--awb-bg-size:cover;\"><div class=\"fusion-column-wrapper fusion-flex-column-wrapper-legacy\"><div class=\"fusion-person person fusion-person-left fusion-person-1 fusion-person-icon-top\" style=\"--awb-pic-style-color:#000000;--awb-pic-borderradius:20px;--awb-margin-top:0px;--awb-margin-right:0px;--awb-margin-bottom:0px;--awb-margin-left:0px;--awb-social-box-border-top:0px;--awb-social-box-border-right:0px;--awb-social-box-border-bottom:0px;--awb-social-box-border-left:0px;--awb-social-box-border-color:var(--awb-color3);--awb-social-box-border-color-hover:var(--awb-color4);--awb-social-box-colors-hover:rgba(232,232,232,0.8);--awb-social-icon-boxed-colors:#e8e8e8;--awb-social-icon-colors:#82c9f0;--awb-social-icon-colors-hover:rgba(130,201,240,0.8);\"><div class=\"person-shortcode-image-wrapper\"><div class=\"person-image-container hover-type-none person-rounded-overflow\" style=\"-webkit-border-radius:20px;-moz-border-radius:20px;border-radius:20px;border:0px solid #f6f6f6;-webkit-border-radius:20px;-moz-border-radius:20px;border-radius:20px;\"><img decoding=\"async\" class=\"person-img img-responsive wp-image-8221\" width=\"400\" height=\"400\" src=\"https:\/\/pes-luxembourg.lu\/bascharage\/wp-content\/uploads\/sites\/2\/2019\/04\/Florian-Savaris-Kin\u00e9sith\u00e9rapeute-400x400.jpg\" alt=\"Florian Savaris\" srcset=\"https:\/\/pes-luxembourg.lu\/bascharage\/wp-content\/uploads\/sites\/2\/2019\/04\/Florian-Savaris-Kin\u00e9sith\u00e9rapeute-200x200.jpg 200w, https:\/\/pes-luxembourg.lu\/bascharage\/wp-content\/uploads\/sites\/2\/2019\/04\/Florian-Savaris-Kin\u00e9sith\u00e9rapeute-400x400.jpg 400w, https:\/\/pes-luxembourg.lu\/bascharage\/wp-content\/uploads\/sites\/2\/2019\/04\/Florian-Savaris-Kin\u00e9sith\u00e9rapeute-600x600.jpg 600w, https:\/\/pes-luxembourg.lu\/bascharage\/wp-content\/uploads\/sites\/2\/2019\/04\/Florian-Savaris-Kin\u00e9sith\u00e9rapeute.jpg 700w\" sizes=\"(max-width: 800px) 100vw, 400px\" \/><\/div><\/div><div class=\"person-desc\"><div class=\"person-author\"><div class=\"person-author-wrapper\"><span class=\"person-name\">Florian Savaris<\/span><span class=\"person-title\">Kin\u00e9sitherapeut<\/span><\/div><\/div><div class=\"person-content fusion-clearfix\"><\/div><\/div><\/div><div class=\"fusion-text fusion-text-1\"><p style=\"text-align: justify;\">De <strong>Florian Savaris<\/strong>, \u00c4re Physiotherapeut zu Nidderk\u00e4erjeng, huet e Master an der Physiotherapie vun der ULB (<a href=\"https:\/\/www.ulb.be\">Fr\u00e4i Universit\u00e9it vu Br\u00e9issel<\/a>) kritt am August 2016. W\u00e4rend sengem Studium gouf hien an enger grousser Zuel vun theoreteschen Themen train\u00e9iert, \u00ebnner deenen den Anatomie, allgemeng Physiologie, Spezial a Bewegung, Biomechanik, Physiologie, Sport, medizinesch a chirurgesch Pathologien, Orthop\u00e4die vun den Uewer- an \u00ebnneschte Glidder, Neurologie, Atmung, Herz- a vaskul\u00e4r Revalidatioun, Geriatrie, medizinesch Imaging, palliativ Pfleeg, etc &#8230; awer och zu ville praktesche F\u00e4cher w\u00e9i cardio-respiratoresch Rehabilitatioun, Massage, Mobilis\u00e9ierung, neurologesch Rehabilitatioun, spezialis\u00e9iert Techniken, Examen a Bew\u00e4ertungen an der Physiotherapie, orthopedescher Rehabilitatioun a Sport , d&#8217;palpatoresch Anatomie, etc &#8230; net fir d\u00e9i klinesch L\u00e9ier ze ernimmen wou hien d&#8217;Gelee\u00ebnheet hat ze huelen zoust\u00e4nneg fir Puppelcher, Kanner, Jugendlecher, schwanger Fraen, Senioren an Athleten.<\/p>\n<p style=\"text-align: justify;\">De klineschen Deel gouf a verschiddenen Departementer vum <a href=\"https:\/\/www.erasme.ulb.ac.be\">Erasmus Spidol<\/a> a besonnesch an der <a href=\"https:\/\/www.erasme.ulb.ac.be\/fr\/services-de-soins\/services-medicaux\/soins-intensifs#apropos\">Intensivstatiounseenheet<\/a> duerchgefouert, wou \u00c4re Physiotherapeut Florian Savaris s\u00e4i Memoir realis\u00e9iert huet &#8220;Funktionell Auswierkunge vun engem Openthalt m\u00e9i w\u00e9i 5 Deeg an der Intensivsorgeenheet&#8221;, d&#8217;Er\u00ebnnerung huet hien mat Grouss \u00cbnnerscheedung \u00ebnnerst\u00ebtzt an d\u00e9i op de <a href=\"https:\/\/www.lesjfn.fr\/\">Francophon Days of Nutrition<\/a> an dem <a href=\"https:\/\/www.esicm.org\/\">Congress of Intensive Care zu Mailand<\/a> present\u00e9iert gouf. Hie konnt och niewent dem Ralph Delire am <a href=\"https:\/\/www.crfna.be\/\">Centre for Ambulatory Neurological Ambulatory Rehabilitation fir Erwuessener vum Erasmus Hospital<\/a> schaffen an doduerch seng Gestioun vu Patienten mat neurologesche St\u00e9ierunge verbesseren. Wat d&#8217;Traumatologie an der postoperative Rehabilitatioun hat, hat hien d&#8217;Chance am <a href=\"https:\/\/rehazenter.lu\/\">Rehazenter<\/a> awer och am <a href=\"http:\/\/www.kineos.fr\">Kineos<\/a> Zentrum zu Metz ze schaffen, wou hien d&#8217;F\u00e4egkeet vum <a href=\"https:\/\/www.fcmetz.com\">FC Metz<\/a> Foussballspiller awer och <a href=\"https:\/\/www.metz-handball.com\/\">Metz Handballspiller<\/a> konnt iwwerhuelen. , w\u00e9i <a href=\"https:\/\/fr.wikipedia.org\/wiki\/Orlane_Kanor\">Orlane Kanor<\/a>, Welt an europ\u00e4eschen Handball Champion.<\/p>\n<div class=\"tlid-results-container results-container\" style=\"text-align: justify;\">\n<div class=\"tlid-result result-dict-wrapper\">\n<div class=\"result tlid-copy-target\">\n<div class=\"text-wrap tlid-copy-target\">\n<div class=\"result-shield-container tlid-copy-target\"><span class=\"tlid-translation translation\" lang=\"lb\"><span class=\"\" title=\"\">No senge Studien, \u00c4re Kin\u00e9 zu K\u00e4erjeng, hat de Florian Savaris d&#8217;Gelee\u00ebnheet a verschiddene Kabinen am S\u00fcden an am Zentrum vu L\u00ebtzebuerg ze schaffen fir seng Praxis ze perfektion\u00e9ieren.<\/span> <span class=\"\" title=\"\">Duerno huet hien decid\u00e9iert de Cabinet am Juli 2018 ze iwwerhuelen an huet hien am P\u00f4le Equilibre &amp; Sant\u00e9 Netz gemaach fir den \u00e9ischten P\u00f4le Equilibre &amp; Sant\u00e9 Center zu L\u00ebtzebuerg ze ginn.<\/span><\/span><\/div>\n<\/div>\n<\/div>\n<\/div>\n<\/div>\n<p class=\"Standard\" style=\"text-align: justify;\"><span lang=\"FR-BE\">\u00a0<\/span><\/p>\n<p style=\"text-align: justify;\">\n<\/div><div class=\"fusion-title title fusion-title-2 fusion-title-center fusion-title-text fusion-title-size-one\" style=\"--awb-margin-top-small:10px;--awb-margin-right-small:0px;--awb-margin-bottom-small:10px;--awb-margin-left-small:0px;\"><div class=\"title-sep-container title-sep-container-left\"><div class=\"title-sep sep-double sep-solid\" style=\"border-color:#e0dede;\"><\/div><\/div><span class=\"awb-title-spacer\"><\/span><h1 class=\"fusion-title-heading title-heading-center fusion-responsive-typography-calculated\" style=\"margin:0;--fontSize:34;line-height:1.41;\"><p style=\"text-align: justify;\">Maacht e Rendez-vous online mam Florian Savaris<\/p>\n<p style=\"text-align: justify;\"><\/h1><span class=\"awb-title-spacer\"><\/span><div class=\"title-sep-container title-sep-container-right\"><div class=\"title-sep sep-double sep-solid\" style=\"border-color:#e0dede;\"><\/div><\/div><\/div><div class=\"fusion-text fusion-text-2\"><section data-toggle=\"doc-calendar\" data-picture=\"1\" data-doctor-eid=\"5be45c30-eb06-41af-9757-354a012c8f96\" data-language=\"lu\"><\/section>\n<p style=\"text-align: justify;\"><script src=\"https:\/\/api.doctena.lu\/js\/widgetBooking\/calendar\/build.php\"><\/script><\/p>\n<\/div><div class=\"fusion-clearfix\"><\/div><\/div><\/div><\/div><\/div>\n","protected":false},"excerpt":{"rendered":"","protected":false},"author":2,"featured_media":0,"parent":0,"menu_order":0,"comment_status":"closed","ping_status":"closed","template":"","meta":{"_seopress_robots_primary_cat":"","_seopress_titles_title":"","_seopress_titles_desc":"","_seopress_robots_index":"","footnotes":""},"class_list":["post-1618","page","type-page","status-publish","hentry"],"_links":{"self":[{"href":"https:\/\/pes-luxembourg.lu\/bascharage\/lu\/wp-json\/wp\/v2\/pages\/1618","targetHints":{"allow":["GET"]}}],"collection":[{"href":"https:\/\/pes-luxembourg.lu\/bascharage\/lu\/wp-json\/wp\/v2\/pages"}],"about":[{"href":"https:\/\/pes-luxembourg.lu\/bascharage\/lu\/wp-json\/wp\/v2\/types\/page"}],"author":[{"embeddable":true,"href":"https:\/\/pes-luxembourg.lu\/bascharage\/lu\/wp-json\/wp\/v2\/users\/2"}],"replies":[{"embeddable":true,"href":"https:\/\/pes-luxembourg.lu\/bascharage\/lu\/wp-json\/wp\/v2\/comments?post=1618"}],"version-history":[{"count":0,"href":"https:\/\/pes-luxembourg.lu\/bascharage\/lu\/wp-json\/wp\/v2\/pages\/1618\/revisions"}],"wp:attachment":[{"href":"https:\/\/pes-luxembourg.lu\/bascharage\/lu\/wp-json\/wp\/v2\/media?parent=1618"}],"curies":[{"name":"wp","href":"https:\/\/api.w.org\/{rel}","templated":true}]}}