{"id":1522,"date":"2019-10-28T18:33:11","date_gmt":"2019-10-28T17:33:11","guid":{"rendered":"https:\/\/pes-luxembourg.lu\/bascharage\/?page_id=1522"},"modified":"2019-10-28T18:33:11","modified_gmt":"2019-10-28T17:33:11","slug":"definitioun","status":"publish","type":"page","link":"https:\/\/pes-luxembourg.lu\/bascharage\/lu\/definitioun\/","title":{"rendered":"Definitioun"},"content":{"rendered":"<div class=\"fusion-fullwidth fullwidth-box fusion-builder-row-1 nonhundred-percent-fullwidth non-hundred-percent-height-scrolling\" style=\"--awb-border-radius-top-left:0px;--awb-border-radius-top-right:0px;--awb-border-radius-bottom-right:0px;--awb-border-radius-bottom-left:0px;--awb-flex-wrap:wrap;\" ><div class=\"fusion-builder-row fusion-row\"><div class=\"fusion-layout-column fusion_builder_column fusion-builder-column-0 fusion_builder_column_1_1 1_1 fusion-one-full fusion-column-first fusion-column-last\" style=\"--awb-bg-size:cover;\"><div class=\"fusion-column-wrapper fusion-flex-column-wrapper-legacy\"><div class=\"fusion-title title fusion-title-1 fusion-title-center fusion-title-text fusion-title-size-one\" style=\"--awb-margin-top-small:10px;--awb-margin-right-small:0px;--awb-margin-bottom-small:10px;--awb-margin-left-small:0px;\"><div class=\"title-sep-container title-sep-container-left\"><div class=\"title-sep sep-double sep-solid\" style=\"border-color:#e0dede;\"><\/div><\/div><span class=\"awb-title-spacer\"><\/span><h1 class=\"fusion-title-heading title-heading-center fusion-responsive-typography-calculated\" style=\"margin:0;--fontSize:34;line-height:1.41;\">Osteopathie<\/h1><span class=\"awb-title-spacer\"><\/span><div class=\"title-sep-container title-sep-container-right\"><div class=\"title-sep sep-double sep-solid\" style=\"border-color:#e0dede;\"><\/div><\/div><\/div><div class=\"fusion-title title fusion-title-2 fusion-sep-none fusion-title-text fusion-title-size-two\" style=\"--awb-margin-top-small:10px;--awb-margin-right-small:0px;--awb-margin-bottom-small:10px;--awb-margin-left-small:0px;\"><h2 class=\"fusion-title-heading title-heading-left fusion-responsive-typography-calculated\" style=\"margin:0;--fontSize:28;line-height:1.5;\"><p data-fontsize=\"28\" data-lineheight=\"42\">Etymologie<\/p><\/h2><\/div><div class=\"fusion-text fusion-text-1\"><p>D&#8217;Etymologie vum Wuert <strong>Osteopathie<\/strong> k\u00ebnnt aus der Kombinatioun vun zwou griichesche Wuerzelen n\u00e4mlech:<\/p>\n<ul>\n<li>Osteon, wat b\u00e9is heescht (osteo), kann hei op eng m\u00e9i allgemeng Man\u00e9ier ageholl ginn a bez\u00e9ien sech op d&#8217;Notioun vun der Dicht. Tats\u00e4chlech, d\u00e9i \u00e9ischt, d\u00e9i d\u00ebse Begr\u00ebff benotzt hunn, waren Angels\u00e4chsesch mam Begr\u00ebff &#8220;Osteopathie&#8221;, oder &#8220;Schanken&#8221; op Englesch g\u00ebtt &#8220;Schanken&#8221; genannt. Also hei hu mir keng etymologesch Exklusivit\u00e9it mat Knochengewebe.<\/li>\n<li>Pathos wat Leed heescht (Pathologie).<\/li>\n<\/ul>\n<\/div><div class=\"fusion-title title fusion-title-3 fusion-sep-none fusion-title-text fusion-title-size-two\" style=\"--awb-margin-top-small:10px;--awb-margin-right-small:0px;--awb-margin-bottom-small:10px;--awb-margin-left-small:0px;\"><h2 class=\"fusion-title-heading title-heading-left fusion-responsive-typography-calculated\" style=\"margin:0;--fontSize:28;line-height:1.5;\"><p data-fontsize=\"28\" data-lineheight=\"42\">Definitioun vu Osteopathie<\/p><\/h2><\/div><div class=\"fusion-text fusion-text-2\"><p style=\"text-align: justify\"><img decoding=\"async\" class=\"aligncenter wp-image-2240\" src=\"https:\/\/pes-moselle.fr\/yutz\/wp-content\/uploads\/sites\/2\/2013\/04\/Still-769x1024.jpg\" alt=\"still\" width=\"225\" height=\"300\" \/><\/p>\n<p><strong>Osteopathie<\/strong> ass eng manuell Therapie, d\u00e9i an den USA entw\u00e9ckelt gouf vum Dr Andrew Taylor Still am Joer 1874. Et erm\u00e9iglecht d&#8217;Mobilit\u00e9itsbeschr\u00e4nkunge vu verschiddene Strukturen ze diagnostiz\u00e9ieren an ze behandelen (Schanken, Muskelen, Ligamenten, Organer, Viscera, Fasias &#8230;) vum Kierper dat schlussendlech zu Funktiounsst\u00e9ierunge f\u00e9iere kann.<\/p>\n<p>Den <strong>Osteopath<\/strong> ber\u00e9cksiichtegt de Patient als e Ganzt andeems hien op en d\u00e9iwe W\u00ebssen vun der Anatomie vertrauen, Physiologie, Biomechanik, Pathologie\u2026.<\/p>\n<\/div><div class=\"fusion-title title fusion-title-4 fusion-sep-none fusion-title-text fusion-title-size-two\" style=\"--awb-margin-top-small:10px;--awb-margin-right-small:0px;--awb-margin-bottom-small:10px;--awb-margin-left-small:0px;\"><h2 class=\"fusion-title-heading title-heading-left fusion-responsive-typography-calculated\" style=\"margin:0;--fontSize:28;line-height:1.5;\"><p data-fontsize=\"28\" data-lineheight=\"42\">Prinzipien<\/p><\/h2><\/div><div class=\"fusion-text fusion-text-3\"><p>D\u00ebs Prinzipien si 5 am Zuelen a ginn d&#8217;5 Prinzipien vum Still benannt.<\/p>\n<ul>\n<li><strong>Gronds\u00e4tzlechkeet:<\/strong> De M\u00ebnsch muss als Ganzt betruecht ginn. Dat heescht datt mir d&#8217;Geschicht vum Patient musse ber\u00fccksichtegen (seng Vergaangenheet, seng Geschenk, seng Psyche, s\u00e4i sozialt \u00cbmfeld, awer och seng Aktivit\u00e9iten, seng Aarbecht &#8230;) a besonnesch net vergiessen datt de m\u00ebnschleche Kierper e Ganzt ass Elementer. D\u00ebs Elementer si matenee verbonne a sinn an der Kontinuit\u00e9it, si k\u00ebnnen net onofh\u00e4ngeg vuneneen oper\u00e9ieren.<\/li>\n<li><strong>Prinzip vun der Struktur \/ Funktiounsrelatioun:<\/strong> Et g\u00ebtt eng permanent \u00cbnnerh\u00e4ngegkeet t\u00ebscht de Strukturen a Funktioune vun der Organisatioun. Dat ass, all Funktioun h\u00e4nkt vu Strukturen of, awer och all Struktur h\u00e4nkt vu Funktiounen of. En Defekt vun deem een \u200b\u200bw\u00e4ert zwangsleefeg op deen aneren zr\u00e9ckklicken.<\/li>\n<li>P<strong>rinzip vum &#8220;Liewen ass Bewegung&#8221;:<\/strong> Fir datt physiologesch Gesetzer an alle Kierperstrukture applicabel sinn, musse d\u00ebs Strukture f\u00e4eg sinn ouni Mobilisatiounen ze mobilis\u00e9ieren.<\/li>\n<li><strong>Prinzip vun der Selbstheilung:<\/strong> Grouss Trauma ausgeschloss (kierperlech oder emotional) a wann de Liewensstil richteg ass, kann de Kierper eng gutt Gesondheet ouni H\u00ebllef vu baussen behalen.<\/li>\n<li><strong>Prinzip vum Gesetz vun der Arterie:<\/strong> All Zirkulatioun vum Kierper muss onbed\u00e9ngt fr\u00e4i a fl\u00ebsseg sinn, egal ob et d&#8217;Blutzirkulatioun ass, lymfatesch, Fl\u00ebssegkeeten intra \/ extra \/ interzellul\u00e4r, awer och den Nervensystem, asw &#8230; Integrit\u00e9it vun d\u00ebse Systemer ass en onbestreidegend Zoustand fir eng gutt Gesondheet.<\/li>\n<\/ul>\n<\/div><div class=\"fusion-clearfix\"><\/div><\/div><\/div><\/div><\/div>\n","protected":false},"excerpt":{"rendered":"","protected":false},"author":2,"featured_media":0,"parent":0,"menu_order":0,"comment_status":"closed","ping_status":"closed","template":"","meta":{"_seopress_robots_primary_cat":"","_seopress_titles_title":"","_seopress_titles_desc":"","_seopress_robots_index":"","footnotes":""},"class_list":["post-1522","page","type-page","status-publish","hentry"],"_links":{"self":[{"href":"https:\/\/pes-luxembourg.lu\/bascharage\/lu\/wp-json\/wp\/v2\/pages\/1522","targetHints":{"allow":["GET"]}}],"collection":[{"href":"https:\/\/pes-luxembourg.lu\/bascharage\/lu\/wp-json\/wp\/v2\/pages"}],"about":[{"href":"https:\/\/pes-luxembourg.lu\/bascharage\/lu\/wp-json\/wp\/v2\/types\/page"}],"author":[{"embeddable":true,"href":"https:\/\/pes-luxembourg.lu\/bascharage\/lu\/wp-json\/wp\/v2\/users\/2"}],"replies":[{"embeddable":true,"href":"https:\/\/pes-luxembourg.lu\/bascharage\/lu\/wp-json\/wp\/v2\/comments?post=1522"}],"version-history":[{"count":0,"href":"https:\/\/pes-luxembourg.lu\/bascharage\/lu\/wp-json\/wp\/v2\/pages\/1522\/revisions"}],"wp:attachment":[{"href":"https:\/\/pes-luxembourg.lu\/bascharage\/lu\/wp-json\/wp\/v2\/media?parent=1522"}],"curies":[{"name":"wp","href":"https:\/\/api.w.org\/{rel}","templated":true}]}}