{"id":1435,"date":"2019-10-25T17:38:43","date_gmt":"2019-10-25T15:38:43","guid":{"rendered":"https:\/\/pes-luxembourg.lu\/bascharage\/?page_id=1435"},"modified":"2019-10-25T17:38:43","modified_gmt":"2019-10-25T15:38:43","slug":"osteopathie-kand-jugendlecher","status":"publish","type":"page","link":"https:\/\/pes-luxembourg.lu\/bascharage\/lu\/osteopathie-kand-jugendlecher\/","title":{"rendered":"Osteopathie Kand Jugendlecher"},"content":{"rendered":"<div class=\"fusion-fullwidth fullwidth-box fusion-builder-row-1 nonhundred-percent-fullwidth non-hundred-percent-height-scrolling\" style=\"--awb-border-radius-top-left:0px;--awb-border-radius-top-right:0px;--awb-border-radius-bottom-right:0px;--awb-border-radius-bottom-left:0px;--awb-flex-wrap:wrap;\" ><div class=\"fusion-builder-row fusion-row\"><div class=\"fusion-layout-column fusion_builder_column fusion-builder-column-0 fusion_builder_column_1_1 1_1 fusion-one-full fusion-column-first fusion-column-last\" style=\"--awb-bg-size:cover;\"><div class=\"fusion-column-wrapper fusion-flex-column-wrapper-legacy\"><div class=\"fusion-title title fusion-title-1 fusion-title-center fusion-title-text fusion-title-size-one\" style=\"--awb-margin-top-small:10px;--awb-margin-right-small:0px;--awb-margin-bottom-small:10px;--awb-margin-left-small:0px;\"><div class=\"title-sep-container title-sep-container-left\"><div class=\"title-sep sep-double sep-solid\" style=\"border-color:#e0dede;\"><\/div><\/div><span class=\"awb-title-spacer\"><\/span><h1 class=\"fusion-title-heading title-heading-center fusion-responsive-typography-calculated\" style=\"margin:0;--fontSize:34;line-height:1.41;\">Osteopathie fir Kand \/Jugendlecher<\/h1><span class=\"awb-title-spacer\"><\/span><div class=\"title-sep-container title-sep-container-right\"><div class=\"title-sep sep-double sep-solid\" style=\"border-color:#e0dede;\"><\/div><\/div><\/div><div class=\"fusion-clearfix\"><\/div><\/div><\/div><div class=\"fusion-layout-column fusion_builder_column fusion-builder-column-1 fusion_builder_column_1_4 1_4 fusion-one-fourth fusion-column-first\" style=\"--awb-bg-size:cover;width:25%;width:calc(25% - ( ( 4% + 4% ) * 0.25 ) );margin-right: 4%;\"><div class=\"fusion-column-wrapper fusion-flex-column-wrapper-legacy\"><div class=\"fusion-clearfix\"><\/div><\/div><\/div><div class=\"fusion-layout-column fusion_builder_column fusion-builder-column-2 fusion_builder_column_1_2 1_2 fusion-one-half\" style=\"--awb-bg-size:cover;width:50%;width:calc(50% - ( ( 4% + 4% ) * 0.5 ) );margin-right: 4%;\"><div class=\"fusion-column-wrapper fusion-flex-column-wrapper-legacy\"><div class=\"fusion-image-element fusion-image-align-center in-legacy-container\" style=\"text-align:center;--awb-bottom-shadow-color:rgba(0,0,0,0.4);--awb-caption-title-font-family:var(--h2_typography-font-family);--awb-caption-title-font-weight:var(--h2_typography-font-weight);--awb-caption-title-font-style:var(--h2_typography-font-style);--awb-caption-title-size:var(--h2_typography-font-size);--awb-caption-title-transform:var(--h2_typography-text-transform);--awb-caption-title-line-height:var(--h2_typography-line-height);--awb-caption-title-letter-spacing:var(--h2_typography-letter-spacing);\"><div class=\"imageframe-align-center\"><div class=\"awb-image-frame awb-image-frame-1 awb-bottomshadow\"><span class=\" fusion-imageframe imageframe-bottomshadow imageframe-1 hover-type-none\"><img decoding=\"async\" src=\"https:\/\/pes-moselle.fr\/yutz\/wp-content\/uploads\/sites\/2\/2016\/11\/Ost\u00e9opathie-Enfant.jpg\" alt class=\"img-responsive\"\/><\/span><svg xmlns=\"http:\/\/www.w3.org\/2000\/svg\" version=\"1.1\" width=\"100%\" viewBox=\"0 0 600 28\" preserveAspectRatio=\"none\"><g clip-path=\"url(#a)\"><mask id=\"b\" style=\"mask-type:luminance\" maskUnits=\"userSpaceOnUse\" x=\"0\" y=\"0\" width=\"600\" height=\"28\"><path d=\"M0 0h600v28H0V0Z\" fill=\"#fff\"\/><\/mask><g filter=\"url(#c)\" mask=\"url(#b)\"><path d=\"M16.439-18.667h567.123v30.8S438.961-8.4 300-8.4C161.04-8.4 16.438 12.133 16.438 12.133v-30.8Z\" fill=\"#000\"\/><\/g><\/g><defs><clipPath id=\"a\"><path fill=\"#fff\" d=\"M0 0h600v28H0z\"\/><\/clipPath><filter id=\"c\" x=\"5.438\" y=\"-29.667\" width=\"589.123\" height=\"52.8\" filterUnits=\"userSpaceOnUse\" color-interpolation-filters=\"sRGB\"><feFlood flood-opacity=\"0\" result=\"BackgroundImageFix\"\/><feBlend in=\"SourceGraphic\" in2=\"BackgroundImageFix\" result=\"shape\"\/><feGaussianBlur stdDeviation=\"5.5\" result=\"effect1_foregroundBlur_3983_183\"\/><\/filter><\/defs><\/svg><\/div><\/div><\/div><div class=\"fusion-clearfix\"><\/div><\/div><\/div><div class=\"fusion-layout-column fusion_builder_column fusion-builder-column-3 fusion_builder_column_1_4 1_4 fusion-one-fourth fusion-column-last\" style=\"--awb-bg-size:cover;width:25%;width:calc(25% - ( ( 4% + 4% ) * 0.25 ) );\"><div class=\"fusion-column-wrapper fusion-flex-column-wrapper-legacy\"><div class=\"fusion-clearfix\"><\/div><\/div><\/div><div class=\"fusion-layout-column fusion_builder_column fusion-builder-column-4 fusion_builder_column_1_1 1_1 fusion-one-full fusion-column-first fusion-column-last\" style=\"--awb-padding-top:30px;--awb-bg-size:cover;\"><div class=\"fusion-column-wrapper fusion-flex-column-wrapper-legacy\"><div class=\"fusion-text fusion-text-1\"><p>\u00c4ert Kand ass keen Erwuessenen a m\u00e9i kleng, awer e Vollend mat spezifesche Besoinen. Tats\u00e4chlech ass s\u00e4i Kierper an \u00e9iweger Ver\u00e4nnerung (Wuesstum, Gewiichtvariatioun, etc &#8230;) an hie muss sech upassen.<\/p>\n<p>Wuessen an sech selwer k\u00ebnne St\u00e9ierunge verursaachen, wann et ze s\u00e9ier geschitt oder an anarchesch Man\u00e9ier, an der Muskuloskeletaler Struktur schw\u00e4cht. Trauma w\u00e4hrend enger Aktivit\u00e9it, e Stuerz, eng schlecht Positioun am B\u00fcro, e Schoulsak, en Daum suckelen an en Z\u00e4nnapparat droen, sinn all Contrainten d\u00e9i zu Dysfunktioune f\u00e9ieren bzw. P\u00e9ng op laang Siicht. D&#8217;Kand muss also g\u00e9int d\u00ebs verschidde Contrainten k\u00e4mpfen, wat zu enger grousser Ausgab vun Energie f\u00e9iert an doduerch e Zoustandstoffer verursaacht favorabel d&#8217;Erscheinung vu Sch\u00eblder w\u00e9i Kappw\u00e9i, Middegkeet, Muskelspannung oder souguer Schlofst\u00e9ierungen.<\/p>\n<p>Den Osteopath iwwerpr\u00e9ift d&#8217;Integrit\u00e9it vun de verschiddene muskuloskeletalen, visceralen a vasculonuralen Strukturen fir de beschtm\u00e9igleche Wuesstum vum Kand an d&#8217;Feele vu Schmerz ze garant\u00e9ieren. D\u00ebst ass dank sanft, pr\u00e4zis an passend osteopathesch Techniken. De Praktiker spillt och d&#8217;Roll vum Beroder vum Kand a sengen Elteren fir se z&#8217;inform\u00e9ieren iwwer d&#8217;richteg Attitud\u00eb fir ze hunn an de gesonde Liewensstil fir ze adopt\u00e9ieren.<\/p>\n<p style=\"text-align: center\"><strong>&#8220;Kanner a Jugendlecher sinn \u00ebmmer a Bewegung a vill \u00c4nnerunge f\u00e9iere statt, dofir ass et n\u00e9ideg se w\u00e4hrend d\u00ebser Period ze verfollegen. &#8220;<\/strong><\/p>\n<p>In der Regel, d&#8217;Kand leeft, spr\u00e9ngt, f\u00e4llt a steet op, ouni ze stoppen, en osteopathesche Suivi w\u00e4hrend senger Evolutioun erlaabt him en harmonesche Wuesstum z&#8217;erliichteren a s\u00e9cherzestellen datt d&#8217;Kapazit\u00e9it fir d&#8217;Selbheilung vum Kierper net m\u00e9cht net ustr\u00e4ichen. Osteopathie kann Schmerz vermeiden, deen net bei Kanner a Jugendlecher soll exist\u00e9ieren.<\/p>\n<p>Hei ass eng L\u00ebscht vun Zeechen d\u00e9i dozou f\u00e9ieren datt Dir en Osteopath bei \u00c4rem Kand hutt:<\/p>\n<ul>\n<li>Pr\u00e4ventioun: Joresrapport, Start vun der Sportsaktivit\u00e9it oder der Praxis vun engem Sport, \u00e9ischt Schr\u00ebtt, Virbereedung op e Sportsconcours, Droen vun engem Z\u00e4nnapparat &#8230;<\/li>\n<li>Scoliose, scoliotesch Haltung, Kand dat net riicht stoen &#8230;<\/li>\n<li>R\u00e9ck Schmerz, Muskelschmerz, osteoartikul\u00e4r &#8230;<\/li>\n<li>Wuesse Knorpelerkrankheeten (Osgood-Schlatter, Severs, Scheuermann &#8230;)<\/li>\n<li>Tendonitis (Sehne vun Achilles, Ellbog, Sch\u00ebller &#8230;), P\u00e9ng vun Adduktoren an Pubalgien (Fussball) &#8230;<\/li>\n<li>Kappw\u00e9i, Kappw\u00e9i, Migr\u00e4nen, P\u00e9ng nom Droen vun engem Z\u00e4nnapparat &#8230;<\/li>\n<li>Bauchschmerz, Diarrho, Verstopfung, Bl\u00e4hungen, Regurgitatioun &#8230;<\/li>\n<li>Schwieregkeeten vun der Konzentratioun, Dyslexie, Nervosit\u00e9it, Hyperaktivit\u00e9it, Stress &#8230;<\/li>\n<li>Schlofst\u00e9ierungen<\/li>\n<li>Heefeg kr\u00e4isend, plakegt Kand &#8230;<\/li>\n<li>BMI (Motor a Cerebral Insuffizit\u00e9it)<\/li>\n<li>Hypertonie oder Hypotonie, psychomotoresch St\u00e9ierungen, Verz\u00f6gerungen &#8230;<\/li>\n<li>Best\u00ebmmte auditiv a visuell Beh\u00ebnnerungen<\/li>\n<li>Enuresis oder &#8220;Bettw\u00e4sch&#8221;<\/li>\n<li>Droen vun orthop\u00e4dischen Einlegesohlen oder Fersen<\/li>\n<\/ul>\n<p>D&#8217;Gestioun vum Kand duerch en Osteopath ersetzt op kee Fall d\u00e9i medizinesch Iwwerwaachung vu sengem Kannerdokter oder vun engem aneren Spezialist, deen e brauch. D\u00ebst g\u00ebtt nach m\u00e9i recommand\u00e9iert am wuessend Kand. Tats\u00e4chlech kann d&#8217;Praxis vun engem Sport Traumatis\u00e9iere fir d&#8217;Gelenker (Judo, Tennis, Fussball, Basketball &#8230;) zur Erscheinung vu Wuesstens Knorpel Pathologien f\u00e9ieren, d\u00e9i chronesch debilit\u00e9ierend Schmerz verursaachen an d\u00e9i komplett Verhaftung vun Aktivit\u00e9it.<\/p>\n<\/div><div class=\"fusion-clearfix\"><\/div><\/div><\/div><\/div><\/div>\n","protected":false},"excerpt":{"rendered":"","protected":false},"author":2,"featured_media":0,"parent":0,"menu_order":0,"comment_status":"closed","ping_status":"closed","template":"","meta":{"_seopress_robots_primary_cat":"","_seopress_titles_title":"","_seopress_titles_desc":"","_seopress_robots_index":"","footnotes":""},"class_list":["post-1435","page","type-page","status-publish","hentry"],"_links":{"self":[{"href":"https:\/\/pes-luxembourg.lu\/bascharage\/lu\/wp-json\/wp\/v2\/pages\/1435","targetHints":{"allow":["GET"]}}],"collection":[{"href":"https:\/\/pes-luxembourg.lu\/bascharage\/lu\/wp-json\/wp\/v2\/pages"}],"about":[{"href":"https:\/\/pes-luxembourg.lu\/bascharage\/lu\/wp-json\/wp\/v2\/types\/page"}],"author":[{"embeddable":true,"href":"https:\/\/pes-luxembourg.lu\/bascharage\/lu\/wp-json\/wp\/v2\/users\/2"}],"replies":[{"embeddable":true,"href":"https:\/\/pes-luxembourg.lu\/bascharage\/lu\/wp-json\/wp\/v2\/comments?post=1435"}],"version-history":[{"count":0,"href":"https:\/\/pes-luxembourg.lu\/bascharage\/lu\/wp-json\/wp\/v2\/pages\/1435\/revisions"}],"wp:attachment":[{"href":"https:\/\/pes-luxembourg.lu\/bascharage\/lu\/wp-json\/wp\/v2\/media?parent=1435"}],"curies":[{"name":"wp","href":"https:\/\/api.w.org\/{rel}","templated":true}]}}