{"id":1369,"date":"2019-10-23T17:38:06","date_gmt":"2019-10-23T15:38:06","guid":{"rendered":"https:\/\/pes-luxembourg.lu\/bascharage\/?page_id=1369"},"modified":"2019-10-23T17:38:06","modified_gmt":"2019-10-23T15:38:06","slug":"sportlech-osteopathie","status":"publish","type":"page","link":"https:\/\/pes-luxembourg.lu\/bascharage\/lu\/sportlech-osteopathie\/","title":{"rendered":"sportlech Osteopathie \u00a0"},"content":{"rendered":"<div class=\"fusion-fullwidth fullwidth-box fusion-builder-row-1 nonhundred-percent-fullwidth non-hundred-percent-height-scrolling\" style=\"--awb-border-radius-top-left:0px;--awb-border-radius-top-right:0px;--awb-border-radius-bottom-right:0px;--awb-border-radius-bottom-left:0px;--awb-flex-wrap:wrap;\" ><div class=\"fusion-builder-row fusion-row\"><div class=\"fusion-layout-column fusion_builder_column fusion-builder-column-0 fusion_builder_column_1_1 1_1 fusion-one-full fusion-column-first fusion-column-last\" style=\"--awb-bg-size:cover;\"><div class=\"fusion-column-wrapper fusion-flex-column-wrapper-legacy\"><div class=\"fusion-title title fusion-title-1 fusion-title-center fusion-title-text fusion-title-size-one\" style=\"--awb-margin-top-small:10px;--awb-margin-right-small:0px;--awb-margin-bottom-small:10px;--awb-margin-left-small:0px;\"><div class=\"title-sep-container title-sep-container-left\"><div class=\"title-sep sep-double sep-solid\" style=\"border-color:#e0dede;\"><\/div><\/div><span class=\"awb-title-spacer\"><\/span><h1 class=\"fusion-title-heading title-heading-center fusion-responsive-typography-calculated\" style=\"margin:0;--fontSize:34;line-height:1.41;\">Osteopathie fir Athleten<\/h1><span class=\"awb-title-spacer\"><\/span><div class=\"title-sep-container title-sep-container-right\"><div class=\"title-sep sep-double sep-solid\" style=\"border-color:#e0dede;\"><\/div><\/div><\/div><div class=\"fusion-clearfix\"><\/div><\/div><\/div><div class=\"fusion-layout-column fusion_builder_column fusion-builder-column-1 fusion_builder_column_1_4 1_4 fusion-one-fourth fusion-column-first\" style=\"--awb-bg-size:cover;width:25%;width:calc(25% - ( ( 4% + 4% ) * 0.25 ) );margin-right: 4%;\"><div class=\"fusion-column-wrapper fusion-flex-column-wrapper-legacy\"><div class=\"fusion-clearfix\"><\/div><\/div><\/div><div class=\"fusion-layout-column fusion_builder_column fusion-builder-column-2 fusion_builder_column_1_2 1_2 fusion-one-half\" style=\"--awb-bg-size:cover;width:50%;width:calc(50% - ( ( 4% + 4% ) * 0.5 ) );margin-right: 4%;\"><div class=\"fusion-column-wrapper fusion-flex-column-wrapper-legacy\"><div class=\"fusion-image-element fusion-image-align-center in-legacy-container\" style=\"text-align:center;--awb-bottom-shadow-color:rgba(0,0,0,0.4);--awb-caption-title-font-family:var(--h2_typography-font-family);--awb-caption-title-font-weight:var(--h2_typography-font-weight);--awb-caption-title-font-style:var(--h2_typography-font-style);--awb-caption-title-size:var(--h2_typography-font-size);--awb-caption-title-transform:var(--h2_typography-text-transform);--awb-caption-title-line-height:var(--h2_typography-line-height);--awb-caption-title-letter-spacing:var(--h2_typography-letter-spacing);\"><div class=\"imageframe-align-center\"><div class=\"awb-image-frame awb-image-frame-1 awb-bottomshadow\"><span class=\" fusion-imageframe imageframe-bottomshadow imageframe-1 hover-type-none\"><img decoding=\"async\" src=\"https:\/\/pes-moselle.fr\/yutz\/wp-content\/uploads\/sites\/2\/2016\/11\/Ost\u00e9opathie-Sport.jpg\" alt class=\"img-responsive\"\/><\/span><svg xmlns=\"http:\/\/www.w3.org\/2000\/svg\" version=\"1.1\" width=\"100%\" viewBox=\"0 0 600 28\" preserveAspectRatio=\"none\"><g clip-path=\"url(#a)\"><mask id=\"b\" style=\"mask-type:luminance\" maskUnits=\"userSpaceOnUse\" x=\"0\" y=\"0\" width=\"600\" height=\"28\"><path d=\"M0 0h600v28H0V0Z\" fill=\"#fff\"\/><\/mask><g filter=\"url(#c)\" mask=\"url(#b)\"><path d=\"M16.439-18.667h567.123v30.8S438.961-8.4 300-8.4C161.04-8.4 16.438 12.133 16.438 12.133v-30.8Z\" fill=\"#000\"\/><\/g><\/g><defs><clipPath id=\"a\"><path fill=\"#fff\" d=\"M0 0h600v28H0z\"\/><\/clipPath><filter id=\"c\" x=\"5.438\" y=\"-29.667\" width=\"589.123\" height=\"52.8\" filterUnits=\"userSpaceOnUse\" color-interpolation-filters=\"sRGB\"><feFlood flood-opacity=\"0\" result=\"BackgroundImageFix\"\/><feBlend in=\"SourceGraphic\" in2=\"BackgroundImageFix\" result=\"shape\"\/><feGaussianBlur stdDeviation=\"5.5\" result=\"effect1_foregroundBlur_3983_183\"\/><\/filter><\/defs><\/svg><\/div><\/div><\/div><div class=\"fusion-clearfix\"><\/div><\/div><\/div><div class=\"fusion-layout-column fusion_builder_column fusion-builder-column-3 fusion_builder_column_1_4 1_4 fusion-one-fourth fusion-column-last\" style=\"--awb-bg-size:cover;width:25%;width:calc(25% - ( ( 4% + 4% ) * 0.25 ) );\"><div class=\"fusion-column-wrapper fusion-flex-column-wrapper-legacy\"><div class=\"fusion-clearfix\"><\/div><\/div><\/div><div class=\"fusion-layout-column fusion_builder_column fusion-builder-column-4 fusion_builder_column_1_1 1_1 fusion-one-full fusion-column-first fusion-column-last\" style=\"--awb-padding-top:30px;--awb-bg-size:cover;\"><div class=\"fusion-column-wrapper fusion-flex-column-wrapper-legacy\"><div class=\"fusion-text fusion-text-1\"><p>D&#8217;Praxis vun engem Sport ass gutt fir d&#8217;Gesondheet, \u00ebnner anerem duerch seng Handlung op der Eksternalis\u00e9ierung vum Stress, awer \u00ebnner gelegentlechen Sportler oder wann d&#8217;Aktivit\u00e9it ouni Betreiung praktiz\u00e9iert g\u00ebtt, kann et Mikro-Traumatismen verursaachen duerch op Ufro vum Strukture vum m\u00ebnschleche Kierper a k\u00ebnne souguer Verletzunge verursaachen (Kontrakturen, Versp\u00e9idungen, Muskeltr\u00e9inen, lokal Entz\u00fcndung oder chronesche Schmerz, asw &#8230;).<\/p>\n<p>Am professionnelle Sport ass d&#8217;Aus\u00fcbung vum Sport intensiv an d&#8217;Erhuelungsz\u00e4it g\u00ebtt net \u00ebmmer agehale gelooss, de Kierper f\u00e9iert an e Zyklus vun der Iwweraarbechtung. De Sportler w\u00e4ert dann, trotz dauerhafter Ausbildung, stagn\u00e9ieren an der Erh\u00e9ijung vu senger Leeschtung oder souguer regress\u00e9ieren a sech verletzen. D\u00ebst g\u00ebtt Overtraining Syndrom genannt an d\u00e9i \u00e9ischt Sch\u00eblder ersch\u00e9ngen normalerweis iwwer aacht Stonne intensiv Sportaktivit\u00e9ite pro Woch. Et w\u00e4ert dann zous\u00e4tzlech zu engem psychologesche Stress mat Schlofst\u00e9ierung an dofir en endlosen Zyklus f\u00e9ieren.<\/p>\n<p>Zoug\u00e4nglech vu villen Topathleten, lindert den Osteopath net n\u00ebmmen de Schmerz andeems d&#8217;Mobilit\u00e9it am ganzen Kierper restaur\u00e9iert g\u00ebtt, awer och verh\u00ebnnert d&#8217;Optriede vu ville Krankheeten duerch eng regelm\u00e9isseg Bew\u00e4ertung (op minus 1 Z\u00e4it an der Virbereedung fir d&#8217;Saison an 1 Z\u00e4it an der Off-Season).<\/p>\n<p>Op der anerer S\u00e4it erlaabt Osteopathie Athleten hir Leeschtung ze verbesseren andeems se hir Kraaft an d&#8217;Atmungskapazit\u00e9it erh\u00e9ijen (thoracesch Membran, Costalgrill a Longen) awer och andeems se un d&#8217;Gelenksflexibilit\u00e9it a Muskele schaffen, wat et hinnen erlaabt ze gewannen an Liichtegkeet an Amplitude. Tats\u00e4chlech kann all Restriktioun oder Verloscht vu Mobilit\u00e9it vun de Muskelen, Ligamenten a Gelenker zu enger Ver\u00e4nnerung vun der Leeschtung vum Sportler a Gesondheetszoustand f\u00e9ieren, wat zu Kontrakturen, Spraien, Tr\u00e9inen oder lokalen Entz\u00fcndungen f\u00e9iert. chronesche Schmerz. Et h\u00eblleft och fir besser Erhuelung no der Aus\u00fcbung ze f\u00f6rderen andeems se mam Atem, Atmungskapazit\u00e9it, Muskelrelaxatioun awer och d&#8217;Eliminatioun vum &#8220;Offall&#8221; w\u00e4rend Efforten produz\u00e9iert. Den Athleten evolu\u00e9iert also an de beschtm\u00e9igleche kierperleche a psychesche Konditiounen, w\u00e4hrend seng Zoust\u00e4nnegkeet an d&#8217;Risiken vu Verletzunge reduz\u00e9ieren, d\u00e9i et gener\u00e9iert.<\/p>\n<p><strong>&#8220;De Sportler ass e Patient ausser, dofir muss d&#8217;therapeutesch Approche un de Sport an d&#8217;Intensit\u00e9it vun all eenzelne ugepasst ginn.&#8221;<\/strong><\/p>\n<p>W\u00e9i de Spr\u00e9chwuert seet, d&#8217;Pr\u00e9ventioun ass besser w\u00e9i ze heelen. Osteopathie ass dofir am Ufank vun enger Sportsaktivit\u00e9it recommand\u00e9iert fir s\u00e9cher ze sinn datt d&#8217;Aktivit\u00e9it kee Stress oder exzessive Spannung am Kierper verursaacht. Et bereet de Kierper op d\u00e9i Aarte vun \u00dcbungen of. \u00c4hnlech w\u00e4rend der M\u00ebtt vun der Saisonpaus k\u00ebnnt \u00c4ren Osteopath eng Iwwerpr\u00e9iwung vun der Dysfunktioun maachen, d\u00e9i w\u00e4rend dem Ufank vum Championnat opgestallt k\u00ebnne ginn, fir se ze behandelen.<\/p>\n<p>Hei ass eng L\u00ebscht vun Zeechen d\u00e9i de Sportler f\u00e9ieren kann en Osteopath ze konsult\u00e9ieren:<\/p>\n<ul>\n<li>Pr\u00e4ventioun: Joresrapport, Concourspr\u00e9paratioun, virum Start vun enger Aktivit\u00e9it, Verbesserung vun de Performances &#8230;<\/li>\n<li>R\u00e9ck Schmerz, Skoliose, Gelenkschmerzen &#8230;<\/li>\n<li>Geschicht vu Frakturen, Sprainen, Operatiounen &#8230;<\/li>\n<li>Sprains, Tendinitis (Tennis oder Golf Ellbog, Achilles Sehne) &#8230;<\/li>\n<li>Muskelschmerzen: Kontrakturen, \u00cbnnerbriechungen, Verl\u00e4ngerungen, Rupturen an D\u00e9sinsertiounen &#8230;<\/li>\n<li>Pubalgia a Pathologie vun Adduktoren (Fussball) &#8230;<\/li>\n<li>Droen vun orthop\u00e4dischen Einlegesohlen<\/li>\n<li>Kuerz Atem, schw\u00e9ier Erhuelung (t\u00ebscht an no den Tester) &#8230;<\/li>\n<li>Dislokatioun an Periarthritis<\/li>\n<li>Postoperativ, no engem Trauma &#8230;<\/li>\n<\/ul>\n<p>Osteopathie ass fir all Sportler: Amateuren an Top Athleten. Berodung no engem wichtegen Event oder no enger Verletzung kann op laang Siicht ganz n\u00ebtzlech sinn.<\/p>\n<\/div><div class=\"fusion-clearfix\"><\/div><\/div><\/div><\/div><\/div>\n","protected":false},"excerpt":{"rendered":"","protected":false},"author":2,"featured_media":0,"parent":0,"menu_order":0,"comment_status":"closed","ping_status":"closed","template":"","meta":{"_seopress_robots_primary_cat":"","_seopress_titles_title":"","_seopress_titles_desc":"","_seopress_robots_index":"","footnotes":""},"class_list":["post-1369","page","type-page","status-publish","hentry"],"_links":{"self":[{"href":"https:\/\/pes-luxembourg.lu\/bascharage\/lu\/wp-json\/wp\/v2\/pages\/1369","targetHints":{"allow":["GET"]}}],"collection":[{"href":"https:\/\/pes-luxembourg.lu\/bascharage\/lu\/wp-json\/wp\/v2\/pages"}],"about":[{"href":"https:\/\/pes-luxembourg.lu\/bascharage\/lu\/wp-json\/wp\/v2\/types\/page"}],"author":[{"embeddable":true,"href":"https:\/\/pes-luxembourg.lu\/bascharage\/lu\/wp-json\/wp\/v2\/users\/2"}],"replies":[{"embeddable":true,"href":"https:\/\/pes-luxembourg.lu\/bascharage\/lu\/wp-json\/wp\/v2\/comments?post=1369"}],"version-history":[{"count":0,"href":"https:\/\/pes-luxembourg.lu\/bascharage\/lu\/wp-json\/wp\/v2\/pages\/1369\/revisions"}],"wp:attachment":[{"href":"https:\/\/pes-luxembourg.lu\/bascharage\/lu\/wp-json\/wp\/v2\/media?parent=1369"}],"curies":[{"name":"wp","href":"https:\/\/api.w.org\/{rel}","templated":true}]}}