{"id":1263,"date":"2019-10-17T15:52:47","date_gmt":"2019-10-17T13:52:47","guid":{"rendered":"https:\/\/pes-luxembourg.lu\/bascharage\/?page_id=1263"},"modified":"2019-10-22T16:48:27","modified_gmt":"2019-10-22T14:48:27","slug":"hand-rehabilitatioun","status":"publish","type":"page","link":"https:\/\/pes-luxembourg.lu\/bascharage\/lu\/hand-rehabilitatioun\/","title":{"rendered":"Hand Rehabilitatioun"},"content":{"rendered":"<div class=\"fusion-fullwidth fullwidth-box fusion-builder-row-1 nonhundred-percent-fullwidth non-hundred-percent-height-scrolling\" style=\"--awb-border-radius-top-left:0px;--awb-border-radius-top-right:0px;--awb-border-radius-bottom-right:0px;--awb-border-radius-bottom-left:0px;--awb-flex-wrap:wrap;\" ><div class=\"fusion-builder-row fusion-row\"><div class=\"fusion-layout-column fusion_builder_column fusion-builder-column-0 fusion_builder_column_1_1 1_1 fusion-one-full fusion-column-first fusion-column-last\" style=\"--awb-bg-size:cover;\"><div class=\"fusion-column-wrapper fusion-column-has-shadow fusion-flex-column-wrapper-legacy\"><div class=\"fusion-title title fusion-title-1 fusion-title-center fusion-title-text fusion-title-size-one\" style=\"--awb-margin-top-small:10px;--awb-margin-right-small:0px;--awb-margin-bottom-small:10px;--awb-margin-left-small:0px;\"><div class=\"title-sep-container title-sep-container-left\"><div class=\"title-sep sep-double sep-solid\" style=\"border-color:#e0dede;\"><\/div><\/div><span class=\"awb-title-spacer\"><\/span><h1 class=\"fusion-title-heading title-heading-center fusion-responsive-typography-calculated\" style=\"margin:0;--fontSize:34;line-height:1.41;\">Hand Rehabilitatioun Bascharage<\/h1><span class=\"awb-title-spacer\"><\/span><div class=\"title-sep-container title-sep-container-right\"><div class=\"title-sep sep-double sep-solid\" style=\"border-color:#e0dede;\"><\/div><\/div><\/div><div class=\"fusion-image-element fusion-image-align-center in-legacy-container\" style=\"text-align:center;--awb-caption-title-font-family:var(--h2_typography-font-family);--awb-caption-title-font-weight:var(--h2_typography-font-weight);--awb-caption-title-font-style:var(--h2_typography-font-style);--awb-caption-title-size:var(--h2_typography-font-size);--awb-caption-title-transform:var(--h2_typography-text-transform);--awb-caption-title-line-height:var(--h2_typography-line-height);--awb-caption-title-letter-spacing:var(--h2_typography-letter-spacing);\"><div class=\"imageframe-align-center\"><span class=\" fusion-imageframe imageframe-none imageframe-1 hover-type-none\" style=\"border:3px solid #f6f6f6;border-radius:50%;\"><img decoding=\"async\" width=\"400\" height=\"400\" title=\"Reeducation de la Main\" src=\"https:\/\/pes-luxembourg.lu\/bascharage\/wp-content\/uploads\/sites\/2\/2019\/07\/Reeducation-de-la-Main-1-400x400.jpg\" alt class=\"img-responsive wp-image-712\" srcset=\"https:\/\/pes-luxembourg.lu\/bascharage\/wp-content\/uploads\/sites\/2\/2019\/07\/Reeducation-de-la-Main-1-200x200.jpg 200w, https:\/\/pes-luxembourg.lu\/bascharage\/wp-content\/uploads\/sites\/2\/2019\/07\/Reeducation-de-la-Main-1-400x400.jpg 400w, https:\/\/pes-luxembourg.lu\/bascharage\/wp-content\/uploads\/sites\/2\/2019\/07\/Reeducation-de-la-Main-1-600x600.jpg 600w, https:\/\/pes-luxembourg.lu\/bascharage\/wp-content\/uploads\/sites\/2\/2019\/07\/Reeducation-de-la-Main-1-800x800.jpg 800w, https:\/\/pes-luxembourg.lu\/bascharage\/wp-content\/uploads\/sites\/2\/2019\/07\/Reeducation-de-la-Main-1.jpg 822w\" sizes=\"(max-width: 800px) 100vw, 400px\" \/><\/span><\/div><\/div><div class=\"fusion-sep-clear\"><\/div><div class=\"fusion-separator fusion-full-width-sep\" style=\"margin-left: auto;margin-right: auto;margin-top:20px;margin-bottom:20px;width:100%;\"><div class=\"fusion-separator-border sep-shadow\" style=\"--awb-height:20px;--awb-amount:20px;background:radial-gradient(ellipse at 50% -50% , #e0dede 0px, rgba(255, 255, 255, 0) 80%) repeat scroll 0 0 rgba(0, 0, 0, 0);background:-webkit-radial-gradient(ellipse at 50% -50% , #e0dede 0px, rgba(255, 255, 255, 0) 80%) repeat scroll 0 0 rgba(0, 0, 0, 0);background:-moz-radial-gradient(ellipse at 50% -50% , #e0dede 0px, rgba(255, 255, 255, 0) 80%) repeat scroll 0 0 rgba(0, 0, 0, 0);background:-o-radial-gradient(ellipse at 50% -50% , #e0dede 0px, rgba(255, 255, 255, 0) 80%) repeat scroll 0 0 rgba(0, 0, 0, 0);\"><\/div><\/div><div class=\"fusion-sep-clear\"><\/div><div class=\"fusion-text fusion-text-1\"><p><strong>Rehabilitatioun vun der Hand<\/strong> ass eng S<strong>pezialit\u00e9it an hirem eegene Recht<\/strong> a follegt <strong>spezifesch Reegele<\/strong> fir datt eng funktionell Erhuelung vun der Hand esou komplett w\u00e9i m\u00e9iglech ass.<\/p>\n<p style=\"text-align: justify\">D&#8217;Ziler vum Physiotherapeut w\u00e4hrend der Rehabilitatioun sinn d\u00e9i folgend:<\/p>\n<ul style=\"text-align: justify\">\n<li><strong>Verbessert den Heelungsprozess<\/strong> fir Hautkomplikatiounen ze vermeiden an ze vermeiden.<\/li>\n<li><strong>H\u00eblleft d&#8217;Resorption vun \u00d6dem<\/strong>, vermeit Komplikatioune vu sekund\u00e4rer Heelen.<\/li>\n<li><strong>Mobilis\u00e9iere<\/strong> fr\u00e9i Gelenker s\u00e9cher, respekt\u00e9iert d&#8217;Instruktioune vum Chirurg, heelen Z\u00e4iten, Splitter, Bandagen, &#8230;<\/li>\n<li>D&#8217;<strong>R\u00e9ckaarbecht vun der Hand<\/strong> a senge alldeegleche Funktiounen a Upassung vun de Bewegungen no Reschtoffiziter d\u00e9i bestoe k\u00ebnnen.<\/li>\n<li><strong>Stimul\u00e9iert d&#8217;Sensibilit\u00e9it<\/strong> vun der Hand fir d&#8217;Finempfindlechkeet z&#8217;erreechen, proprioseptive Empfindlechkeet an taktil Diskriminatioun<\/li>\n<li><strong>Erh\u00e4lt d&#8217;Flexibilit\u00e9it<\/strong> vu artikul\u00e4ren a myotendin\u00f6se Strukturen.<\/li>\n<\/ul>\n<p style=\"text-align: justify\">Fir d\u00ebs Rehabilitatioun auszef\u00e9ieren, huet de Physiotherapeut eng <strong>Villzuel vu spezifesche Rehabilitatiounsaccessoiren<\/strong> (Ee\u00ebr, Rehabilitatiounsb\u00e4ll, elastesche Schinn, Fanger Dynamometer, &#8230;)<\/p>\n<p>D\u00e9i heiansdo s\u00e9rieux an definitiv funktionell Konsequenzen (Schmerz, Steifheit, Deformit\u00e9it, Adh\u00e4siounen, &#8230;) w\u00e9inst Handstrauma k\u00ebnne gr\u00e9isstendeels verh\u00ebnnert ginn duerch <strong>Multi-Disziplinaresch Betreiung<\/strong> (Dokter, Chirurg, Physiotherapeut, Beruffstherapeut, Orthotiker) . Trotzdem muss et gutt Kommunikatioun t\u00ebscht de verschiddenen Acteure vun der Reeducatioun ginn. <strong>Den Austausch t\u00ebscht dem Reeducator an dem Chirurg ass essentiell.<\/strong><\/p>\n<p style=\"text-align: justify\">Hei ass eng net ustrengend L\u00ebscht vu Pathologien, d\u00e9i d&#8217;Behandlung an der Physiotherapie vun der Hand erfuerderen:<\/p>\n<ul style=\"text-align: justify\">\n<li>Grip Problem<\/li>\n<li>Schw\u00e4chheet vun der Hand<\/li>\n<li>De Verloscht vun der Empfindlechkeet<\/li>\n<li>Fraktur oder Verspannung vum Handgelenk, Fanger, oper\u00e9iert oder net<\/li>\n<li>Amputatioun vum Fanger (en)<\/li>\n<li>luxation<\/li>\n<li>Dupuytren Krankheet (oper\u00e9iert oder net)<\/li>\n<li>Sutur Chirurgie vun enger Extensor oder Flexor Sehne vun der Hand<\/li>\n<li>Pulley souture Operatioun<\/li>\n<li>Neurologesch H\u00e4nn:\n<ul>\n<li>Sequelae vum Schlag<\/li>\n<li>Hemiplegia, Quadriplegia<\/li>\n<li>Parkinson<\/li>\n<\/ul>\n<\/li>\n<\/ul>\n<p style=\"text-align: justify\"><div class=\"fusion-title title fusion-title-2 fusion-sep-none fusion-title-text fusion-title-size-two\" style=\"--awb-margin-top-small:10px;--awb-margin-right-small:0px;--awb-margin-bottom-small:10px;--awb-margin-left-small:0px;\"><h2 class=\"fusion-title-heading title-heading-left fusion-responsive-typography-calculated\" style=\"margin:0;--fontSize:28;line-height:1.5;\">W\u00e9i ass eng Sessioun vu Physiotherapie vun der Hand?<\/p>\n<p style=\"text-align: justify\"><\/h2><\/div><\/p>\n<p style=\"text-align: justify\">Ofh\u00e4ngeg vun der Pathologie an der Etapp vun der Rehabilitatioun, e puer Punkte w\u00e4erten \u00ebnnerschiddlech sinn, awer am Allgemengen ass d&#8217;Sessioun \u00ebmmer aus deemselwechten Z\u00e4iten zesummegesat.<\/p>\n<p>Als aller\u00e9ischt ass et \u00ebmmer noutwendeg (ausser an der ausdr\u00e9cklecher Ufro vum Chirurg aus irgend engem Grond) ze starten andeems Dir Verbindungen, Splitter an aner Accessoiren erofhuelt, &#8230; De <a href=\"https:\/\/pes-luxembourg.lu\/bascharage\/kinesitherapeute-bascharage-julie-stiernet\/\">Kin\u00e9, dee sech an der Hand spezialis\u00e9iert huet<\/a>, k\u00ebmmert sech alles um Enn vun der Sitzung op seng Plaz ze setzen. a wa m\u00e9iglech, w\u00e4ert hien erkl\u00e4re w\u00e9i een et selwer maache kann. Fir de pr\u00e4zis betraffene Ber\u00e4ich ze sch\u00e4tzen an ze manipul\u00e9ieren, ass et besser fir se ausgesat ze ginn anstatt an Schichten vun Dressings gew\u00e9ckelt. Direkt no enger Operatioun, och wann de Narbe nach net zou ass, muss d&#8217;Rehabilitatioun scho f\u00e4nken. De Physiotherapeut schafft mat Handschuesch. Am Ufank mobilis\u00e9iert hien d\u00e9i verschidde Fanger, um Handgelenk, a respekt\u00e9iert de Schmerz vum Patient an d&#8217;Resistenz vu gebrooftene Tissue. Fr\u00e9i Mobilis\u00e9ierung kann intrinsesch Heelen vun Tissue f\u00f6rderen (gutt Heelen), limit\u00e9ieren an entspaant extrinsesch Heelen (schlecht Heelung, wat zu Adh\u00e4siounen f\u00e9iert). D&#8217;Mobilis\u00e9ierung w\u00e4ert als \u00e9ischt passiv sinn, dat heescht datt et de Physiotherapeut ass deen d&#8217;Hand beweegt. Wann d&#8217;Rehabilitatioun virgeet, g\u00ebtt d&#8217;Mobilis\u00e9ierung m\u00e9i a m\u00e9i aktiv a vum Patient selwer ger\u00e9iert.<\/p>\n<p>Dann, wann d&#8217;Hand geschwollen ass, kann de Physiotherapeut eng Handdrainage maachen an d&#8217;Kryotherapie maachen fir ze prob\u00e9ieren d&#8217;G\u00e9igend ze l\u00e4schen. D\u00ebst \u00d6deme ass am Ufank ganz normal, awer d&#8217;Schwellung bleift iwwerhaapt ze beobachten. Tats\u00e4chlech ass et net aussergew\u00e9inlech datt no engem Trauma vun der Hand e Patient den Algoneurodystrophie entw\u00e9ckelt.<\/p>\n<p>Fir all dat ass Operatioun, soubal d&#8217;Wonn zou ass, kann de Kin\u00e9 den Narbe mat verschiddene Techniken vu Narbenmassage a LPG Endermologie Ausstattung schaffen.<\/p>\n<p>Wann den Dokter ausgemaach ass, kann Zwangsaarbecht uf\u00e4nken. Et w\u00e4ert als \u00e9ischt m\u00e9i analytesch sinn, g\u00e9int d\u00e9i manuell Resistenz ugewannt vum Physiotherapeut. Duerno mat klengen Ausr\u00fcstung. Mat der Z\u00e4it geet d&#8217;Verst\u00e4erkung m\u00e9i a m\u00e9i funktionell. Mir prob\u00e9ieren m\u00e9i no bei alldeeglechen Aktiounen ze kommen, sou datt d&#8217;Hand hir Roll an alldeeglechen Aktivit\u00e9iten ausf\u00e9iert.<\/p>\n<p>Wann d&#8217;Hand e Verloscht vun der Empfindlechkeet gelidden huet, funktionn\u00e9iert de Physiotherapeut och den sensoreschen Aspekt vun der Hand duerch Diskrimin\u00e9ierungs\u00fcbungen. Hie schafft mat dem Patient seng F\u00e4egkeet fir d&#8217;Materialien ze erkennen, d&#8217;Formen vun Objeten, d&#8217;Positioun vun der Hand am Raum.<\/p>\n<p>W\u00e4rend der Rehabilitatioun kritt de Patient \u00dcbungen fir sech doheem ze maachen fir seng Selbstheruf\u00e9ierung. D\u00ebs Aarbecht doheem ass e wesentlechen Deel vun der Rehabilitatioun. Wat m\u00e9i erfuerderlech de Patient ass, wat m\u00e9i Orthosen ginn an d&#8217;Aus\u00fcbunge gedroen, dest m\u00e9i s\u00e9ier a besser ass d&#8217;Erhuelung.<\/p>\n<\/div><div class=\"fusion-clearfix\"><\/div><\/div><\/div><\/div><\/div>\n","protected":false},"excerpt":{"rendered":"","protected":false},"author":2,"featured_media":8143,"parent":0,"menu_order":0,"comment_status":"closed","ping_status":"closed","template":"","meta":{"_seopress_robots_primary_cat":"","_seopress_titles_title":"","_seopress_titles_desc":"","_seopress_robots_index":"","footnotes":""},"class_list":["post-1263","page","type-page","status-publish","has-post-thumbnail","hentry"],"_links":{"self":[{"href":"https:\/\/pes-luxembourg.lu\/bascharage\/lu\/wp-json\/wp\/v2\/pages\/1263","targetHints":{"allow":["GET"]}}],"collection":[{"href":"https:\/\/pes-luxembourg.lu\/bascharage\/lu\/wp-json\/wp\/v2\/pages"}],"about":[{"href":"https:\/\/pes-luxembourg.lu\/bascharage\/lu\/wp-json\/wp\/v2\/types\/page"}],"author":[{"embeddable":true,"href":"https:\/\/pes-luxembourg.lu\/bascharage\/lu\/wp-json\/wp\/v2\/users\/2"}],"replies":[{"embeddable":true,"href":"https:\/\/pes-luxembourg.lu\/bascharage\/lu\/wp-json\/wp\/v2\/comments?post=1263"}],"version-history":[{"count":0,"href":"https:\/\/pes-luxembourg.lu\/bascharage\/lu\/wp-json\/wp\/v2\/pages\/1263\/revisions"}],"wp:featuredmedia":[{"embeddable":true,"href":"https:\/\/pes-luxembourg.lu\/bascharage\/lu\/wp-json\/wp\/v2\/media\/8143"}],"wp:attachment":[{"href":"https:\/\/pes-luxembourg.lu\/bascharage\/lu\/wp-json\/wp\/v2\/media?parent=1263"}],"curies":[{"name":"wp","href":"https:\/\/api.w.org\/{rel}","templated":true}]}}