{"id":9689,"date":"2023-08-30T00:28:55","date_gmt":"2023-08-29T22:28:55","guid":{"rendered":"https:\/\/pes-luxembourg.lu\/bascharage\/vogatore-technogym-skillrow-bascharage\/"},"modified":"2024-01-27T11:06:22","modified_gmt":"2024-01-27T10:06:22","slug":"vogatore-technogym-skillrow-bascharage","status":"publish","type":"page","link":"https:\/\/pes-luxembourg.lu\/bascharage\/it\/vogatore-technogym-skillrow-bascharage\/","title":{"rendered":"Vogatore Technogym Skillrow Bascharage"},"content":{"rendered":"<p><div class=\"fusion-fullwidth fullwidth-box fusion-builder-row-1 nonhundred-percent-fullwidth non-hundred-percent-height-scrolling\" style=\"--awb-border-radius-top-left:0px;--awb-border-radius-top-right:0px;--awb-border-radius-bottom-right:0px;--awb-border-radius-bottom-left:0px;--awb-padding-top:20px;--awb-padding-bottom:20px;--awb-flex-wrap:wrap;\" ><div class=\"fusion-builder-row fusion-row\"><div class=\"fusion-layout-column fusion_builder_column fusion-builder-column-0 fusion_builder_column_1_1 1_1 fusion-one-full fusion-column-first fusion-column-last\" style=\"--awb-bg-size:cover;\"><div class=\"fusion-column-wrapper fusion-column-has-shadow fusion-flex-column-wrapper-legacy\"><div class=\"fusion-title title fusion-title-1 fusion-title-center fusion-title-text fusion-title-size-one\" style=\"--awb-margin-top-small:10px;--awb-margin-right-small:0px;--awb-margin-bottom-small:10px;--awb-margin-left-small:0px;\"><div class=\"title-sep-container title-sep-container-left\"><div class=\"title-sep sep-double sep-solid\" style=\"border-color:#e0dede;\"><\/div><\/div><span class=\"awb-title-spacer\"><\/span><h1 class=\"fusion-title-heading title-heading-center fusion-responsive-typography-calculated\" style=\"margin:0;--fontSize:34;line-height:1.41;\">Vogatore Technogym Skillrow<\/h1><span class=\"awb-title-spacer\"><\/span><div class=\"title-sep-container title-sep-container-right\"><div class=\"title-sep sep-double sep-solid\" style=\"border-color:#e0dede;\"><\/div><\/div><\/div><div class=\"fusion-image-element fusion-image-align-center in-legacy-container\" style=\"text-align:center;--awb-bottom-shadow-color:rgba(0,0,0,0.4);--awb-caption-title-font-family:var(--h2_typography-font-family);--awb-caption-title-font-weight:var(--h2_typography-font-weight);--awb-caption-title-font-style:var(--h2_typography-font-style);--awb-caption-title-size:var(--h2_typography-font-size);--awb-caption-title-transform:var(--h2_typography-text-transform);--awb-caption-title-line-height:var(--h2_typography-line-height);--awb-caption-title-letter-spacing:var(--h2_typography-letter-spacing);\"><div class=\"imageframe-align-center\"><div class=\"awb-image-frame awb-image-frame-1 awb-bottomshadow\"><span class=\" fusion-imageframe imageframe-bottomshadow imageframe-1 hover-type-none\" style=\"border:2px solid #f6f6f6;\"><a class=\"fusion-no-lightbox\" href=\"https:\/\/www.technogym.com\/fr-BE\/product\/skillrow_DJR0NDT.html\" target=\"_blank\" aria-label=\"SkillRow\" rel=\"noopener noreferrer\"><img decoding=\"async\" width=\"4000\" height=\"1333\" alt=\"Presentazione di Technogym Skillrow\" src=\"https:\/\/pes-luxembourg.lu\/bascharage\/wp-content\/uploads\/sites\/2\/2023\/02\/SkillRow.png\" class=\"img-responsive wp-image-8041\" srcset=\"https:\/\/pes-luxembourg.lu\/bascharage\/wp-content\/uploads\/sites\/2\/2023\/02\/SkillRow-200x67.png 200w, https:\/\/pes-luxembourg.lu\/bascharage\/wp-content\/uploads\/sites\/2\/2023\/02\/SkillRow-400x133.png 400w, https:\/\/pes-luxembourg.lu\/bascharage\/wp-content\/uploads\/sites\/2\/2023\/02\/SkillRow-600x200.png 600w, https:\/\/pes-luxembourg.lu\/bascharage\/wp-content\/uploads\/sites\/2\/2023\/02\/SkillRow-800x267.png 800w, https:\/\/pes-luxembourg.lu\/bascharage\/wp-content\/uploads\/sites\/2\/2023\/02\/SkillRow-1200x400.png 1200w, https:\/\/pes-luxembourg.lu\/bascharage\/wp-content\/uploads\/sites\/2\/2023\/02\/SkillRow.png 4000w\" sizes=\"(max-width: 800px) 100vw, 1200px\" \/><\/a><\/span><svg xmlns=\"http:\/\/www.w3.org\/2000\/svg\" version=\"1.1\" width=\"100%\" viewBox=\"0 0 600 28\" preserveAspectRatio=\"none\"><g clip-path=\"url(#a)\"><mask id=\"b\" style=\"mask-type:luminance\" maskUnits=\"userSpaceOnUse\" x=\"0\" y=\"0\" width=\"600\" height=\"28\"><path d=\"M0 0h600v28H0V0Z\" fill=\"#fff\"\/><\/mask><g filter=\"url(#c)\" mask=\"url(#b)\"><path d=\"M16.439-18.667h567.123v30.8S438.961-8.4 300-8.4C161.04-8.4 16.438 12.133 16.438 12.133v-30.8Z\" fill=\"#000\"\/><\/g><\/g><defs><clipPath id=\"a\"><path fill=\"#fff\" d=\"M0 0h600v28H0z\"\/><\/clipPath><filter id=\"c\" x=\"5.438\" y=\"-29.667\" width=\"589.123\" height=\"52.8\" filterUnits=\"userSpaceOnUse\" color-interpolation-filters=\"sRGB\"><feFlood flood-opacity=\"0\" result=\"BackgroundImageFix\"\/><feBlend in=\"SourceGraphic\" in2=\"BackgroundImageFix\" result=\"shape\"\/><feGaussianBlur stdDeviation=\"5.5\" result=\"effect1_foregroundBlur_3983_183\"\/><\/filter><\/defs><\/svg><\/div><\/div><\/div><div class=\"fusion-sep-clear\"><\/div><div class=\"fusion-separator fusion-full-width-sep\" style=\"margin-left: auto;margin-right: auto;margin-top:20px;margin-bottom:20px;width:100%;\"><div class=\"fusion-separator-border sep-shadow\" style=\"--awb-height:20px;--awb-amount:20px;background:radial-gradient(ellipse at 50% -50% , #e0dede 0px, rgba(255, 255, 255, 0) 80%) repeat scroll 0 0 rgba(0, 0, 0, 0);background:-webkit-radial-gradient(ellipse at 50% -50% , #e0dede 0px, rgba(255, 255, 255, 0) 80%) repeat scroll 0 0 rgba(0, 0, 0, 0);background:-moz-radial-gradient(ellipse at 50% -50% , #e0dede 0px, rgba(255, 255, 255, 0) 80%) repeat scroll 0 0 rgba(0, 0, 0, 0);background:-o-radial-gradient(ellipse at 50% -50% , #e0dede 0px, rgba(255, 255, 255, 0) 80%) repeat scroll 0 0 rgba(0, 0, 0, 0);\"><\/div><\/div><div class=\"fusion-sep-clear\"><\/div><div class=\"fusion-text fusion-text-1\"><p style=\"text-align: justify;\">La riabilitazione e la fisioterapia svolgono un ruolo essenziale nel recupero e nel mantenimento di una buona salute. I pazienti sono spesso alla ricerca di dispositivi di qualit\u00e0 che li accompagnino nel loro percorso. Il Technogym Skillrow \u00e8 una delle migliori opzioni per i pazienti in fisioterapia. Si tratta di attrezzature per il fitness di alta gamma, progettate per fornire un allenamento completo del corpo, incentrato sul rafforzamento muscolare, la resistenza e la perdita di peso. Queste attrezzature per il fitness sono utilizzate nei centri fitness, nei centri benessere, nelle cliniche di riabilitazione e nei centri per le prestazioni sportive.<\/p>\n<\/div><div class=\"fusion-title title fusion-title-2 fusion-sep-none fusion-title-text fusion-title-size-two\" style=\"--awb-margin-top-small:10px;--awb-margin-right-small:0px;--awb-margin-bottom-small:10px;--awb-margin-left-small:0px;\"><h2 class=\"fusion-title-heading title-heading-left fusion-responsive-typography-calculated\" style=\"margin:0;--fontSize:28;line-height:1.5;\">Presentazione della macchina Technogym Skillrow<\/h2><\/div><div class=\"fusion-text fusion-text-2\"><h3 style=\"text-align: justify;\">Descrizione generale<\/h3>\n<p style=\"text-align: justify;\">Il Technogym Skillrow \u00e8 un vogatore professionale progettato per offrire un&#8217;esperienza di allenamento completa ed efficace. Combina tecnologia all&#8217;avanguardia e design ergonomico per facilitare la riabilitazione e il rafforzamento muscolare.<\/p>\n<h3 style=\"text-align: justify;\">Tecnologia e caratteristiche<\/h3>\n<ul>\n<li style=\"text-align: justify;\">Resistenza all&#8217;acqua: lo Skillrow utilizza un sistema di resistenza all&#8217;acqua brevettato per offrire un&#8217;esperienza di voga realistica e fluida.<\/li>\n<li style=\"text-align: justify;\">Tecnologia di connettivit\u00e0: il dispositivo \u00e8 dotato di connettivit\u00e0 Bluetooth per la sincronizzazione con l&#8217;applicazione Mywellness di Technogym, che consente il monitoraggio personalizzato degli allenamenti.<\/li>\n<li style=\"text-align: justify;\">Schermo interattivo: lo Skillrow \u00e8 dotato di un touch screen che consente di visualizzare i dati sulle prestazioni in tempo reale e di personalizzare gli allenamenti.<\/li>\n<\/ul>\n<\/div><div class=\"fusion-title title fusion-title-3 fusion-sep-none fusion-title-text fusion-title-size-two\" style=\"--awb-margin-top-small:10px;--awb-margin-right-small:0px;--awb-margin-bottom-small:10px;--awb-margin-left-small:0px;\"><h2 class=\"fusion-title-heading title-heading-left fusion-responsive-typography-calculated\" style=\"margin:0;--fontSize:28;line-height:1.5;\">Tecnologia Aquafeel<\/h2><\/div><div class=\"fusion-text fusion-text-3\"><p style=\"text-align: justify;\">La tecnologia Aquafeel\u2122 del vogatore Technogym \u00e8 una straordinaria innovazione nel campo dell&#8217;esercizio fisico. Questa tecnologia rivoluzionaria simula la resistenza dell&#8217;acqua grazie a un sistema di resistenza ad aria e acqua, offrendo un&#8217;esperienza di voga estremamente realistica ed efficace.<\/p>\n<p style=\"text-align: justify;\">Grazie alla tecnologia Aquafeel\u2122, il vogatore Technogym permette all&#8217;utente di lavorare su ogni gruppo muscolare del corpo, offrendo un allenamento completo ed equilibrato. Inoltre, la tecnologia Aquafeel\u2122 consente di regolare con precisione la resistenza, permettendo agli utenti di adattare l&#8217;allenamento ai propri obiettivi di fitness.<\/p>\n<p style=\"text-align: justify;\">Nel complesso, la tecnologia Aquafeel\u2122 \u00e8 un&#8217;innovazione straordinaria che consente agli utenti dei vogatori Technogym di beneficiare di un allenamento completo ed efficace, godendo di un&#8217;esperienza di voga realistica e coinvolgente.<\/p>\n<\/div><div class=\"fusion-image-element fusion-image-align-center in-legacy-container\" style=\"text-align:center;--awb-bottom-shadow-color:rgba(0,0,0,0.4);--awb-caption-title-font-family:var(--h2_typography-font-family);--awb-caption-title-font-weight:var(--h2_typography-font-weight);--awb-caption-title-font-style:var(--h2_typography-font-style);--awb-caption-title-size:var(--h2_typography-font-size);--awb-caption-title-transform:var(--h2_typography-text-transform);--awb-caption-title-line-height:var(--h2_typography-line-height);--awb-caption-title-letter-spacing:var(--h2_typography-letter-spacing);\"><div class=\"imageframe-align-center\"><div class=\"awb-image-frame awb-image-frame-2 awb-bottomshadow\" style=\"max-width:400px;display:inline-block;\"><span class=\" fusion-imageframe imageframe-bottomshadow imageframe-2 hover-type-none\"><img decoding=\"async\" width=\"1024\" height=\"610\" title=\"Aquafeel\" src=\"https:\/\/pes-luxembourg.lu\/bascharage\/wp-content\/uploads\/sites\/2\/2023\/02\/Aquafeel-1024x610.png\" alt class=\"img-responsive wp-image-8034\" srcset=\"https:\/\/pes-luxembourg.lu\/bascharage\/wp-content\/uploads\/sites\/2\/2023\/02\/Aquafeel-200x119.png 200w, https:\/\/pes-luxembourg.lu\/bascharage\/wp-content\/uploads\/sites\/2\/2023\/02\/Aquafeel-400x238.png 400w, https:\/\/pes-luxembourg.lu\/bascharage\/wp-content\/uploads\/sites\/2\/2023\/02\/Aquafeel-600x357.png 600w, https:\/\/pes-luxembourg.lu\/bascharage\/wp-content\/uploads\/sites\/2\/2023\/02\/Aquafeel-800x476.png 800w, https:\/\/pes-luxembourg.lu\/bascharage\/wp-content\/uploads\/sites\/2\/2023\/02\/Aquafeel-1200x714.png 1200w, https:\/\/pes-luxembourg.lu\/bascharage\/wp-content\/uploads\/sites\/2\/2023\/02\/Aquafeel.png 1646w\" sizes=\"(max-width: 800px) 100vw, 1200px\" \/><\/span><svg xmlns=\"http:\/\/www.w3.org\/2000\/svg\" version=\"1.1\" width=\"100%\" viewBox=\"0 0 600 28\" preserveAspectRatio=\"none\"><g clip-path=\"url(#a)\"><mask id=\"b\" style=\"mask-type:luminance\" maskUnits=\"userSpaceOnUse\" x=\"0\" y=\"0\" width=\"600\" height=\"28\"><path d=\"M0 0h600v28H0V0Z\" fill=\"#fff\"\/><\/mask><g filter=\"url(#c)\" mask=\"url(#b)\"><path d=\"M16.439-18.667h567.123v30.8S438.961-8.4 300-8.4C161.04-8.4 16.438 12.133 16.438 12.133v-30.8Z\" fill=\"#000\"\/><\/g><\/g><defs><clipPath id=\"a\"><path fill=\"#fff\" d=\"M0 0h600v28H0z\"\/><\/clipPath><filter id=\"c\" x=\"5.438\" y=\"-29.667\" width=\"589.123\" height=\"52.8\" filterUnits=\"userSpaceOnUse\" color-interpolation-filters=\"sRGB\"><feFlood flood-opacity=\"0\" result=\"BackgroundImageFix\"\/><feBlend in=\"SourceGraphic\" in2=\"BackgroundImageFix\" result=\"shape\"\/><feGaussianBlur stdDeviation=\"5.5\" result=\"effect1_foregroundBlur_3983_183\"\/><\/filter><\/defs><\/svg><\/div><\/div><\/div><div class=\"fusion-title title fusion-title-4 fusion-sep-none fusion-title-text fusion-title-size-two\" style=\"--awb-margin-top-small:10px;--awb-margin-right-small:0px;--awb-margin-bottom-small:10px;--awb-margin-left-small:0px;\"><h2 class=\"fusion-title-heading title-heading-left fusion-responsive-typography-calculated\" style=\"margin:0;--fontSize:28;line-height:1.5;\">Benefici per la fisioterapia<\/h2><\/div><div class=\"fusion-text fusion-text-4\"><h3 style=\"text-align: justify;\">Rafforzamento dei muscoli<\/h3>\n<p style=\"text-align: justify;\">Il vogatore Technogym Skillrow offre un allenamento completo per tutto il corpo, facendo lavorare quasi l&#8217;85% dei muscoli. \u00c8 particolarmente indicato per i pazienti in fase di riabilitazione che desiderano rafforzare i muscoli.<\/p>\n<h3 style=\"text-align: justify;\">Miglioramento della mobilit\u00e0 articolare<\/h3>\n<p style=\"text-align: justify;\">Il canottaggio migliora la mobilit\u00e0 delle articolazioni, in particolare di spalle, gomiti, ginocchia e caviglie. Questo \u00e8 molto vantaggioso per i pazienti in fisioterapia, che spesso cercano di recuperare una gamma ottimale di movimenti.<\/p>\n<h3 style=\"text-align: justify;\">Riduzione del dolore<\/h3>\n<p style=\"text-align: justify;\">Il movimento fluido e naturale del vogatore Technogym Skillrow aiuta a ridurre i dolori articolari e muscolari. Questo pu\u00f2 essere particolarmente utile per i pazienti affetti da patologie come l&#8217;osteoartrite o da lesioni sportive.<\/p>\n<\/div><div class=\"fusion-title title fusion-title-5 fusion-sep-none fusion-title-text fusion-title-size-two\" style=\"--awb-margin-top-small:10px;--awb-margin-right-small:0px;--awb-margin-bottom-small:10px;--awb-margin-left-small:0px;\"><h2 class=\"fusion-title-heading title-heading-left fusion-responsive-typography-calculated\" style=\"margin:0;--fontSize:28;line-height:1.5;\">Suggerimenti per un utilizzo ottimale<\/h2><\/div><div class=\"fusion-text fusion-text-5\"><h3 style=\"text-align: justify;\">Posizionamento e postura<\/h3>\n<p style=\"text-align: justify;\">Una postura corretta sul vogatore \u00e8 essenziale per evitare lesioni e massimizzare i benefici. Mantenete la schiena dritta, le spalle basse e rilassate e i movimenti fluidi e coordinati.<\/p>\n<h3 style=\"text-align: justify;\">Progressione e frequenza<\/h3>\n<p style=\"text-align: justify;\">Per i pazienti fisioterapici \u00e8 importante stabilire un programma di allenamento adatto alle loro condizioni fisiche. Si consiglia di iniziare con sessioni brevi di intensit\u00e0 moderata, per poi aumentare gradualmente la durata e l&#8217;intensit\u00e0 in base ai progressi e alle raccomandazioni del fisioterapista.<\/p>\n<h3 style=\"text-align: justify;\">Monitoraggio delle prestazioni e degli obiettivi<\/h3>\n<p style=\"text-align: justify;\">Utilizzando l&#8217;applicazione Mywellness, \u00e8 possibile monitorare le proprie prestazioni e fissare obiettivi personalizzati in base alle esigenze di ciascun paziente. Un monitoraggio regolare e una stretta comunicazione con il fisioterapista sono essenziali per adeguare il programma di allenamento ai progressi compiuti.<\/p>\n<h3 style=\"text-align: justify;\">Sicurezza e precauzioni<\/h3>\n<p style=\"text-align: justify;\">\u00c8 fondamentale seguire sempre le istruzioni di sicurezza quando si utilizza Technogym Skillrow. Assicuratevi di mantenere un ambiente sicuro intorno alla macchina e consultate il vostro fisioterapista se avvertite dolori o disturbi durante l&#8217;allenamento.<\/p>\n<\/div><div class=\"fusion-title title fusion-title-6 fusion-sep-none fusion-title-text fusion-title-size-two\" style=\"--awb-margin-top-small:10px;--awb-margin-right-small:0px;--awb-margin-bottom-small:10px;--awb-margin-left-small:0px;\"><h2 class=\"fusion-title-heading title-heading-left fusion-responsive-typography-calculated\" style=\"margin:0;--fontSize:28;line-height:1.5;\">Conclusione<\/h2><\/div><div class=\"fusion-text fusion-text-6\"><div class=\"group w-full text-gray-800 dark:text-gray-100 border-b border-black\/10 dark:border-gray-900\/50 bg-gray-50 dark:bg-&#091;#444654&#093;\">\n<div class=\"text-base gap-4 md:gap-6 md:max-w-2xl lg:max-w-2xl xl:max-w-3xl p-4 md:py-6 flex lg:px-0 m-auto\">\n<div class=\"relative flex w-&#091;calc(100%-50px)&#093; flex-col gap-1 md:gap-3 lg:w-&#091;calc(100%-115px)&#093;\">\n<div class=\"flex flex-grow flex-col gap-3\">\n<div class=\"min-h-&#091;20px&#093; flex flex-col items-start gap-4 whitespace-pre-wrap\">\n<div class=\"markdown prose w-full break-words dark:prose-invert light\">\n<p style=\"text-align: justify;\">Il Technogym Skillrow \u00e8 una scelta eccellente per i pazienti in fisioterapia, grazie alle sue caratteristiche avanzate, ai benefici della riabilitazione e all&#8217;adattabilit\u00e0 alle esigenze individuali. Seguendo i consigli sull&#8217;uso ottimale e lavorando a stretto contatto con un professionista della fisioterapia, Skillrow pu\u00f2 aiutare i pazienti a raggiungere i loro obiettivi di riabilitazione e a recuperare una migliore qualit\u00e0 di vita.<\/p>\n<\/div>\n<\/div>\n<\/div>\n<\/div>\n<\/div>\n<\/div>\n<\/div><div class=\"fusion-clearfix\"><\/div><\/div><\/div><\/div><div class=\"fusion-builder-row fusion-row\"><\/div><\/div><div class=\"fusion-fullwidth fullwidth-box fusion-builder-row-2 fusion-flex-container has-pattern-background has-mask-background nonhundred-percent-fullwidth non-hundred-percent-height-scrolling\" style=\"--awb-border-radius-top-left:0px;--awb-border-radius-top-right:0px;--awb-border-radius-bottom-right:0px;--awb-border-radius-bottom-left:0px;--awb-flex-wrap:wrap;\" ><\/div><\/p>\n","protected":false},"excerpt":{"rendered":"","protected":false},"author":1,"featured_media":0,"parent":0,"menu_order":0,"comment_status":"closed","ping_status":"closed","template":"","meta":{"_seopress_robots_primary_cat":"","_seopress_titles_title":"","_seopress_titles_desc":"","_seopress_robots_index":"","footnotes":""},"class_list":["post-9689","page","type-page","status-publish","hentry"],"_links":{"self":[{"href":"https:\/\/pes-luxembourg.lu\/bascharage\/it\/wp-json\/wp\/v2\/pages\/9689","targetHints":{"allow":["GET"]}}],"collection":[{"href":"https:\/\/pes-luxembourg.lu\/bascharage\/it\/wp-json\/wp\/v2\/pages"}],"about":[{"href":"https:\/\/pes-luxembourg.lu\/bascharage\/it\/wp-json\/wp\/v2\/types\/page"}],"author":[{"embeddable":true,"href":"https:\/\/pes-luxembourg.lu\/bascharage\/it\/wp-json\/wp\/v2\/users\/1"}],"replies":[{"embeddable":true,"href":"https:\/\/pes-luxembourg.lu\/bascharage\/it\/wp-json\/wp\/v2\/comments?post=9689"}],"version-history":[{"count":0,"href":"https:\/\/pes-luxembourg.lu\/bascharage\/it\/wp-json\/wp\/v2\/pages\/9689\/revisions"}],"wp:attachment":[{"href":"https:\/\/pes-luxembourg.lu\/bascharage\/it\/wp-json\/wp\/v2\/media?parent=9689"}],"curies":[{"name":"wp","href":"https:\/\/api.w.org\/{rel}","templated":true}]}}