{"id":9461,"date":"2023-08-30T00:28:03","date_gmt":"2023-08-29T22:28:03","guid":{"rendered":"https:\/\/pes-luxembourg.lu\/bascharage\/terapia-manuale-bascharage\/"},"modified":"2024-01-27T15:16:38","modified_gmt":"2024-01-27T14:16:38","slug":"terapia-manuale-bascharage","status":"publish","type":"page","link":"https:\/\/pes-luxembourg.lu\/bascharage\/it\/terapia-manuale-bascharage\/","title":{"rendered":"Terapia manuale Bascharage"},"content":{"rendered":"<div class=\"fusion-fullwidth fullwidth-box fusion-builder-row-1 nonhundred-percent-fullwidth non-hundred-percent-height-scrolling\" style=\"--awb-border-radius-top-left:0px;--awb-border-radius-top-right:0px;--awb-border-radius-bottom-right:0px;--awb-border-radius-bottom-left:0px;--awb-flex-wrap:wrap;\" ><div class=\"fusion-builder-row fusion-row\"><div class=\"fusion-layout-column fusion_builder_column fusion-builder-column-0 fusion_builder_column_1_1 1_1 fusion-one-full fusion-column-first fusion-column-last\" style=\"--awb-bg-size:cover;\"><div class=\"fusion-column-wrapper fusion-column-has-shadow fusion-flex-column-wrapper-legacy\"><div class=\"fusion-title title fusion-title-1 fusion-title-center fusion-title-text fusion-title-size-one\" style=\"--awb-margin-top-small:10px;--awb-margin-right-small:0px;--awb-margin-bottom-small:10px;--awb-margin-left-small:0px;\"><div class=\"title-sep-container title-sep-container-left\"><div class=\"title-sep sep-double sep-solid\" style=\"border-color:#e0dede;\"><\/div><\/div><span class=\"awb-title-spacer\"><\/span><h1 class=\"fusion-title-heading title-heading-center fusion-responsive-typography-calculated\" style=\"margin:0;--fontSize:34;line-height:1.41;\">Terapia manuale Bascharage<\/h1><span class=\"awb-title-spacer\"><\/span><div class=\"title-sep-container title-sep-container-right\"><div class=\"title-sep sep-double sep-solid\" style=\"border-color:#e0dede;\"><\/div><\/div><\/div><div class=\"fusion-image-element fusion-image-align-center in-legacy-container\" style=\"text-align:center;--awb-caption-title-font-family:var(--h2_typography-font-family);--awb-caption-title-font-weight:var(--h2_typography-font-weight);--awb-caption-title-font-style:var(--h2_typography-font-style);--awb-caption-title-size:var(--h2_typography-font-size);--awb-caption-title-transform:var(--h2_typography-text-transform);--awb-caption-title-line-height:var(--h2_typography-line-height);--awb-caption-title-letter-spacing:var(--h2_typography-letter-spacing);\"><div class=\"imageframe-align-center\"><span class=\" fusion-imageframe imageframe-none imageframe-1 hover-type-none\" style=\"border:3px solid #f6f6f6;border-radius:50%;\"><img decoding=\"async\" width=\"300\" height=\"289\" title=\"Therapie Manuelle\" src=\"https:\/\/pes-luxembourg.lu\/bascharage\/wp-content\/uploads\/sites\/2\/2019\/08\/Therapie-Manuelle-300x289.jpg\" alt class=\"img-responsive wp-image-9469\" srcset=\"https:\/\/pes-luxembourg.lu\/bascharage\/wp-content\/uploads\/sites\/2\/2019\/08\/Therapie-Manuelle-200x193.jpg 200w, https:\/\/pes-luxembourg.lu\/bascharage\/wp-content\/uploads\/sites\/2\/2019\/08\/Therapie-Manuelle-400x386.jpg 400w, https:\/\/pes-luxembourg.lu\/bascharage\/wp-content\/uploads\/sites\/2\/2019\/08\/Therapie-Manuelle-600x579.jpg 600w, https:\/\/pes-luxembourg.lu\/bascharage\/wp-content\/uploads\/sites\/2\/2019\/08\/Therapie-Manuelle.jpg 622w\" sizes=\"(max-width: 800px) 100vw, 300px\" \/><\/span><\/div><\/div><div class=\"fusion-sep-clear\"><\/div><div class=\"fusion-separator fusion-full-width-sep\" style=\"margin-left: auto;margin-right: auto;margin-top:20px;margin-bottom:20px;width:100%;\"><div class=\"fusion-separator-border sep-shadow\" style=\"--awb-height:20px;--awb-amount:20px;background:radial-gradient(ellipse at 50% -50% , #e0dede 0px, rgba(255, 255, 255, 0) 80%) repeat scroll 0 0 rgba(0, 0, 0, 0);background:-webkit-radial-gradient(ellipse at 50% -50% , #e0dede 0px, rgba(255, 255, 255, 0) 80%) repeat scroll 0 0 rgba(0, 0, 0, 0);background:-moz-radial-gradient(ellipse at 50% -50% , #e0dede 0px, rgba(255, 255, 255, 0) 80%) repeat scroll 0 0 rgba(0, 0, 0, 0);background:-o-radial-gradient(ellipse at 50% -50% , #e0dede 0px, rgba(255, 255, 255, 0) 80%) repeat scroll 0 0 rgba(0, 0, 0, 0);\"><\/div><\/div><div class=\"fusion-sep-clear\"><\/div><div class=\"fusion-text fusion-text-1\"><div class=\"flex-shrink-0 flex flex-col relative items-end\">\n<div class=\"pt-0.5\">\n<div class=\"gizmo-shadow-stroke flex h-6 w-6 items-center justify-center overflow-hidden rounded-full\">\n<div class=\"relative p-1 rounded-sm h-9 w-9 text-white flex items-center justify-center\" style=\"text-align: justify;\">La terapia manuale, un approccio olistico ed efficace all&#8217;assistenza sanitaria, si concentra sul ripristino e sull&#8217;ottimizzazione della mobilit\u00e0 e dell&#8217;equilibrio in tutto il corpo umano. Questa pratica terapeutica, che si rivolge a un&#8217;ampia gamma di pazienti &#8211; dagli atleti ai meno attivi, dai giovani agli anziani &#8211; si basa su principi biomeccanici e neurofisiologici avanzati. L&#8217;obiettivo \u00e8 identificare e trattare le cause alla base delle disfunzioni muscoloscheletriche.<\/div>\n<\/div>\n<\/div>\n<\/div>\n<div class=\"relative flex w-full flex-col lg:w-&#091;calc(100%-115px)&#093; agent-turn\">\n<div class=\"flex-col gap-1 md:gap-3\">\n<div class=\"flex flex-grow flex-col max-w-full\">\n<div class=\"min-h-&#091;20px&#093; text-message flex flex-col items-start gap-3 whitespace-pre-wrap break-words &#091;.text-message+&amp;&#093;:mt-5 overflow-x-auto\" data-message-author-role=\"assistant\" data-message-id=\"42dfb7ed-705d-4350-a064-6a610306cfb8\">\n<div class=\"markdown prose w-full break-words dark:prose-invert light\">\n<p style=\"text-align: justify;\">Nella terapia manuale, l&#8217;importanza di determinare l&#8217;esatta origine della lesione e di comprenderne i fattori scatenanti \u00e8 fondamentale. Questo approccio utilizza una combinazione di mobilizzazioni specifiche e tecniche miotensive per trattare efficacemente i casi in cui una patologia ha portato a una perdita o a una limitazione della mobilit\u00e0. Queste tecniche mirate non solo &#8220;sbloccano&#8221; le aree interessate, ma migliorano anche in modo significativo la gamma dei movimenti e la funzionalit\u00e0 generale del corpo.<\/p>\n<p style=\"text-align: justify;\">Oltre alle sue capacit\u00e0 terapeutiche, la terapia manuale svolge un ruolo fondamentale di prevenzione, aiutando a mantenere la mobilit\u00e0 e a prevenire l&#8217;insorgere di nuove lesioni o disfunzioni. Questo metodo di trattamento manuale \u00e8 la soluzione preferita da chi cerca un approccio non invasivo e personalizzato per gestire e migliorare la propria salute muscolo-scheletrica.<\/p>\n<\/div>\n<\/div>\n<\/div>\n<\/div>\n<\/div>\n<p style=\"text-align: justify;\"><strong>La terapia manuale si basa su :<\/strong><\/p>\n<ul style=\"text-align: justify;\">\n<li>Comprendere il dolore del paziente<\/li>\n<li>Analisi dei vari parametri algali<\/li>\n<li>Trovare l&#8217;origine dei sintomi attraverso le diverse strutture del corpo: parietale &#8211; viscerale &#8211; craniosacrale.<\/li>\n<\/ul>\n<p style=\"text-align: justify;\"><strong>Le varie tecniche utilizzate nella terapia manuale sono le seguenti:<\/strong><\/p>\n<ul style=\"text-align: justify;\">\n<li>Metodo Cyriax<\/li>\n<li>Chinesiologia posturale<\/li>\n<li>Aggancio miofasciale<\/li>\n<li>Posturologia<\/li>\n<li>Inibizioni muscolari<\/li>\n<li>Tecniche dirette con spinte HVBA<\/li>\n<li>Trattamento clinico di lesioni ortopediche e discali<\/li>\n<\/ul>\n<p style=\"text-align: justify;\"><strong>I principi guida della terapia manuale sono i seguenti:<\/strong><\/p>\n<ul style=\"text-align: justify;\">\n<li>Le lesioni primarie e secondarie e il modo in cui si manifestano<\/li>\n<li>Causa del dolore e della lesione<\/li>\n<li>Meccanismi di lesione &#8211; biomeccanici ed estrinseci<\/li>\n<li>Esami e\/o diagnosi: test palpatori, funzionali e dinamici, riflessi e test tissutali.<\/li>\n<li>Studio di catene ascendenti o discendenti<\/li>\n<\/ul>\n<p style=\"text-align: justify;\">Per uno sportivo che ha subito un infortunio o una lesione di qualsiasi tipo, l&#8217;obiettivo finale della terapia manuale \u00e8 un rapido ritorno alle competizioni dopo il trattamento dell&#8217;infortunio nel suo complesso, evitando il pi\u00f9 possibile il rischio di recidiva.<\/p>\n<p style=\"text-align: justify;\">Per i non atleti, l&#8217;obiettivo principale del trattamento \u00e8 alleviare il dolore avvertito e descritto dal paziente e ripristinare una mobilit\u00e0 ottimale nella vita quotidiana.<\/p>\n<\/div><div class=\"fusion-clearfix\"><\/div><\/div><\/div><\/div><\/div>\n","protected":false},"excerpt":{"rendered":"","protected":false},"author":1,"featured_media":0,"parent":0,"menu_order":0,"comment_status":"closed","ping_status":"closed","template":"","meta":{"_seopress_robots_primary_cat":"","_seopress_titles_title":"","_seopress_titles_desc":"","_seopress_robots_index":"","footnotes":""},"class_list":["post-9461","page","type-page","status-publish","hentry"],"_links":{"self":[{"href":"https:\/\/pes-luxembourg.lu\/bascharage\/it\/wp-json\/wp\/v2\/pages\/9461","targetHints":{"allow":["GET"]}}],"collection":[{"href":"https:\/\/pes-luxembourg.lu\/bascharage\/it\/wp-json\/wp\/v2\/pages"}],"about":[{"href":"https:\/\/pes-luxembourg.lu\/bascharage\/it\/wp-json\/wp\/v2\/types\/page"}],"author":[{"embeddable":true,"href":"https:\/\/pes-luxembourg.lu\/bascharage\/it\/wp-json\/wp\/v2\/users\/1"}],"replies":[{"embeddable":true,"href":"https:\/\/pes-luxembourg.lu\/bascharage\/it\/wp-json\/wp\/v2\/comments?post=9461"}],"version-history":[{"count":0,"href":"https:\/\/pes-luxembourg.lu\/bascharage\/it\/wp-json\/wp\/v2\/pages\/9461\/revisions"}],"wp:attachment":[{"href":"https:\/\/pes-luxembourg.lu\/bascharage\/it\/wp-json\/wp\/v2\/media?parent=9461"}],"curies":[{"name":"wp","href":"https:\/\/api.w.org\/{rel}","templated":true}]}}