{"id":8921,"date":"2023-08-30T00:13:29","date_gmt":"2023-08-29T22:13:29","guid":{"rendered":"https:\/\/pes-luxembourg.lu\/bascharage\/ultrasonoterapia-bascharage\/"},"modified":"2024-01-27T15:03:23","modified_gmt":"2024-01-27T14:03:23","slug":"ultrasonoterapia-bascharage","status":"publish","type":"page","link":"https:\/\/pes-luxembourg.lu\/bascharage\/it\/ultrasonoterapia-bascharage\/","title":{"rendered":"Ultrasonoterapia Bascharage"},"content":{"rendered":"<div class=\"fusion-fullwidth fullwidth-box fusion-builder-row-1 nonhundred-percent-fullwidth non-hundred-percent-height-scrolling\" style=\"--awb-border-radius-top-left:0px;--awb-border-radius-top-right:0px;--awb-border-radius-bottom-right:0px;--awb-border-radius-bottom-left:0px;--awb-padding-top:20px;--awb-padding-bottom:20px;--awb-flex-wrap:wrap;\" ><div class=\"fusion-builder-row fusion-row\"><div class=\"fusion-layout-column fusion_builder_column fusion-builder-column-0 fusion_builder_column_1_1 1_1 fusion-one-full fusion-column-first fusion-column-last\" style=\"--awb-bg-size:cover;\"><div class=\"fusion-column-wrapper fusion-column-has-shadow fusion-flex-column-wrapper-legacy\"><div class=\"fusion-title title fusion-title-1 fusion-title-center fusion-title-text fusion-title-size-one\" style=\"--awb-margin-top-small:10px;--awb-margin-right-small:0px;--awb-margin-bottom-small:10px;--awb-margin-left-small:0px;\"><div class=\"title-sep-container title-sep-container-left\"><div class=\"title-sep sep-double sep-solid\" style=\"border-color:#e0dede;\"><\/div><\/div><span class=\"awb-title-spacer\"><\/span><h1 class=\"fusion-title-heading title-heading-center fusion-responsive-typography-calculated\" style=\"margin:0;--fontSize:34;line-height:1.41;\">Ultrasonoterapia<\/h1><span class=\"awb-title-spacer\"><\/span><div class=\"title-sep-container title-sep-container-right\"><div class=\"title-sep sep-double sep-solid\" style=\"border-color:#e0dede;\"><\/div><\/div><\/div><div class=\"fusion-image-element fusion-image-align-center in-legacy-container\" style=\"text-align:center;--awb-bottom-shadow-color:rgba(0,0,0,0.4);--awb-caption-title-font-family:var(--h2_typography-font-family);--awb-caption-title-font-weight:var(--h2_typography-font-weight);--awb-caption-title-font-style:var(--h2_typography-font-style);--awb-caption-title-size:var(--h2_typography-font-size);--awb-caption-title-transform:var(--h2_typography-text-transform);--awb-caption-title-line-height:var(--h2_typography-line-height);--awb-caption-title-letter-spacing:var(--h2_typography-letter-spacing);\"><div class=\"imageframe-align-center\"><div class=\"awb-image-frame awb-image-frame-1 awb-bottomshadow\"><span class=\" fusion-imageframe imageframe-bottomshadow imageframe-1 hover-type-none\" style=\"border:2px solid #f6f6f6;\"><img decoding=\"async\" width=\"4000\" height=\"1333\" title=\"Ultrasonoth\u00e9rapie\" src=\"https:\/\/pes-luxembourg.lu\/bascharage\/wp-content\/uploads\/sites\/2\/2022\/10\/Ultrasonotherapie.jpg\" alt class=\"img-responsive wp-image-8938\" srcset=\"https:\/\/pes-luxembourg.lu\/bascharage\/wp-content\/uploads\/sites\/2\/2022\/10\/Ultrasonotherapie-200x67.jpg 200w, https:\/\/pes-luxembourg.lu\/bascharage\/wp-content\/uploads\/sites\/2\/2022\/10\/Ultrasonotherapie-400x133.jpg 400w, https:\/\/pes-luxembourg.lu\/bascharage\/wp-content\/uploads\/sites\/2\/2022\/10\/Ultrasonotherapie-600x200.jpg 600w, https:\/\/pes-luxembourg.lu\/bascharage\/wp-content\/uploads\/sites\/2\/2022\/10\/Ultrasonotherapie-800x267.jpg 800w, https:\/\/pes-luxembourg.lu\/bascharage\/wp-content\/uploads\/sites\/2\/2022\/10\/Ultrasonotherapie-1200x400.jpg 1200w, https:\/\/pes-luxembourg.lu\/bascharage\/wp-content\/uploads\/sites\/2\/2022\/10\/Ultrasonotherapie.jpg 4000w\" sizes=\"(max-width: 800px) 100vw, 1200px\" \/><\/span><svg xmlns=\"http:\/\/www.w3.org\/2000\/svg\" version=\"1.1\" width=\"100%\" viewBox=\"0 0 600 28\" preserveAspectRatio=\"none\"><g clip-path=\"url(#a)\"><mask id=\"b\" style=\"mask-type:luminance\" maskUnits=\"userSpaceOnUse\" x=\"0\" y=\"0\" width=\"600\" height=\"28\"><path d=\"M0 0h600v28H0V0Z\" fill=\"#fff\"\/><\/mask><g filter=\"url(#c)\" mask=\"url(#b)\"><path d=\"M16.439-18.667h567.123v30.8S438.961-8.4 300-8.4C161.04-8.4 16.438 12.133 16.438 12.133v-30.8Z\" fill=\"#000\"\/><\/g><\/g><defs><clipPath id=\"a\"><path fill=\"#fff\" d=\"M0 0h600v28H0z\"\/><\/clipPath><filter id=\"c\" x=\"5.438\" y=\"-29.667\" width=\"589.123\" height=\"52.8\" filterUnits=\"userSpaceOnUse\" color-interpolation-filters=\"sRGB\"><feFlood flood-opacity=\"0\" result=\"BackgroundImageFix\"\/><feBlend in=\"SourceGraphic\" in2=\"BackgroundImageFix\" result=\"shape\"\/><feGaussianBlur stdDeviation=\"5.5\" result=\"effect1_foregroundBlur_3983_183\"\/><\/filter><\/defs><\/svg><\/div><\/div><\/div><div class=\"fusion-sep-clear\"><\/div><div class=\"fusion-separator fusion-full-width-sep\" style=\"margin-left: auto;margin-right: auto;margin-top:20px;margin-bottom:20px;width:100%;\"><div class=\"fusion-separator-border sep-shadow\" style=\"--awb-height:20px;--awb-amount:20px;background:radial-gradient(ellipse at 50% -50% , #e0dede 0px, rgba(255, 255, 255, 0) 80%) repeat scroll 0 0 rgba(0, 0, 0, 0);background:-webkit-radial-gradient(ellipse at 50% -50% , #e0dede 0px, rgba(255, 255, 255, 0) 80%) repeat scroll 0 0 rgba(0, 0, 0, 0);background:-moz-radial-gradient(ellipse at 50% -50% , #e0dede 0px, rgba(255, 255, 255, 0) 80%) repeat scroll 0 0 rgba(0, 0, 0, 0);background:-o-radial-gradient(ellipse at 50% -50% , #e0dede 0px, rgba(255, 255, 255, 0) 80%) repeat scroll 0 0 rgba(0, 0, 0, 0);\"><\/div><\/div><div class=\"fusion-sep-clear\"><\/div><div class=\"fusion-text fusion-text-1\"><div class=\" vc_custom_1519305554815\">\n<div id=\"text-block-7\" class=\"mk-text-block \">\n<div class=\"colorBlock colorBlock--color--1\">\n<p style=\"text-align: justify;\">L&#8217;uso degli <strong>ultrasuoni<\/strong> a scopo terapeutico \u00e8 una delle tecniche pi\u00f9 diffuse e antiche della <strong>fisioterapia<\/strong>. L&#8217;ultrasuonoterapia si basa su un principio semplice: la stimolazione dei tessuti profondi mediante vibrazioni sonore (non percepibili dall&#8217;orecchio umano) e la loro azione rilassante, analgesica, antinfiammatoria e defibrillante. La <strong>terapia a ultrasuoni <\/strong>\u00e8 indolore ed efficace per condizioni diverse come distorsioni, tendiniti, stiramenti ed ematomi. Tra i tanti dispositivi disponibili sul mercato, il BTL 4000 Premium si distingue per le sue prestazioni e la sua efficienza. In questo articolo vi offriamo una guida completa e dettagliata alla terapia a ultrasuoni e al dispositivo BTL 4000 Premium, per aiutarvi a capire meglio il loro funzionamento e i loro benefici.<\/p>\n<\/div>\n<\/div>\n<\/div>\n<\/div><div class=\"fusion-title title fusion-title-2 fusion-sep-none fusion-title-text fusion-title-size-two\" style=\"--awb-margin-top-small:10px;--awb-margin-right-small:0px;--awb-margin-bottom-small:10px;--awb-margin-left-small:0px;\"><h2 class=\"fusion-title-heading title-heading-left fusion-responsive-typography-calculated\" style=\"margin:0;--fontSize:28;line-height:1.5;\"><p id=\"fancy-title-9\" class=\"mk-fancy-title simple-style color-single \">Effetti dell&#8217;ultrasonoterapia<\/p><\/h2><\/div><div class=\"fusion-text fusion-text-2\"><ul>\n<li><strong>Azione defibrosante<\/strong>: \u00e8 l&#8217;azione meccanica dell&#8217;applicazione degli ultrasuoni, che ha un effetto distruttivo avviato dal rilascio di bolle di gas nei tessuti (fenomeno di cavitazione). Questo effetto sulla struttura del collagene la rende pi\u00f9 flessibile e favorisce l&#8217;organizzazione spaziale, lungo un asse longitudinale, della ricostruzione della struttura tendinea.<\/li>\n<li><strong>Azione analgesica<\/strong>: la conduzione nervosa pu\u00f2 essere rallentata o addirittura temporaneamente interrotta. Ci\u00f2 pu\u00f2 essere spiegato dalla depolarizzazione delle fibre nervose afferenti dovuta all&#8217;effetto termico. La termoterapia a ultrasuoni raggiunge le strutture pi\u00f9 profonde.<\/li>\n<li><strong>Azione antinfiammatoria<\/strong>: l&#8217;aumento del calore nella zona trattata \u00e8 accompagnato da un aumento del metabolismo a livello cellulare (vascolarizzazione\/vasodilatazione: ossigenazione e metaboliti in circolo, aumento della permeabilit\u00e0 delle membrane).<\/li>\n<\/ul>\n<p>In genere, i generatori di ultrasuoni utilizzati in fisioterapia lavorano con frequenze di 1 MHz per trattamenti approfonditi, e di <span class=\"nowrap\"><span title=\"3.333 333 333 333 3E-7 s o 18 849 555.921 539 rad-s-\u00b9\">3<\/span> <span title=\"megahertz\">MHz<\/span><\/span> per i trattamenti superficiali. Per essere efficace, il dispositivo deve essere potente, cio\u00e8 offrire un&#8217;intensit\u00e0 di almeno 3 <sup>W\/cm2<\/sup> in modalit\u00e0 pulsata e di almeno 2 <sup>W\/cm2<\/sup> in modalit\u00e0 continua. Tutte le nostre apparecchiature possono lavorare a queste frequenze e intensit\u00e0.<\/p>\n<\/div><div class=\"fusion-title title fusion-title-3 fusion-sep-none fusion-title-text fusion-title-size-two\" style=\"--awb-margin-top-small:10px;--awb-margin-right-small:0px;--awb-margin-bottom-small:10px;--awb-margin-left-small:0px;\"><h2 class=\"fusion-title-heading title-heading-left fusion-responsive-typography-calculated\" style=\"margin:0;--fontSize:28;line-height:1.5;\"><p id=\"fancy-title-9\" class=\"mk-fancy-title simple-style color-single \">Indicazioni per la terapia a ultrasuoni<\/p><\/h2><\/div><div class=\"fusion-text fusion-text-3\"><ul>\n<li><strong>Tendinite<\/strong> (e pi\u00f9 in generale tutte le tendinopatie);<\/li>\n<li>Strappi, stiramenti, strappi (e qualsiasi altro infortunio muscolare);<\/li>\n<li>Borsite ;<\/li>\n<li>Problemi di aderenza su cicatrici a seguito di un incidente o di un&#8217;operazione;<\/li>\n<li>Sindrome di Dupuytren o malattia di Raynaud;<\/li>\n<li>Distorsioni ;<\/li>\n<li>Ematomi ;<\/li>\n<li><strong>Dolore<\/strong> (cartilagineo, muscolare, articolare o da inserzione);<\/li>\n<li>Entesopatia.<\/li>\n<\/ul>\n<\/div><div class=\"fusion-title title fusion-title-4 fusion-sep-none fusion-title-text fusion-title-size-two\" style=\"--awb-margin-top-small:10px;--awb-margin-right-small:0px;--awb-margin-bottom-small:10px;--awb-margin-left-small:0px;\"><h2 class=\"fusion-title-heading title-heading-left fusion-responsive-typography-calculated\" style=\"margin:0;--fontSize:28;line-height:1.5;\"><p id=\"fancy-title-9\" class=\"mk-fancy-title simple-style color-single \">Il BTL 4000 Premium<\/p><\/h2><\/div><div class=\"fusion-text fusion-text-4\"><p style=\"text-align: justify;\">Il BTL 4000 Premium \u00e8 un dispositivo per ultrasuonoterapia di alta qualit\u00e0, progettato per offrire prestazioni ottimali nel trattamento delle patologie muscolo-scheletriche. Questo dispositivo \u00e8 stato progettato appositamente per i professionisti della fisioterapia e offre una serie di funzioni avanzate, come ad esempio<\/p>\n<ul>\n<li style=\"text-align: justify;\">Touchscreen a colori: il BTL 4000 Premium \u00e8 dotato di un intuitivo touchscreen a colori che lo rende facile e veloce da usare.<\/li>\n<li style=\"text-align: justify;\">Modalit\u00e0 di trattamento: offre diverse modalit\u00e0 di trattamento, come quella continua, pulsata e combinata, per adattarsi a diverse condizioni.<\/li>\n<li style=\"text-align: justify;\">Potenza regolabile: la potenza del dispositivo pu\u00f2 essere regolata in base alle esigenze specifiche di ciascun paziente, garantendo un trattamento personalizzato.<\/li>\n<li style=\"text-align: justify;\">Funzionamento silenzioso: il BTL 4000 Premium funziona in modo silenzioso, garantendo un ambiente di trattamento tranquillo e confortevole.<\/li>\n<\/ul>\n<\/div><div class=\"fusion-clearfix\"><\/div><\/div><\/div><\/div><\/div>\n","protected":false},"excerpt":{"rendered":"","protected":false},"author":1,"featured_media":0,"parent":0,"menu_order":0,"comment_status":"closed","ping_status":"closed","template":"","meta":{"_seopress_robots_primary_cat":"","_seopress_titles_title":"","_seopress_titles_desc":"","_seopress_robots_index":"","footnotes":""},"class_list":["post-8921","page","type-page","status-publish","hentry"],"_links":{"self":[{"href":"https:\/\/pes-luxembourg.lu\/bascharage\/it\/wp-json\/wp\/v2\/pages\/8921","targetHints":{"allow":["GET"]}}],"collection":[{"href":"https:\/\/pes-luxembourg.lu\/bascharage\/it\/wp-json\/wp\/v2\/pages"}],"about":[{"href":"https:\/\/pes-luxembourg.lu\/bascharage\/it\/wp-json\/wp\/v2\/types\/page"}],"author":[{"embeddable":true,"href":"https:\/\/pes-luxembourg.lu\/bascharage\/it\/wp-json\/wp\/v2\/users\/1"}],"replies":[{"embeddable":true,"href":"https:\/\/pes-luxembourg.lu\/bascharage\/it\/wp-json\/wp\/v2\/comments?post=8921"}],"version-history":[{"count":0,"href":"https:\/\/pes-luxembourg.lu\/bascharage\/it\/wp-json\/wp\/v2\/pages\/8921\/revisions"}],"wp:attachment":[{"href":"https:\/\/pes-luxembourg.lu\/bascharage\/it\/wp-json\/wp\/v2\/media?parent=8921"}],"curies":[{"name":"wp","href":"https:\/\/api.w.org\/{rel}","templated":true}]}}