{"id":8498,"date":"2023-08-30T00:00:34","date_gmt":"2023-08-29T22:00:34","guid":{"rendered":"https:\/\/pes-luxembourg.lu\/bascharage\/iso-inerziale-desmotec\/"},"modified":"2024-01-12T12:22:35","modified_gmt":"2024-01-12T11:22:35","slug":"iso-inerziale-desmotec","status":"publish","type":"page","link":"https:\/\/pes-luxembourg.lu\/bascharage\/it\/iso-inerziale-desmotec\/","title":{"rendered":"Iso-Inerziale Desmotec"},"content":{"rendered":"<div class=\"fusion-fullwidth fullwidth-box fusion-builder-row-1 nonhundred-percent-fullwidth non-hundred-percent-height-scrolling\" style=\"--awb-border-radius-top-left:0px;--awb-border-radius-top-right:0px;--awb-border-radius-bottom-right:0px;--awb-border-radius-bottom-left:0px;--awb-flex-wrap:wrap;\" ><div class=\"fusion-builder-row fusion-row\"><div class=\"fusion-layout-column fusion_builder_column fusion-builder-column-0 fusion_builder_column_1_1 1_1 fusion-one-full fusion-column-first fusion-column-last\" style=\"--awb-bg-size:cover;\"><div class=\"fusion-column-wrapper fusion-column-has-shadow fusion-flex-column-wrapper-legacy\"><div class=\"fusion-title title fusion-title-1 fusion-title-center fusion-title-text fusion-title-size-one\" style=\"--awb-margin-top-small:10px;--awb-margin-right-small:0px;--awb-margin-bottom-small:10px;--awb-margin-left-small:0px;\"><div class=\"title-sep-container title-sep-container-left\"><div class=\"title-sep sep-double sep-solid\" style=\"border-color:#e0dede;\"><\/div><\/div><span class=\"awb-title-spacer\"><\/span><h1 class=\"fusion-title-heading title-heading-center fusion-responsive-typography-calculated\" style=\"margin:0;--fontSize:34;line-height:1.41;\">Iso-inerziale<\/h1><span class=\"awb-title-spacer\"><\/span><div class=\"title-sep-container title-sep-container-right\"><div class=\"title-sep sep-double sep-solid\" style=\"border-color:#e0dede;\"><\/div><\/div><\/div><div class=\"fusion-image-element fusion-image-align-center in-legacy-container\" style=\"text-align:center;--awb-bottom-shadow-color:rgba(0,0,0,0.4);--awb-caption-title-font-family:var(--h2_typography-font-family);--awb-caption-title-font-weight:var(--h2_typography-font-weight);--awb-caption-title-font-style:var(--h2_typography-font-style);--awb-caption-title-size:var(--h2_typography-font-size);--awb-caption-title-transform:var(--h2_typography-text-transform);--awb-caption-title-line-height:var(--h2_typography-line-height);--awb-caption-title-letter-spacing:var(--h2_typography-letter-spacing);\"><div class=\"imageframe-align-center\"><div class=\"awb-image-frame awb-image-frame-1 awb-bottomshadow\"><span class=\" fusion-imageframe imageframe-bottomshadow imageframe-1 hover-type-none\" style=\"border:2px solid #f6f6f6;\"><img decoding=\"async\" width=\"4000\" height=\"1333\" title=\"Iso-Inertiel\" src=\"https:\/\/pes-luxembourg.lu\/bascharage\/wp-content\/uploads\/sites\/2\/2019\/11\/Iso-Inertiel.png\" alt class=\"img-responsive wp-image-8513\" srcset=\"https:\/\/pes-luxembourg.lu\/bascharage\/wp-content\/uploads\/sites\/2\/2019\/11\/Iso-Inertiel-200x67.png 200w, https:\/\/pes-luxembourg.lu\/bascharage\/wp-content\/uploads\/sites\/2\/2019\/11\/Iso-Inertiel-400x133.png 400w, https:\/\/pes-luxembourg.lu\/bascharage\/wp-content\/uploads\/sites\/2\/2019\/11\/Iso-Inertiel-600x200.png 600w, https:\/\/pes-luxembourg.lu\/bascharage\/wp-content\/uploads\/sites\/2\/2019\/11\/Iso-Inertiel-800x267.png 800w, https:\/\/pes-luxembourg.lu\/bascharage\/wp-content\/uploads\/sites\/2\/2019\/11\/Iso-Inertiel-1200x400.png 1200w, https:\/\/pes-luxembourg.lu\/bascharage\/wp-content\/uploads\/sites\/2\/2019\/11\/Iso-Inertiel.png 4000w\" sizes=\"(max-width: 800px) 100vw, 4000px\" \/><\/span><svg xmlns=\"http:\/\/www.w3.org\/2000\/svg\" version=\"1.1\" width=\"100%\" viewBox=\"0 0 600 28\" preserveAspectRatio=\"none\"><g clip-path=\"url(#a)\"><mask id=\"b\" style=\"mask-type:luminance\" maskUnits=\"userSpaceOnUse\" x=\"0\" y=\"0\" width=\"600\" height=\"28\"><path d=\"M0 0h600v28H0V0Z\" fill=\"#fff\"\/><\/mask><g filter=\"url(#c)\" mask=\"url(#b)\"><path d=\"M16.439-18.667h567.123v30.8S438.961-8.4 300-8.4C161.04-8.4 16.438 12.133 16.438 12.133v-30.8Z\" fill=\"#000\"\/><\/g><\/g><defs><clipPath id=\"a\"><path fill=\"#fff\" d=\"M0 0h600v28H0z\"\/><\/clipPath><filter id=\"c\" x=\"5.438\" y=\"-29.667\" width=\"589.123\" height=\"52.8\" filterUnits=\"userSpaceOnUse\" color-interpolation-filters=\"sRGB\"><feFlood flood-opacity=\"0\" result=\"BackgroundImageFix\"\/><feBlend in=\"SourceGraphic\" in2=\"BackgroundImageFix\" result=\"shape\"\/><feGaussianBlur stdDeviation=\"5.5\" result=\"effect1_foregroundBlur_3983_183\"\/><\/filter><\/defs><\/svg><\/div><\/div><\/div><div class=\"fusion-sep-clear\"><\/div><div class=\"fusion-separator fusion-full-width-sep\" style=\"margin-left: auto;margin-right: auto;margin-top:20px;margin-bottom:20px;width:100%;\"><div class=\"fusion-separator-border sep-shadow\" style=\"--awb-height:20px;--awb-amount:20px;background:radial-gradient(ellipse at 50% -50% , #e0dede 0px, rgba(255, 255, 255, 0) 80%) repeat scroll 0 0 rgba(0, 0, 0, 0);background:-webkit-radial-gradient(ellipse at 50% -50% , #e0dede 0px, rgba(255, 255, 255, 0) 80%) repeat scroll 0 0 rgba(0, 0, 0, 0);background:-moz-radial-gradient(ellipse at 50% -50% , #e0dede 0px, rgba(255, 255, 255, 0) 80%) repeat scroll 0 0 rgba(0, 0, 0, 0);background:-o-radial-gradient(ellipse at 50% -50% , #e0dede 0px, rgba(255, 255, 255, 0) 80%) repeat scroll 0 0 rgba(0, 0, 0, 0);\"><\/div><\/div><div class=\"fusion-sep-clear\"><\/div><div class=\"fusion-title title fusion-title-2 fusion-sep-none fusion-title-text fusion-title-size-two\" style=\"--awb-margin-top-small:10px;--awb-margin-right-small:0px;--awb-margin-bottom-small:10px;--awb-margin-left-small:0px;\"><h2 class=\"fusion-title-heading title-heading-left fusion-responsive-typography-calculated\" style=\"margin:0;--fontSize:28;line-height:1.5;\">Lo sviluppo di tecniche di rinforzo isoinerziali<\/h2><\/div><div class=\"fusion-text fusion-text-1\"><p style=\"text-align: justify;\">L&#8217;isoinerzia \u00e8 una tecnica di rafforzamento muscolare che si \u00e8 evoluta notevolmente nel corso degli anni. In questa sezione esploreremo le origini, i concetti chiave e i vantaggi di questo metodo.<\/p>\n<h3>La storia<\/h3>\n<p style=\"text-align: justify;\">Le prime tracce dell&#8217;uso dell&#8217;isoinerzia risalgono agli anni &#8217;80, quando i ricercatori iniziarono a esplorare i benefici di questa tecnica per l&#8217;addestramento degli astronauti. A causa dell&#8217;assenza di gravit\u00e0 nello spazio, i metodi tradizionali di allenamento con i pesi erano inefficaci. L&#8217;isoinerzia si \u00e8 dimostrata una soluzione valida per mantenere la forza muscolare in questo ambiente.<\/p>\n<p style=\"text-align: justify;\">Nel corso degli anni, l&#8217;isoinerzia \u00e8 stata adattata per soddisfare le esigenze degli atleti e dei pazienti in riabilitazione. Oggi \u00e8 ampiamente utilizzato dai professionisti della salute per migliorare la forza, la resistenza e la potenza.<\/p>\n<h3>Spiegazione dell&#8217;isoinerzia<\/h3>\n<p style=\"text-align: justify;\">L&#8217;isoinerzia \u00e8 una tecnica di rafforzamento muscolare che utilizza la resistenza variabile e l&#8217;inerzia per migliorare la forza, la resistenza e la potenza. A differenza dei metodi tradizionali di allenamento della forza, l&#8217;isoinerzia offre una resistenza costante durante tutto il movimento, consentendo di far lavorare i muscoli in modo pi\u00f9 efficace e sicuro.<\/p>\n<p style=\"text-align: justify;\">Ecco alcuni dei vantaggi dell&#8217;isoinerzia:<\/p>\n<ol>\n<li style=\"text-align: justify;\"><strong>Adattabilit\u00e0<\/strong>: la resistenza si adatta automaticamente alla forza dell&#8217;utente, in modo da poter lavorare all&#8217;intensit\u00e0 ottimale per ogni individuo.<\/li>\n<li style=\"text-align: justify;\"><strong>Efficacia<\/strong>: l&#8217;isoinerzia sollecita maggiormente le fibre muscolari, per cui si ottengono risultati migliori in meno tempo.<\/li>\n<li style=\"text-align: justify;\"><strong>Prevenzione degli infortuni<\/strong>: la resistenza costante riduce il rischio di infortuni evitando scosse e sovraccarichi.<\/li>\n<\/ol>\n<\/div><div class=\"fusion-title title fusion-title-3 fusion-sep-none fusion-title-text fusion-title-size-two\" style=\"--awb-margin-top-small:10px;--awb-margin-right-small:0px;--awb-margin-bottom-small:10px;--awb-margin-left-small:0px;\"><h2 class=\"fusion-title-heading title-heading-left fusion-responsive-typography-calculated\" style=\"margin:0;--fontSize:28;line-height:1.5;\">Macchine Desmotec D.Plus Pininfarina e V.Plus Pininfarina<\/h2><\/div><div class=\"fusion-text fusion-text-2\"><p style=\"text-align: justify;\">Le macchine Desmotec D.Plus Pininfarina e V.Plus Pininfarina sono state appositamente progettate per sfruttare al meglio l&#8217;isoinerzia. Queste macchine di alta gamma offrono un&#8217;esperienza di rafforzamento muscolare ottimale per i fisioterapisti e i loro pazienti.<\/p>\n<h3 style=\"text-align: justify;\">Desmotec D.Plus Pininfarina<\/h3>\n<p><img decoding=\"async\" class=\"aligncenter wp-image-8156 size-medium\" src=\"https:\/\/pes-luxembourg.lu\/bascharage\/wp-content\/uploads\/sites\/2\/2023\/04\/D-Plus-Pininfarina-263x300.jpg\" alt=\"\" width=\"263\" height=\"300\" srcset=\"https:\/\/pes-luxembourg.lu\/bascharage\/wp-content\/uploads\/sites\/2\/2023\/04\/D-Plus-Pininfarina-200x228.jpg 200w, https:\/\/pes-luxembourg.lu\/bascharage\/wp-content\/uploads\/sites\/2\/2023\/04\/D-Plus-Pininfarina-263x300.jpg 263w, https:\/\/pes-luxembourg.lu\/bascharage\/wp-content\/uploads\/sites\/2\/2023\/04\/D-Plus-Pininfarina-400x456.jpg 400w, https:\/\/pes-luxembourg.lu\/bascharage\/wp-content\/uploads\/sites\/2\/2023\/04\/D-Plus-Pininfarina-600x684.jpg 600w, https:\/\/pes-luxembourg.lu\/bascharage\/wp-content\/uploads\/sites\/2\/2023\/04\/D-Plus-Pininfarina-768x875.jpg 768w, https:\/\/pes-luxembourg.lu\/bascharage\/wp-content\/uploads\/sites\/2\/2023\/04\/D-Plus-Pininfarina-800x912.jpg 800w, https:\/\/pes-luxembourg.lu\/bascharage\/wp-content\/uploads\/sites\/2\/2023\/04\/D-Plus-Pininfarina-899x1024.jpg 899w, https:\/\/pes-luxembourg.lu\/bascharage\/wp-content\/uploads\/sites\/2\/2023\/04\/D-Plus-Pininfarina-1200x1367.jpg 1200w, https:\/\/pes-luxembourg.lu\/bascharage\/wp-content\/uploads\/sites\/2\/2023\/04\/D-Plus-Pininfarina.jpg 1254w\" sizes=\"(max-width: 263px) 100vw, 263px\" \/> <strong>Presentazione:<\/strong><\/p>\n<p style=\"text-align: justify;\">Il Desmotec D.Plus Pininfarina \u00e8 una macchina versatile e compatta che pu\u00f2 essere utilizzata per eseguire un&#8217;ampia variet\u00e0 di esercizi di rafforzamento muscolare con il metodo isoinerziale. Grazie al suo design ergonomico e ai sensori integrati, il Pininfarina D.Plus offre un monitoraggio preciso delle prestazioni e una riabilitazione efficace e personalizzata.<\/p>\n<div class=\"group w-full text-gray-800 dark:text-gray-100 border-b border-black\/10 dark:border-gray-900\/50 bg-gray-50 dark:bg-&#091;#444654&#093;\" style=\"text-align: justify;\">\n<div class=\"text-base gap-4 md:gap-6 md:max-w-2xl lg:max-w-xl xl:max-w-3xl p-4 md:py-6 flex lg:px-0 m-auto\">\n<div class=\"relative flex w-&#091;calc(100%-50px)&#093; flex-col gap-1 md:gap-3 lg:w-&#091;calc(100%-115px)&#093;\">\n<div class=\"flex flex-grow flex-col gap-3\">\n<div class=\"min-h-&#091;20px&#093; flex flex-col items-start gap-4 whitespace-pre-wrap\">\n<div class=\"markdown prose w-full break-words dark:prose-invert light\">\n<p><strong>Specifiche tecniche :<\/strong><\/p>\n<ul>\n<li>Sistema di carrucole e cavi per un movimento fluido e senza scosse.<\/li>\n<li>Sensori di forza e velocit\u00e0 per un monitoraggio preciso delle prestazioni.<\/li>\n<li>Resistenza regolabile per soddisfare le esigenze di ogni utente.<\/li>\n<li>Design compatto e leggero per un facile utilizzo e un comodo trasporto.<\/li>\n<\/ul>\n<p><strong>Applicazioni<\/strong>:<\/p>\n<p>Il Pininfarina Desmotec D.Plus \u00e8 ideale per sessioni di riabilitazione e rafforzamento muscolare per diverse popolazioni, come atleti, anziani e pazienti in riabilitazione post-chirurgica. Gli esercizi isoinerziali consentono di lavorare su forza, potenza, resistenza e coordinazione.<\/p>\n<h3>Desmotec V.Plus Pininfarina<\/h3>\n<p><img decoding=\"async\" class=\"aligncenter wp-image-8157 size-fusion-200\" src=\"https:\/\/pes-luxembourg.lu\/bascharage\/wp-content\/uploads\/sites\/2\/2023\/04\/V-Plus-Pininfarina-200x418.jpg\" alt=\"\" width=\"200\" height=\"418\" srcset=\"https:\/\/pes-luxembourg.lu\/bascharage\/wp-content\/uploads\/sites\/2\/2023\/04\/V-Plus-Pininfarina-144x300.jpg 144w, https:\/\/pes-luxembourg.lu\/bascharage\/wp-content\/uploads\/sites\/2\/2023\/04\/V-Plus-Pininfarina-200x418.jpg 200w, https:\/\/pes-luxembourg.lu\/bascharage\/wp-content\/uploads\/sites\/2\/2023\/04\/V-Plus-Pininfarina-400x835.jpg 400w, https:\/\/pes-luxembourg.lu\/bascharage\/wp-content\/uploads\/sites\/2\/2023\/04\/V-Plus-Pininfarina-490x1024.jpg 490w, https:\/\/pes-luxembourg.lu\/bascharage\/wp-content\/uploads\/sites\/2\/2023\/04\/V-Plus-Pininfarina.jpg 546w\" sizes=\"(max-width: 200px) 100vw, 200px\" \/><\/p>\n<p><strong>Presentazione:<\/strong><\/p>\n<p>Il V.Plus Pininfarina \u00e8 una versione migliorata del D.Plus, progettata in collaborazione con il famoso designer italiano Pininfarina. Questa macchina combina estetica e funzionalit\u00e0 per offrire un&#8217;esperienza unica di rafforzamento muscolare. Il Pininfarina V.Plus incorpora tecnologie all&#8217;avanguardia, come il touchscreen e la connettivit\u00e0 wireless, per il monitoraggio e l&#8217;analisi delle prestazioni in tempo reale.<\/p>\n<p><strong>Specifiche tecniche :<\/strong><\/p>\n<ul>\n<li>Design elegante ed ergonomico firmato Pininfarina.<\/li>\n<li>Touch screen per un controllo intuitivo e una visualizzazione dei dati in tempo reale.<\/li>\n<li>Connettivit\u00e0 wireless per un facile accesso ai dati e ai programmi di formazione.<\/li>\n<li>Resistenza regolabile per soddisfare le esigenze di ogni utente.<\/li>\n<li>Sistema di carrucole e cavi per un movimento fluido e senza scosse.<\/li>\n<\/ul>\n<p><strong>Applicazioni :<\/strong><\/p>\n<p>Il Desmotec V.Plus Pininfarina \u00e8 adatto a sessioni di riabilitazione e rafforzamento muscolare per diverse popolazioni, tra cui atleti di alto livello, persone in riabilitazione post-chirurgica e persone affette da dolore cronico. Grazie alla sua tecnologia avanzata, il V.Plus Pininfarina consente un monitoraggio e un&#8217;analisi precisi delle prestazioni, facilitando l&#8217;adattamento dei programmi di allenamento alle esigenze individuali.<\/p>\n<\/div>\n<\/div>\n<\/div>\n<\/div>\n<\/div>\n<\/div>\n<div class=\"group w-full text-gray-800 dark:text-gray-100 border-b border-black\/10 dark:border-gray-900\/50 dark:bg-gray-800\">\n<div class=\"text-base gap-4 md:gap-6 md:max-w-2xl lg:max-w-xl xl:max-w-3xl p-4 md:py-6 flex lg:px-0 m-auto\">\n<div class=\"w-&#091;30px&#093; flex flex-col relative items-end\">\n<div class=\"relative flex\" style=\"text-align: justify;\"><\/div>\n<\/div>\n<\/div>\n<\/div>\n<\/div><div class=\"fusion-title title fusion-title-4 fusion-sep-none fusion-title-text fusion-title-size-two\" style=\"--awb-margin-top-small:10px;--awb-margin-right-small:0px;--awb-margin-bottom-small:10px;--awb-margin-left-small:0px;\"><h2 class=\"fusion-title-heading title-heading-left fusion-responsive-typography-calculated\" style=\"margin:0;--fontSize:28;line-height:1.5;\"><div class=\"flex flex-grow flex-col gap-3\">\n<div class=\"min-h-&#091;20px&#093; flex flex-col items-start gap-4 whitespace-pre-wrap\">\n<div class=\"markdown prose w-full break-words dark:prose-invert light\">\n<p>Conclusione<\/p>\n<\/div>\n<\/div>\n<\/div><\/h2><\/div><div class=\"fusion-text fusion-text-3\"><div class=\"flex flex-grow flex-col gap-3\">\n<div class=\"min-h-&#091;20px&#093; flex flex-col items-start gap-4 whitespace-pre-wrap\">\n<div class=\"markdown prose w-full break-words dark:prose-invert light\">\n<p style=\"text-align: justify;\">Le tecniche di rafforzamento isoinerziale offrono molti vantaggi ai pazienti e ai fisioterapisti. Grazie alla loro adattabilit\u00e0, efficacia e capacit\u00e0 di prevenire gli infortuni, sono diventati lo strumento preferito per la riabilitazione e il rafforzamento muscolare.<\/p>\n<p style=\"text-align: justify;\">Le macchine Desmotec D.Plus Pininfarina e V.Plus Pininfarina rappresentano l&#8217;apice della tecnologia isoinerziale. Il loro design ergonomico, le prestazioni e la connettivit\u00e0 li rendono dispositivi essenziali per gli operatori sanitari e i loro pazienti.<\/p>\n<p style=\"text-align: justify;\">In conclusione, l&#8217;integrazione delle tecniche di potenziamento isoinerziale e delle macchine Desmotec D.Plus Pininfarina e V.Plus Pininfarina nei programmi di riabilitazione e allenamento offre numerosi vantaggi ai pazienti e agli operatori sanitari. Questi strumenti sono progettati per migliorare la qualit\u00e0 delle cure e ottimizzare i risultati delle sessioni di riabilitazione e di rafforzamento muscolare.<\/p>\n<\/div>\n<\/div>\n<\/div>\n<div class=\"flex justify-between lg:block\">\n<div class=\"text-gray-400 flex self-end lg:self-center justify-center mt-2 gap-2 md:gap-3 lg:gap-1 lg:absolute lg:top-0 lg:translate-x-full lg:right-0 lg:mt-0 lg:pl-2 visible\" style=\"text-align: justify;\"><\/div>\n<\/div>\n<\/div><div class=\"fusion-clearfix\"><\/div><\/div><\/div><\/div><\/div>\n","protected":false},"excerpt":{"rendered":"","protected":false},"author":1,"featured_media":0,"parent":0,"menu_order":0,"comment_status":"closed","ping_status":"closed","template":"","meta":{"_seopress_robots_primary_cat":"","_seopress_titles_title":"","_seopress_titles_desc":"","_seopress_robots_index":"","footnotes":""},"class_list":["post-8498","page","type-page","status-publish","hentry"],"_links":{"self":[{"href":"https:\/\/pes-luxembourg.lu\/bascharage\/it\/wp-json\/wp\/v2\/pages\/8498","targetHints":{"allow":["GET"]}}],"collection":[{"href":"https:\/\/pes-luxembourg.lu\/bascharage\/it\/wp-json\/wp\/v2\/pages"}],"about":[{"href":"https:\/\/pes-luxembourg.lu\/bascharage\/it\/wp-json\/wp\/v2\/types\/page"}],"author":[{"embeddable":true,"href":"https:\/\/pes-luxembourg.lu\/bascharage\/it\/wp-json\/wp\/v2\/users\/1"}],"replies":[{"embeddable":true,"href":"https:\/\/pes-luxembourg.lu\/bascharage\/it\/wp-json\/wp\/v2\/comments?post=8498"}],"version-history":[{"count":0,"href":"https:\/\/pes-luxembourg.lu\/bascharage\/it\/wp-json\/wp\/v2\/pages\/8498\/revisions"}],"wp:attachment":[{"href":"https:\/\/pes-luxembourg.lu\/bascharage\/it\/wp-json\/wp\/v2\/media?parent=8498"}],"curies":[{"name":"wp","href":"https:\/\/api.w.org\/{rel}","templated":true}]}}