{"id":1447,"date":"2019-10-25T18:27:13","date_gmt":"2019-10-25T16:27:13","guid":{"rendered":"https:\/\/pes-luxembourg.lu\/bascharage\/?page_id=1447"},"modified":"2024-01-27T09:21:58","modified_gmt":"2024-01-27T08:21:58","slug":"osteopatia-adulta","status":"publish","type":"page","link":"https:\/\/pes-luxembourg.lu\/bascharage\/it\/osteopatia-adulta\/","title":{"rendered":"Osteopatia per adulti"},"content":{"rendered":"<div class=\"fusion-fullwidth fullwidth-box fusion-builder-row-1 nonhundred-percent-fullwidth non-hundred-percent-height-scrolling\" style=\"--awb-border-radius-top-left:0px;--awb-border-radius-top-right:0px;--awb-border-radius-bottom-right:0px;--awb-border-radius-bottom-left:0px;--awb-flex-wrap:wrap;\" ><div class=\"fusion-builder-row fusion-row\"><div class=\"fusion-layout-column fusion_builder_column fusion-builder-column-0 fusion_builder_column_1_1 1_1 fusion-one-full fusion-column-first fusion-column-last\" style=\"--awb-bg-size:cover;\"><div class=\"fusion-column-wrapper fusion-flex-column-wrapper-legacy\"><div class=\"fusion-title title fusion-title-1 fusion-title-center fusion-title-text fusion-title-size-one\" style=\"--awb-margin-top-small:10px;--awb-margin-right-small:0px;--awb-margin-bottom-small:10px;--awb-margin-left-small:0px;\"><div class=\"title-sep-container title-sep-container-left\"><div class=\"title-sep sep-double sep-solid\" style=\"border-color:#e0dede;\"><\/div><\/div><span class=\"awb-title-spacer\"><\/span><h1 class=\"fusion-title-heading title-heading-center fusion-responsive-typography-calculated\" style=\"margin:0;--fontSize:34;line-height:1.41;\">Osteopatia per adulti<\/h1><span class=\"awb-title-spacer\"><\/span><div class=\"title-sep-container title-sep-container-right\"><div class=\"title-sep sep-double sep-solid\" style=\"border-color:#e0dede;\"><\/div><\/div><\/div><div class=\"fusion-clearfix\"><\/div><\/div><\/div><div class=\"fusion-layout-column fusion_builder_column fusion-builder-column-1 fusion_builder_column_1_4 1_4 fusion-one-fourth fusion-column-first\" style=\"--awb-bg-size:cover;width:25%;width:calc(25% - ( ( 4% + 4% ) * 0.25 ) );margin-right: 4%;\"><div class=\"fusion-column-wrapper fusion-flex-column-wrapper-legacy\"><div class=\"fusion-clearfix\"><\/div><\/div><\/div><div class=\"fusion-layout-column fusion_builder_column fusion-builder-column-2 fusion_builder_column_1_2 1_2 fusion-one-half\" style=\"--awb-bg-size:cover;width:50%;width:calc(50% - ( ( 4% + 4% ) * 0.5 ) );margin-right: 4%;\"><div class=\"fusion-column-wrapper fusion-flex-column-wrapper-legacy\"><div class=\"fusion-image-element fusion-image-align-center in-legacy-container\" style=\"text-align:center;--awb-bottom-shadow-color:rgba(0,0,0,0.4);--awb-caption-title-font-family:var(--h2_typography-font-family);--awb-caption-title-font-weight:var(--h2_typography-font-weight);--awb-caption-title-font-style:var(--h2_typography-font-style);--awb-caption-title-size:var(--h2_typography-font-size);--awb-caption-title-transform:var(--h2_typography-text-transform);--awb-caption-title-line-height:var(--h2_typography-line-height);--awb-caption-title-letter-spacing:var(--h2_typography-letter-spacing);\"><div class=\"imageframe-align-center\"><div class=\"awb-image-frame awb-image-frame-1 awb-bottomshadow\"><span class=\" fusion-imageframe imageframe-bottomshadow imageframe-1 hover-type-none\"><img decoding=\"async\" alt=\"Osteopatia per adulti che vanno al lavoro\" src=\"https:\/\/pes-moselle.fr\/yutz\/wp-content\/uploads\/sites\/2\/2016\/11\/Ost\u00e9opathie-Adulte.jpg\" class=\"img-responsive\"\/><\/span><svg xmlns=\"http:\/\/www.w3.org\/2000\/svg\" version=\"1.1\" width=\"100%\" viewBox=\"0 0 600 28\" preserveAspectRatio=\"none\"><g clip-path=\"url(#a)\"><mask id=\"b\" style=\"mask-type:luminance\" maskUnits=\"userSpaceOnUse\" x=\"0\" y=\"0\" width=\"600\" height=\"28\"><path d=\"M0 0h600v28H0V0Z\" fill=\"#fff\"\/><\/mask><g filter=\"url(#c)\" mask=\"url(#b)\"><path d=\"M16.439-18.667h567.123v30.8S438.961-8.4 300-8.4C161.04-8.4 16.438 12.133 16.438 12.133v-30.8Z\" fill=\"#000\"\/><\/g><\/g><defs><clipPath id=\"a\"><path fill=\"#fff\" d=\"M0 0h600v28H0z\"\/><\/clipPath><filter id=\"c\" x=\"5.438\" y=\"-29.667\" width=\"589.123\" height=\"52.8\" filterUnits=\"userSpaceOnUse\" color-interpolation-filters=\"sRGB\"><feFlood flood-opacity=\"0\" result=\"BackgroundImageFix\"\/><feBlend in=\"SourceGraphic\" in2=\"BackgroundImageFix\" result=\"shape\"\/><feGaussianBlur stdDeviation=\"5.5\" result=\"effect1_foregroundBlur_3983_183\"\/><\/filter><\/defs><\/svg><\/div><\/div><\/div><div class=\"fusion-clearfix\"><\/div><\/div><\/div><div class=\"fusion-layout-column fusion_builder_column fusion-builder-column-3 fusion_builder_column_1_4 1_4 fusion-one-fourth fusion-column-last\" style=\"--awb-bg-size:cover;width:25%;width:calc(25% - ( ( 4% + 4% ) * 0.25 ) );\"><div class=\"fusion-column-wrapper fusion-flex-column-wrapper-legacy\"><div class=\"fusion-clearfix\"><\/div><\/div><\/div><div class=\"fusion-layout-column fusion_builder_column fusion-builder-column-4 fusion_builder_column_1_1 1_1 fusion-one-full fusion-column-first fusion-column-last\" style=\"--awb-padding-top:30px;--awb-bg-size:cover;\"><div class=\"fusion-column-wrapper fusion-flex-column-wrapper-legacy\"><div class=\"fusion-text fusion-text-1\"><div style=\"text-align: justify;\">Gli adulti vengono consultati principalmente per dolori osteoarticolari agli arti e alla schiena (lombare, dorsale o cervicale). Spesso sono legate a una posizione di lavoro scorretta, a movimenti ripetitivi, a una malattia degenerativa come quella del disco, a un trauma (&#8220;falso movimento&#8221;) o anche alla pratica di uno sport. Questi dolori possono anche essere aumentati dallo stress e dalla tensione nervosa accumulata. Nel corso degli anni, gli osteopati sono diventati specialisti nel trattamento di disturbi funzionali come lombalgia, sciatica\/sciatalgia, mal di schiena, dolore al collo\/trapezalgia, ecc.<\/div>\n<p style=\"text-align: justify;\">Ma l&#8217;osteopatia per adulti pu\u00f2 essere efficace anche per i disturbi funzionali dell&#8217;apparato digerente (stitichezza, diarrea, gonfiore, mal di stomaco, ecc.) e per i disturbi ginecologici (dolore durante le mestruazioni, durante i rapporti sessuali, ecc.), nonch\u00e9 per i disturbi cranici (cefalee ed emicranie, disturbi ORL cronici, ecc.).<\/p>\n<p style=\"text-align: justify;\">Infine, gli adulti possono subire vari traumi, come cadute sulla testa, sulla schiena o sui glutei, che possono passare inosservati per un po&#8217; di tempo, ma che un giorno provocano dolore. Ad esempio, gli incidenti stradali o sportivi possono portare a una disorganizzazione di alcuni sistemi dell&#8217;organismo, causando un forte squilibrio. Quest&#8217;ultimo fenomeno, noto come &#8220;colpo di frusta&#8221;, \u00e8 abbastanza comune e ben noto agli osteopati con una formazione specifica.<\/p>\n<blockquote>\n<p><strong>&#8220;Gli adulti accumulano un gran numero di stress che influiscono sul loro equilibrio nel corso delle loro numerose attivit\u00e0 personali, professionali e familiari&#8221;.<\/strong><\/p>\n<\/blockquote>\n<p style=\"text-align: justify;\">La consultazione pu\u00f2 essere il risultato di un trauma, ma pu\u00f2 anche essere preventiva. Chiunque pu\u00f2 rivolgersi a un osteopata una volta all&#8217;anno per un check-up annuale, anche se non avverte alcun dolore, al fine di mantenere l&#8217;equilibrio dell&#8217;organismo e prevenire l&#8217;insorgere di dolori. L&#8217;osteopata esaminer\u00e0 quindi l&#8217;intero corpo per individuare eventuali limitazioni della mobilit\u00e0, in modo da poterle trattare ed evitare qualsiasi disagio futuro.<\/p>\n<p style=\"text-align: justify;\">Ecco un elenco di segnali che possono indurre un adulto a consultare un osteopata:<\/p>\n<ul style=\"text-align: justify;\">\n<li>Mal di schiena: lombare, dorsale, cervicale<\/li>\n<li>Nevralgie: sciatica, cruralgia, nevralgia cervicobrachiale, nevralgia intercostale, ecc.<\/li>\n<li>Dolore pelvico: sacralgia, coccigodinia (dolore al coccige), ecc.<\/li>\n<li><a href=\"https:\/\/pes-luxembourg.lu\/bascharage\/it\/bascharage-riabilitazione-perineale\/\">Incontinenza urinaria e anale funzionale<\/a><\/li>\n<li>Sequenze di operazioni<\/li>\n<li>Mal di testa, alcune vertigini<\/li>\n<li>Dolore muscolare: contratture, crampi, stiramenti, rigidit\u00e0<\/li>\n<li>Osteoartrite, artrite, osteoporosi<\/li>\n<li>Dolori articolari: anca, ginocchio, caviglia, dita, spalla, collo&#8230;<\/li>\n<li>Disturbi digestivi: dolori addominali, colopatia funzionale, diarrea, costipazione, gonfiore, dolore epigastrico, eruttazioni profuse, ecc.<\/li>\n<li>Consultazioni post-trauma<\/li>\n<li>Disturbi del sonno, depressione, ansia, nervosismo&#8230;<\/li>\n<\/ul>\n<p style=\"text-align: justify;\">Chiunque pu\u00f2 rivolgersi a un osteopata, indipendentemente dall&#8217;et\u00e0 o dal motivo della consultazione, purch\u00e9 il trattamento sia adattato alle esigenze specifiche del paziente.<\/p>\n<\/div><div class=\"fusion-clearfix\"><\/div><\/div><\/div><\/div><\/div>\n","protected":false},"excerpt":{"rendered":"","protected":false},"author":1,"featured_media":0,"parent":0,"menu_order":0,"comment_status":"closed","ping_status":"closed","template":"","meta":{"_seopress_robots_primary_cat":"","_seopress_titles_title":"","_seopress_titles_desc":"","_seopress_robots_index":"","footnotes":""},"class_list":["post-1447","page","type-page","status-publish","hentry"],"_links":{"self":[{"href":"https:\/\/pes-luxembourg.lu\/bascharage\/it\/wp-json\/wp\/v2\/pages\/1447","targetHints":{"allow":["GET"]}}],"collection":[{"href":"https:\/\/pes-luxembourg.lu\/bascharage\/it\/wp-json\/wp\/v2\/pages"}],"about":[{"href":"https:\/\/pes-luxembourg.lu\/bascharage\/it\/wp-json\/wp\/v2\/types\/page"}],"author":[{"embeddable":true,"href":"https:\/\/pes-luxembourg.lu\/bascharage\/it\/wp-json\/wp\/v2\/users\/1"}],"replies":[{"embeddable":true,"href":"https:\/\/pes-luxembourg.lu\/bascharage\/it\/wp-json\/wp\/v2\/comments?post=1447"}],"version-history":[{"count":0,"href":"https:\/\/pes-luxembourg.lu\/bascharage\/it\/wp-json\/wp\/v2\/pages\/1447\/revisions"}],"wp:attachment":[{"href":"https:\/\/pes-luxembourg.lu\/bascharage\/it\/wp-json\/wp\/v2\/media?parent=1447"}],"curies":[{"name":"wp","href":"https:\/\/api.w.org\/{rel}","templated":true}]}}