{"id":1365,"date":"2019-10-23T17:32:57","date_gmt":"2019-10-23T15:32:57","guid":{"rendered":"https:\/\/pes-luxembourg.lu\/bascharage\/?page_id=1365"},"modified":"2024-01-27T10:24:46","modified_gmt":"2024-01-27T09:24:46","slug":"osteopatia-sportiva","status":"publish","type":"page","link":"https:\/\/pes-luxembourg.lu\/bascharage\/it\/osteopatia-sportiva\/","title":{"rendered":"Osteopatia sportiva"},"content":{"rendered":"<div class=\"fusion-fullwidth fullwidth-box fusion-builder-row-1 nonhundred-percent-fullwidth non-hundred-percent-height-scrolling\" style=\"--awb-border-radius-top-left:0px;--awb-border-radius-top-right:0px;--awb-border-radius-bottom-right:0px;--awb-border-radius-bottom-left:0px;--awb-flex-wrap:wrap;\" ><div class=\"fusion-builder-row fusion-row\"><div class=\"fusion-layout-column fusion_builder_column fusion-builder-column-0 fusion_builder_column_1_1 1_1 fusion-one-full fusion-column-first fusion-column-last\" style=\"--awb-bg-size:cover;\"><div class=\"fusion-column-wrapper fusion-flex-column-wrapper-legacy\"><div class=\"fusion-title title fusion-title-1 fusion-title-center fusion-title-text fusion-title-size-one\" style=\"--awb-margin-top-small:10px;--awb-margin-right-small:0px;--awb-margin-bottom-small:10px;--awb-margin-left-small:0px;\"><div class=\"title-sep-container title-sep-container-left\"><div class=\"title-sep sep-double sep-solid\" style=\"border-color:#e0dede;\"><\/div><\/div><span class=\"awb-title-spacer\"><\/span><h1 class=\"fusion-title-heading title-heading-center fusion-responsive-typography-calculated\" style=\"margin:0;--fontSize:34;line-height:1.41;\">Osteopatia per gli sportivi<\/h1><span class=\"awb-title-spacer\"><\/span><div class=\"title-sep-container title-sep-container-right\"><div class=\"title-sep sep-double sep-solid\" style=\"border-color:#e0dede;\"><\/div><\/div><\/div><div class=\"fusion-clearfix\"><\/div><\/div><\/div><div class=\"fusion-layout-column fusion_builder_column fusion-builder-column-1 fusion_builder_column_1_4 1_4 fusion-one-fourth fusion-column-first\" style=\"--awb-bg-size:cover;width:25%;width:calc(25% - ( ( 4% + 4% ) * 0.25 ) );margin-right: 4%;\"><div class=\"fusion-column-wrapper fusion-flex-column-wrapper-legacy\"><div class=\"fusion-clearfix\"><\/div><\/div><\/div><div class=\"fusion-layout-column fusion_builder_column fusion-builder-column-2 fusion_builder_column_1_2 1_2 fusion-one-half\" style=\"--awb-bg-size:cover;width:50%;width:calc(50% - ( ( 4% + 4% ) * 0.5 ) );margin-right: 4%;\"><div class=\"fusion-column-wrapper fusion-flex-column-wrapper-legacy\"><div class=\"fusion-image-element fusion-image-align-center in-legacy-container\" style=\"text-align:center;--awb-bottom-shadow-color:rgba(0,0,0,0.4);--awb-caption-title-font-family:var(--h2_typography-font-family);--awb-caption-title-font-weight:var(--h2_typography-font-weight);--awb-caption-title-font-style:var(--h2_typography-font-style);--awb-caption-title-size:var(--h2_typography-font-size);--awb-caption-title-transform:var(--h2_typography-text-transform);--awb-caption-title-line-height:var(--h2_typography-line-height);--awb-caption-title-letter-spacing:var(--h2_typography-letter-spacing);\"><div class=\"imageframe-align-center\"><div class=\"awb-image-frame awb-image-frame-1 awb-bottomshadow\"><span class=\" fusion-imageframe imageframe-bottomshadow imageframe-1 hover-type-none\"><img decoding=\"async\" src=\"https:\/\/pes-moselle.fr\/yutz\/wp-content\/uploads\/sites\/2\/2016\/11\/Ost\u00e9opathie-Sport.jpg\" alt class=\"img-responsive\"\/><\/span><svg xmlns=\"http:\/\/www.w3.org\/2000\/svg\" version=\"1.1\" width=\"100%\" viewBox=\"0 0 600 28\" preserveAspectRatio=\"none\"><g clip-path=\"url(#a)\"><mask id=\"b\" style=\"mask-type:luminance\" maskUnits=\"userSpaceOnUse\" x=\"0\" y=\"0\" width=\"600\" height=\"28\"><path d=\"M0 0h600v28H0V0Z\" fill=\"#fff\"\/><\/mask><g filter=\"url(#c)\" mask=\"url(#b)\"><path d=\"M16.439-18.667h567.123v30.8S438.961-8.4 300-8.4C161.04-8.4 16.438 12.133 16.438 12.133v-30.8Z\" fill=\"#000\"\/><\/g><\/g><defs><clipPath id=\"a\"><path fill=\"#fff\" d=\"M0 0h600v28H0z\"\/><\/clipPath><filter id=\"c\" x=\"5.438\" y=\"-29.667\" width=\"589.123\" height=\"52.8\" filterUnits=\"userSpaceOnUse\" color-interpolation-filters=\"sRGB\"><feFlood flood-opacity=\"0\" result=\"BackgroundImageFix\"\/><feBlend in=\"SourceGraphic\" in2=\"BackgroundImageFix\" result=\"shape\"\/><feGaussianBlur stdDeviation=\"5.5\" result=\"effect1_foregroundBlur_3983_183\"\/><\/filter><\/defs><\/svg><\/div><\/div><\/div><div class=\"fusion-clearfix\"><\/div><\/div><\/div><div class=\"fusion-layout-column fusion_builder_column fusion-builder-column-3 fusion_builder_column_1_4 1_4 fusion-one-fourth fusion-column-last\" style=\"--awb-bg-size:cover;width:25%;width:calc(25% - ( ( 4% + 4% ) * 0.25 ) );\"><div class=\"fusion-column-wrapper fusion-flex-column-wrapper-legacy\"><div class=\"fusion-clearfix\"><\/div><\/div><\/div><div class=\"fusion-layout-column fusion_builder_column fusion-builder-column-4 fusion_builder_column_1_1 1_1 fusion-one-full fusion-column-first fusion-column-last\" style=\"--awb-padding-top:30px;--awb-bg-size:cover;\"><div class=\"fusion-column-wrapper fusion-flex-column-wrapper-legacy\"><div class=\"fusion-text fusion-text-1\"><div>\n<p style=\"text-align: justify;\">Praticare sport fa bene alla salute, anche perch\u00e9 allevia lo stress, ma per gli sportivi occasionali o quando l&#8217;attivit\u00e0 \u00e8 praticata senza supervisione, pu\u00f2 causare microtraumi sovraccaricando le strutture del corpo umano e pu\u00f2 persino portare a lesioni (contratture, distorsioni, strappi muscolari, infiammazioni locali o dolore cronico, ecc.)<\/p>\n<p style=\"text-align: justify;\">Negli sport professionistici, la pratica sportiva \u00e8 intensa e i tempi di recupero non sono sempre rispettati, per cui l&#8217;organismo entra in un ciclo di superlavoro. L&#8217;atleta, nonostante l&#8217;allenamento sostenuto, ristagna nell&#8217;aumentare le sue prestazioni o addirittura regredisce e si infortuna. Si tratta della cosiddetta sindrome da sovrallenamento e i primi segni compaiono generalmente dopo otto ore di attivit\u00e0 sportiva intensa alla settimana. Il risultato sar\u00e0 stress psicologico, disturbi del sonno e un ciclo infinito.<\/p>\n<p style=\"text-align: justify;\">Gli osteopati sono consultati da molti sportivi di alto livello, non solo per alleviare il dolore ripristinando la mobilit\u00e0 di tutto il corpo, ma anche per prevenire l&#8217;insorgere di molti disturbi effettuando controlli regolari (almeno una volta in preparazione della stagione e una tra le stagioni).<\/p>\n<p style=\"text-align: justify;\">L&#8217;osteopatia consente inoltre agli sportivi di migliorare le proprie prestazioni aumentando la potenza e la capacit\u00e0 respiratoria (diaframma toracico, gabbia toracica e polmoni), oltre a lavorare sulla flessibilit\u00e0 articolare e muscolare, che consente di ottenere una maggiore facilit\u00e0 e ampiezza. Qualsiasi limitazione o perdita di mobilit\u00e0 di muscoli, legamenti e articolazioni pu\u00f2 portare a un deterioramento delle prestazioni e dello stato di salute dello sportivo, provocando contratture, distorsioni, strappi, infiammazioni locali e dolore cronico. Favorisce inoltre un migliore recupero dopo l&#8217;esercizio fisico, lavorando sulla respirazione, sulla capacit\u00e0 respiratoria e sul rilassamento muscolare, oltre a eliminare le &#8220;scorie&#8221; prodotte durante l&#8217;esercizio. L&#8217;atleta pu\u00f2 quindi svilupparsi nelle migliori condizioni fisiche e mentali possibili, riducendo al contempo la fatica e il rischio di infortuni.<\/p>\n<blockquote>\n<p><strong>&#8220;Gli sportivi sono pazienti speciali. L&#8217;approccio terapeutico deve quindi essere adattato allo sport e all&#8217;intensit\u00e0 di ciascun individuo&#8221;.<\/strong><\/p>\n<\/blockquote>\n<p style=\"text-align: justify;\">Come dice il proverbio, &#8220;prevenire \u00e8 meglio che curare&#8221;. L&#8217;osteopatia \u00e8 quindi consigliata all&#8217;inizio di un&#8217;attivit\u00e0 sportiva per assicurarsi che l&#8217;attivit\u00e0 non causi uno stress o uno sforzo eccessivo al corpo. Prepara l&#8217;organismo al tipo di esercizio richiesto. Allo stesso modo, durante la pausa di met\u00e0 stagione, l&#8217;osteopata potr\u00e0 valutare e trattare eventuali disfunzioni sviluppatesi durante l&#8217;inizio del campionato.<\/p>\n<p style=\"text-align: justify;\">Ecco un elenco di segnali che possono indurre gli sportivi a consultare un osteopata:<\/p>\n<ul style=\"text-align: justify;\">\n<li>Prevenzione: check-up annuale, preparazione alle gare, prima di iniziare un&#8217;attivit\u00e0, miglioramento delle prestazioni, ecc.<\/li>\n<li>Mal di schiena, scoliosi, dolori articolari&#8230;<\/li>\n<li>Anamnesi di fratture, distorsioni, interventi chirurgici, ecc.<\/li>\n<li>Distorsioni, tendiniti (gomito del tennista o del golfista, tendine d&#8217;Achille)&#8230;<\/li>\n<li>Dolori muscolari: contratture, stiramenti, allungamenti, rotture e disinserzioni, ecc.<\/li>\n<li>Pubalgia e patologie degli adduttori (calcio)&#8230;<\/li>\n<li>Indossare solette ortopediche<\/li>\n<li>Respiro affannoso durante lo sforzo, recupero difficile (tra e dopo gli eventi)&#8230;<\/li>\n<li>Lussazioni e periartrite<\/li>\n<li>Dopo l&#8217;intervento, dopo un trauma&#8230;<\/li>\n<\/ul>\n<p style=\"text-align: justify;\">L&#8217;osteopatia \u00e8 per tutti gli sportivi:<strong> <\/strong>dilettanti e sportivi di alto livello. Un consulto dopo una grande prova o un infortunio pu\u00f2 essere molto utile a lungo termine.<\/p>\n<\/div>\n<\/div><div class=\"fusion-clearfix\"><\/div><\/div><\/div><\/div><\/div>\n","protected":false},"excerpt":{"rendered":"","protected":false},"author":1,"featured_media":0,"parent":0,"menu_order":0,"comment_status":"closed","ping_status":"closed","template":"","meta":{"_seopress_robots_primary_cat":"","_seopress_titles_title":"","_seopress_titles_desc":"","_seopress_robots_index":"","footnotes":""},"class_list":["post-1365","page","type-page","status-publish","hentry"],"_links":{"self":[{"href":"https:\/\/pes-luxembourg.lu\/bascharage\/it\/wp-json\/wp\/v2\/pages\/1365","targetHints":{"allow":["GET"]}}],"collection":[{"href":"https:\/\/pes-luxembourg.lu\/bascharage\/it\/wp-json\/wp\/v2\/pages"}],"about":[{"href":"https:\/\/pes-luxembourg.lu\/bascharage\/it\/wp-json\/wp\/v2\/types\/page"}],"author":[{"embeddable":true,"href":"https:\/\/pes-luxembourg.lu\/bascharage\/it\/wp-json\/wp\/v2\/users\/1"}],"replies":[{"embeddable":true,"href":"https:\/\/pes-luxembourg.lu\/bascharage\/it\/wp-json\/wp\/v2\/comments?post=1365"}],"version-history":[{"count":0,"href":"https:\/\/pes-luxembourg.lu\/bascharage\/it\/wp-json\/wp\/v2\/pages\/1365\/revisions"}],"wp:attachment":[{"href":"https:\/\/pes-luxembourg.lu\/bascharage\/it\/wp-json\/wp\/v2\/media?parent=1365"}],"curies":[{"name":"wp","href":"https:\/\/api.w.org\/{rel}","templated":true}]}}