{"id":9379,"date":"2023-08-30T00:27:45","date_gmt":"2023-08-29T22:27:45","guid":{"rendered":"https:\/\/pes-luxembourg.lu\/bascharage\/physiotherapist-bascharage-lise-anne-parent\/"},"modified":"2024-01-24T15:52:40","modified_gmt":"2024-01-24T14:52:40","slug":"physiotherapist-bascharage-lise-anne-parent","status":"publish","type":"page","link":"https:\/\/pes-luxembourg.lu\/bascharage\/en\/physiotherapist-bascharage-lise-anne-parent\/","title":{"rendered":"Physiotherapist Bascharage Lise-Anne Parent"},"content":{"rendered":"<div class=\"fusion-fullwidth fullwidth-box fusion-builder-row-1 nonhundred-percent-fullwidth non-hundred-percent-height-scrolling\" style=\"--awb-border-radius-top-left:0px;--awb-border-radius-top-right:0px;--awb-border-radius-bottom-right:0px;--awb-border-radius-bottom-left:0px;--awb-flex-wrap:wrap;\" ><div class=\"fusion-builder-row fusion-row\"><div class=\"fusion-layout-column fusion_builder_column fusion-builder-column-0 fusion_builder_column_1_1 1_1 fusion-one-full fusion-column-first fusion-column-last\" style=\"--awb-bg-size:cover;\"><div class=\"fusion-column-wrapper fusion-flex-column-wrapper-legacy\"><div class=\"fusion-title title fusion-title-1 fusion-title-center fusion-title-text fusion-title-size-one\" style=\"--awb-margin-top-small:10px;--awb-margin-right-small:0px;--awb-margin-bottom-small:10px;--awb-margin-left-small:0px;\"><div class=\"title-sep-container title-sep-container-left\"><div class=\"title-sep sep-double sep-solid\" style=\"border-color:#e0dede;\"><\/div><\/div><span class=\"awb-title-spacer\"><\/span><h1 class=\"fusion-title-heading title-heading-center fusion-responsive-typography-calculated\" style=\"margin:0;--fontSize:34;line-height:1.41;\">Physiotherapist Bascharage Lise-Anne Parent<\/h1><span class=\"awb-title-spacer\"><\/span><div class=\"title-sep-container title-sep-container-right\"><div class=\"title-sep sep-double sep-solid\" style=\"border-color:#e0dede;\"><\/div><\/div><\/div><div class=\"fusion-clearfix\"><\/div><\/div><\/div><div class=\"fusion-layout-column fusion_builder_column fusion-builder-column-1 fusion_builder_column_1_1 1_1 fusion-one-full fusion-column-first fusion-column-last\" style=\"--awb-bg-size:cover;\"><div class=\"fusion-column-wrapper fusion-flex-column-wrapper-legacy\"><div class=\"fusion-person person fusion-person-left fusion-person-1 fusion-person-icon-top\" style=\"--awb-pic-style-color:#000000;--awb-pic-borderradius:20px;--awb-margin-top:0px;--awb-margin-right:0px;--awb-margin-bottom:0px;--awb-margin-left:0px;--awb-social-box-border-top:0px;--awb-social-box-border-right:0px;--awb-social-box-border-bottom:0px;--awb-social-box-border-left:0px;--awb-social-box-border-color:var(--awb-color3);--awb-social-box-border-color-hover:var(--awb-color4);--awb-social-box-colors-hover:rgba(232,232,232,0.8);--awb-social-icon-boxed-colors:#e8e8e8;--awb-social-icon-colors:#82c9f0;--awb-social-icon-colors-hover:rgba(130,201,240,0.8);\"><div class=\"person-shortcode-image-wrapper\"><div class=\"person-image-container hover-type-none person-rounded-overflow\" style=\"-webkit-border-radius:20px;-moz-border-radius:20px;border-radius:20px;border:0px solid #f6f6f6;-webkit-border-radius:20px;-moz-border-radius:20px;border-radius:20px;\"><img decoding=\"async\" class=\"person-img img-responsive wp-image-11897\" width=\"400\" height=\"400\" src=\"https:\/\/pes-luxembourg.lu\/bascharage\/wp-content\/uploads\/sites\/2\/2020\/09\/Lise-Anne-Parent-Kine-Bascharage-1-400x400.jpg\" alt=\"Lise-Anne Parent\" srcset=\"https:\/\/pes-luxembourg.lu\/bascharage\/wp-content\/uploads\/sites\/2\/2020\/09\/Lise-Anne-Parent-Kine-Bascharage-1-200x200.jpg 200w, https:\/\/pes-luxembourg.lu\/bascharage\/wp-content\/uploads\/sites\/2\/2020\/09\/Lise-Anne-Parent-Kine-Bascharage-1-400x400.jpg 400w, https:\/\/pes-luxembourg.lu\/bascharage\/wp-content\/uploads\/sites\/2\/2020\/09\/Lise-Anne-Parent-Kine-Bascharage-1-600x600.jpg 600w, https:\/\/pes-luxembourg.lu\/bascharage\/wp-content\/uploads\/sites\/2\/2020\/09\/Lise-Anne-Parent-Kine-Bascharage-1-800x800.jpg 800w, https:\/\/pes-luxembourg.lu\/bascharage\/wp-content\/uploads\/sites\/2\/2020\/09\/Lise-Anne-Parent-Kine-Bascharage-1-1200x1200.jpg 1200w\" sizes=\"(max-width: 800px) 100vw, 1200px\" \/><\/div><\/div><div class=\"person-desc\"><div class=\"person-author\"><div class=\"person-author-wrapper\"><span class=\"person-name\">Lise-Anne Parent<\/span><span class=\"person-title\">Physiotherapist<\/span><\/div><\/div><div class=\"person-content fusion-clearfix\"><\/div><\/div><\/div><div class=\"fusion-text fusion-text-1\"><p style=\"text-align: justify;\"><strong>Lise-Anne Parent<\/strong>, your physiotherapist in Bascharage, completed the international Bachelor&#8217;s program at <a href=\"https:\/\/www.lunex-university.net\/fr\/etude\/bachelor-in-physiotherapy\/\">LUNEX University<\/a>, Differdange, where she graduated in April 2020.<\/p>\n<p style=\"text-align: justify;\">During her studies, she followed a theoretical curriculum including courses such as general, locomotor and neurological anatomy, physiology, biochemistry, biomechanics, sports, medical and surgical pathologies, neurology, respiratory, cardiac and vascular physiotherapy, geriatrics, physiotherapy, nutrition etc&#8230; She has also taken many practical subjects such as massage, lymphatic drainage, mobilization, neurological rehabilitation, examinations and check-ups, orthopedic and sports rehabilitation, palpatory anatomy, etc. Not forgetting clinical teaching, where she had the opportunity to take charge of different types of patients.<\/p>\n<p style=\"text-align: justify;\">The clinical part was carried out in rehabilitation centers and private practices. She enriched her knowledge of cardiovascular and respiratory physiotherapy, as well as traumatology and rheumatology, by practicing at the <a href=\"http:\/\/www.ugecam-pacac.fr\/etablissements\/centre-medical-rhone-azur-gap\">Centre Rh\u00f4ne Azur in Gap<\/a>. His time at the <a href=\"http:\/\/www.ugecam-nordest.fr\/etablissements\/irr-etablissement-de-lay-saint-christophe\">Lay-Saint-Christophe Rehabilitation Center<\/a>, specializing in central neurology, enabled him to monitor a wide range of complex pathologies (stroke, MS, tetraplegia, paraplegia, etc.). At the <a href=\"http:\/\/www.ugecam-nordest.fr\/etablissements\/irr-etablissement-de-nancy-louis-pierquin\">Centre de R\u00e9\u00e9ducation et R\u00e9adaptation de Nancy<\/a>, Lise-Anne perfected her clinical approach to hand pathologies and the rehabilitation of amputees, as well as general traumatology and rheumatology.<\/p>\n<p style=\"text-align: justify;\">At the end of her studies, Lise-Anne presented a research dissertation on proprioceptive rehabilitation of the shoulder in the elderly.<\/p>\n<\/div><div class=\"fusion-title title fusion-title-2 fusion-title-center fusion-title-text fusion-title-size-one\" style=\"--awb-margin-top-small:10px;--awb-margin-right-small:0px;--awb-margin-bottom-small:10px;--awb-margin-left-small:0px;\"><div class=\"title-sep-container title-sep-container-left\"><div class=\"title-sep sep-double sep-solid\" style=\"border-color:#e0dede;\"><\/div><\/div><span class=\"awb-title-spacer\"><\/span><h1 class=\"fusion-title-heading title-heading-center fusion-responsive-typography-calculated\" style=\"margin:0;--fontSize:34;line-height:1.41;\">Book an appointment online with Lise-Anne Parent<\/h1><span class=\"awb-title-spacer\"><\/span><div class=\"title-sep-container title-sep-container-right\"><div class=\"title-sep sep-double sep-solid\" style=\"border-color:#e0dede;\"><\/div><\/div><\/div><div class=\"fusion-text fusion-text-2\"><section data-toggle=\"doc-calendar\" data-picture=\"1\" data-doctor-eid=\"7c4bd224-23b4-4fb3-b08c-97a7e30da22e\" data-language=\"fr\"><\/section>\n<p><script src=\"https:\/\/api.doctena.lu\/js\/widgetBooking\/calendar\/build.php\"><\/script><\/p>\n<\/div><div class=\"fusion-clearfix\"><\/div><\/div><\/div><\/div><\/div>\n","protected":false},"excerpt":{"rendered":"","protected":false},"author":1,"featured_media":0,"parent":0,"menu_order":0,"comment_status":"closed","ping_status":"closed","template":"","meta":{"_seopress_robots_primary_cat":"","_seopress_titles_title":"","_seopress_titles_desc":"","_seopress_robots_index":"","footnotes":""},"class_list":["post-9379","page","type-page","status-publish","hentry"],"_links":{"self":[{"href":"https:\/\/pes-luxembourg.lu\/bascharage\/en\/wp-json\/wp\/v2\/pages\/9379","targetHints":{"allow":["GET"]}}],"collection":[{"href":"https:\/\/pes-luxembourg.lu\/bascharage\/en\/wp-json\/wp\/v2\/pages"}],"about":[{"href":"https:\/\/pes-luxembourg.lu\/bascharage\/en\/wp-json\/wp\/v2\/types\/page"}],"author":[{"embeddable":true,"href":"https:\/\/pes-luxembourg.lu\/bascharage\/en\/wp-json\/wp\/v2\/users\/1"}],"replies":[{"embeddable":true,"href":"https:\/\/pes-luxembourg.lu\/bascharage\/en\/wp-json\/wp\/v2\/comments?post=9379"}],"version-history":[{"count":0,"href":"https:\/\/pes-luxembourg.lu\/bascharage\/en\/wp-json\/wp\/v2\/pages\/9379\/revisions"}],"wp:attachment":[{"href":"https:\/\/pes-luxembourg.lu\/bascharage\/en\/wp-json\/wp\/v2\/media?parent=9379"}],"curies":[{"name":"wp","href":"https:\/\/api.w.org\/{rel}","templated":true}]}}