{"id":9789,"date":"2023-08-30T00:29:02","date_gmt":"2023-08-29T22:29:02","guid":{"rendered":"https:\/\/pes-luxembourg.lu\/bascharage\/rudergeraet-technogym-skillrow-bascharage\/"},"modified":"2024-01-27T11:06:21","modified_gmt":"2024-01-27T10:06:21","slug":"rudergeraet-technogym-skillrow-bascharage","status":"publish","type":"page","link":"https:\/\/pes-luxembourg.lu\/bascharage\/de\/rudergeraet-technogym-skillrow-bascharage\/","title":{"rendered":"Ruderger\u00e4t Technogym Skillrow Bascharage"},"content":{"rendered":"<p><div class=\"fusion-fullwidth fullwidth-box fusion-builder-row-1 nonhundred-percent-fullwidth non-hundred-percent-height-scrolling\" style=\"--awb-border-radius-top-left:0px;--awb-border-radius-top-right:0px;--awb-border-radius-bottom-right:0px;--awb-border-radius-bottom-left:0px;--awb-padding-top:20px;--awb-padding-bottom:20px;--awb-flex-wrap:wrap;\" ><div class=\"fusion-builder-row fusion-row\"><div class=\"fusion-layout-column fusion_builder_column fusion-builder-column-0 fusion_builder_column_1_1 1_1 fusion-one-full fusion-column-first fusion-column-last\" style=\"--awb-bg-size:cover;\"><div class=\"fusion-column-wrapper fusion-column-has-shadow fusion-flex-column-wrapper-legacy\"><div class=\"fusion-title title fusion-title-1 fusion-title-center fusion-title-text fusion-title-size-one\" style=\"--awb-margin-top-small:10px;--awb-margin-right-small:0px;--awb-margin-bottom-small:10px;--awb-margin-left-small:0px;\"><div class=\"title-sep-container title-sep-container-left\"><div class=\"title-sep sep-double sep-solid\" style=\"border-color:#e0dede;\"><\/div><\/div><span class=\"awb-title-spacer\"><\/span><h1 class=\"fusion-title-heading title-heading-center fusion-responsive-typography-calculated\" style=\"margin:0;--fontSize:34;line-height:1.41;\">Technogym Skillrow Ruderger\u00e4t<\/h1><span class=\"awb-title-spacer\"><\/span><div class=\"title-sep-container title-sep-container-right\"><div class=\"title-sep sep-double sep-solid\" style=\"border-color:#e0dede;\"><\/div><\/div><\/div><div class=\"fusion-image-element fusion-image-align-center in-legacy-container\" style=\"text-align:center;--awb-bottom-shadow-color:rgba(0,0,0,0.4);--awb-caption-title-font-family:var(--h2_typography-font-family);--awb-caption-title-font-weight:var(--h2_typography-font-weight);--awb-caption-title-font-style:var(--h2_typography-font-style);--awb-caption-title-size:var(--h2_typography-font-size);--awb-caption-title-transform:var(--h2_typography-text-transform);--awb-caption-title-line-height:var(--h2_typography-line-height);--awb-caption-title-letter-spacing:var(--h2_typography-letter-spacing);\"><div class=\"imageframe-align-center\"><div class=\"awb-image-frame awb-image-frame-1 awb-bottomshadow\"><span class=\" fusion-imageframe imageframe-bottomshadow imageframe-1 hover-type-none\" style=\"border:2px solid #f6f6f6;\"><a class=\"fusion-no-lightbox\" href=\"https:\/\/www.technogym.com\/fr-BE\/product\/skillrow_DJR0NDT.html\" target=\"_blank\" aria-label=\"SkillRow\" rel=\"noopener noreferrer\"><img decoding=\"async\" width=\"4000\" height=\"1333\" alt=\"Vorstellung von Technogym Skillrow\" src=\"https:\/\/pes-luxembourg.lu\/bascharage\/wp-content\/uploads\/sites\/2\/2023\/02\/SkillRow.png\" class=\"img-responsive wp-image-8041\" srcset=\"https:\/\/pes-luxembourg.lu\/bascharage\/wp-content\/uploads\/sites\/2\/2023\/02\/SkillRow-200x67.png 200w, https:\/\/pes-luxembourg.lu\/bascharage\/wp-content\/uploads\/sites\/2\/2023\/02\/SkillRow-400x133.png 400w, https:\/\/pes-luxembourg.lu\/bascharage\/wp-content\/uploads\/sites\/2\/2023\/02\/SkillRow-600x200.png 600w, https:\/\/pes-luxembourg.lu\/bascharage\/wp-content\/uploads\/sites\/2\/2023\/02\/SkillRow-800x267.png 800w, https:\/\/pes-luxembourg.lu\/bascharage\/wp-content\/uploads\/sites\/2\/2023\/02\/SkillRow-1200x400.png 1200w, https:\/\/pes-luxembourg.lu\/bascharage\/wp-content\/uploads\/sites\/2\/2023\/02\/SkillRow.png 4000w\" sizes=\"(max-width: 800px) 100vw, 1200px\" \/><\/a><\/span><svg xmlns=\"http:\/\/www.w3.org\/2000\/svg\" version=\"1.1\" width=\"100%\" viewBox=\"0 0 600 28\" preserveAspectRatio=\"none\"><g clip-path=\"url(#a)\"><mask id=\"b\" style=\"mask-type:luminance\" maskUnits=\"userSpaceOnUse\" x=\"0\" y=\"0\" width=\"600\" height=\"28\"><path d=\"M0 0h600v28H0V0Z\" fill=\"#fff\"\/><\/mask><g filter=\"url(#c)\" mask=\"url(#b)\"><path d=\"M16.439-18.667h567.123v30.8S438.961-8.4 300-8.4C161.04-8.4 16.438 12.133 16.438 12.133v-30.8Z\" fill=\"#000\"\/><\/g><\/g><defs><clipPath id=\"a\"><path fill=\"#fff\" d=\"M0 0h600v28H0z\"\/><\/clipPath><filter id=\"c\" x=\"5.438\" y=\"-29.667\" width=\"589.123\" height=\"52.8\" filterUnits=\"userSpaceOnUse\" color-interpolation-filters=\"sRGB\"><feFlood flood-opacity=\"0\" result=\"BackgroundImageFix\"\/><feBlend in=\"SourceGraphic\" in2=\"BackgroundImageFix\" result=\"shape\"\/><feGaussianBlur stdDeviation=\"5.5\" result=\"effect1_foregroundBlur_3983_183\"\/><\/filter><\/defs><\/svg><\/div><\/div><\/div><div class=\"fusion-sep-clear\"><\/div><div class=\"fusion-separator fusion-full-width-sep\" style=\"margin-left: auto;margin-right: auto;margin-top:20px;margin-bottom:20px;width:100%;\"><div class=\"fusion-separator-border sep-shadow\" style=\"--awb-height:20px;--awb-amount:20px;background:radial-gradient(ellipse at 50% -50% , #e0dede 0px, rgba(255, 255, 255, 0) 80%) repeat scroll 0 0 rgba(0, 0, 0, 0);background:-webkit-radial-gradient(ellipse at 50% -50% , #e0dede 0px, rgba(255, 255, 255, 0) 80%) repeat scroll 0 0 rgba(0, 0, 0, 0);background:-moz-radial-gradient(ellipse at 50% -50% , #e0dede 0px, rgba(255, 255, 255, 0) 80%) repeat scroll 0 0 rgba(0, 0, 0, 0);background:-o-radial-gradient(ellipse at 50% -50% , #e0dede 0px, rgba(255, 255, 255, 0) 80%) repeat scroll 0 0 rgba(0, 0, 0, 0);\"><\/div><\/div><div class=\"fusion-sep-clear\"><\/div><div class=\"fusion-text fusion-text-1\"><p style=\"text-align: justify;\">Rehabilitation und Physiotherapie spielen eine wesentliche Rolle bei der Wiederherstellung und Aufrechterhaltung einer guten Gesundheit. Patienten suchen oft nach qualitativ hochwertigen Ger\u00e4ten, die sie auf ihrem Weg begleiten. Das Ger\u00e4t Technogym Skillrow stellt sich als eine der besten Optionen f\u00fcr Patienten in der Physiotherapie dar. Es handelt sich um ein hochwertiges Fitnessger\u00e4t, das f\u00fcr ein Ganzk\u00f6rpertraining mit Schwerpunkt auf Muskelaufbau, Ausdauer und Gewichtsverlust entwickelt wurde. Dieses Fitnessger\u00e4t wird in Fitnesszentren, Gesundheitsclubs, Rehabilitationskliniken und Sportleistungszentren eingesetzt.<\/p>\n<\/div><div class=\"fusion-title title fusion-title-2 fusion-sep-none fusion-title-text fusion-title-size-two\" style=\"--awb-margin-top-small:10px;--awb-margin-right-small:0px;--awb-margin-bottom-small:10px;--awb-margin-left-small:0px;\"><h2 class=\"fusion-title-heading title-heading-left fusion-responsive-typography-calculated\" style=\"margin:0;--fontSize:28;line-height:1.5;\">Vorstellung des Ger\u00e4ts Technogym Skillrow<\/h2><\/div><div class=\"fusion-text fusion-text-2\"><h3 style=\"text-align: justify;\">Allgemeine Beschreibung<\/h3>\n<p style=\"text-align: justify;\">Der Technogym Skillrow ist ein professionelles Ruderger\u00e4t, das f\u00fcr ein umfassendes und effektives Trainingserlebnis konzipiert wurde. Er vereint modernste Technologie und ergonomisches Design, um die Arbeit bei der Rehabilitation und dem Muskelaufbau zu erleichtern.<\/p>\n<h3 style=\"text-align: justify;\">Technologie und Merkmale<\/h3>\n<ul>\n<li style=\"text-align: justify;\">Wasserresistenz: Der Skillrow verwendet ein patentiertes Wasserresistenzsystem, um ein realistisches und fl\u00fcssiges Rudererlebnis zu erm\u00f6glichen.<\/li>\n<li style=\"text-align: justify;\">Konnektivit\u00e4tstechnologie: Das Ger\u00e4t ist mit Bluetooth-Konnektivit\u00e4t ausgestattet, um sich mit der Mywellness-App von Technogym zu synchronisieren und so eine pers\u00f6nliche \u00dcberwachung der Trainingseinheiten zu erm\u00f6glichen.<\/li>\n<li style=\"text-align: justify;\">Interaktiver Bildschirm: Der Skillrow verf\u00fcgt \u00fcber einen Touchscreen, auf dem Leistungsdaten in Echtzeit angezeigt werden und das Training individuell angepasst werden kann.<\/li>\n<\/ul>\n<\/div><div class=\"fusion-title title fusion-title-3 fusion-sep-none fusion-title-text fusion-title-size-two\" style=\"--awb-margin-top-small:10px;--awb-margin-right-small:0px;--awb-margin-bottom-small:10px;--awb-margin-left-small:0px;\"><h2 class=\"fusion-title-heading title-heading-left fusion-responsive-typography-calculated\" style=\"margin:0;--fontSize:28;line-height:1.5;\">Aquafeel\u2122-Technologie<\/h2><\/div><div class=\"fusion-text fusion-text-3\"><p style=\"text-align: justify;\">Die Aquafeel\u2122-Technologie des Technogym Ruderger\u00e4ts ist eine bemerkenswerte Innovation im Bereich der k\u00f6rperlichen Ert\u00fcchtigung. Diese revolution\u00e4re Technologie simuliert den Wasserwiderstand mithilfe eines Luft- und Wasserwiderstandssystems und sorgt so f\u00fcr ein \u00e4u\u00dferst realistisches und effizientes Rudererlebnis.<\/p>\n<p style=\"text-align: justify;\">Durch die Verwendung der Aquafeel\u2122-Technologie erm\u00f6glicht das Technogym-Ruderger\u00e4t dem Benutzer, alle Muskelgruppen des K\u00f6rpers zu trainieren und bietet so ein komplettes und ausgewogenes Training. Dar\u00fcber hinaus erm\u00f6glicht die Aquafeel\u2122-Technologie eine pr\u00e4zise Einstellung des Widerstands, sodass der Nutzer sein Training auf seine Fitnessziele abstimmen kann.<\/p>\n<p style=\"text-align: justify;\">Alles in allem ist die Aquafeel\u2122-Technologie eine beeindruckende Innovation, die es den Nutzern des Technogym-Ruderger\u00e4ts erm\u00f6glicht, ein umfassendes und effektives Training zu absolvieren und dabei ein realistisches und eindringliches Rudererlebnis zu genie\u00dfen.<\/p>\n<\/div><div class=\"fusion-image-element fusion-image-align-center in-legacy-container\" style=\"text-align:center;--awb-bottom-shadow-color:rgba(0,0,0,0.4);--awb-caption-title-font-family:var(--h2_typography-font-family);--awb-caption-title-font-weight:var(--h2_typography-font-weight);--awb-caption-title-font-style:var(--h2_typography-font-style);--awb-caption-title-size:var(--h2_typography-font-size);--awb-caption-title-transform:var(--h2_typography-text-transform);--awb-caption-title-line-height:var(--h2_typography-line-height);--awb-caption-title-letter-spacing:var(--h2_typography-letter-spacing);\"><div class=\"imageframe-align-center\"><div class=\"awb-image-frame awb-image-frame-2 awb-bottomshadow\" style=\"max-width:400px;display:inline-block;\"><span class=\" fusion-imageframe imageframe-bottomshadow imageframe-2 hover-type-none\"><img decoding=\"async\" width=\"1024\" height=\"610\" title=\"Aquafeel\" src=\"https:\/\/pes-luxembourg.lu\/bascharage\/wp-content\/uploads\/sites\/2\/2023\/02\/Aquafeel-1024x610.png\" alt class=\"img-responsive wp-image-8034\" srcset=\"https:\/\/pes-luxembourg.lu\/bascharage\/wp-content\/uploads\/sites\/2\/2023\/02\/Aquafeel-200x119.png 200w, https:\/\/pes-luxembourg.lu\/bascharage\/wp-content\/uploads\/sites\/2\/2023\/02\/Aquafeel-400x238.png 400w, https:\/\/pes-luxembourg.lu\/bascharage\/wp-content\/uploads\/sites\/2\/2023\/02\/Aquafeel-600x357.png 600w, https:\/\/pes-luxembourg.lu\/bascharage\/wp-content\/uploads\/sites\/2\/2023\/02\/Aquafeel-800x476.png 800w, https:\/\/pes-luxembourg.lu\/bascharage\/wp-content\/uploads\/sites\/2\/2023\/02\/Aquafeel-1200x714.png 1200w, https:\/\/pes-luxembourg.lu\/bascharage\/wp-content\/uploads\/sites\/2\/2023\/02\/Aquafeel.png 1646w\" sizes=\"(max-width: 800px) 100vw, 1200px\" \/><\/span><svg xmlns=\"http:\/\/www.w3.org\/2000\/svg\" version=\"1.1\" width=\"100%\" viewBox=\"0 0 600 28\" preserveAspectRatio=\"none\"><g clip-path=\"url(#a)\"><mask id=\"b\" style=\"mask-type:luminance\" maskUnits=\"userSpaceOnUse\" x=\"0\" y=\"0\" width=\"600\" height=\"28\"><path d=\"M0 0h600v28H0V0Z\" fill=\"#fff\"\/><\/mask><g filter=\"url(#c)\" mask=\"url(#b)\"><path d=\"M16.439-18.667h567.123v30.8S438.961-8.4 300-8.4C161.04-8.4 16.438 12.133 16.438 12.133v-30.8Z\" fill=\"#000\"\/><\/g><\/g><defs><clipPath id=\"a\"><path fill=\"#fff\" d=\"M0 0h600v28H0z\"\/><\/clipPath><filter id=\"c\" x=\"5.438\" y=\"-29.667\" width=\"589.123\" height=\"52.8\" filterUnits=\"userSpaceOnUse\" color-interpolation-filters=\"sRGB\"><feFlood flood-opacity=\"0\" result=\"BackgroundImageFix\"\/><feBlend in=\"SourceGraphic\" in2=\"BackgroundImageFix\" result=\"shape\"\/><feGaussianBlur stdDeviation=\"5.5\" result=\"effect1_foregroundBlur_3983_183\"\/><\/filter><\/defs><\/svg><\/div><\/div><\/div><div class=\"fusion-title title fusion-title-4 fusion-sep-none fusion-title-text fusion-title-size-two\" style=\"--awb-margin-top-small:10px;--awb-margin-right-small:0px;--awb-margin-bottom-small:10px;--awb-margin-left-small:0px;\"><h2 class=\"fusion-title-heading title-heading-left fusion-responsive-typography-calculated\" style=\"margin:0;--fontSize:28;line-height:1.5;\">Vorteile f\u00fcr die Physiotherapie<\/h2><\/div><div class=\"fusion-text fusion-text-4\"><h3 style=\"text-align: justify;\">St\u00e4rkung der Muskeln<\/h3>\n<p style=\"text-align: justify;\">Das Ruderger\u00e4t Technogym Skillrow erm\u00f6glicht ein Ganzk\u00f6rpertraining, bei dem fast 85% der Muskeln beansprucht werden. Es eignet sich besonders f\u00fcr Patienten in der Rehabilitation, die ihre Muskulatur st\u00e4rken m\u00f6chten.<\/p>\n<h3 style=\"text-align: justify;\">Verbesserung der Gelenkbeweglichkeit<\/h3>\n<p style=\"text-align: justify;\">Durch das Rudern wird die Beweglichkeit der Gelenke, insbesondere der Schultern, Ellbogen, Knie und Kn\u00f6chel, verbessert. Dies ist sehr vorteilhaft f\u00fcr Patienten in der Physiotherapie, die h\u00e4ufig versuchen, wieder einen optimalen Bewegungsumfang zu erreichen.<\/p>\n<h3 style=\"text-align: justify;\">Verringerung von Schmerzen<\/h3>\n<p style=\"text-align: justify;\">Die flie\u00dfenden und nat\u00fcrlichen Bewegungen des Technogym Skillrow Ruderger\u00e4ts tragen dazu bei, Gelenk- und Muskelschmerzen zu reduzieren. Dies kann besonders f\u00fcr Patienten mit Erkrankungen wie Arthrose oder Sportverletzungen hilfreich sein.<\/p>\n<\/div><div class=\"fusion-title title fusion-title-5 fusion-sep-none fusion-title-text fusion-title-size-two\" style=\"--awb-margin-top-small:10px;--awb-margin-right-small:0px;--awb-margin-bottom-small:10px;--awb-margin-left-small:0px;\"><h2 class=\"fusion-title-heading title-heading-left fusion-responsive-typography-calculated\" style=\"margin:0;--fontSize:28;line-height:1.5;\">Tipps f\u00fcr eine optimale Nutzung<\/h2><\/div><div class=\"fusion-text fusion-text-5\"><h3 style=\"text-align: justify;\">Positionierung und K\u00f6rperhaltung<\/h3>\n<p style=\"text-align: justify;\">Die richtige Haltung auf dem Ruderger\u00e4t ist entscheidend, um Verletzungen zu vermeiden und den Nutzen zu maximieren. Der R\u00fccken sollte gerade sein, die Schultern tief und entspannt, und die Bewegung sollte fl\u00fcssig und koordiniert sein.<\/p>\n<h3 style=\"text-align: justify;\">Progression und H\u00e4ufigkeit<\/h3>\n<p style=\"text-align: justify;\">F\u00fcr Patienten in der Physiotherapie ist es wichtig, ein Trainingsprogramm zu erstellen, das auf ihre k\u00f6rperliche Verfassung abgestimmt ist. Es wird empfohlen, mit kurzen Sitzungen von m\u00e4\u00dfiger Intensit\u00e4t zu beginnen und die Dauer und Intensit\u00e4t je nach Fortschritt und Empfehlungen des Physiotherapeuten allm\u00e4hlich zu steigern.<\/p>\n<h3 style=\"text-align: justify;\">Verfolgung von Leistungen und Zielen<\/h3>\n<p style=\"text-align: justify;\">Durch die Verwendung der Mywellness-App kann die Leistung \u00fcberwacht und Ziele festgelegt werden, die auf die Bed\u00fcrfnisse jedes einzelnen Patienten zugeschnitten sind. Eine regelm\u00e4\u00dfige \u00dcberwachung und eine enge Kommunikation mit dem Physiotherapeuten sind wichtig, um das Trainingsprogramm an die Fortschritte anzupassen.<\/p>\n<h3 style=\"text-align: justify;\">Sicherheit und Vorsichtsma\u00dfnahmen<\/h3>\n<p style=\"text-align: justify;\">Es ist entscheidend, dass Sie bei der Benutzung des Technogym Skillrow immer die Sicherheitshinweise beachten. Achten Sie auf eine sichere Umgebung um das Ger\u00e4t und wenden Sie sich an Ihren Physiotherapeuten, wenn Sie w\u00e4hrend des Trainings Schmerzen oder Unwohlsein versp\u00fcren.<\/p>\n<\/div><div class=\"fusion-title title fusion-title-6 fusion-sep-none fusion-title-text fusion-title-size-two\" style=\"--awb-margin-top-small:10px;--awb-margin-right-small:0px;--awb-margin-bottom-small:10px;--awb-margin-left-small:0px;\"><h2 class=\"fusion-title-heading title-heading-left fusion-responsive-typography-calculated\" style=\"margin:0;--fontSize:28;line-height:1.5;\">Schlussfolgerung<\/h2><\/div><div class=\"fusion-text fusion-text-6\"><div class=\"group w-full text-gray-800 dark:text-gray-100 border-b border-black\/10 dark:border-gray-900\/50 bg-gray-50 dark:bg-&#091;#444654&#093;\">\n<div class=\"text-base gap-4 md:gap-6 md:max-w-2xl lg:max-w-2xl xl:max-w-3xl p-4 md:py-6 flex lg:px-0 m-auto\">\n<div class=\"relative flex w-&#091;calc(100%-50px)&#093; flex-col gap-1 md:gap-3 lg:w-&#091;calc(100%-115px)&#093;\">\n<div class=\"flex flex-grow flex-col gap-3\">\n<div class=\"min-h-&#091;20px&#093; flex flex-col items-start gap-4 whitespace-pre-wrap\">\n<div class=\"markdown prose w-full break-words dark:prose-invert light\">\n<p style=\"text-align: justify;\">Das Technogym Skillrow-Ger\u00e4t ist aufgrund seiner fortschrittlichen Funktionen, seiner Vorteile f\u00fcr die Rehabilitation und seiner Anpassungsf\u00e4higkeit an die individuellen Bed\u00fcrfnisse eine ausgezeichnete Wahl f\u00fcr Patienten in der Physiotherapie. Wenn Sie die Ratschl\u00e4ge f\u00fcr eine optimale Anwendung befolgen und eng mit einem professionellen Physiotherapeuten zusammenarbeiten, kann der Skillrow den Patienten helfen, ihre Rehabilitationsziele zu erreichen und eine bessere Lebensqualit\u00e4t zu erlangen.<\/p>\n<\/div>\n<\/div>\n<\/div>\n<\/div>\n<\/div>\n<\/div>\n<\/div><div class=\"fusion-clearfix\"><\/div><\/div><\/div><\/div><div class=\"fusion-builder-row fusion-row\"><\/div><\/div><div class=\"fusion-fullwidth fullwidth-box fusion-builder-row-2 fusion-flex-container has-pattern-background has-mask-background nonhundred-percent-fullwidth non-hundred-percent-height-scrolling\" style=\"--awb-border-radius-top-left:0px;--awb-border-radius-top-right:0px;--awb-border-radius-bottom-right:0px;--awb-border-radius-bottom-left:0px;--awb-flex-wrap:wrap;\" ><\/div><\/p>\n","protected":false},"excerpt":{"rendered":"","protected":false},"author":1,"featured_media":0,"parent":0,"menu_order":0,"comment_status":"closed","ping_status":"closed","template":"","meta":{"_seopress_robots_primary_cat":"","_seopress_titles_title":"","_seopress_titles_desc":"","_seopress_robots_index":"","footnotes":""},"class_list":["post-9789","page","type-page","status-publish","hentry"],"_links":{"self":[{"href":"https:\/\/pes-luxembourg.lu\/bascharage\/de\/wp-json\/wp\/v2\/pages\/9789","targetHints":{"allow":["GET"]}}],"collection":[{"href":"https:\/\/pes-luxembourg.lu\/bascharage\/de\/wp-json\/wp\/v2\/pages"}],"about":[{"href":"https:\/\/pes-luxembourg.lu\/bascharage\/de\/wp-json\/wp\/v2\/types\/page"}],"author":[{"embeddable":true,"href":"https:\/\/pes-luxembourg.lu\/bascharage\/de\/wp-json\/wp\/v2\/users\/1"}],"replies":[{"embeddable":true,"href":"https:\/\/pes-luxembourg.lu\/bascharage\/de\/wp-json\/wp\/v2\/comments?post=9789"}],"version-history":[{"count":0,"href":"https:\/\/pes-luxembourg.lu\/bascharage\/de\/wp-json\/wp\/v2\/pages\/9789\/revisions"}],"wp:attachment":[{"href":"https:\/\/pes-luxembourg.lu\/bascharage\/de\/wp-json\/wp\/v2\/media?parent=9789"}],"curies":[{"name":"wp","href":"https:\/\/api.w.org\/{rel}","templated":true}]}}