{"id":9398,"date":"2023-08-30T00:27:58","date_gmt":"2023-08-29T22:27:58","guid":{"rendered":"https:\/\/pes-luxembourg.lu\/bascharage\/manuelle-therapie-bascharage\/"},"modified":"2024-01-27T15:16:37","modified_gmt":"2024-01-27T14:16:37","slug":"manuelle-therapie-bascharage","status":"publish","type":"page","link":"https:\/\/pes-luxembourg.lu\/bascharage\/de\/manuelle-therapie-bascharage\/","title":{"rendered":"Manuelle Therapie Bascharage"},"content":{"rendered":"<div class=\"fusion-fullwidth fullwidth-box fusion-builder-row-1 nonhundred-percent-fullwidth non-hundred-percent-height-scrolling\" style=\"--awb-border-radius-top-left:0px;--awb-border-radius-top-right:0px;--awb-border-radius-bottom-right:0px;--awb-border-radius-bottom-left:0px;--awb-flex-wrap:wrap;\" ><div class=\"fusion-builder-row fusion-row\"><div class=\"fusion-layout-column fusion_builder_column fusion-builder-column-0 fusion_builder_column_1_1 1_1 fusion-one-full fusion-column-first fusion-column-last\" style=\"--awb-bg-size:cover;\"><div class=\"fusion-column-wrapper fusion-column-has-shadow fusion-flex-column-wrapper-legacy\"><div class=\"fusion-title title fusion-title-1 fusion-title-center fusion-title-text fusion-title-size-one\" style=\"--awb-margin-top-small:10px;--awb-margin-right-small:0px;--awb-margin-bottom-small:10px;--awb-margin-left-small:0px;\"><div class=\"title-sep-container title-sep-container-left\"><div class=\"title-sep sep-double sep-solid\" style=\"border-color:#e0dede;\"><\/div><\/div><span class=\"awb-title-spacer\"><\/span><h1 class=\"fusion-title-heading title-heading-center fusion-responsive-typography-calculated\" style=\"margin:0;--fontSize:34;line-height:1.41;\">Manuelle Therapie Bascharage<\/h1><span class=\"awb-title-spacer\"><\/span><div class=\"title-sep-container title-sep-container-right\"><div class=\"title-sep sep-double sep-solid\" style=\"border-color:#e0dede;\"><\/div><\/div><\/div><div class=\"fusion-image-element fusion-image-align-center in-legacy-container\" style=\"text-align:center;--awb-caption-title-font-family:var(--h2_typography-font-family);--awb-caption-title-font-weight:var(--h2_typography-font-weight);--awb-caption-title-font-style:var(--h2_typography-font-style);--awb-caption-title-size:var(--h2_typography-font-size);--awb-caption-title-transform:var(--h2_typography-text-transform);--awb-caption-title-line-height:var(--h2_typography-line-height);--awb-caption-title-letter-spacing:var(--h2_typography-letter-spacing);\"><div class=\"imageframe-align-center\"><span class=\" fusion-imageframe imageframe-none imageframe-1 hover-type-none\" style=\"border:3px solid #f6f6f6;border-radius:50%;\"><img decoding=\"async\" width=\"300\" height=\"289\" title=\"Therapie Manuelle\" src=\"https:\/\/pes-luxembourg.lu\/bascharage\/wp-content\/uploads\/sites\/2\/2019\/08\/Therapie-Manuelle-300x289.jpg\" alt class=\"img-responsive wp-image-9411\" srcset=\"https:\/\/pes-luxembourg.lu\/bascharage\/wp-content\/uploads\/sites\/2\/2019\/08\/Therapie-Manuelle-200x193.jpg 200w, https:\/\/pes-luxembourg.lu\/bascharage\/wp-content\/uploads\/sites\/2\/2019\/08\/Therapie-Manuelle-400x386.jpg 400w, https:\/\/pes-luxembourg.lu\/bascharage\/wp-content\/uploads\/sites\/2\/2019\/08\/Therapie-Manuelle-600x579.jpg 600w, https:\/\/pes-luxembourg.lu\/bascharage\/wp-content\/uploads\/sites\/2\/2019\/08\/Therapie-Manuelle.jpg 622w\" sizes=\"(max-width: 800px) 100vw, 300px\" \/><\/span><\/div><\/div><div class=\"fusion-sep-clear\"><\/div><div class=\"fusion-separator fusion-full-width-sep\" style=\"margin-left: auto;margin-right: auto;margin-top:20px;margin-bottom:20px;width:100%;\"><div class=\"fusion-separator-border sep-shadow\" style=\"--awb-height:20px;--awb-amount:20px;background:radial-gradient(ellipse at 50% -50% , #e0dede 0px, rgba(255, 255, 255, 0) 80%) repeat scroll 0 0 rgba(0, 0, 0, 0);background:-webkit-radial-gradient(ellipse at 50% -50% , #e0dede 0px, rgba(255, 255, 255, 0) 80%) repeat scroll 0 0 rgba(0, 0, 0, 0);background:-moz-radial-gradient(ellipse at 50% -50% , #e0dede 0px, rgba(255, 255, 255, 0) 80%) repeat scroll 0 0 rgba(0, 0, 0, 0);background:-o-radial-gradient(ellipse at 50% -50% , #e0dede 0px, rgba(255, 255, 255, 0) 80%) repeat scroll 0 0 rgba(0, 0, 0, 0);\"><\/div><\/div><div class=\"fusion-sep-clear\"><\/div><div class=\"fusion-text fusion-text-1\"><div class=\"flex-shrink-0 flex flex-col relative items-end\">\n<div class=\"pt-0.5\">\n<div class=\"gizmo-shadow-stroke flex h-6 w-6 items-center justify-center overflow-hidden rounded-full\">\n<div class=\"relative p-1 rounded-sm h-9 w-9 text-white flex items-center justify-center\" style=\"text-align: justify;\">Die manuelle Therapie, ein ganzheitlicher und effektiver Ansatz in der Gesundheitsf\u00fcrsorge, konzentriert sich auf die Wiederherstellung und Optimierung der Mobilit\u00e4t und des Gleichgewichts im gesamten menschlichen K\u00f6rper. Diese therapeutische Praxis, die sich an ein breites Spektrum von Patienten richtet &#8211; von Sportlern bis zu weniger aktiven Menschen, von Jugendlichen bis zu Senioren -, beruht auf fortschrittlichen biomechanischen und neurophysiologischen Prinzipien. Sie zielt darauf ab, die zugrunde liegenden Ursachen von Dysfunktionen des Bewegungsapparats zu erkennen und zu behandeln.<\/div>\n<\/div>\n<\/div>\n<\/div>\n<div class=\"relative flex w-full flex-col lg:w-&#091;calc(100%-115px)&#093; agent-turn\">\n<div class=\"flex-col gap-1 md:gap-3\">\n<div class=\"flex flex-grow flex-col max-w-full\">\n<div class=\"min-h-&#091;20px&#093; text-message flex flex-col items-start gap-3 whitespace-pre-wrap break-words &#091;.text-message+&amp;&#093;:mt-5 overflow-x-auto\" data-message-author-role=\"assistant\" data-message-id=\"42dfb7ed-705d-4350-a064-6a610306cfb8\">\n<div class=\"markdown prose w-full break-words dark:prose-invert light\">\n<p style=\"text-align: justify;\">In der manuellen Therapie ist es von entscheidender Bedeutung, die genaue Quelle der L\u00e4sion zu bestimmen und die ausl\u00f6senden Faktoren zu verstehen. Bei diesem Ansatz wird eine Kombination aus spezifischen Mobilisierungen und myotensiven Techniken verwendet, um F\u00e4lle, in denen eine Erkrankung zu einem Verlust oder einer Einschr\u00e4nkung der Mobilit\u00e4t gef\u00fchrt hat, wirksam zu behandeln. Durch diese gezielten Techniken werden nicht nur die betroffenen Bereiche &#8222;gel\u00f6st&#8220;, sondern auch der Bewegungsumfang und die Gesamtfunktion des K\u00f6rpers deutlich verbessert.<\/p>\n<p style=\"text-align: justify;\">Neben ihren therapeutischen F\u00e4higkeiten spielt die manuelle Therapie auch eine lebenswichtige pr\u00e4ventive Rolle, indem sie hilft, die Mobilit\u00e4t zu erhalten und das Auftreten neuer Verletzungen oder Dysfunktionen zu verhindern. Diese manuelle Behandlungsmethode ist die erste Wahl f\u00fcr alle, die einen nichtinvasiven und personalisierten Ansatz zur Verwaltung und Verbesserung ihrer Gesundheit des Bewegungsapparats suchen.<\/p>\n<\/div>\n<\/div>\n<\/div>\n<\/div>\n<\/div>\n<p style=\"text-align: justify;\"><strong>Das Prinzip der manuellen Therapie besteht darin, :<\/strong><\/p>\n<ul style=\"text-align: justify;\">\n<li>Verstehen und den Schmerz des Patienten<\/li>\n<li>Analysieren Sie die verschiedenen Algenparameter<\/li>\n<li>Den Ursprung der Symptome durch die verschiedenen Strukturen des K\u00f6rpers finden, n\u00e4mlich: parietal &#8211; viszeral &#8211; craniosacral.<\/li>\n<\/ul>\n<p style=\"text-align: justify;\"><strong>Die verschiedenen Techniken, die in der manuellen Therapie verwendet werden, sind folgende:<\/strong><\/p>\n<ul style=\"text-align: justify;\">\n<li>Cyriax-Methode<\/li>\n<li>Posturale Kinesiologie<\/li>\n<li>Myofasziales H\u00e4keln<\/li>\n<li>Posturologie<\/li>\n<li>Muskelhemmungen<\/li>\n<li>Direkte Techniken \u00fcber HVBA-Thrusts<\/li>\n<li>Behandlung der Klinik f\u00fcr orthop\u00e4dische und Bandscheibenverletzungen<\/li>\n<\/ul>\n<p style=\"text-align: justify;\"><strong>Die Leitprinzipien der manuellen Therapie sind daher :<\/strong><\/p>\n<ul style=\"text-align: justify;\">\n<li>Die prim\u00e4re und sekund\u00e4re L\u00e4sion und ihr Entstehungssystem<\/li>\n<li>Ursache des Schmerzes und der Verletzung<\/li>\n<li>Verletzungsmechanismen &#8211; biomechanisch und extrinsisch<\/li>\n<li>Tests und\/oder Diagnosen: palpatorisch, funktionell und dynamisch, Reflex- und Gewebetests<\/li>\n<li>Untersuchung von aufsteigenden oder absteigenden Ketten<\/li>\n<\/ul>\n<p style=\"text-align: justify;\">F\u00fcr einen Sportler, der eine Verletzung oder L\u00e4sion jeglicher Art erlitten hat, ist das Endziel der manuellen Therapie die schnelle R\u00fcckkehr zum Wettkampf nach einer Behandlung dieser Verletzung in ihrer Gesamtheit, wobei das Risiko eines R\u00fcckfalls so weit wie m\u00f6glich vermieden werden soll.<\/p>\n<p style=\"text-align: justify;\">Bei einer nicht sportlichen Person wird die Behandlung vor allem darauf abzielen, die von der Person angetroffenen und beschriebenen Schmerzen zu lindern und ihr wieder eine optimale Mobilit\u00e4t im Alltag zu verschaffen.<\/p>\n<\/div><div class=\"fusion-clearfix\"><\/div><\/div><\/div><\/div><\/div>\n","protected":false},"excerpt":{"rendered":"","protected":false},"author":1,"featured_media":0,"parent":0,"menu_order":0,"comment_status":"closed","ping_status":"closed","template":"","meta":{"_seopress_robots_primary_cat":"","_seopress_titles_title":"","_seopress_titles_desc":"","_seopress_robots_index":"","footnotes":""},"class_list":["post-9398","page","type-page","status-publish","hentry"],"_links":{"self":[{"href":"https:\/\/pes-luxembourg.lu\/bascharage\/de\/wp-json\/wp\/v2\/pages\/9398","targetHints":{"allow":["GET"]}}],"collection":[{"href":"https:\/\/pes-luxembourg.lu\/bascharage\/de\/wp-json\/wp\/v2\/pages"}],"about":[{"href":"https:\/\/pes-luxembourg.lu\/bascharage\/de\/wp-json\/wp\/v2\/types\/page"}],"author":[{"embeddable":true,"href":"https:\/\/pes-luxembourg.lu\/bascharage\/de\/wp-json\/wp\/v2\/users\/1"}],"replies":[{"embeddable":true,"href":"https:\/\/pes-luxembourg.lu\/bascharage\/de\/wp-json\/wp\/v2\/comments?post=9398"}],"version-history":[{"count":0,"href":"https:\/\/pes-luxembourg.lu\/bascharage\/de\/wp-json\/wp\/v2\/pages\/9398\/revisions"}],"wp:attachment":[{"href":"https:\/\/pes-luxembourg.lu\/bascharage\/de\/wp-json\/wp\/v2\/media?parent=9398"}],"curies":[{"name":"wp","href":"https:\/\/api.w.org\/{rel}","templated":true}]}}