{"id":9362,"date":"2023-08-30T00:27:43","date_gmt":"2023-08-29T22:27:43","guid":{"rendered":"https:\/\/pes-luxembourg.lu\/bascharage\/osteopathie-zu-hause\/"},"modified":"2024-01-26T20:10:38","modified_gmt":"2024-01-26T19:10:38","slug":"osteopathie-zu-hause","status":"publish","type":"page","link":"https:\/\/pes-luxembourg.lu\/bascharage\/de\/osteopathie-zu-hause\/","title":{"rendered":"Osteopathie zu Hause"},"content":{"rendered":"<div class=\"fusion-fullwidth fullwidth-box fusion-builder-row-1 fusion-flex-container has-pattern-background has-mask-background nonhundred-percent-fullwidth non-hundred-percent-height-scrolling\" style=\"--awb-border-radius-top-left:0px;--awb-border-radius-top-right:0px;--awb-border-radius-bottom-right:0px;--awb-border-radius-bottom-left:0px;--awb-flex-wrap:wrap;\" ><div class=\"fusion-builder-row fusion-row fusion-flex-align-items-flex-start fusion-flex-content-wrap\" style=\"max-width:1144px;margin-left: calc(-4% \/ 2 );margin-right: calc(-4% \/ 2 );\"><div class=\"fusion-layout-column fusion_builder_column fusion-builder-column-0 fusion_builder_column_1_1 1_1 fusion-flex-column\" style=\"--awb-bg-size:cover;--awb-width-large:100%;--awb-margin-top-large:0px;--awb-spacing-right-large:1.92%;--awb-margin-bottom-large:0px;--awb-spacing-left-large:1.92%;--awb-width-medium:100%;--awb-order-medium:0;--awb-spacing-right-medium:1.92%;--awb-spacing-left-medium:1.92%;--awb-width-small:100%;--awb-order-small:0;--awb-spacing-right-small:1.92%;--awb-spacing-left-small:1.92%;\"><div class=\"fusion-column-wrapper fusion-column-has-shadow fusion-flex-justify-content-flex-start fusion-content-layout-column\"><div class=\"fusion-title title fusion-title-1 fusion-title-center fusion-title-text fusion-title-size-one\" style=\"--awb-margin-top-small:10px;--awb-margin-right-small:0px;--awb-margin-bottom-small:10px;--awb-margin-left-small:0px;\"><div class=\"title-sep-container title-sep-container-left\"><div class=\"title-sep sep-double sep-solid\" style=\"border-color:#e0dede;\"><\/div><\/div><span class=\"awb-title-spacer\"><\/span><h1 class=\"fusion-title-heading title-heading-center fusion-responsive-typography-calculated\" style=\"margin:0;--fontSize:34;line-height:1.41;\">Osteopathie zu Hause<\/h1><span class=\"awb-title-spacer\"><\/span><div class=\"title-sep-container title-sep-container-right\"><div class=\"title-sep sep-double sep-solid\" style=\"border-color:#e0dede;\"><\/div><\/div><\/div><div class=\"fusion-text fusion-text-1\" style=\"--awb-content-alignment:justify;\"><div class=\"flex-shrink-0 flex flex-col relative items-end\">\n<div class=\"pt-0.5\">\n<div class=\"gizmo-shadow-stroke flex h-6 w-6 items-center justify-center overflow-hidden rounded-full\">\n<div class=\"relative p-1 rounded-sm h-9 w-9 text-white flex items-center justify-center\" style=\"text-align: justify;\">Bei P\u00f4le \u00c9quilibre &amp; Sant\u00e9 de Bascharage sind wir bestrebt, einen osteopathischen Dienst f\u00fcr zu Hause anzubieten, der Fachwissen und Komfort miteinander verbindet. Wir haben erkannt, dass es schwierig sein kann, sich f\u00fcr eine osteopathische Behandlung zu bewegen, insbesondere w\u00e4hrend der Rekonvaleszenz oder bei eingeschr\u00e4nkter Mobilit\u00e4t. Daher haben wir beschlossen, Ihnen unseren neuen Service f\u00fcr Osteopathie zu Hause anzubieten: <a href=\"https:\/\/mon-osteo.lu\">Mein Osteo<\/a>.<\/div>\n<\/div>\n<\/div>\n<\/div>\n<div class=\"relative flex w-full flex-col lg:w-&#091;calc(100%-115px)&#093; agent-turn\">\n<div class=\"flex-col gap-1 md:gap-3\">\n<div class=\"flex flex-grow flex-col max-w-full\">\n<div class=\"min-h-&#091;20px&#093; text-message flex flex-col items-start gap-3 whitespace-pre-wrap break-words &#091;.text-message+&amp;&#093;:mt-5 overflow-x-auto\" data-message-author-role=\"assistant\" data-message-id=\"692d9359-5765-4a94-8d2d-7b7d635a0496\">\n<div class=\"markdown prose w-full break-words dark:prose-invert dark\">\n<p style=\"text-align: justify;\">Unser Team aus qualifizierten und leidenschaftlichen Osteopathen widmet sich der Aufgabe, gemeinsam mit Ihnen einen individuellen Behandlungsplan zu erstellen, der auf eine breite Palette von Patienten und deren spezifische Bed\u00fcrfnisse ausgerichtet ist. Wir sind hier, um S\u00e4uglinge, Kinder, Erwachsene, Sportler, Schwangere und \u00e4ltere Menschen zu begleiten. Ob osteopathische Behandlungen zur Begleitung von Schwangeren w\u00e4hrend und nach der Schwangerschaft, die Behandlung von Muskel-Skelett-Erkrankungen bei Sportlern oder die Behandlung neurologischer Zust\u00e4nde wie Parkinson oder die Folgen eines Schlaganfalls &#8211; unser Ansatz ist auf jeden Patienten zugeschnitten. Unser Ziel ist es, allen Menschen, unabh\u00e4ngig von ihrem Alter oder ihrer Erkrankung, Linderung zu verschaffen und ihre Lebensqualit\u00e4t zu verbessern.<\/p>\n<p style=\"text-align: justify;\">Mit Mein Osteo profitieren Sie nicht nur von unserem Fachwissen, sondern auch von der Bequemlichkeit, osteopathische Behandlungen bei sich zu Hause in einer vertrauten und sicheren Umgebung zu erhalten. So k\u00f6nnen Sie den Reisestress reduzieren und sich ganz auf Ihre Genesung konzentrieren.<\/p>\n<p style=\"text-align: justify;\">Wir bieten eine breite Palette an osteopathischen Dienstleistungen f\u00fcr zu Hause an, darunter sanfte Manipulationen, Techniken zur Schmerzlinderung, Beratung zur Verbesserung der Haltung und Mobilit\u00e4t und vieles mehr. Unser Ziel bei Mein Osteo ist es, Ihnen dabei zu helfen, Ihre Ziele in Bezug auf Gesundheit und Wohlbefinden zu erreichen.<\/p>\n<p style=\"text-align: justify;\">Warten Sie nicht l\u00e4nger, sondern machen Sie mit Mon Osteo den ersten Schritt zu Ihrem Wohlbefinden. Kontaktieren Sie uns noch heute, um mehr \u00fcber unseren osteopathischen Heimservice zu erfahren und herauszufinden, wie wir Ihnen helfen k\u00f6nnen, Ihre Vitalit\u00e4t wiederzuerlangen.<\/p>\n<\/div>\n<\/div>\n<\/div>\n<\/div>\n<\/div>\n<\/div><div class=\"fusion-image-element \" style=\"text-align:center;--awb-margin-top:2%;--awb-margin-bottom:2%;--awb-caption-margin-top:5%;--awb-caption-margin-right:5%;--awb-caption-margin-bottom:5%;--awb-caption-margin-left:5%;--awb-caption-title-font-family:var(--h2_typography-font-family);--awb-caption-title-font-weight:var(--h2_typography-font-weight);--awb-caption-title-font-style:var(--h2_typography-font-style);--awb-caption-title-size:var(--h2_typography-font-size);--awb-caption-title-transform:var(--h2_typography-text-transform);--awb-caption-title-line-height:var(--h2_typography-line-height);--awb-caption-title-letter-spacing:var(--h2_typography-letter-spacing);\"><span class=\" fusion-imageframe imageframe-none imageframe-1 hover-type-none\" style=\"border-radius:20px;\"><a class=\"fusion-no-lightbox\" href=\"https:\/\/mon-osteo.lu\" target=\"_self\" aria-label=\"Logo Mon Ost\u00e9o\"><img decoding=\"async\" width=\"600\" height=\"246\" src=\"https:\/\/pes-luxembourg.lu\/bascharage\/wp-content\/uploads\/sites\/2\/2024\/01\/Logo-Mon-Osteo-600x246.png\" alt class=\"img-responsive wp-image-12588\" srcset=\"https:\/\/pes-luxembourg.lu\/bascharage\/wp-content\/uploads\/sites\/2\/2024\/01\/Logo-Mon-Osteo-200x82.png 200w, https:\/\/pes-luxembourg.lu\/bascharage\/wp-content\/uploads\/sites\/2\/2024\/01\/Logo-Mon-Osteo-400x164.png 400w, https:\/\/pes-luxembourg.lu\/bascharage\/wp-content\/uploads\/sites\/2\/2024\/01\/Logo-Mon-Osteo-600x246.png 600w, https:\/\/pes-luxembourg.lu\/bascharage\/wp-content\/uploads\/sites\/2\/2024\/01\/Logo-Mon-Osteo-800x328.png 800w, https:\/\/pes-luxembourg.lu\/bascharage\/wp-content\/uploads\/sites\/2\/2024\/01\/Logo-Mon-Osteo-1200x492.png 1200w\" sizes=\"(max-width: 1024px) 100vw, (max-width: 640px) 100vw, 1200px\" \/><\/a><\/span><\/div><div style=\"text-align:center;\"><a class=\"fusion-button button-flat button-xlarge button-custom fusion-button-default button-1 fusion-button-default-span fusion-button-default-type fusion-has-button-gradient\" style=\"--button_accent_color:#ffffff;--button_accent_hover_color:#ffffff;--button_border_hover_color:#ffffff;--button_gradient_top_color:#9499cc;--button_gradient_bottom_color:#5e6185;--button_gradient_top_color_hover:#4cb6ef;--button_gradient_bottom_color_hover:#82c9f0;\" target=\"_blank\" rel=\"noopener noreferrer\" href=\"https:\/\/mon-osteo.lu\"><span class=\"fusion-button-text awb-button__text awb-button__text--default fusion-button-text-right\">Besuchen Sie unsere Website&#8230;<\/span><span class=\"fusion-button-icon-divider button-icon-divider-right\"><i class=\"fa-mouse-pointer fas awb-button__icon awb-button__icon--default\" aria-hidden=\"true\"><\/i><\/span><\/a><\/div><\/div><\/div><\/div><\/div>\n","protected":false},"excerpt":{"rendered":"","protected":false},"author":1,"featured_media":0,"parent":0,"menu_order":0,"comment_status":"closed","ping_status":"closed","template":"","meta":{"_seopress_robots_primary_cat":"","_seopress_titles_title":"","_seopress_titles_desc":"","_seopress_robots_index":"","footnotes":""},"class_list":["post-9362","page","type-page","status-publish","hentry"],"_links":{"self":[{"href":"https:\/\/pes-luxembourg.lu\/bascharage\/de\/wp-json\/wp\/v2\/pages\/9362","targetHints":{"allow":["GET"]}}],"collection":[{"href":"https:\/\/pes-luxembourg.lu\/bascharage\/de\/wp-json\/wp\/v2\/pages"}],"about":[{"href":"https:\/\/pes-luxembourg.lu\/bascharage\/de\/wp-json\/wp\/v2\/types\/page"}],"author":[{"embeddable":true,"href":"https:\/\/pes-luxembourg.lu\/bascharage\/de\/wp-json\/wp\/v2\/users\/1"}],"replies":[{"embeddable":true,"href":"https:\/\/pes-luxembourg.lu\/bascharage\/de\/wp-json\/wp\/v2\/comments?post=9362"}],"version-history":[{"count":0,"href":"https:\/\/pes-luxembourg.lu\/bascharage\/de\/wp-json\/wp\/v2\/pages\/9362\/revisions"}],"wp:attachment":[{"href":"https:\/\/pes-luxembourg.lu\/bascharage\/de\/wp-json\/wp\/v2\/media?parent=9362"}],"curies":[{"name":"wp","href":"https:\/\/api.w.org\/{rel}","templated":true}]}}