{"id":9249,"date":"2023-08-30T00:13:50","date_gmt":"2023-08-29T22:13:50","guid":{"rendered":"https:\/\/pes-luxembourg.lu\/bascharage\/paediatrische-physiotherapie\/"},"modified":"2024-01-24T17:19:15","modified_gmt":"2024-01-24T16:19:15","slug":"paediatrische-physiotherapie","status":"publish","type":"page","link":"https:\/\/pes-luxembourg.lu\/bascharage\/de\/paediatrische-physiotherapie\/","title":{"rendered":"P\u00e4diatrische Physiotherapie"},"content":{"rendered":"<div class=\"fusion-fullwidth fullwidth-box fusion-builder-row-1 nonhundred-percent-fullwidth non-hundred-percent-height-scrolling\" style=\"--awb-border-radius-top-left:0px;--awb-border-radius-top-right:0px;--awb-border-radius-bottom-right:0px;--awb-border-radius-bottom-left:0px;--awb-flex-wrap:wrap;\" ><div class=\"fusion-builder-row fusion-row\"><div class=\"fusion-layout-column fusion_builder_column fusion-builder-column-0 fusion_builder_column_1_1 1_1 fusion-one-full fusion-column-first fusion-column-last\" style=\"--awb-bg-size:cover;\"><div class=\"fusion-column-wrapper fusion-column-has-shadow fusion-flex-column-wrapper-legacy\"><div class=\"fusion-title title fusion-title-1 fusion-title-center fusion-title-text fusion-title-size-one\" style=\"--awb-margin-top-small:10px;--awb-margin-right-small:0px;--awb-margin-bottom-small:10px;--awb-margin-left-small:0px;\"><div class=\"title-sep-container title-sep-container-left\"><div class=\"title-sep sep-double sep-solid\" style=\"border-color:#e0dede;\"><\/div><\/div><span class=\"awb-title-spacer\"><\/span><h1 class=\"fusion-title-heading title-heading-center fusion-responsive-typography-calculated\" style=\"margin:0;--fontSize:34;line-height:1.41;\">P\u00e4diatrische Rehabilitation Bascharage<\/h1><span class=\"awb-title-spacer\"><\/span><div class=\"title-sep-container title-sep-container-right\"><div class=\"title-sep sep-double sep-solid\" style=\"border-color:#e0dede;\"><\/div><\/div><\/div><div class=\"fusion-image-element fusion-image-align-center in-legacy-container\" style=\"text-align:center;--awb-caption-title-font-family:var(--h2_typography-font-family);--awb-caption-title-font-weight:var(--h2_typography-font-weight);--awb-caption-title-font-style:var(--h2_typography-font-style);--awb-caption-title-size:var(--h2_typography-font-size);--awb-caption-title-transform:var(--h2_typography-text-transform);--awb-caption-title-line-height:var(--h2_typography-line-height);--awb-caption-title-letter-spacing:var(--h2_typography-letter-spacing);\"><div class=\"imageframe-align-center\"><span class=\" fusion-imageframe imageframe-none imageframe-1 hover-type-none\" style=\"border:3px solid #f6f6f6;border-radius:50%;\"><img decoding=\"async\" width=\"300\" height=\"288\" title=\"Reeducation Respiratoire\" src=\"https:\/\/pes-luxembourg.lu\/bascharage\/wp-content\/uploads\/sites\/2\/2019\/07\/Reeducation-Respiratoire-300x288.jpeg\" alt class=\"img-responsive wp-image-10198\" srcset=\"https:\/\/pes-luxembourg.lu\/bascharage\/wp-content\/uploads\/sites\/2\/2019\/07\/Reeducation-Respiratoire-200x192.jpeg 200w, https:\/\/pes-luxembourg.lu\/bascharage\/wp-content\/uploads\/sites\/2\/2019\/07\/Reeducation-Respiratoire-400x384.jpeg 400w, https:\/\/pes-luxembourg.lu\/bascharage\/wp-content\/uploads\/sites\/2\/2019\/07\/Reeducation-Respiratoire-600x575.jpeg 600w, https:\/\/pes-luxembourg.lu\/bascharage\/wp-content\/uploads\/sites\/2\/2019\/07\/Reeducation-Respiratoire-800x767.jpeg 800w, https:\/\/pes-luxembourg.lu\/bascharage\/wp-content\/uploads\/sites\/2\/2019\/07\/Reeducation-Respiratoire-1200x1151.jpeg 1200w, https:\/\/pes-luxembourg.lu\/bascharage\/wp-content\/uploads\/sites\/2\/2019\/07\/Reeducation-Respiratoire.jpeg 1461w\" sizes=\"(max-width: 800px) 100vw, 1200px\" \/><\/span><\/div><\/div><div class=\"fusion-sep-clear\"><\/div><div class=\"fusion-separator fusion-full-width-sep\" style=\"margin-left: auto;margin-right: auto;margin-top:20px;margin-bottom:20px;width:100%;\"><div class=\"fusion-separator-border sep-shadow\" style=\"--awb-height:20px;--awb-amount:20px;background:radial-gradient(ellipse at 50% -50% , #e0dede 0px, rgba(255, 255, 255, 0) 80%) repeat scroll 0 0 rgba(0, 0, 0, 0);background:-webkit-radial-gradient(ellipse at 50% -50% , #e0dede 0px, rgba(255, 255, 255, 0) 80%) repeat scroll 0 0 rgba(0, 0, 0, 0);background:-moz-radial-gradient(ellipse at 50% -50% , #e0dede 0px, rgba(255, 255, 255, 0) 80%) repeat scroll 0 0 rgba(0, 0, 0, 0);background:-o-radial-gradient(ellipse at 50% -50% , #e0dede 0px, rgba(255, 255, 255, 0) 80%) repeat scroll 0 0 rgba(0, 0, 0, 0);\"><\/div><\/div><div class=\"fusion-sep-clear\"><\/div><div class=\"fusion-text fusion-text-1\"><p style=\"text-align: justify;\"><strong>Die p\u00e4diatrische Rehabilitation<\/strong> bezieht sich oft auf die Behandlung von Bronchiolitis, ist aber ein viel weiter gefasster Bereich, der Kinder vom S\u00e4uglings- bis zum Teenageralter betrifft, in dem <strong>die Einbeziehung der Eltern der Schl\u00fcssel zum Erfolg ist<\/strong>. Jedes Neugeborene, jeder S\u00e4ugling und jedes Kind ben\u00f6tigt eine gute und spezifische Betreuung, um eine effektive Entwicklung seiner Motorik zu erm\u00f6glichen. Ihr Kinderphysiotherapeut in Bascharage h\u00f6rt dem Kind und seiner Umgebung zu und wird so weit wie m\u00f6glich versuchen, spielerische Sitzungen anzubieten, um die Zustimmung des Kindes zu seiner Behandlung zu erhalten. <strong>Das Kind soll die Krankengymnastik als Spiel erleben<\/strong>.<\/p>\n<p style=\"text-align: justify;\">Die folgenden Beispiele sind eine nicht ersch\u00f6pfende Liste verschiedener Krankheitsbilder, die in der P\u00e4diatrie h\u00e4ufig vorkommen.<\/p>\n<\/div><div class=\"fusion-tabs fusion-tabs-1 classic nav-is-justified horizontal-tabs icon-position-left mobile-mode-accordion\" style=\"--awb-title-border-radius-top-left:0px;--awb-title-border-radius-top-right:0px;--awb-title-border-radius-bottom-right:0px;--awb-title-border-radius-bottom-left:0px;--awb-alignment:start;--awb-inactive-color:#ebeaea;--awb-background-color:#ffffff;--awb-border-color:#ebeaea;--awb-active-border-color:#82c9f0;\"><div class=\"nav\"><ul class=\"nav-tabs nav-justified\" role=\"tablist\" aria-orientation=\"horizontal\"><li class=\"active\" role=\"presentation\"><a class=\"tab-link\" data-toggle=\"tab\" role=\"tab\" aria-controls=\"tab-0f80b5e333be8ab88e6\" aria-selected=\"true\" tabindex=\"0\" id=\"fusion-tab-0f80b5e333be8ab88e6\" href=\"#tab-0f80b5e333be8ab88e6\"><h4 class=\"fusion-tab-heading\">Bronchiolitis<\/h4><\/a><\/li><li  role=\"presentation\"><a class=\"tab-link\" data-toggle=\"tab\" role=\"tab\" aria-controls=\"tab-85f039d66baca7216cf\" aria-selected=\"false\" tabindex=\"-1\" id=\"fusion-tab-85f039d66baca7216cf\" href=\"#tab-85f039d66baca7216cf\"><h4 class=\"fusion-tab-heading\">Plagiocephalie<\/h4><\/a><\/li><li  role=\"presentation\"><a class=\"tab-link\" data-toggle=\"tab\" role=\"tab\" aria-controls=\"tab-dfcbe7aa28f6bc5a8b4\" aria-selected=\"false\" tabindex=\"-1\" id=\"fusion-tab-dfcbe7aa28f6bc5a8b4\" href=\"#tab-dfcbe7aa28f6bc5a8b4\"><h4 class=\"fusion-tab-heading\">Verz\u00f6gerte motorische Entwicklung<\/h4><\/a><\/li><li  role=\"presentation\"><a class=\"tab-link\" data-toggle=\"tab\" role=\"tab\" aria-controls=\"tab-46043dc56827e8a3a88\" aria-selected=\"false\" tabindex=\"-1\" id=\"fusion-tab-46043dc56827e8a3a88\" href=\"#tab-46043dc56827e8a3a88\"><h4 class=\"fusion-tab-heading\">Skoliose<\/h4><\/a><\/li><li  role=\"presentation\"><a class=\"tab-link\" data-toggle=\"tab\" role=\"tab\" aria-controls=\"tab-c0b45d421f215e9c4db\" aria-selected=\"false\" tabindex=\"-1\" id=\"fusion-tab-c0b45d421f215e9c4db\" href=\"#tab-c0b45d421f215e9c4db\"><h4 class=\"fusion-tab-heading\">Orthop\u00e4die<\/h4><\/a><\/li><li  role=\"presentation\"><a class=\"tab-link\" data-toggle=\"tab\" role=\"tab\" aria-controls=\"tab-c0a3188186c72ed1ce1\" aria-selected=\"false\" tabindex=\"-1\" id=\"fusion-tab-c0a3188186c72ed1ce1\" href=\"#tab-c0a3188186c72ed1ce1\"><h4 class=\"fusion-tab-heading\">Traumatologie<\/h4><\/a><\/li><\/ul><\/div><div class=\"tab-content\"><div class=\"nav fusion-mobile-tab-nav\"><ul class=\"nav-tabs nav-justified\" role=\"tablist\" aria-orientation=\"horizontal\"><li class=\"active\" role=\"presentation\"><a class=\"tab-link\" data-toggle=\"tab\" role=\"tab\" aria-controls=\"tab-0f80b5e333be8ab88e6\" aria-selected=\"true\" tabindex=\"0\" id=\"mobile-fusion-tab-0f80b5e333be8ab88e6\" href=\"#tab-0f80b5e333be8ab88e6\"><h4 class=\"fusion-tab-heading\">Bronchiolitis<\/h4><\/a><\/li><\/ul><\/div><div class=\"tab-pane fade fusion-clearfix in active\" role=\"tabpanel\" tabindex=\"0\" aria-labelledby=\"fusion-tab-0f80b5e333be8ab88e6\" id=\"tab-0f80b5e333be8ab88e6\">\n<p style=\"text-align: justify;\">Die Bronchiolitis ist eine saisonale, epidemische, von Mensch zu Mensch \u00fcbertragene Virusinfektion der Atemwege bei S\u00e4uglingen zwischen einem Monat und zwei Jahren. Jedes Jahr sind von Mitte Oktober bis zum Ende des Winters epidemische Spitzenwerte zu verzeichnen. Atembeschwerden f\u00fchren bei einem S\u00e4ugling zu starker M\u00fcdigkeit, was f\u00fcr ihn und seine Umgebung belastend sein kann. Die Physiotherapie verbessert die Symptome rasch, hilft, das Kind zu entlasten, und bietet den Eltern die n\u00f6tigen Ratschl\u00e4ge, um zu Hause besser damit umgehen zu k\u00f6nnen.<\/p>\n<p style=\"text-align: justify;\">Die ersten Symptome sind HNO mit einer Rhinitis (laufende Nase) und einem eher trockenen Husten. Die nasale Obstruktion ist unterschiedlich stark ausgepr\u00e4gt, ebenso wie das Fieber, das nicht vorhanden oder m\u00e4\u00dfig hoch ist (um <span title=\"100,4\u00b0F oder 311,2 K\">38<\/span> <abbr class=\"abbr\" title=\"Grad Celsius\">\u00b0C<\/abbr>). Diese Symptome k\u00f6nnen isoliert bleiben, gehen der Bronchiolitis aber oft 24 bis 72 Stunden voraus und sollten daher in epidemischen Zeiten zur Wachsamkeit mahnen.<\/p>\n<p style=\"text-align: justify;\">Die eigentliche Bronchiolitis \u00e4u\u00dfert sich durch Atemnot mit schneller Atmung. Die Atemnot \u00fcberwiegt bei der Ausatmung, ist mehr oder weniger laut und wird von einer Bremsung (Verl\u00e4ngerung der Ausatmungszeit im Vergleich zur Einatmungszeit) oder sogar von einer Brustausdehnung und Kampfzeichen wie dem Schlagen der Nasenfl\u00fcgel oder einem interkostalen und supraklavikul\u00e4ren Ziehen begleitet).<\/p>\n<p style=\"text-align: justify;\">Es gibt einige schwerwiegende Anzeichen, die eine Notfallkonsultation rechtfertigen :<\/p>\n<ul style=\"text-align: justify;\">\n<li>Sehr junges Kind (unter 3 Monaten) ;<\/li>\n<li>Schwierigkeiten oder Verweigerung der Nahrungsaufnahme ;<\/li>\n<li>Apnoe (Atempause) oder Tachypnoe &gt; 60 pro Minute ;<\/li>\n<li>Schwitzen, Zyanose (bl\u00e4uliche Verf\u00e4rbung der Haut) ;<\/li>\n<li>Sehr hohe Herzfrequenz ;<\/li>\n<li>Bewusstseinsst\u00f6rungen: Bewusstlosigkeit, Unwohlsein.<\/li>\n<\/ul>\n<p style=\"text-align: justify;\">Bei der Auskultation der Lunge werden zu Beginn der Krankheit Rasselger\u00e4usche (trocken und inspiratorisch) und\/oder Unterkasselger\u00e4usche (feuchter und expiratorisch) wahrgenommen, vor allem bei jungen S\u00e4uglingen. Dann treten bronchiale Rasselger\u00e4usche und Zischlaute auf, die manchmal weithin h\u00f6rbar sind (Wheezing). Nach dem Alter von einem Jahr findet man bei der Auskultation exspiratorische Zischger\u00e4usche. Manchmal kann die Auskultation normal sein, insbesondere bei schweren Formen mit aufgetriebenem Thorax.<\/p>\n<p style=\"text-align: justify;\"><strong>Weit entfernt von dem traumatischen Bild<\/strong>, das oft vermittelt und von vielen Physiotherapeuten verwendet wird, <strong>respektiert Ihre Physiotherapeuten in Bascharage den Atemrhythmus des Kindes und begleitet es auf sanfte Weise<\/strong>. Die Sitzung beginnt mit einer klinischen Untersuchung, um die Atemnot des Betroffenen zu beurteilen. Es folgen sanfte Ein- und Ausatmungstechniken, die es erm\u00f6glichen, den Atemfluss schmerzfrei zu lenken. Eine rhino-pharyngeale Deobstruktion wird durchgef\u00fchrt, um die oberen Atemwege zu befreien, und die Technik der Nasensp\u00fclung vervollst\u00e4ndigt die Behandlung und wird den Eltern beigebracht. Der Physiotherapeut wird zur Gesundheits\u00fcberwachung \u00fcber die Entwicklung der Bronchiolitis im Alltag beitragen.<\/p>\n<\/div><div class=\"nav fusion-mobile-tab-nav\"><ul class=\"nav-tabs nav-justified\" role=\"tablist\" aria-orientation=\"horizontal\"><li  role=\"presentation\"><a class=\"tab-link\" data-toggle=\"tab\" role=\"tab\" aria-controls=\"tab-85f039d66baca7216cf\" aria-selected=\"false\" tabindex=\"-1\" id=\"mobile-fusion-tab-85f039d66baca7216cf\" href=\"#tab-85f039d66baca7216cf\"><h4 class=\"fusion-tab-heading\">Plagiocephalie<\/h4><\/a><\/li><\/ul><\/div><div class=\"tab-pane fade fusion-clearfix\" role=\"tabpanel\" tabindex=\"0\" aria-labelledby=\"fusion-tab-85f039d66baca7216cf\" id=\"tab-85f039d66baca7216cf\">\n<p style=\"text-align: justify;\">Die Plagiozephalie oder das Flachkopfsyndrom ist ein klinisches Zeichen, das sich in einer mehr oder weniger ausgepr\u00e4gten Asymmetrie des Sch\u00e4dels bei Neugeborenen \u00e4u\u00dfert, die in der Regel auf eine Lageverzerrung zur\u00fcckzuf\u00fchren ist. Die potenziellen Folgen sind zahlreich mit dem Risiko von H\u00f6r-, Seh- und Verdauungsst\u00f6rungen, Skoliose sowie motorischen und neurologischen St\u00f6rungen. Daher ist eine angepasste und spezifische Betreuung erforderlich. Bei der optimalen Behandlung sind Physiotherapie, <a href=\"https:\/\/pes-luxembourg.lu\/bascharage\/de\/osteopathie-kind-teenager\/\">Osteopathie<\/a> und die Eltern in guter Koordination beteiligt. Eine gute Positionierung des Kindes, die F\u00f6rderung der freien Motorik und die Sicherung des Babys sind integraler Bestandteil der Behandlung.<\/p>\n<p style=\"text-align: justify;\">Es <span class=\"need_ref\" title=\"Diese Passage erfordert einen Verweis.\">k\u00f6nnen Pr\u00e4ventionstipps gegeben werden, um das Risiko einer positionsbedingten Plagiozephalie zu minimieren<\/span>.<span class=\"Apple-converted-space\"> <\/span>In<span class=\"Apple-converted-space\"> <\/span><time class=\"nowrap\" datetime=\"2020-02\" data-sort-value=\"2020-02\">Februar 2020<\/time> hat die Haute Autorit\u00e9 de Sant\u00e9 in Frankreich die folgenden Empfehlungen ver\u00f6ffentlicht:<\/p>\n<ul style=\"text-align: justify;\">\n<li><strong>In der Antenatalzeit<\/strong>\n<ul>\n<li>Gestaltung einer Umgebung, die f\u00fcr den S\u00e4ugling ungef\u00e4hrlich ist und die Achtung seiner spontanen motorischen Aktivit\u00e4t w\u00e4hrend des Schlafs und des Wachens f\u00f6rdert<\/li>\n<li>Werdende Eltern sollten sich der sch\u00e4dlichen Wirkung aller Fixierungsvorrichtungen (siehe Risikofaktoren) bewusst sein, die das Auftreten einer lagebedingten Sch\u00e4deldeformation (DCP) durch Einschr\u00e4nkung der spontanen Motorik der S\u00e4uglinge beg\u00fcnstigen und das Risiko eines unerwarteten Todes (MIN) des S\u00e4uglings durch Einsinken erh\u00f6hen.<\/li>\n<li>Das Stillen sollte gef\u00f6rdert werden. Sie ist ein Schutzfaktor gegen MIN und gegen DCP.<\/li>\n<\/ul>\n<\/li>\n<\/ul>\n<ul>\n<li style=\"text-align: justify;\"><strong>Nach der Geburt<\/strong>\n<ul>\n<li style=\"text-align: justify;\">Es wird empfohlen, in jeder Situation die neutrale Kopfposition zu beachten und eine \u00fcberstreckte oder hyperflexive Haltung des Halses zu vermeiden.<\/li>\n<li style=\"text-align: justify;\">Es wird empfohlen, Kinder mit einem posturalen oder muskul\u00e4ren Schiefhals an einen <a href=\"https:\/\/pes-luxembourg.lu\/bascharage\/de\/physiotherapeutin-bascharage-lise-anne-parent\/\">Physiotherapeuten<\/a> zu \u00fcberweisen, der <a href=\"https:\/\/pes-luxembourg.lu\/bascharage\/de\/physiotherapeutin-bascharage-lise-anne-parent\/\">auf P\u00e4diatrie spezialisiert<\/a> ist. Je fr\u00fcher die Behandlung verschrieben wird (im ersten Lebensmonat), desto gr\u00f6\u00dfer sind die Chancen auf eine Normalisierung. Ein osteopathischer Ansatz mit p\u00e4diatrischer Ausrichtung kann im Rahmen einer multiprofessionellen Behandlung als zweite M\u00f6glichkeit mit <a title=\"Physiotherapie\" href=\"https:\/\/fr.wikipedia.org\/wiki\/Kin%C3%A9sith%C3%A9rapie\">Krankengymnastik<\/a> kombiniert werden.  <sup id=\"cite_ref-11\" class=\"reference\"><\/sup><\/li>\n<\/ul>\n<\/li>\n<\/ul>\n<ul>\n<li style=\"list-style-type: none;\">\n<ul>\n<li style=\"text-align: justify;\"><span style=\"text-decoration: underline;\">Wenn der S\u00e4ugling wach ist :<\/span>\n<ul>\n<li>Es wird empfohlen, Zeit f\u00fcr qualitativ hochwertige Interaktionen zwischen Erwachsenen und dem S\u00e4ugling zu f\u00f6rdern.<\/li>\n<li>Es wird empfohlen, die K\u00f6rperhaltungen zu variieren und die spontanen Kopfdrehungen des S\u00e4uglings durch sensorische Aufforderungen (taktil, visuell, auditiv) zu f\u00f6rdern, die je nach Alter angepasst werden sollten.<\/li>\n<li>Die Bauch- und Seitenhaltung kann im besonderen Austausch mit dem Erwachsenen erkundet werden. Wegen der Gefahr des Einsinkens muss der S\u00e4ugling w\u00e4hrend der Aufwachphase in Bauchlage st\u00e4ndig \u00fcberwacht werden.<\/li>\n<li>Die optimale Entwicklung des S\u00e4uglings erfordert, dass er auf dem R\u00fccken ohne Kissen, Bettdecke oder Decke in einer Umgebung gelagert wird, die eine spontane motorische Aktivit\u00e4t erleichtert (feste Matte auf dem Boden mit um ihn herum positioniertem Spielzeug, wobei Spielb\u00f6gen und &#8222;Mobiles&#8220;, die seine Aufmerksamkeit fixieren, vermieden werden sollten).<\/li>\n<li>Es wird empfohlen, das Tragen des S\u00e4uglings auf dem Arm oder im Tuch zu f\u00f6rdern, wobei die st\u00e4ndige Freihaltung der Atemwege, das Aufrollen des Beckens und die Variation der K\u00f6rperhaltung zu beachten sind.<\/li>\n<li>In der Alltagsgestik wird empfohlen, das Einrollen der Gurte (Becken, Schultern) zu f\u00f6rdern.<\/li>\n<\/ul>\n<\/li>\n<\/ul>\n<\/li>\n<\/ul>\n<ul>\n<li style=\"list-style-type: none;\">\n<ul>\n<li><span style=\"text-decoration: underline;\">Wenn der S\u00e4ugling schl\u00e4ft :<\/span>\n<ul>\n<li style=\"text-align: justify;\">Der S\u00e4ugling sollte konsequent auf dem R\u00fccken in einem geeigneten Bettchen liegen.<\/li>\n<li style=\"text-align: justify;\">Es empfiehlt sich, die Position des Babys zum Kopf- oder Fu\u00dfende hin regelm\u00e4\u00dfig zu wechseln, um die spontane Drehung des Kopfes von einer Seite zur anderen zu f\u00f6rdern.<\/li>\n<\/ul>\n<\/li>\n<\/ul>\n<\/li>\n<\/ul>\n<\/div><div class=\"nav fusion-mobile-tab-nav\"><ul class=\"nav-tabs nav-justified\" role=\"tablist\" aria-orientation=\"horizontal\"><li  role=\"presentation\"><a class=\"tab-link\" data-toggle=\"tab\" role=\"tab\" aria-controls=\"tab-dfcbe7aa28f6bc5a8b4\" aria-selected=\"false\" tabindex=\"-1\" id=\"mobile-fusion-tab-dfcbe7aa28f6bc5a8b4\" href=\"#tab-dfcbe7aa28f6bc5a8b4\"><h4 class=\"fusion-tab-heading\">Verz\u00f6gerte motorische Entwicklung<\/h4><\/a><\/li><\/ul><\/div><div class=\"tab-pane fade fusion-clearfix\" role=\"tabpanel\" tabindex=\"0\" aria-labelledby=\"fusion-tab-dfcbe7aa28f6bc5a8b4\" id=\"tab-dfcbe7aa28f6bc5a8b4\">\n<p style=\"text-align: justify;\">Pathologische oder nicht pathologische motorische Entwicklungsverz\u00f6gerung: Die Physiotherapie zielt auf die Einhaltung der verschiedenen Phasen des motorischen Lernens ab (von der fr\u00fchen sensomotorischen Erregung bis zu den ersten Schritten), um eine gute Entwicklung des Kindes f\u00fcr seine sp\u00e4tere Motorik zu gew\u00e4hrleisten. Bei einer motorischen Krankengymnastik wird der Therapeut nach einer Untersuchung zun\u00e4chst entspannende und lockernde Man\u00f6ver vorschlagen und dann je nach Fortschritt und Bedarf des Kindes einfache \u00dcbungen durchf\u00fchren.<\/p>\n<\/div><div class=\"nav fusion-mobile-tab-nav\"><ul class=\"nav-tabs nav-justified\" role=\"tablist\" aria-orientation=\"horizontal\"><li  role=\"presentation\"><a class=\"tab-link\" data-toggle=\"tab\" role=\"tab\" aria-controls=\"tab-46043dc56827e8a3a88\" aria-selected=\"false\" tabindex=\"-1\" id=\"mobile-fusion-tab-46043dc56827e8a3a88\" href=\"#tab-46043dc56827e8a3a88\"><h4 class=\"fusion-tab-heading\">Skoliose<\/h4><\/a><\/li><\/ul><\/div><div class=\"tab-pane fade fusion-clearfix\" role=\"tabpanel\" tabindex=\"0\" aria-labelledby=\"fusion-tab-46043dc56827e8a3a88\" id=\"tab-46043dc56827e8a3a88\">\n<p style=\"text-align: justify;\">Skoliose: Sie ist eine Verformung der Wirbels\u00e4ule in allen drei Raumebenen. Die Kr\u00fcmmungen der Wirbels\u00e4ule sind ver\u00e4ndert. Eine Skoliose ist w\u00e4hrend der gesamten Entwicklung des Kindes zu \u00fcberwachen und zu erkennen, und es bedarf der Rehabilitation, um zu versuchen, sie zu bremsen. Jedes Stadium der Skoliose erfordert eine spezielle, auf das jeweilige Kind abgestimmte physiotherapeutische Behandlung, um die Wirbels\u00e4ule zu lockern, die statischen Muskeln zu st\u00e4rken und Atem\u00fcbungen zu machen.<\/p>\n<\/div><div class=\"nav fusion-mobile-tab-nav\"><ul class=\"nav-tabs nav-justified\" role=\"tablist\" aria-orientation=\"horizontal\"><li  role=\"presentation\"><a class=\"tab-link\" data-toggle=\"tab\" role=\"tab\" aria-controls=\"tab-c0b45d421f215e9c4db\" aria-selected=\"false\" tabindex=\"-1\" id=\"mobile-fusion-tab-c0b45d421f215e9c4db\" href=\"#tab-c0b45d421f215e9c4db\"><h4 class=\"fusion-tab-heading\">Orthop\u00e4die<\/h4><\/a><\/li><\/ul><\/div><div class=\"tab-pane fade fusion-clearfix\" role=\"tabpanel\" tabindex=\"0\" aria-labelledby=\"fusion-tab-c0b45d421f215e9c4db\" id=\"tab-c0b45d421f215e9c4db\">\n<p style=\"text-align: justify;\">Orthop\u00e4die: Die Physiotherapie kann w\u00e4hrend des gesamten Wachstums des Kindes bei einer Fehlhaltung der Wirbels\u00e4ule (vgl. Skoliose), der Beine oder der F\u00fc\u00dfe infolge einer Fehlstellung der Gliedma\u00dfen oder eines zu schnellen Wachstums (Osgood-Schlatter, Scheuermann-Krankheit usw.) eingreifen. Es werden Sitzungen und \u00dcbungen angeboten, die auf das Alter und die Problematik des Kindes abgestimmt sind.<\/p>\n<\/div><div class=\"nav fusion-mobile-tab-nav\"><ul class=\"nav-tabs nav-justified\" role=\"tablist\" aria-orientation=\"horizontal\"><li  role=\"presentation\"><a class=\"tab-link\" data-toggle=\"tab\" role=\"tab\" aria-controls=\"tab-c0a3188186c72ed1ce1\" aria-selected=\"false\" tabindex=\"-1\" id=\"mobile-fusion-tab-c0a3188186c72ed1ce1\" href=\"#tab-c0a3188186c72ed1ce1\"><h4 class=\"fusion-tab-heading\">Traumatologie<\/h4><\/a><\/li><\/ul><\/div><div class=\"tab-pane fade fusion-clearfix\" role=\"tabpanel\" tabindex=\"0\" aria-labelledby=\"fusion-tab-c0a3188186c72ed1ce1\" id=\"tab-c0a3188186c72ed1ce1\">\n<p style=\"text-align: justify;\">Traumatologie: Wie Erwachsene k\u00f6nnen auch Kinder Opfer von Traumata wie Knochenbr\u00fcchen, Verstauchungen, Sehnenerkrankungen, Verrenkungen &#8230; etc. werden. Um ihre k\u00f6rperlichen F\u00e4higkeiten wiederherzustellen, k\u00f6nnen spezielle Rehabilitationssitzungen angeboten werden, in die spielerische Situationen eingebaut werden, damit die Rehabilitation zu einem Spiel wird und dieser Zwischenfall auf dem Weg schnell vergessen wird.<\/p>\n<\/div><\/div><\/div><div class=\"fusion-clearfix\"><\/div><\/div><\/div><\/div><\/div>\n","protected":false},"excerpt":{"rendered":"","protected":false},"author":1,"featured_media":0,"parent":0,"menu_order":0,"comment_status":"closed","ping_status":"closed","template":"","meta":{"_seopress_robots_primary_cat":"","_seopress_titles_title":"","_seopress_titles_desc":"","_seopress_robots_index":"","footnotes":""},"class_list":["post-9249","page","type-page","status-publish","hentry"],"_links":{"self":[{"href":"https:\/\/pes-luxembourg.lu\/bascharage\/de\/wp-json\/wp\/v2\/pages\/9249","targetHints":{"allow":["GET"]}}],"collection":[{"href":"https:\/\/pes-luxembourg.lu\/bascharage\/de\/wp-json\/wp\/v2\/pages"}],"about":[{"href":"https:\/\/pes-luxembourg.lu\/bascharage\/de\/wp-json\/wp\/v2\/types\/page"}],"author":[{"embeddable":true,"href":"https:\/\/pes-luxembourg.lu\/bascharage\/de\/wp-json\/wp\/v2\/users\/1"}],"replies":[{"embeddable":true,"href":"https:\/\/pes-luxembourg.lu\/bascharage\/de\/wp-json\/wp\/v2\/comments?post=9249"}],"version-history":[{"count":0,"href":"https:\/\/pes-luxembourg.lu\/bascharage\/de\/wp-json\/wp\/v2\/pages\/9249\/revisions"}],"wp:attachment":[{"href":"https:\/\/pes-luxembourg.lu\/bascharage\/de\/wp-json\/wp\/v2\/media?parent=9249"}],"curies":[{"name":"wp","href":"https:\/\/api.w.org\/{rel}","templated":true}]}}