{"id":8708,"date":"2023-08-30T00:00:44","date_gmt":"2023-08-29T22:00:44","guid":{"rendered":"https:\/\/pes-luxembourg.lu\/bascharage\/perineale-rehabilitation-bascharage\/"},"modified":"2024-01-27T16:01:19","modified_gmt":"2024-01-27T15:01:19","slug":"perineale-rehabilitation-bascharage","status":"publish","type":"page","link":"https:\/\/pes-luxembourg.lu\/bascharage\/de\/perineale-rehabilitation-bascharage\/","title":{"rendered":"Perineale Rehabilitation Bascharage"},"content":{"rendered":"<div class=\"fusion-fullwidth fullwidth-box fusion-builder-row-1 nonhundred-percent-fullwidth non-hundred-percent-height-scrolling\" style=\"--awb-border-radius-top-left:0px;--awb-border-radius-top-right:0px;--awb-border-radius-bottom-right:0px;--awb-border-radius-bottom-left:0px;--awb-flex-wrap:wrap;\" ><div class=\"fusion-builder-row fusion-row\"><div class=\"fusion-layout-column fusion_builder_column fusion-builder-column-0 fusion_builder_column_1_1 1_1 fusion-one-full fusion-column-first fusion-column-last\" style=\"--awb-bg-size:cover;\"><div class=\"fusion-column-wrapper fusion-column-has-shadow fusion-flex-column-wrapper-legacy\"><div class=\"fusion-title title fusion-title-1 fusion-title-center fusion-title-text fusion-title-size-one\" style=\"--awb-margin-top-small:10px;--awb-margin-right-small:0px;--awb-margin-bottom-small:10px;--awb-margin-left-small:0px;\"><div class=\"title-sep-container title-sep-container-left\"><div class=\"title-sep sep-double sep-solid\" style=\"border-color:#e0dede;\"><\/div><\/div><span class=\"awb-title-spacer\"><\/span><h1 class=\"fusion-title-heading title-heading-center fusion-responsive-typography-calculated\" style=\"margin:0;--fontSize:34;line-height:1.41;\"><p>Perineale Rehabilitation<br \/>\nDrahtlose Elektrostimulation und Biofeedback<\/p><\/h1><span class=\"awb-title-spacer\"><\/span><div class=\"title-sep-container title-sep-container-right\"><div class=\"title-sep sep-double sep-solid\" style=\"border-color:#e0dede;\"><\/div><\/div><\/div><div class=\"fusion-image-element fusion-image-align-center in-legacy-container\" style=\"text-align:center;--awb-bottom-shadow-color:rgba(0,0,0,0.4);--awb-caption-title-font-family:var(--h2_typography-font-family);--awb-caption-title-font-weight:var(--h2_typography-font-weight);--awb-caption-title-font-style:var(--h2_typography-font-style);--awb-caption-title-size:var(--h2_typography-font-size);--awb-caption-title-transform:var(--h2_typography-text-transform);--awb-caption-title-line-height:var(--h2_typography-line-height);--awb-caption-title-letter-spacing:var(--h2_typography-letter-spacing);\"><div class=\"imageframe-align-center\"><div class=\"awb-image-frame awb-image-frame-1 awb-bottomshadow\"><span class=\" fusion-imageframe imageframe-bottomshadow imageframe-1 hover-type-none\" style=\"border:2px solid #f6f6f6;\"><a class=\"fusion-no-lightbox\" href=\"https:\/\/www.vivaltis.com\/fr\/page\/gamme-sans-fil\" target=\"_blank\" aria-label=\"Phenix\" rel=\"noopener noreferrer\"><img decoding=\"async\" width=\"4000\" height=\"1333\" alt=\"Perineale Rehabilitation mit Vivaltis Phenix Neo\" src=\"https:\/\/pes-luxembourg.lu\/bascharage\/wp-content\/uploads\/sites\/2\/2019\/11\/Phenix-2.png\" class=\"img-responsive wp-image-8722\" srcset=\"https:\/\/pes-luxembourg.lu\/bascharage\/wp-content\/uploads\/sites\/2\/2019\/11\/Phenix-2-200x67.png 200w, https:\/\/pes-luxembourg.lu\/bascharage\/wp-content\/uploads\/sites\/2\/2019\/11\/Phenix-2-400x133.png 400w, https:\/\/pes-luxembourg.lu\/bascharage\/wp-content\/uploads\/sites\/2\/2019\/11\/Phenix-2-600x200.png 600w, https:\/\/pes-luxembourg.lu\/bascharage\/wp-content\/uploads\/sites\/2\/2019\/11\/Phenix-2-800x267.png 800w, https:\/\/pes-luxembourg.lu\/bascharage\/wp-content\/uploads\/sites\/2\/2019\/11\/Phenix-2-1200x400.png 1200w, https:\/\/pes-luxembourg.lu\/bascharage\/wp-content\/uploads\/sites\/2\/2019\/11\/Phenix-2.png 4000w\" sizes=\"(max-width: 800px) 100vw, 4000px\" \/><\/a><\/span><svg xmlns=\"http:\/\/www.w3.org\/2000\/svg\" version=\"1.1\" width=\"100%\" viewBox=\"0 0 600 28\" preserveAspectRatio=\"none\"><g clip-path=\"url(#a)\"><mask id=\"b\" style=\"mask-type:luminance\" maskUnits=\"userSpaceOnUse\" x=\"0\" y=\"0\" width=\"600\" height=\"28\"><path d=\"M0 0h600v28H0V0Z\" fill=\"#fff\"\/><\/mask><g filter=\"url(#c)\" mask=\"url(#b)\"><path d=\"M16.439-18.667h567.123v30.8S438.961-8.4 300-8.4C161.04-8.4 16.438 12.133 16.438 12.133v-30.8Z\" fill=\"#000\"\/><\/g><\/g><defs><clipPath id=\"a\"><path fill=\"#fff\" d=\"M0 0h600v28H0z\"\/><\/clipPath><filter id=\"c\" x=\"5.438\" y=\"-29.667\" width=\"589.123\" height=\"52.8\" filterUnits=\"userSpaceOnUse\" color-interpolation-filters=\"sRGB\"><feFlood flood-opacity=\"0\" result=\"BackgroundImageFix\"\/><feBlend in=\"SourceGraphic\" in2=\"BackgroundImageFix\" result=\"shape\"\/><feGaussianBlur stdDeviation=\"5.5\" result=\"effect1_foregroundBlur_3983_183\"\/><\/filter><\/defs><\/svg><\/div><\/div><\/div><div class=\"fusion-sep-clear\"><\/div><div class=\"fusion-separator fusion-full-width-sep\" style=\"margin-left: auto;margin-right: auto;margin-top:20px;margin-bottom:20px;width:100%;\"><div class=\"fusion-separator-border sep-shadow\" style=\"--awb-height:20px;--awb-amount:20px;background:radial-gradient(ellipse at 50% -50% , #e0dede 0px, rgba(255, 255, 255, 0) 80%) repeat scroll 0 0 rgba(0, 0, 0, 0);background:-webkit-radial-gradient(ellipse at 50% -50% , #e0dede 0px, rgba(255, 255, 255, 0) 80%) repeat scroll 0 0 rgba(0, 0, 0, 0);background:-moz-radial-gradient(ellipse at 50% -50% , #e0dede 0px, rgba(255, 255, 255, 0) 80%) repeat scroll 0 0 rgba(0, 0, 0, 0);background:-o-radial-gradient(ellipse at 50% -50% , #e0dede 0px, rgba(255, 255, 255, 0) 80%) repeat scroll 0 0 rgba(0, 0, 0, 0);\"><\/div><\/div><div class=\"fusion-sep-clear\"><\/div><div class=\"fusion-text fusion-text-1\"><p><span style=\"text-align: justify;\">Der <\/span><strong style=\"text-align: justify;\">PHENIX Neo <\/strong><span style=\"text-align: justify;\">ist ein Elektrostimulator, der mit einem Biofeedback-Ger\u00e4t mit kabelloser Technologie ausgestattet ist. Dies erm\u00f6glicht die freie Anwendung des Biofeedbacks bei allen Bewegungen des menschlichen K\u00f6rpers und insbesondere bei der perinealen Rehabilitation.<\/span><\/p>\n<p>Es besteht aus einem oder mehreren POD Stimulation\/Biofeedback, das sind miniaturisierte 2-Wege-Ger\u00e4te, die je nach Wahl Ihres Physiotherapeuten Elektrostimulation oder Biofeedback liefern. Dieser Pod wird vom Computer ferngesteuert und DRAHTLOS bedient.<\/p>\n<blockquote>\n<p>Der Phenix Neo f\u00fcr die Perinealrehabilitation von Frauen, M\u00e4nnern und Kindern sowie f\u00fcr die anorektale Rehabilitation<\/p>\n<\/blockquote>\n<\/div><div class=\"fusion-text fusion-text-2\"><\/div><div class=\"fusion-title title fusion-title-2 fusion-sep-none fusion-title-text fusion-title-size-two\" style=\"--awb-margin-top-small:10px;--awb-margin-right-small:0px;--awb-margin-bottom-small:10px;--awb-margin-left-small:0px;\"><h2 class=\"fusion-title-heading title-heading-left fusion-responsive-typography-calculated\" style=\"margin:0;--fontSize:28;line-height:1.5;\"><p class=\"ut-accordion-module-heading\" data-counter=\"1\">Perineales Biofeedback im Stehen und in Bewegung<\/p>\n<div class=\"ut-accordion-module-content\" data-content=\"\"><\/div><\/h2><\/div><div class=\"fusion-text fusion-text-3\"><p style=\"text-align: justify;\">Schlie\u00dflich ist es m\u00f6glich, <strong>perineales Biofeedback im Stehen und in Bewegung<\/strong> durchzuf\u00fchren. Es ist n\u00e4mlich sehr wichtig, die perineale Sperre unter Belastung bei allt\u00e4glichen Bewegungen, die Inkontinenz ausl\u00f6sen, wieder zu integrieren. Mit unserem Phenix Neo-Ger\u00e4t kann der Patient z. B. angezogen bleiben, w\u00e4hrend seine Sonde intravaginal positioniert wird, ohne dass ein Kabel zwischen ihm und dem Ger\u00e4t verl\u00e4uft. Sie kann nun springen, Lasten tragen, h\u00fcpfen usw. W\u00e4hrend dieser Zeit kann <a href=\"https:\/\/pes-luxembourg.lu\/bascharage\/de\/physiotherapeuten-bascharage\/\">der Physiotherapeut<\/a> gleichzeitig \u00fcberpr\u00fcfen, ob die Patientin ihren Beckenboden bei der Belastung verriegelt. Die Visualisierung der perinealen Verriegelung durch die Patientin \u00fcber den <strong>Biofeedback-Bildschirm<\/strong> hat auch <strong>eine erzieherische Funktion bei der Reintegration ihres motorischen Mus<\/strong>ters.<\/p>\n<\/div><div class=\"fusion-title title fusion-title-3 fusion-sep-none fusion-title-text fusion-title-size-two\" style=\"--awb-margin-top-small:10px;--awb-margin-right-small:0px;--awb-margin-bottom-small:10px;--awb-margin-left-small:0px;\"><h2 class=\"fusion-title-heading title-heading-left fusion-responsive-typography-calculated\" style=\"margin:0;--fontSize:28;line-height:1.5;\"><p class=\"ut-accordion-module-heading\" data-counter=\"2\">Ein kabelloses Re-Training<\/p>\n<div class=\"ut-accordion-module-content\" data-content=\"\"><\/div><\/h2><\/div><div class=\"fusion-text fusion-text-4\"><p style=\"text-align: justify;\">In der Phase des erneuten Belastungstrainings muss die Patientin auf dem Tisch liegend Bauchmuskelkontraktions\u00fcbungen durchf\u00fchren und ihr Perineum durch Verriegelung sch\u00fctzen. Mit dem Phenix Neo gibt es keinen Draht mehr zwischen der Patientin und der Maschine, sodass diese \u00dcbungen m\u00f6glich sind und erleichtert werden. Die Patientin und der Therapeut k\u00f6nnen dank Biofeedback die Qualit\u00e4t der perinealen Verriegelung und deren Antizipation \u00fcberpr\u00fcfen.<\/p>\n<\/div><div class=\"fusion-title title fusion-title-4 fusion-sep-none fusion-title-text fusion-title-size-two\" style=\"--awb-margin-top-small:10px;--awb-margin-right-small:0px;--awb-margin-bottom-small:10px;--awb-margin-left-small:0px;\"><h2 class=\"fusion-title-heading title-heading-left fusion-responsive-typography-calculated\" style=\"margin:0;--fontSize:28;line-height:1.5;\"><p class=\"ut-accordion-module-heading\" data-counter=\"3\">Nie wieder St\u00f6rungen beim Biofeedback<\/p>\n<div class=\"ut-accordion-module-content\" data-content=\"\"><\/div><\/h2><\/div><div class=\"fusion-text fusion-text-5\"><p style=\"text-align: justify;\">Ohne Kabel zwischen Patientin und Maschine wird<strong> es beim Biofeedback nie mehr zu St\u00f6rungen kommen<\/strong>. Denn Interferenzen werden durch verschiedene Umweltfaktoren verursacht.<br \/>\nDiese Faktoren sind: Vergessen der Referenzelektrode, defekte oder fehlende Erdung der elektrischen Anlage am Nutzerstandort oder Nichteinhaltung der elektrischen Normen am Nutzerstandort etc.<\/p>\n<\/div><div class=\"fusion-title title fusion-title-5 fusion-sep-none fusion-title-text fusion-title-size-two\" style=\"--awb-margin-top-small:10px;--awb-margin-right-small:0px;--awb-margin-bottom-small:10px;--awb-margin-left-small:0px;\"><h2 class=\"fusion-title-heading title-heading-left fusion-responsive-typography-calculated\" style=\"margin:0;--fontSize:28;line-height:1.5;\"><p class=\"section-title \">Sicheres Kommunikationsprotokoll<\/p><\/h2><\/div><div class=\"fusion-text fusion-text-6\"><p style=\"text-align: justify;\"><strong>Vivaltis ist der 1. Hersteller weltweit, der die kabellose Fern-Elektrostimulation entwickelt hat.<\/strong> Dies ist eine <strong>technologische<\/strong> Meisterleistung, die vor Vivaltis noch kein Hersteller der Welt geschafft hat.<br \/>\nEin einzigartiges, franz\u00f6sisches Know-how, das in Zusammenarbeit mit dem <strong>CNRS<\/strong> entwickelt wurde.<br \/>\nAlle Parameter f\u00fcr die Behandlung von Stim-\/Bio-Pods k\u00f6nnen in Echtzeit von der Zentraleinheit aus ge\u00e4ndert werden. Die Behandlungsdaten werden nach einem sicheren und patentierten Protokoll \u00fcbertragen. Diese Technologie bietet <strong>absolute Sicherheit, ist immun gegen St\u00f6rungen<\/strong> und stellt kein Risiko f\u00fcr die Umwelt dar (Sendeleistung &lt; 10 mW).<\/p>\n<\/div><div class=\"fusion-title title fusion-title-6 fusion-sep-none fusion-title-text fusion-title-size-two\" style=\"--awb-margin-top-small:10px;--awb-margin-right-small:0px;--awb-margin-bottom-small:10px;--awb-margin-left-small:0px;\"><h2 class=\"fusion-title-heading title-heading-left fusion-responsive-typography-calculated\" style=\"margin:0;--fontSize:28;line-height:1.5;\"><p class=\"section-title \">Qualit\u00e4t des Biofeedbacks<\/p><\/h2><\/div><div class=\"fusion-text fusion-text-7\"><p style=\"text-align: justify;\">Die Technologie des Biofeedback-Signals wird <strong>von Vivaltis perfekt beherrscht<\/strong>. Die neueste Generation von Verst\u00e4rkern erm\u00f6glicht <strong>einen reinen und fl\u00fcssigen Verlauf der Biofeedback-Kurve<\/strong> ohne Umweltst\u00f6rungen. Diese <strong>st\u00f6rungsfreie<\/strong>Qualit\u00e4t der <strong>Aufzeichnung<\/strong>wird dadurch verst\u00e4rkt, dass <strong>der Patient nicht mit dem Ger\u00e4t verbunden<\/strong> ist. Die Erfahrung hat uns gezeigt, dass Sie keine Referenzelektrode mehr anlegen m\u00fcssen, wie bei herk\u00f6mmlichen Ger\u00e4ten mit Draht zwischen Patient und Ger\u00e4t!<\/p>\n<\/div><div class=\"fusion-title title fusion-title-7 fusion-sep-none fusion-title-text fusion-title-size-two\" style=\"--awb-margin-top-small:10px;--awb-margin-right-small:0px;--awb-margin-bottom-small:10px;--awb-margin-left-small:0px;\"><h2 class=\"fusion-title-heading title-heading-left fusion-responsive-typography-calculated\" style=\"margin:0;--fontSize:28;line-height:1.5;\"><p class=\"section-title \">Therapeutische Ma\u00dfnahmen<\/p><\/h2><\/div><div class=\"fusion-text fusion-text-8\"><ul>\n<li><strong>Perineale Rehabilitation bei Frauen<\/strong>: Postpartum, Stressharninkontinenz, Blaseninstabilit\u00e4t, gemischte Harninkontinenz, Vaginismus, schmerzhafte Folgen von Dammschnitten usw.<\/li>\n<li><strong>Perineale Rehabilitation bei Kindern<\/strong>: Unreife Blase, Hypertonie etc.<\/li>\n<li><strong>Rehabilitation bei M\u00e4nnern<\/strong>: Nach Prostatektomie bei Belastungsinkontinenz, Miktionsunregelm\u00e4\u00dfigkeiten etc.<\/li>\n<li><strong>Kolo-proktologische Rehabilitation<\/strong>: Anale Inkontinenz, Verstopfung.<\/li>\n<\/ul>\n<\/div><div class=\"fusion-clearfix\"><\/div><\/div><\/div><\/div><div class=\"fusion-builder-row fusion-row\"><\/div><\/div>\n","protected":false},"excerpt":{"rendered":"","protected":false},"author":1,"featured_media":0,"parent":0,"menu_order":0,"comment_status":"closed","ping_status":"closed","template":"","meta":{"_seopress_robots_primary_cat":"","_seopress_titles_title":"","_seopress_titles_desc":"","_seopress_robots_index":"","footnotes":""},"class_list":["post-8708","page","type-page","status-publish","hentry"],"_links":{"self":[{"href":"https:\/\/pes-luxembourg.lu\/bascharage\/de\/wp-json\/wp\/v2\/pages\/8708","targetHints":{"allow":["GET"]}}],"collection":[{"href":"https:\/\/pes-luxembourg.lu\/bascharage\/de\/wp-json\/wp\/v2\/pages"}],"about":[{"href":"https:\/\/pes-luxembourg.lu\/bascharage\/de\/wp-json\/wp\/v2\/types\/page"}],"author":[{"embeddable":true,"href":"https:\/\/pes-luxembourg.lu\/bascharage\/de\/wp-json\/wp\/v2\/users\/1"}],"replies":[{"embeddable":true,"href":"https:\/\/pes-luxembourg.lu\/bascharage\/de\/wp-json\/wp\/v2\/comments?post=8708"}],"version-history":[{"count":0,"href":"https:\/\/pes-luxembourg.lu\/bascharage\/de\/wp-json\/wp\/v2\/pages\/8708\/revisions"}],"wp:attachment":[{"href":"https:\/\/pes-luxembourg.lu\/bascharage\/de\/wp-json\/wp\/v2\/media?parent=8708"}],"curies":[{"name":"wp","href":"https:\/\/api.w.org\/{rel}","templated":true}]}}