{"id":1559,"date":"2019-10-30T22:26:55","date_gmt":"2019-10-30T21:26:55","guid":{"rendered":"https:\/\/pes-luxembourg.lu\/bascharage\/?page_id=1559"},"modified":"2024-01-24T15:26:43","modified_gmt":"2024-01-24T14:26:43","slug":"elektrotherapie-bascharage","status":"publish","type":"page","link":"https:\/\/pes-luxembourg.lu\/bascharage\/de\/elektrotherapie-bascharage\/","title":{"rendered":"Elektrotherapie Bascharage"},"content":{"rendered":"<div class=\"fusion-fullwidth fullwidth-box fusion-builder-row-1 nonhundred-percent-fullwidth non-hundred-percent-height-scrolling\" style=\"--awb-border-radius-top-left:0px;--awb-border-radius-top-right:0px;--awb-border-radius-bottom-right:0px;--awb-border-radius-bottom-left:0px;--awb-padding-top:20px;--awb-padding-bottom:20px;--awb-flex-wrap:wrap;\" ><div class=\"fusion-builder-row fusion-row\"><div class=\"fusion-layout-column fusion_builder_column fusion-builder-column-0 fusion_builder_column_1_1 1_1 fusion-one-full fusion-column-first fusion-column-last\" style=\"--awb-bg-size:cover;\"><div class=\"fusion-column-wrapper fusion-column-has-shadow fusion-flex-column-wrapper-legacy\"><div class=\"fusion-title title fusion-title-1 fusion-title-center fusion-title-text fusion-title-size-one\" style=\"--awb-margin-top-small:10px;--awb-margin-right-small:0px;--awb-margin-bottom-small:10px;--awb-margin-left-small:0px;\"><div class=\"title-sep-container title-sep-container-left\"><div class=\"title-sep sep-double sep-solid\" style=\"border-color:#e0dede;\"><\/div><\/div><span class=\"awb-title-spacer\"><\/span><h1 class=\"fusion-title-heading title-heading-center fusion-responsive-typography-calculated\" style=\"margin:0;--fontSize:34;line-height:1.41;\">Elektrotherapie<\/h1><span class=\"awb-title-spacer\"><\/span><div class=\"title-sep-container title-sep-container-right\"><div class=\"title-sep sep-double sep-solid\" style=\"border-color:#e0dede;\"><\/div><\/div><\/div><div class=\"fusion-image-element fusion-image-align-center in-legacy-container\" style=\"text-align:center;--awb-bottom-shadow-color:rgba(0,0,0,0.4);--awb-caption-title-font-family:var(--h2_typography-font-family);--awb-caption-title-font-weight:var(--h2_typography-font-weight);--awb-caption-title-font-style:var(--h2_typography-font-style);--awb-caption-title-size:var(--h2_typography-font-size);--awb-caption-title-transform:var(--h2_typography-text-transform);--awb-caption-title-line-height:var(--h2_typography-line-height);--awb-caption-title-letter-spacing:var(--h2_typography-letter-spacing);\"><div class=\"imageframe-align-center\"><div class=\"awb-image-frame awb-image-frame-1 awb-bottomshadow\"><span class=\" fusion-imageframe imageframe-bottomshadow imageframe-1 hover-type-none\" style=\"border:2px solid #f6f6f6;\"><img decoding=\"async\" width=\"1024\" height=\"341\" title=\"Electroth\u00e9rapie\" src=\"https:\/\/pes-luxembourg.lu\/bascharage\/wp-content\/uploads\/sites\/2\/2020\/09\/Electrotherapie-1-1024x341.png\" alt class=\"img-responsive wp-image-8790\" srcset=\"https:\/\/pes-luxembourg.lu\/bascharage\/wp-content\/uploads\/sites\/2\/2020\/09\/Electrotherapie-1-200x67.png 200w, https:\/\/pes-luxembourg.lu\/bascharage\/wp-content\/uploads\/sites\/2\/2020\/09\/Electrotherapie-1-400x133.png 400w, https:\/\/pes-luxembourg.lu\/bascharage\/wp-content\/uploads\/sites\/2\/2020\/09\/Electrotherapie-1-600x200.png 600w, https:\/\/pes-luxembourg.lu\/bascharage\/wp-content\/uploads\/sites\/2\/2020\/09\/Electrotherapie-1-800x267.png 800w, https:\/\/pes-luxembourg.lu\/bascharage\/wp-content\/uploads\/sites\/2\/2020\/09\/Electrotherapie-1-1200x400.png 1200w\" sizes=\"(max-width: 800px) 100vw, 1200px\" \/><\/span><svg xmlns=\"http:\/\/www.w3.org\/2000\/svg\" version=\"1.1\" width=\"100%\" viewBox=\"0 0 600 28\" preserveAspectRatio=\"none\"><g clip-path=\"url(#a)\"><mask id=\"b\" style=\"mask-type:luminance\" maskUnits=\"userSpaceOnUse\" x=\"0\" y=\"0\" width=\"600\" height=\"28\"><path d=\"M0 0h600v28H0V0Z\" fill=\"#fff\"\/><\/mask><g filter=\"url(#c)\" mask=\"url(#b)\"><path d=\"M16.439-18.667h567.123v30.8S438.961-8.4 300-8.4C161.04-8.4 16.438 12.133 16.438 12.133v-30.8Z\" fill=\"#000\"\/><\/g><\/g><defs><clipPath id=\"a\"><path fill=\"#fff\" d=\"M0 0h600v28H0z\"\/><\/clipPath><filter id=\"c\" x=\"5.438\" y=\"-29.667\" width=\"589.123\" height=\"52.8\" filterUnits=\"userSpaceOnUse\" color-interpolation-filters=\"sRGB\"><feFlood flood-opacity=\"0\" result=\"BackgroundImageFix\"\/><feBlend in=\"SourceGraphic\" in2=\"BackgroundImageFix\" result=\"shape\"\/><feGaussianBlur stdDeviation=\"5.5\" result=\"effect1_foregroundBlur_3983_183\"\/><\/filter><\/defs><\/svg><\/div><\/div><\/div><div class=\"fusion-sep-clear\"><\/div><div class=\"fusion-separator fusion-full-width-sep\" style=\"margin-left: auto;margin-right: auto;margin-top:20px;margin-bottom:20px;width:100%;\"><div class=\"fusion-separator-border sep-shadow\" style=\"--awb-height:20px;--awb-amount:20px;background:radial-gradient(ellipse at 50% -50% , #e0dede 0px, rgba(255, 255, 255, 0) 80%) repeat scroll 0 0 rgba(0, 0, 0, 0);background:-webkit-radial-gradient(ellipse at 50% -50% , #e0dede 0px, rgba(255, 255, 255, 0) 80%) repeat scroll 0 0 rgba(0, 0, 0, 0);background:-moz-radial-gradient(ellipse at 50% -50% , #e0dede 0px, rgba(255, 255, 255, 0) 80%) repeat scroll 0 0 rgba(0, 0, 0, 0);background:-o-radial-gradient(ellipse at 50% -50% , #e0dede 0px, rgba(255, 255, 255, 0) 80%) repeat scroll 0 0 rgba(0, 0, 0, 0);\"><\/div><\/div><div class=\"fusion-sep-clear\"><\/div><div class=\"fusion-text fusion-text-1\"><div class=\" vc_custom_1519305554815\">\n<div id=\"text-block-7\" class=\"mk-text-block \">\n<p style=\"text-align: justify;\">Die Elektrotherapie ist eine Technik, die seit mehreren Jahrzehnten erfolgreich in der Physiotherapie eingesetzt wird. Bei der Elektrotherapie gibt es 2 Hauptbehandlungsarten:<\/p>\n<\/div>\n<\/div>\n<div class=\" vc_custom_1539874290962\">\n<div id=\"text-block-8\" class=\"mk-text-block \">\n<ul class=\"content-list\" style=\"text-align: justify;\">\n<li><strong>Analgetische Elektrotherapie zur Verringerung von Gelenk- und Muskelschmerzen (TENS)<\/strong><\/li>\n<li><strong>Elektrostimulation der Muskeln zum Muskelaufbau und zur Muskelstraffung (EMS)<\/strong><\/li>\n<\/ul>\n<p style=\"text-align: justify;\">Je nach Ihrer Erkrankung, Ihrem Entwicklungsstadium und den Indikationen f\u00fcr die Technik wird Ihr Physiotherapeut die Elektrotherapie bei Ihnen anwenden m\u00fcssen.<\/p>\n<\/div>\n<\/div>\n<\/div><div class=\"fusion-clearfix\"><\/div><\/div><\/div><div class=\"fusion-layout-column fusion_builder_column fusion-builder-column-1 fusion_builder_column_1_1 1_1 fusion-one-full fusion-column-first fusion-column-last\" style=\"--awb-bg-size:cover;\"><div class=\"fusion-column-wrapper fusion-column-has-shadow fusion-flex-column-wrapper-legacy\"><div class=\"fusion-title title fusion-title-2 fusion-sep-none fusion-title-text fusion-title-size-two\" style=\"--awb-margin-top-small:10px;--awb-margin-right-small:0px;--awb-margin-bottom-small:10px;--awb-margin-left-small:0px;\"><h2 class=\"fusion-title-heading title-heading-left fusion-responsive-typography-calculated\" style=\"margin:0;--fontSize:28;line-height:1.5;\"><p id=\"fancy-title-9\" class=\"mk-fancy-title simple-style color-single \">Geschichte der Elektrotherapie<\/p><\/h2><\/div><div class=\"fusion-text fusion-text-2\"><p style=\"text-align: justify;\">Im Gegensatz zu dem, was man erwarten w\u00fcrde, kann <strong>elektrischer Strom Schmerzen lindern und die Heilung von Gewebe f\u00f6rdern<\/strong>. Die elektrische Stimulation zur Schmerzbew\u00e4ltigung wurde bereits im alten Rom eingesetzt. Von Scribonius Largus wurde berichtet, dass Schmerzen durch den Einsatz von elektrischen Aalen gelindert wurden. Vom 16. bis 18. Jahrhundert wurden verschiedene elektrostatische Ger\u00e4te zur Behandlung von Kopfschmerzen und anderen Schmerzen eingesetzt. Benjamin Franklin war ein Bef\u00fcrworter dieser Methode, um seine eigenen Schmerzen zu lindern.<\/p>\n<\/div><div class=\"fusion-title title fusion-title-3 fusion-sep-none fusion-title-text fusion-title-size-two\" style=\"--awb-margin-top-small:10px;--awb-margin-right-small:0px;--awb-margin-bottom-small:10px;--awb-margin-left-small:0px;\"><h2 class=\"fusion-title-heading title-heading-left fusion-responsive-typography-calculated\" style=\"margin:0;--fontSize:28;line-height:1.5;\"><p id=\"fancy-title-9\" class=\"mk-fancy-title simple-style color-single \">Definition und Funktionsprinzipien<\/p><\/h2><\/div><div class=\"fusion-text fusion-text-3\"><p style=\"text-align: justify;\">Elektrotherapie setzt sich aus &#8222;elektro&#8220; f\u00fcr Elektrizit\u00e4t und &#8222;therapie&#8220; zusammen und ist somit eine Therapie, bei der <strong>Elektrizit\u00e4t eingesetzt<\/strong> wird. Die Elektrotherapie ist also eine medizinische Behandlung, die auf der Nutzung von elektrischer Energie beruht. Anzumerken ist, dass man auch von Elektrotherapie spricht, wenn man die<strong>Aufzeichnung der elektrischen Aktivit\u00e4t eines Muskels<\/strong> meint.<\/p>\n<p style=\"text-align: justify;\">Damit er richtig funktioniert, produziert der K\u00f6rper auf nat\u00fcrliche Weise Elektrizit\u00e4t, die <em>\u00fcber<\/em> die Nerven haupts\u00e4chlich zu den Muskeln geleitet wird. In diesem geschlossenen Kreislauf ist der Generator das Gehirn, die Dr\u00e4hte sind die Nerven und der Motor ist der Muskel. So hat jeder seine Rolle: Der Generator gibt die Informationen, die Dr\u00e4hte oder Kabel leiten sie weiter und der Motor reagiert auf diese Informationen. Die Elektrotherapie funktioniert auf \u00e4hnliche Weise. Der einzige Unterschied besteht darin, dass ein externer Generator die willentliche Steuerung durch das Gehirn \u00fcberbr\u00fcckt. Bei Schmerzen zum Beispiel sind die Nerven daf\u00fcr zust\u00e4ndig, ein Alarmsignal an das Gehirn zu senden. Dank der Elektrotherapie wird dieses Alarmsignal nicht bis zum Gehirn vordringen, da der externe Generator die \u00dcbertragung der Schmerzinformation kurzschlie\u00dft. Der Patient hat dann weniger Schmerzen.<\/p>\n<p style=\"text-align: justify;\">Bei der Elektrotherapie werden <strong>elektrische Str\u00f6me mit unterschiedlichen Frequenzen<\/strong> eingesetzt. So liegt eine Niederfrequenzbehandlung zwischen 0 und 1 000 Hz, eine Mittelfrequenzbehandlung zwischen 1 000 und 100 000 Hz und eine Hochfrequenzbehandlung nutzt einen Strom, der gr\u00f6\u00dfer als 100 000 Hz ist. Dieser Strom, der <em>\u00fcber<\/em> Elektroden auf den K\u00f6rper aufgebracht wird, bewirkt eine Schmerzlinderung und f\u00f6rdert die Durchblutung. Je nachdem, welche Methode der Elektrotherapie angewendet wird, kann Elektrizit\u00e4t f\u00fcr Entspannung oder im Gegenteil f\u00fcr Kontraktion des\/der Zielmuskels\/e sorgen, auf den\/die die Behandlung abzielt.<\/p>\n<\/div><div class=\"fusion-clearfix\"><\/div><\/div><\/div><div class=\"fusion-layout-column fusion_builder_column fusion-builder-column-2 fusion_builder_column_1_2 1_2 fusion-one-half fusion-column-first\" style=\"--awb-bg-size:cover;width:50%;width:calc(50% - ( ( 4% ) * 0.5 ) );margin-right: 4%;\"><div class=\"fusion-column-wrapper fusion-column-has-shadow fusion-flex-column-wrapper-legacy\"><div class=\"fusion-title title fusion-title-4 fusion-sep-none fusion-title-text fusion-title-size-two\" style=\"--awb-margin-top-small:10px;--awb-margin-right-small:0px;--awb-margin-bottom-small:10px;--awb-margin-left-small:0px;\"><h2 class=\"fusion-title-heading title-heading-left fusion-responsive-typography-calculated\" style=\"margin:0;--fontSize:28;line-height:1.5;\"><span id=\"TENS_ou_neurostimulation_\u00e9lectrique_transcutan\u00e9e_\u00e0_vis\u00e9e_antalgique\" class=\"mw-headline\"><i>TENS<\/i> oder transkutane elektrische Neurostimulation zur Schmerzlinderung<\/span><\/h2><\/div><div class=\"fusion-text fusion-text-4\"><p style=\"text-align: justify;\">Die <strong>Transkutane Elektrische Neurostimulation<\/strong> (TENS), besser bekannt unter ihrer angels\u00e4chsischen Abk\u00fcrzung TENS (<strong><br \/>\n  <i>Transcutaneous Electrical Nerve Stimulation<\/i><br \/>\n<\/strong>) ist die elektrische Stimulation von Nerven mithilfe von Elektroden, die auf der Hautoberfl\u00e4che angebracht werden. Die Hauptindikation f\u00fcr <i>TENS<\/i> ist die <strong>Schmerzbehandlung<\/strong>. Seine schmerzstillende Wirkung soll darauf zur\u00fcckzuf\u00fchren sein, dass die transkutanen Str\u00f6me die Nervenleitung st\u00f6ren. Die verwendeten Str\u00f6me sind in der Regel niederfrequente (60 &#8211; 200 Hz) oder sehr niederfrequente Str\u00f6me (&lt;<span class=\"nowrap\"><span title=\"0,1 s oder 62,831853071796 rad-s-\u00b9\">10<\/span> <span title=\"Hertz\">Hz<\/span><\/span>).<\/p>\n<p style=\"text-align: justify;\">Die sogenannte &#8222;konventionelle&#8220; Stimulation (oder Gate Control) kann \u00fcber einen kurzen Zeitraum angewendet werden, die Schmerzlinderung h\u00e4lt dann aber auch k\u00fcrzer an. Die Stimulation mit sehr niedrigen Frequenzen, die manchmal der Elektropunktur \u00e4hnelt, ist unangenehmer und nur 20-30 Minuten lang ertr\u00e4glich, aber die Linderung h\u00e4lt l\u00e4nger an. TENS-Anwender k\u00f6nnen mit verschiedenen Elektrodenplatzierungen experimentieren. Die Elektroden k\u00f6nnen auf dem schmerzhaften Gebiet, um das schmerzhafte Gebiet herum oder auf dem Weg des Nervs, der zum schmerzhaften Gebiet afferent ist, platziert werden. Manchmal sind mehrere Versuche n\u00f6tig, um die richtige Kombination aus Elektrodenpositionierung und Programmtyp f\u00fcr eine maximale Wirksamkeit zu finden und festzustellen, ob das TENS-Ger\u00e4t eine positive Wirkung auf die Schmerzen hat oder nicht.<\/p>\n<\/div><div class=\"fusion-clearfix\"><\/div><\/div><\/div><div class=\"fusion-layout-column fusion_builder_column fusion-builder-column-3 fusion_builder_column_1_2 1_2 fusion-one-half fusion-column-last\" style=\"--awb-bg-size:cover;width:50%;width:calc(50% - ( ( 4% ) * 0.5 ) );\"><div class=\"fusion-column-wrapper fusion-column-has-shadow fusion-flex-column-wrapper-legacy\"><div class=\"fusion-title title fusion-title-5 fusion-sep-none fusion-title-text fusion-title-size-two\" style=\"--awb-margin-top-small:10px;--awb-margin-right-small:0px;--awb-margin-bottom-small:10px;--awb-margin-left-small:0px;\"><h2 class=\"fusion-title-heading title-heading-left fusion-responsive-typography-calculated\" style=\"margin:0;--fontSize:28;line-height:1.5;\"><span id=\"Stimulation_\u00e0_caract\u00e8re_excito-moteur\" class=\"mw-headline\"><em>EMS<\/em> oder Stimulation mit exzitomotorischem Charakter<\/span><\/h2><\/div><div class=\"fusion-text fusion-text-5\"><p style=\"text-align: justify;\">Die <b>elektrische Muskelstimulation<\/b> (EMS) oder Elektromyostimulation, ist das Ausl\u00f6sen der Muskelkontraktion durch elektrische Impulse. Die Impulse werden von einem Ger\u00e4t erzeugt und mithilfe von Elektroden auf die Haut in unmittelbarer N\u00e4he der zu stimulierenden Muskeln abgegeben. Die Impulse ahmen Nervenimpulse aus dem zentralen Nervensystem nach und bewirken, dass sich die Muskeln zusammenziehen. Elektroden sind in der Regel Pl\u00e4ttchen, die auf der Haut haften. EMS ist sowohl eine Form der Elektrotherapie als auch des Muskeltrainings.<\/p>\n<p style=\"text-align: justify;\">Diese Technik wird haupts\u00e4chlich als Muskelrehabilitation von Physiotherapeuten, als erg\u00e4nzende Technik f\u00fcr die Sportausbildung und auch von Privatpersonen f\u00fcr den Amateursport oder f\u00fcr das \u00e4sthetische Krafttraining eingesetzt. Die Elektrostimulation mit exzitomotorischer Zielsetzung kann mehrere Ziele verfolgen: <strong>die Ver\u00e4nderung des Muskelvolumens, die Ver\u00e4nderung der funktionellen Aktivit\u00e4t des Muskels oder eine Ver\u00e4nderung metabolischer Art<\/strong>. Die neuro-muskul\u00e4re Reaktion wird von den Eigenschaften des verwendeten Stroms abh\u00e4ngen. Die verwendeten Str\u00f6me k\u00f6nnen niederfrequent (derzeit am h\u00e4ufigsten) oder mittelfrequent sein.<\/p>\n<p style=\"text-align: justify;\">Es ist m\u00f6glich, einen innervierten (gesunden) Muskel, aber auch einen denervierten (ganz oder teilweise verletzten) Muskel zu erregen, um ihn zu stimulieren, damit er w\u00e4hrend der Re-Innervationsphase (Nachwachsen des Nervs) aufrechterhalten werden kann.<\/p>\n<\/div><div class=\"fusion-clearfix\"><\/div><\/div><\/div><div class=\"fusion-layout-column fusion_builder_column fusion-builder-column-4 fusion_builder_column_1_1 1_1 fusion-one-full fusion-column-first fusion-column-last\" style=\"--awb-bg-size:cover;\"><div class=\"fusion-column-wrapper fusion-column-has-shadow fusion-flex-column-wrapper-legacy\"><div class=\"fusion-title title fusion-title-6 fusion-sep-none fusion-title-text fusion-title-size-two\" style=\"--awb-margin-top-small:10px;--awb-margin-right-small:0px;--awb-margin-bottom-small:10px;--awb-margin-left-small:0px;\"><h2 class=\"fusion-title-heading title-heading-left fusion-responsive-typography-calculated\" style=\"margin:0;--fontSize:28;line-height:1.5;\"><p id=\"fancy-title-9\" class=\"mk-fancy-title simple-style color-single \">Indikationen f\u00fcr die Elektrotherapie<\/p><\/h2><\/div><div class=\"fusion-text fusion-text-6\"><ul>\n<li><strong>Muskelschmerzen<\/strong><\/li>\n<li><strong>Gelenkschmerzen<\/strong><\/li>\n<li><strong>Nackenschmerzen<\/strong><\/li>\n<li><strong>R\u00fcckenschmerzen<\/strong><\/li>\n<li><strong>Ischias<\/strong><\/li>\n<li><strong>Lumboischialgie<\/strong><\/li>\n<li><strong>Cruralgie<\/strong><\/li>\n<li><strong>Zervico-Brachial-Neuralgie<\/strong><\/li>\n<li><strong>Muskelverletzung<\/strong><\/li>\n<li><strong>Schmerzen bei G\u00fcrtelrose<\/strong><\/li>\n<li><strong>St\u00e4rkung der Muskeln<\/strong><\/li>\n<\/ul>\n<\/div><div class=\"fusion-clearfix\"><\/div><\/div><\/div><\/div><\/div>\n","protected":false},"excerpt":{"rendered":"","protected":false},"author":1,"featured_media":0,"parent":0,"menu_order":0,"comment_status":"closed","ping_status":"closed","template":"","meta":{"_seopress_robots_primary_cat":"","_seopress_titles_title":"","_seopress_titles_desc":"","_seopress_robots_index":"","footnotes":""},"class_list":["post-1559","page","type-page","status-publish","hentry"],"_links":{"self":[{"href":"https:\/\/pes-luxembourg.lu\/bascharage\/de\/wp-json\/wp\/v2\/pages\/1559","targetHints":{"allow":["GET"]}}],"collection":[{"href":"https:\/\/pes-luxembourg.lu\/bascharage\/de\/wp-json\/wp\/v2\/pages"}],"about":[{"href":"https:\/\/pes-luxembourg.lu\/bascharage\/de\/wp-json\/wp\/v2\/types\/page"}],"author":[{"embeddable":true,"href":"https:\/\/pes-luxembourg.lu\/bascharage\/de\/wp-json\/wp\/v2\/users\/1"}],"replies":[{"embeddable":true,"href":"https:\/\/pes-luxembourg.lu\/bascharage\/de\/wp-json\/wp\/v2\/comments?post=1559"}],"version-history":[{"count":0,"href":"https:\/\/pes-luxembourg.lu\/bascharage\/de\/wp-json\/wp\/v2\/pages\/1559\/revisions"}],"wp:attachment":[{"href":"https:\/\/pes-luxembourg.lu\/bascharage\/de\/wp-json\/wp\/v2\/media?parent=1559"}],"curies":[{"name":"wp","href":"https:\/\/api.w.org\/{rel}","templated":true}]}}