{"id":1444,"date":"2019-10-25T18:02:05","date_gmt":"2019-10-25T16:02:05","guid":{"rendered":"https:\/\/pes-luxembourg.lu\/bascharage\/?page_id=1444"},"modified":"2024-01-27T09:21:58","modified_gmt":"2024-01-27T08:21:58","slug":"osteopathie-bei-erwachsenen","status":"publish","type":"page","link":"https:\/\/pes-luxembourg.lu\/bascharage\/de\/osteopathie-bei-erwachsenen\/","title":{"rendered":"Osteopathie Erwachsene"},"content":{"rendered":"<div class=\"fusion-fullwidth fullwidth-box fusion-builder-row-1 nonhundred-percent-fullwidth non-hundred-percent-height-scrolling\" style=\"--awb-border-radius-top-left:0px;--awb-border-radius-top-right:0px;--awb-border-radius-bottom-right:0px;--awb-border-radius-bottom-left:0px;--awb-flex-wrap:wrap;\" ><div class=\"fusion-builder-row fusion-row\"><div class=\"fusion-layout-column fusion_builder_column fusion-builder-column-0 fusion_builder_column_1_1 1_1 fusion-one-full fusion-column-first fusion-column-last\" style=\"--awb-bg-size:cover;\"><div class=\"fusion-column-wrapper fusion-flex-column-wrapper-legacy\"><div class=\"fusion-title title fusion-title-1 fusion-title-center fusion-title-text fusion-title-size-one\" style=\"--awb-margin-top-small:10px;--awb-margin-right-small:0px;--awb-margin-bottom-small:10px;--awb-margin-left-small:0px;\"><div class=\"title-sep-container title-sep-container-left\"><div class=\"title-sep sep-double sep-solid\" style=\"border-color:#e0dede;\"><\/div><\/div><span class=\"awb-title-spacer\"><\/span><h1 class=\"fusion-title-heading title-heading-center fusion-responsive-typography-calculated\" style=\"margin:0;--fontSize:34;line-height:1.41;\">Osteopathie f\u00fcr Erwachsene<\/h1><span class=\"awb-title-spacer\"><\/span><div class=\"title-sep-container title-sep-container-right\"><div class=\"title-sep sep-double sep-solid\" style=\"border-color:#e0dede;\"><\/div><\/div><\/div><div class=\"fusion-clearfix\"><\/div><\/div><\/div><div class=\"fusion-layout-column fusion_builder_column fusion-builder-column-1 fusion_builder_column_1_4 1_4 fusion-one-fourth fusion-column-first\" style=\"--awb-bg-size:cover;width:25%;width:calc(25% - ( ( 4% + 4% ) * 0.25 ) );margin-right: 4%;\"><div class=\"fusion-column-wrapper fusion-flex-column-wrapper-legacy\"><div class=\"fusion-clearfix\"><\/div><\/div><\/div><div class=\"fusion-layout-column fusion_builder_column fusion-builder-column-2 fusion_builder_column_1_2 1_2 fusion-one-half\" style=\"--awb-bg-size:cover;width:50%;width:calc(50% - ( ( 4% + 4% ) * 0.5 ) );margin-right: 4%;\"><div class=\"fusion-column-wrapper fusion-flex-column-wrapper-legacy\"><div class=\"fusion-image-element fusion-image-align-center in-legacy-container\" style=\"text-align:center;--awb-bottom-shadow-color:rgba(0,0,0,0.4);--awb-caption-title-font-family:var(--h2_typography-font-family);--awb-caption-title-font-weight:var(--h2_typography-font-weight);--awb-caption-title-font-style:var(--h2_typography-font-style);--awb-caption-title-size:var(--h2_typography-font-size);--awb-caption-title-transform:var(--h2_typography-text-transform);--awb-caption-title-line-height:var(--h2_typography-line-height);--awb-caption-title-letter-spacing:var(--h2_typography-letter-spacing);\"><div class=\"imageframe-align-center\"><div class=\"awb-image-frame awb-image-frame-1 awb-bottomshadow\"><span class=\" fusion-imageframe imageframe-bottomshadow imageframe-1 hover-type-none\"><img decoding=\"async\" alt=\"Osteopathie f\u00fcr Erwachsene, die zur Arbeit gehen\" src=\"https:\/\/pes-moselle.fr\/yutz\/wp-content\/uploads\/sites\/2\/2016\/11\/Ost\u00e9opathie-Adulte.jpg\" class=\"img-responsive\"\/><\/span><svg xmlns=\"http:\/\/www.w3.org\/2000\/svg\" version=\"1.1\" width=\"100%\" viewBox=\"0 0 600 28\" preserveAspectRatio=\"none\"><g clip-path=\"url(#a)\"><mask id=\"b\" style=\"mask-type:luminance\" maskUnits=\"userSpaceOnUse\" x=\"0\" y=\"0\" width=\"600\" height=\"28\"><path d=\"M0 0h600v28H0V0Z\" fill=\"#fff\"\/><\/mask><g filter=\"url(#c)\" mask=\"url(#b)\"><path d=\"M16.439-18.667h567.123v30.8S438.961-8.4 300-8.4C161.04-8.4 16.438 12.133 16.438 12.133v-30.8Z\" fill=\"#000\"\/><\/g><\/g><defs><clipPath id=\"a\"><path fill=\"#fff\" d=\"M0 0h600v28H0z\"\/><\/clipPath><filter id=\"c\" x=\"5.438\" y=\"-29.667\" width=\"589.123\" height=\"52.8\" filterUnits=\"userSpaceOnUse\" color-interpolation-filters=\"sRGB\"><feFlood flood-opacity=\"0\" result=\"BackgroundImageFix\"\/><feBlend in=\"SourceGraphic\" in2=\"BackgroundImageFix\" result=\"shape\"\/><feGaussianBlur stdDeviation=\"5.5\" result=\"effect1_foregroundBlur_3983_183\"\/><\/filter><\/defs><\/svg><\/div><\/div><\/div><div class=\"fusion-clearfix\"><\/div><\/div><\/div><div class=\"fusion-layout-column fusion_builder_column fusion-builder-column-3 fusion_builder_column_1_4 1_4 fusion-one-fourth fusion-column-last\" style=\"--awb-bg-size:cover;width:25%;width:calc(25% - ( ( 4% + 4% ) * 0.25 ) );\"><div class=\"fusion-column-wrapper fusion-flex-column-wrapper-legacy\"><div class=\"fusion-clearfix\"><\/div><\/div><\/div><div class=\"fusion-layout-column fusion_builder_column fusion-builder-column-4 fusion_builder_column_1_1 1_1 fusion-one-full fusion-column-first fusion-column-last\" style=\"--awb-padding-top:30px;--awb-bg-size:cover;\"><div class=\"fusion-column-wrapper fusion-flex-column-wrapper-legacy\"><div class=\"fusion-text fusion-text-1\"><div style=\"text-align: justify;\">Die Gr\u00fcnde f\u00fcr eine Konsultation bei Erwachsenen sind vor allem Knochen- und Gelenkschmerzen der Gliedma\u00dfen und des R\u00fcckens (Lenden-, R\u00fccken- oder Nackenschmerzen). Sie stehen oft in Zusammenhang mit einer schlechten Arbeitshaltung, sich wiederholenden Bewegungen, einer degenerativen Erkrankung wie Diskopathie, einem Trauma (&#8222;falsche Bewegung&#8220;) oder auch mit Sport. Diese Schmerzen k\u00f6nnen auch durch Stress und angespannte Nerven, die sich aufstauen, verst\u00e4rkt werden. Im Laufe der Jahre hat sich der Osteopath zum Spezialisten f\u00fcr funktionelle Beeintr\u00e4chtigungen wie Lumbalgie, Ischias\/Sciatalgie, Dorsalgie, Zervikalgie\/Trapezalgie usw. entwickelt.<\/div>\n<p style=\"text-align: justify;\">Die Osteopathie f\u00fcr Erwachsene kann sich aber auch bei funktionellen Erkrankungen des Verdauungstrakts (Verstopfung, Durchfall, Bl\u00e4hungen, Magenschmerzen usw.) und der Gyn\u00e4kologie (Schmerzen w\u00e4hrend der Menstruation, beim Geschlechtsverkehr usw.) sowie bei Erkrankungen des Sch\u00e4dels (Kopfschmerzen und Migr\u00e4ne, chronische HNO-Erkrankungen usw.) als wirksam erweisen.<\/p>\n<p style=\"text-align: justify;\">Schlie\u00dflich k\u00f6nnen Erwachsene verschiedene Traumata erleiden, z. B. St\u00fcrze auf den Kopf, den R\u00fccken oder das Ges\u00e4\u00df, die eine Zeit lang unbemerkt bleiben und dann eines Tages zu Schmerzen f\u00fchren k\u00f6nnen. Wir finden z. B. Unf\u00e4lle im Stra\u00dfenverkehr oder beim Sport, die zu einer Desorganisation bestimmter K\u00f6rpersysteme f\u00fchren und den K\u00f6rper dadurch erheblich aus dem Gleichgewicht bringen k\u00f6nnen. Das letztgenannte Ph\u00e4nomen wird als &#8222;Whiplash&#8220; (englisch f\u00fcr &#8222;Peitschenschlag&#8220;) bezeichnet, ist recht h\u00e4ufig und Osteopathen, die eine umfassende Ausbildung absolviert haben, gut bekannt.<\/p>\n<blockquote>\n<p><strong>&#8222;Der Erwachsene sammelt viele Belastungen an, die sein Gleichgewicht im Laufe seiner zahlreichen pers\u00f6nlichen, beruflichen oder famili\u00e4ren Aktivit\u00e4ten beeintr\u00e4chtigen.&#8220;<\/strong><\/p>\n<\/blockquote>\n<p style=\"text-align: justify;\">Der Gang zum Arzt kann dann die Folge eines Traumas sein, aber auch pr\u00e4ventiv erfolgen. 1 Mal pro Jahr als Jahresuntersuchung Auch ohne Schmerzen zu haben, kann jede Person einen Osteopathen aufsuchen, um das Gleichgewicht des K\u00f6rpers zu erhalten und so dem Auftreten von Schmerzen vorzubeugen. Der Osteopath \u00fcbernimmt also die Aufgabe, Ihren gesamten K\u00f6rper auf Einschr\u00e4nkungen der Beweglichkeit zu testen, um diese zu behandeln und so zuk\u00fcnftige Unannehmlichkeiten zu vermeiden.<\/p>\n<p style=\"text-align: justify;\">Hier ist eine Liste von Anzeichen, die einen Erwachsenen dazu veranlassen k\u00f6nnen, einen Osteopathen aufzusuchen:<\/p>\n<ul style=\"text-align: justify;\">\n<li>R\u00fcckenschmerzen: Lenden-, R\u00fccken-, Nackenschmerzen<\/li>\n<li>Neuralgien: Ischias, Cruralgie, zerviko-brachiale Neuralgie, Interkostalneuralgie&#8230;<\/li>\n<li>Beckenschmerzen: Sakralgien, Coccygodynie (Stei\u00dfbeinschmerzen)&#8230;<\/li>\n<li><a href=\"https:\/\/pes-luxembourg.lu\/bascharage\/de\/perineale-rehabilitation-bascharage\/\">Funktionelle Harn- und Analinkontinenz<\/a><\/li>\n<li>Folgen von Operationen<\/li>\n<li>Kopfschmerzen, einige Schwindelgef\u00fchle<\/li>\n<li>Muskelschmerzen: Kontrakturen, Kr\u00e4mpfe, Zerrungen, Steifheit<\/li>\n<li>Arthrose, Arthritis, Osteoporose<\/li>\n<li>Gelenkschmerzen: H\u00fcfte, Knie, Kn\u00f6chel, Finger, Schulter, Hals&#8230;<\/li>\n<li>Verdauungsst\u00f6rungen: Bauchschmerzen, funktionelle Kolopathie, Durchfall, Verstopfung, Bl\u00e4hungen, epigastrische Schmerzen, starkes Aufsto\u00dfen&#8230;<\/li>\n<li>Posttraumatische Konsultationen<\/li>\n<li>Schlafst\u00f6rungen, Niedergeschlagenheit, Depressionen, Angstzust\u00e4nde, Nervosit\u00e4t&#8230;<\/li>\n<\/ul>\n<p style=\"text-align: justify;\">Jeder Mensch kann einen Osteopathen aufsuchen, unabh\u00e4ngig von Alter oder Grund der Konsultation. Es kommt nur darauf an, dass die Behandlung auf die Besonderheiten des Patienten abgestimmt ist.<\/p>\n<\/div><div class=\"fusion-clearfix\"><\/div><\/div><\/div><\/div><\/div>\n","protected":false},"excerpt":{"rendered":"","protected":false},"author":1,"featured_media":0,"parent":0,"menu_order":0,"comment_status":"closed","ping_status":"closed","template":"","meta":{"_seopress_robots_primary_cat":"","_seopress_titles_title":"","_seopress_titles_desc":"","_seopress_robots_index":"","footnotes":""},"class_list":["post-1444","page","type-page","status-publish","hentry"],"_links":{"self":[{"href":"https:\/\/pes-luxembourg.lu\/bascharage\/de\/wp-json\/wp\/v2\/pages\/1444","targetHints":{"allow":["GET"]}}],"collection":[{"href":"https:\/\/pes-luxembourg.lu\/bascharage\/de\/wp-json\/wp\/v2\/pages"}],"about":[{"href":"https:\/\/pes-luxembourg.lu\/bascharage\/de\/wp-json\/wp\/v2\/types\/page"}],"author":[{"embeddable":true,"href":"https:\/\/pes-luxembourg.lu\/bascharage\/de\/wp-json\/wp\/v2\/users\/1"}],"replies":[{"embeddable":true,"href":"https:\/\/pes-luxembourg.lu\/bascharage\/de\/wp-json\/wp\/v2\/comments?post=1444"}],"version-history":[{"count":0,"href":"https:\/\/pes-luxembourg.lu\/bascharage\/de\/wp-json\/wp\/v2\/pages\/1444\/revisions"}],"wp:attachment":[{"href":"https:\/\/pes-luxembourg.lu\/bascharage\/de\/wp-json\/wp\/v2\/media?parent=1444"}],"curies":[{"name":"wp","href":"https:\/\/api.w.org\/{rel}","templated":true}]}}