{"id":1361,"date":"2019-10-23T17:26:59","date_gmt":"2019-10-23T15:26:59","guid":{"rendered":"https:\/\/pes-luxembourg.lu\/bascharage\/?page_id=1361"},"modified":"2024-01-27T10:24:45","modified_gmt":"2024-01-27T09:24:45","slug":"sportosteopathie","status":"publish","type":"page","link":"https:\/\/pes-luxembourg.lu\/bascharage\/de\/sportosteopathie\/","title":{"rendered":"Osteopathie Sportler"},"content":{"rendered":"<div class=\"fusion-fullwidth fullwidth-box fusion-builder-row-1 nonhundred-percent-fullwidth non-hundred-percent-height-scrolling\" style=\"--awb-border-radius-top-left:0px;--awb-border-radius-top-right:0px;--awb-border-radius-bottom-right:0px;--awb-border-radius-bottom-left:0px;--awb-flex-wrap:wrap;\" ><div class=\"fusion-builder-row fusion-row\"><div class=\"fusion-layout-column fusion_builder_column fusion-builder-column-0 fusion_builder_column_1_1 1_1 fusion-one-full fusion-column-first fusion-column-last\" style=\"--awb-bg-size:cover;\"><div class=\"fusion-column-wrapper fusion-flex-column-wrapper-legacy\"><div class=\"fusion-title title fusion-title-1 fusion-title-center fusion-title-text fusion-title-size-one\" style=\"--awb-margin-top-small:10px;--awb-margin-right-small:0px;--awb-margin-bottom-small:10px;--awb-margin-left-small:0px;\"><div class=\"title-sep-container title-sep-container-left\"><div class=\"title-sep sep-double sep-solid\" style=\"border-color:#e0dede;\"><\/div><\/div><span class=\"awb-title-spacer\"><\/span><h1 class=\"fusion-title-heading title-heading-center fusion-responsive-typography-calculated\" style=\"margin:0;--fontSize:34;line-height:1.41;\">Osteopathie f\u00fcr Sportler<\/h1><span class=\"awb-title-spacer\"><\/span><div class=\"title-sep-container title-sep-container-right\"><div class=\"title-sep sep-double sep-solid\" style=\"border-color:#e0dede;\"><\/div><\/div><\/div><div class=\"fusion-clearfix\"><\/div><\/div><\/div><div class=\"fusion-layout-column fusion_builder_column fusion-builder-column-1 fusion_builder_column_1_4 1_4 fusion-one-fourth fusion-column-first\" style=\"--awb-bg-size:cover;width:25%;width:calc(25% - ( ( 4% + 4% ) * 0.25 ) );margin-right: 4%;\"><div class=\"fusion-column-wrapper fusion-flex-column-wrapper-legacy\"><div class=\"fusion-clearfix\"><\/div><\/div><\/div><div class=\"fusion-layout-column fusion_builder_column fusion-builder-column-2 fusion_builder_column_1_2 1_2 fusion-one-half\" style=\"--awb-bg-size:cover;width:50%;width:calc(50% - ( ( 4% + 4% ) * 0.5 ) );margin-right: 4%;\"><div class=\"fusion-column-wrapper fusion-flex-column-wrapper-legacy\"><div class=\"fusion-image-element fusion-image-align-center in-legacy-container\" style=\"text-align:center;--awb-bottom-shadow-color:rgba(0,0,0,0.4);--awb-caption-title-font-family:var(--h2_typography-font-family);--awb-caption-title-font-weight:var(--h2_typography-font-weight);--awb-caption-title-font-style:var(--h2_typography-font-style);--awb-caption-title-size:var(--h2_typography-font-size);--awb-caption-title-transform:var(--h2_typography-text-transform);--awb-caption-title-line-height:var(--h2_typography-line-height);--awb-caption-title-letter-spacing:var(--h2_typography-letter-spacing);\"><div class=\"imageframe-align-center\"><div class=\"awb-image-frame awb-image-frame-1 awb-bottomshadow\"><span class=\" fusion-imageframe imageframe-bottomshadow imageframe-1 hover-type-none\"><img decoding=\"async\" src=\"https:\/\/pes-moselle.fr\/yutz\/wp-content\/uploads\/sites\/2\/2016\/11\/Ost\u00e9opathie-Sport.jpg\" alt class=\"img-responsive\"\/><\/span><svg xmlns=\"http:\/\/www.w3.org\/2000\/svg\" version=\"1.1\" width=\"100%\" viewBox=\"0 0 600 28\" preserveAspectRatio=\"none\"><g clip-path=\"url(#a)\"><mask id=\"b\" style=\"mask-type:luminance\" maskUnits=\"userSpaceOnUse\" x=\"0\" y=\"0\" width=\"600\" height=\"28\"><path d=\"M0 0h600v28H0V0Z\" fill=\"#fff\"\/><\/mask><g filter=\"url(#c)\" mask=\"url(#b)\"><path d=\"M16.439-18.667h567.123v30.8S438.961-8.4 300-8.4C161.04-8.4 16.438 12.133 16.438 12.133v-30.8Z\" fill=\"#000\"\/><\/g><\/g><defs><clipPath id=\"a\"><path fill=\"#fff\" d=\"M0 0h600v28H0z\"\/><\/clipPath><filter id=\"c\" x=\"5.438\" y=\"-29.667\" width=\"589.123\" height=\"52.8\" filterUnits=\"userSpaceOnUse\" color-interpolation-filters=\"sRGB\"><feFlood flood-opacity=\"0\" result=\"BackgroundImageFix\"\/><feBlend in=\"SourceGraphic\" in2=\"BackgroundImageFix\" result=\"shape\"\/><feGaussianBlur stdDeviation=\"5.5\" result=\"effect1_foregroundBlur_3983_183\"\/><\/filter><\/defs><\/svg><\/div><\/div><\/div><div class=\"fusion-clearfix\"><\/div><\/div><\/div><div class=\"fusion-layout-column fusion_builder_column fusion-builder-column-3 fusion_builder_column_1_4 1_4 fusion-one-fourth fusion-column-last\" style=\"--awb-bg-size:cover;width:25%;width:calc(25% - ( ( 4% + 4% ) * 0.25 ) );\"><div class=\"fusion-column-wrapper fusion-flex-column-wrapper-legacy\"><div class=\"fusion-clearfix\"><\/div><\/div><\/div><div class=\"fusion-layout-column fusion_builder_column fusion-builder-column-4 fusion_builder_column_1_1 1_1 fusion-one-full fusion-column-first fusion-column-last\" style=\"--awb-padding-top:30px;--awb-bg-size:cover;\"><div class=\"fusion-column-wrapper fusion-flex-column-wrapper-legacy\"><div class=\"fusion-text fusion-text-1\"><div>\n<p style=\"text-align: justify;\">Die Aus\u00fcbung einer Sportart ist unter anderem aufgrund ihrer Wirkung auf den Stressabbau gesundheitsf\u00f6rdernd, doch bei Gelegenheitssportlern oder wenn die Aktivit\u00e4t ohne Anleitung ausge\u00fcbt wird, kann sie durch \u00dcberbeanspruchung der Strukturen des menschlichen K\u00f6rpers Mikrotraumata verursachen und sogar zu Verletzungen f\u00fchren (Kontrakturen, Verstauchungen, Muskelrisse, lokale Entz\u00fcndungen oder chronische Schmerzen usw.).<\/p>\n<p style=\"text-align: justify;\">Bei Berufssportlern wird der Sport intensiv betrieben und die Erholungszeit nicht immer eingehalten, sodass der K\u00f6rper in einen \u00dcberlastungszyklus ger\u00e4t. Der Athlet wird dann trotz anhaltenden Trainings bei der Steigerung seiner Leistung stagnieren oder sogar R\u00fcckschritte machen und sich verletzen. Dies wird als \u00dcbertrainingssyndrom bezeichnet und die ersten Anzeichen treten in der Regel bei mehr als acht Stunden intensiver sportlicher Bet\u00e4tigung pro Woche auf. Die Folge ist psychischer Stress mit Schlafst\u00f6rungen und damit ein endloser Kreislauf.<\/p>\n<p style=\"text-align: justify;\">Der Osteopath, der von vielen Spitzensportlern aufgesucht wird, kann nicht nur Schmerzen lindern, indem er dem gesamten Organismus wieder Mobilit\u00e4t verleiht, sondern auch dem Auftreten zahlreicher Beschwerden vorbeugen, indem er regelm\u00e4\u00dfig eine Untersuchung durchf\u00fchrt (mindestens einmal in der Saisonvorbereitung und einmal in der Saisonpause).<\/p>\n<p style=\"text-align: justify;\">Andererseits k\u00f6nnen Sportler mithilfe der Osteopathie ihre Leistung steigern, indem sie ihre Atemkraft und -kapazit\u00e4t (Brustzwerchfell, Rippengrill und Lunge) erh\u00f6hen, aber auch an der Flexibilit\u00e4t der Gelenke und Muskeln arbeiten, wodurch sie an Leichtigkeit und Bewegungsspielraum gewinnen. Dies kann zu Verspannungen, Verstauchungen, Rissen, lokalen Entz\u00fcndungen und chronischen Schmerzen f\u00fchren. Sie f\u00f6rdert auch eine bessere Erholung nach der Anstrengung, indem sie an der Atmung, der Atemkapazit\u00e4t, der Muskelentspannung, aber auch an der Beseitigung der bei der Anstrengung entstandenen &#8222;Abfallprodukte&#8220; arbeitet. Der Sportler bewegt sich also unter den bestm\u00f6glichen physischen und psychischen Bedingungen und verringert gleichzeitig seinen Ersch\u00f6pfungszustand und die damit verbundenen Verletzungsrisiken.<\/p>\n<blockquote>\n<p><strong>&#8222;Der Sportler ist ein ganz besonderer Patient. Der therapeutische Ansatz muss daher auf die Sportart und die Intensit\u00e4t jedes Einzelnen abgestimmt sein.&#8220;<\/strong><\/p>\n<\/blockquote>\n<p style=\"text-align: justify;\">Wie das Sprichwort sagt: &#8222;Vorbeugen ist besser als heilen&#8220;. Die Osteopathie wird daher bei Beginn einer sportlichen Aktivit\u00e4t empfohlen, um sicherzustellen, dass die Aktivit\u00e4t den K\u00f6rper nicht \u00fcberm\u00e4\u00dfig belastet oder belastet. Sie bereitet den K\u00f6rper auf die geforderten Arten von \u00dcbungen vor. Ebenso kann Ihr Osteopath in der Halbzeitpause der Saison eine Bestandsaufnahme der Dysfunktionen vornehmen, die sich w\u00e4hrend des Beginns der Meisterschaft gebildet haben k\u00f6nnten, um diese dann zu behandeln.<\/p>\n<p style=\"text-align: justify;\">Hier ist eine Liste von Anzeichen, die einen Sportler dazu veranlassen k\u00f6nnen, einen Osteopathen aufzusuchen:<\/p>\n<ul style=\"text-align: justify;\">\n<li>Pr\u00e4vention: Jahresbilanz, Wettkampfvorbereitung, vor Beginn einer Aktivit\u00e4t, Leistungssteigerung&#8230;<\/li>\n<li>R\u00fcckenschmerzen, Skoliose, Gelenkschmerzen&#8230;<\/li>\n<li>Anamnese von Knochenbr\u00fcchen, Verstauchungen und Operationen<\/li>\n<li>Verstauchungen, Sehnenentz\u00fcndungen (Tennis- oder Golfarm, Achillessehne)&#8230;<\/li>\n<li>Muskelschmerzen: Verspannungen, Zerrungen, Dehnungen, Br\u00fcche und Fehlstellungen&#8230;<\/li>\n<li>Pubalgie und Pathologien der Adduktoren (Fu\u00dfball)&#8230;<\/li>\n<li>Tragen von orthop\u00e4dischen Einlagen<\/li>\n<li>Kurzatmigkeit bei Anstrengung, schwierige Erholung (zwischen und nach den Pr\u00fcfungen)&#8230;<\/li>\n<li>Luxationen und Periarthritis<\/li>\n<li>Postoperativ, nach einem Trauma&#8230;<\/li>\n<\/ul>\n<p style=\"text-align: justify;\">Die Osteopathie richtet sich an alle Sportler :<strong> <\/strong>Amateure als auch Spitzensportler. Sich nach einer wichtigen Pr\u00fcfung oder nach einer Verletzung beraten zu lassen, kann langfristig sehr hilfreich sein.<\/p>\n<\/div>\n<\/div><div class=\"fusion-clearfix\"><\/div><\/div><\/div><\/div><\/div>\n","protected":false},"excerpt":{"rendered":"","protected":false},"author":1,"featured_media":0,"parent":0,"menu_order":0,"comment_status":"closed","ping_status":"closed","template":"","meta":{"_seopress_robots_primary_cat":"","_seopress_titles_title":"","_seopress_titles_desc":"","_seopress_robots_index":"","footnotes":""},"class_list":["post-1361","page","type-page","status-publish","hentry"],"_links":{"self":[{"href":"https:\/\/pes-luxembourg.lu\/bascharage\/de\/wp-json\/wp\/v2\/pages\/1361","targetHints":{"allow":["GET"]}}],"collection":[{"href":"https:\/\/pes-luxembourg.lu\/bascharage\/de\/wp-json\/wp\/v2\/pages"}],"about":[{"href":"https:\/\/pes-luxembourg.lu\/bascharage\/de\/wp-json\/wp\/v2\/types\/page"}],"author":[{"embeddable":true,"href":"https:\/\/pes-luxembourg.lu\/bascharage\/de\/wp-json\/wp\/v2\/users\/1"}],"replies":[{"embeddable":true,"href":"https:\/\/pes-luxembourg.lu\/bascharage\/de\/wp-json\/wp\/v2\/comments?post=1361"}],"version-history":[{"count":0,"href":"https:\/\/pes-luxembourg.lu\/bascharage\/de\/wp-json\/wp\/v2\/pages\/1361\/revisions"}],"wp:attachment":[{"href":"https:\/\/pes-luxembourg.lu\/bascharage\/de\/wp-json\/wp\/v2\/media?parent=1361"}],"curies":[{"name":"wp","href":"https:\/\/api.w.org\/{rel}","templated":true}]}}