{"id":1257,"date":"2019-10-17T15:50:24","date_gmt":"2019-10-17T13:50:24","guid":{"rendered":"https:\/\/pes-luxembourg.lu\/bascharage\/?page_id=1257"},"modified":"2024-01-27T16:05:23","modified_gmt":"2024-01-27T15:05:23","slug":"handrehabilitation","status":"publish","type":"page","link":"https:\/\/pes-luxembourg.lu\/bascharage\/de\/handrehabilitation\/","title":{"rendered":"Rehabilitation der Hand"},"content":{"rendered":"<div class=\"fusion-fullwidth fullwidth-box fusion-builder-row-1 nonhundred-percent-fullwidth non-hundred-percent-height-scrolling\" style=\"--awb-border-radius-top-left:0px;--awb-border-radius-top-right:0px;--awb-border-radius-bottom-right:0px;--awb-border-radius-bottom-left:0px;--awb-flex-wrap:wrap;\" ><div class=\"fusion-builder-row fusion-row\"><div class=\"fusion-layout-column fusion_builder_column fusion-builder-column-0 fusion_builder_column_1_1 1_1 fusion-one-full fusion-column-first fusion-column-last\" style=\"--awb-bg-size:cover;\"><div class=\"fusion-column-wrapper fusion-column-has-shadow fusion-flex-column-wrapper-legacy\"><div class=\"fusion-title title fusion-title-1 fusion-title-center fusion-title-text fusion-title-size-one\" style=\"--awb-margin-top-small:10px;--awb-margin-right-small:0px;--awb-margin-bottom-small:10px;--awb-margin-left-small:0px;\"><div class=\"title-sep-container title-sep-container-left\"><div class=\"title-sep sep-double sep-solid\" style=\"border-color:#e0dede;\"><\/div><\/div><span class=\"awb-title-spacer\"><\/span><h1 class=\"fusion-title-heading title-heading-center fusion-responsive-typography-calculated\" style=\"margin:0;--fontSize:34;line-height:1.41;\">Rehabilitation der Hand Bascharage<\/h1><span class=\"awb-title-spacer\"><\/span><div class=\"title-sep-container title-sep-container-right\"><div class=\"title-sep sep-double sep-solid\" style=\"border-color:#e0dede;\"><\/div><\/div><\/div><div class=\"fusion-image-element fusion-image-align-center in-legacy-container\" style=\"text-align:center;--awb-caption-title-font-family:var(--h2_typography-font-family);--awb-caption-title-font-weight:var(--h2_typography-font-weight);--awb-caption-title-font-style:var(--h2_typography-font-style);--awb-caption-title-size:var(--h2_typography-font-size);--awb-caption-title-transform:var(--h2_typography-text-transform);--awb-caption-title-line-height:var(--h2_typography-line-height);--awb-caption-title-letter-spacing:var(--h2_typography-letter-spacing);\"><div class=\"imageframe-align-center\"><span class=\" fusion-imageframe imageframe-none imageframe-1 hover-type-none\" style=\"border:3px solid #f6f6f6;border-radius:50%;\"><img decoding=\"async\" width=\"300\" height=\"300\" title=\"Reeducation de la Main\" src=\"https:\/\/pes-luxembourg.lu\/bascharage\/wp-content\/uploads\/sites\/2\/2019\/07\/Reeducation-de-la-Main-1-300x300.jpg\" alt class=\"img-responsive wp-image-9340\" srcset=\"https:\/\/pes-luxembourg.lu\/bascharage\/wp-content\/uploads\/sites\/2\/2019\/07\/Reeducation-de-la-Main-1-200x200.jpg 200w, https:\/\/pes-luxembourg.lu\/bascharage\/wp-content\/uploads\/sites\/2\/2019\/07\/Reeducation-de-la-Main-1-400x400.jpg 400w, https:\/\/pes-luxembourg.lu\/bascharage\/wp-content\/uploads\/sites\/2\/2019\/07\/Reeducation-de-la-Main-1-600x600.jpg 600w, https:\/\/pes-luxembourg.lu\/bascharage\/wp-content\/uploads\/sites\/2\/2019\/07\/Reeducation-de-la-Main-1-800x800.jpg 800w, https:\/\/pes-luxembourg.lu\/bascharage\/wp-content\/uploads\/sites\/2\/2019\/07\/Reeducation-de-la-Main-1.jpg 822w\" sizes=\"(max-width: 800px) 100vw, 300px\" \/><\/span><\/div><\/div><div class=\"fusion-sep-clear\"><\/div><div class=\"fusion-separator fusion-full-width-sep\" style=\"margin-left: auto;margin-right: auto;margin-top:20px;margin-bottom:20px;width:100%;\"><div class=\"fusion-separator-border sep-shadow\" style=\"--awb-height:20px;--awb-amount:20px;background:radial-gradient(ellipse at 50% -50% , #e0dede 0px, rgba(255, 255, 255, 0) 80%) repeat scroll 0 0 rgba(0, 0, 0, 0);background:-webkit-radial-gradient(ellipse at 50% -50% , #e0dede 0px, rgba(255, 255, 255, 0) 80%) repeat scroll 0 0 rgba(0, 0, 0, 0);background:-moz-radial-gradient(ellipse at 50% -50% , #e0dede 0px, rgba(255, 255, 255, 0) 80%) repeat scroll 0 0 rgba(0, 0, 0, 0);background:-o-radial-gradient(ellipse at 50% -50% , #e0dede 0px, rgba(255, 255, 255, 0) 80%) repeat scroll 0 0 rgba(0, 0, 0, 0);\"><\/div><\/div><div class=\"fusion-sep-clear\"><\/div><div class=\"fusion-text fusion-text-1\"><p style=\"text-align: justify;\">Die <strong>Handrehabilitation<\/strong> ist ein eigenst\u00e4ndiges <strong>Fachgebiet<\/strong> und folgt <strong>genauen Regeln<\/strong> mit dem Ziel, eine m\u00f6glichst vollst\u00e4ndige funktionelle Wiederherstellung der Hand zu erreichen.<\/p>\n<p style=\"text-align: justify;\">Die Ziele des Physiotherapeuten bei der Rehabilitation sind folgende:<\/p>\n<ul style=\"text-align: justify;\">\n<li><strong>Verbesserung des Heilungsprozesses<\/strong>, um eventuell auftretenden Hautkomplikationen vorzubeugen und sie zu vermeiden.<\/li>\n<li><strong>F\u00f6rderung der Resorption von \u00d6demen<\/strong>, wodurch sekund\u00e4re Narbenkomplikationen vermieden werden.<\/li>\n<li>Gelenke fr\u00fchzeitig und sicher <strong>mobilisieren<\/strong> und dabei die Anweisungen des Chirurgen, die Heilungsfristen, die Schienen, die Verb\u00e4nde,&#8230; beachten.<\/li>\n<li><strong>Die Hand<\/strong> in ihren allt\u00e4glichen Funktionen <strong>nacharbeiten<\/strong> und die Bewegungen an eventuell noch bestehende Restdefizite anpassen.<\/li>\n<li><strong>Stimulieren Sie die Sensibilit\u00e4t<\/strong> der Hand, um Feingef\u00fchl, propriozeptive Sensibilit\u00e4t und taktile Diskrimination wiederzuerlangen.<\/li>\n<li><strong>Aufrechterhaltung der Flexibilit\u00e4t<\/strong> der Gelenk- und Myo-Sehnenstrukturen.<\/li>\n<\/ul>\n<p style=\"text-align: justify;\">Um diese Rehabilitation erfolgreich durchzuf\u00fchren, verf\u00fcgt der Physiotherapeut \u00fcber eine <strong>Vielzahl von speziellen Reha-Zubeh\u00f6rteilen<\/strong> (Eier, Reha-B\u00e4lle, elastische T\u00fccher, Fingerdynamometer, &#8230;).<\/p>\n<p style=\"text-align: justify;\">Die manchmal schwerwiegenden und endg\u00fcltigen funktionellen Folgen (Schmerzen, Steifheit, Verformungen, Verwachsungen, &#8230;), die durch ein Handtrauma verursacht werden, k\u00f6nnen durch eine <strong>multidisziplin\u00e4re<\/strong> Behandlung (Arzt, Chirurg, Physiotherapeut, Ergotherapeut, Orthop\u00e4dietechniker) gr\u00f6\u00dftenteils vermieden werden. Es muss jedoch eine gute Kommunikation zwischen den verschiedenen Akteuren der Rehabilitation bestehen. <strong>Der Austausch zwischen dem Rehabilitanden und dem Chirurgen ist von entscheidender Bedeutung<\/strong>.<\/p>\n<p style=\"text-align: justify;\">Hier ist eine nicht ersch\u00f6pfende Liste von Krankheitsbildern, die eine Behandlung mit Handkinesitherapie erfordern k\u00f6nnen:<\/p>\n<ul style=\"text-align: justify;\">\n<li>Problem mit dem Greifen<\/li>\n<li>Schw\u00e4che der Hand<\/li>\n<li>Verlust der Sensibilit\u00e4t<\/li>\n<li>Fraktur oder Verstauchung des Handgelenks, der Finger, operiert oder nicht operiert<\/li>\n<li>Amputation von Finger(n)<\/li>\n<li>Luxation<\/li>\n<li>Dupuytren-Krankheit (operiert oder nicht)<\/li>\n<li>Operation zum N\u00e4hen einer Streck- oder Beugesehne an der Hand<\/li>\n<li>Operation zum N\u00e4hen eines Flaschenzugs<\/li>\n<li>Neurologische H\u00e4nde :\n<ul>\n<li>Folge eines Schlaganfalls<\/li>\n<li>Hemiplegie, Tetraplegie<\/li>\n<li>Parkinson<\/li>\n<\/ul>\n<\/li>\n<\/ul>\n<p style=\"text-align: justify;\"><div class=\"fusion-title title fusion-title-2 fusion-sep-none fusion-title-text fusion-title-size-two\" style=\"--awb-margin-top-small:10px;--awb-margin-right-small:0px;--awb-margin-bottom-small:10px;--awb-margin-left-small:0px;\"><h2 class=\"fusion-title-heading title-heading-left fusion-responsive-typography-calculated\" style=\"margin:0;--fontSize:28;line-height:1.5;\">Wie l\u00e4uft eine Physiotherapie-Sitzung f\u00fcr die Hand ab?<\/p>\n<p style=\"text-align: justify;\"><\/h2><\/div><\/p>\n<p style=\"text-align: justify;\">Je nach Erkrankung und Stadium der Rehabilitation werden einige Punkte unterschiedlich sein, aber in der Regel besteht die Sitzung immer aus denselben Zeiten.<\/p>\n<p style=\"text-align: justify;\">Zun\u00e4chst sollten immer (au\u00dfer auf ausdr\u00fccklichen Wunsch des Chirurgen aus irgendeinem Grund) Verb\u00e4nde, Schienen und andere Hilfsmittel entfernt werden.  <a href=\"https:\/\/pes-luxembourg.lu\/bascharage\/de\/physiotherapeuten-bascharage\/\">Physiotherapeutin mit Spezialisierung auf die Hand<\/a>  wird sich am Ende der Sitzung darum k\u00fcmmern, dass alles wieder an seinen Platz kommt, und wenn m\u00f6glich, wird er Ihnen erkl\u00e4ren, wie Sie das selbst tun k\u00f6nnen. Um die betroffene Stelle genau beurteilen und manipulieren zu k\u00f6nnen, ist es besser, wenn sie freigelegt und nicht in Lagen von Verb\u00e4nden eingewickelt ist. Unmittelbar nach einer Operation, auch wenn die Narbe noch nicht geschlossen ist, muss bereits mit der Rehabilitation begonnen werden. Die Physiotherapeutin oder der Physiotherapeut wird mit Handschuhen arbeiten. Zun\u00e4chst wird er die verschiedenen Finger und das Handgelenk mobilisieren, wobei er die Schmerzen des Patienten und den Widerstand des gequetschten Gewebes respektiert. Durch eine fr\u00fchzeitige Mobilisierung wird die intrinsische Gewebeheilung (gute Wundheilung) gef\u00f6rdert und die extrinsische Wundheilung (schlechte Wundheilung, f\u00fchrt zu Adh\u00e4sionen) eingeschr\u00e4nkt und geschmeidig gemacht. Die Mobilisierung wird zun\u00e4chst passiv sein, d. h. der Physiotherapeut wird die Hand bewegen. Im Laufe der Rehabilitation wird die Mobilisierung immer aktiver und vom Patienten selbst gesteuert werden.<\/p>\n<p style=\"text-align: justify;\">Anschlie\u00dfend kann der Physiotherapeut, wenn die Hand geschwollen ist, eine Drainage der Hand durchf\u00fchren und Kryotherapie anwenden, um zu versuchen, die Schwellung des Bereichs zu verringern. Dieses \u00d6dem ist zun\u00e4chst v\u00f6llig normal, aber die Schwellung sollte trotzdem beobachtet werden. Es ist n\u00e4mlich nicht ungew\u00f6hnlich, dass ein Patient nach einem Handtrauma eine Algoneurodystrophie entwickelt.<\/p>\n<p style=\"text-align: justify;\">Bei allen Operationen kann der Physiotherapeut, sobald die Wunde geschlossen ist, die Narbe mithilfe verschiedener Techniken der <a href=\"https:\/\/pes-luxembourg.lu\/bascharage\/lpg-cellu-m6-bascharage\/\">Narbenmassage<\/a> und <a href=\"https:\/\/pes-luxembourg.lu\/bascharage\/lpg-cellu-m6-bascharage\/\">LPG-Endermologieger\u00e4ten<\/a> bearbeiten.<\/p>\n<p style=\"text-align: justify;\">Sobald der Arzt sein Einverst\u00e4ndnis gegeben hat, kann die Kraftarbeit beginnen. Er wird zun\u00e4chst eher analytisch sein, gegen den manuellen Widerstand, den der Physiotherapeut anwendet. Dann mit Kleinmaterial. Im Laufe der Zeit wird die Verst\u00e4rkung immer funktionaler. Man wird versuchen, sich den allt\u00e4glichen Gesten anzun\u00e4hern, damit die Hand ihre Rolle bei den t\u00e4glichen Aktivit\u00e4ten erf\u00fcllen kann.<\/p>\n<p style=\"text-align: justify;\">Wenn die Hand einen Sensibilit\u00e4tsverlust erlitten hat, wird der Physiotherapeut auch den sensorischen Aspekt der Hand durch Diskriminierungs\u00fcbungen bearbeiten. Er wird mit dem Patienten an dessen F\u00e4higkeit arbeiten, Materialien, die Formen von Gegenst\u00e4nden und die Position der Hand im Raum zu erkennen.<\/p>\n<p style=\"text-align: justify;\">W\u00e4hrend der Rehabilitation erh\u00e4lt der Patient \u00dcbungen, die er zu Hause zur Selbstrehabilitation durchf\u00fchren kann. Diese Arbeit zu Hause ist ein wesentlicher Teil der Rehabilitation. Je konsequenter der Patient ist, sich an die Orthesen h\u00e4lt und seine \u00dcbungen macht, desto schneller und besser wird seine Genesung sein.<\/p>\n<\/div><div class=\"fusion-clearfix\"><\/div><\/div><\/div><\/div><\/div>\n","protected":false},"excerpt":{"rendered":"","protected":false},"author":1,"featured_media":8140,"parent":0,"menu_order":0,"comment_status":"closed","ping_status":"closed","template":"","meta":{"_seopress_robots_primary_cat":"","_seopress_titles_title":"","_seopress_titles_desc":"","_seopress_robots_index":"","footnotes":""},"class_list":["post-1257","page","type-page","status-publish","has-post-thumbnail","hentry"],"_links":{"self":[{"href":"https:\/\/pes-luxembourg.lu\/bascharage\/de\/wp-json\/wp\/v2\/pages\/1257","targetHints":{"allow":["GET"]}}],"collection":[{"href":"https:\/\/pes-luxembourg.lu\/bascharage\/de\/wp-json\/wp\/v2\/pages"}],"about":[{"href":"https:\/\/pes-luxembourg.lu\/bascharage\/de\/wp-json\/wp\/v2\/types\/page"}],"author":[{"embeddable":true,"href":"https:\/\/pes-luxembourg.lu\/bascharage\/de\/wp-json\/wp\/v2\/users\/1"}],"replies":[{"embeddable":true,"href":"https:\/\/pes-luxembourg.lu\/bascharage\/de\/wp-json\/wp\/v2\/comments?post=1257"}],"version-history":[{"count":0,"href":"https:\/\/pes-luxembourg.lu\/bascharage\/de\/wp-json\/wp\/v2\/pages\/1257\/revisions"}],"wp:featuredmedia":[{"embeddable":true,"href":"https:\/\/pes-luxembourg.lu\/bascharage\/de\/wp-json\/wp\/v2\/media\/8140"}],"wp:attachment":[{"href":"https:\/\/pes-luxembourg.lu\/bascharage\/de\/wp-json\/wp\/v2\/media?parent=1257"}],"curies":[{"name":"wp","href":"https:\/\/api.w.org\/{rel}","templated":true}]}}