{"id":1157,"date":"2019-10-17T00:25:24","date_gmt":"2019-10-16T22:25:24","guid":{"rendered":"https:\/\/pes-luxembourg.lu\/bascharage\/?page_id=1157"},"modified":"2024-01-24T17:04:07","modified_gmt":"2024-01-24T16:04:07","slug":"sportphysiotherapie","status":"publish","type":"page","link":"https:\/\/pes-luxembourg.lu\/bascharage\/de\/sportphysiotherapie\/","title":{"rendered":"Sportphysiotherapie"},"content":{"rendered":"<div class=\"fusion-fullwidth fullwidth-box fusion-builder-row-1 nonhundred-percent-fullwidth non-hundred-percent-height-scrolling\" style=\"--awb-border-radius-top-left:0px;--awb-border-radius-top-right:0px;--awb-border-radius-bottom-right:0px;--awb-border-radius-bottom-left:0px;--awb-flex-wrap:wrap;\" ><div class=\"fusion-builder-row fusion-row\"><div class=\"fusion-layout-column fusion_builder_column fusion-builder-column-0 fusion_builder_column_1_1 1_1 fusion-one-full fusion-column-first fusion-column-last\" style=\"--awb-bg-size:cover;\"><div class=\"fusion-column-wrapper fusion-column-has-shadow fusion-flex-column-wrapper-legacy\"><div class=\"fusion-title title fusion-title-1 fusion-title-center fusion-title-text fusion-title-size-one\" style=\"--awb-margin-top-small:10px;--awb-margin-right-small:0px;--awb-margin-bottom-small:10px;--awb-margin-left-small:0px;\"><div class=\"title-sep-container title-sep-container-left\"><div class=\"title-sep sep-double sep-solid\" style=\"border-color:#e0dede;\"><\/div><\/div><span class=\"awb-title-spacer\"><\/span><h1 class=\"fusion-title-heading title-heading-center fusion-responsive-typography-calculated\" style=\"margin:0;--fontSize:34;line-height:1.41;\">Sportphysiotherapie Bascharage<\/h1><span class=\"awb-title-spacer\"><\/span><div class=\"title-sep-container title-sep-container-right\"><div class=\"title-sep sep-double sep-solid\" style=\"border-color:#e0dede;\"><\/div><\/div><\/div><div class=\"fusion-image-element fusion-image-align-center in-legacy-container\" style=\"text-align:center;--awb-caption-title-font-family:var(--h2_typography-font-family);--awb-caption-title-font-weight:var(--h2_typography-font-weight);--awb-caption-title-font-style:var(--h2_typography-font-style);--awb-caption-title-size:var(--h2_typography-font-size);--awb-caption-title-transform:var(--h2_typography-text-transform);--awb-caption-title-line-height:var(--h2_typography-line-height);--awb-caption-title-letter-spacing:var(--h2_typography-letter-spacing);\"><div class=\"imageframe-align-center\"><span class=\" fusion-imageframe imageframe-none imageframe-1 hover-type-none\" style=\"border:3px solid #f6f6f6;border-radius:50%;\"><img decoding=\"async\" width=\"300\" height=\"300\" title=\"Kin\u00e9 du Sport\" src=\"https:\/\/pes-luxembourg.lu\/bascharage\/wp-content\/uploads\/sites\/2\/2019\/07\/Kin\u00e9-du-Sport-1-300x300.jpg\" alt class=\"img-responsive wp-image-9232\" srcset=\"https:\/\/pes-luxembourg.lu\/bascharage\/wp-content\/uploads\/sites\/2\/2019\/07\/Kin\u00e9-du-Sport-1-200x199.jpg 200w, https:\/\/pes-luxembourg.lu\/bascharage\/wp-content\/uploads\/sites\/2\/2019\/07\/Kin\u00e9-du-Sport-1-400x398.jpg 400w, https:\/\/pes-luxembourg.lu\/bascharage\/wp-content\/uploads\/sites\/2\/2019\/07\/Kin\u00e9-du-Sport-1-600x597.jpg 600w, https:\/\/pes-luxembourg.lu\/bascharage\/wp-content\/uploads\/sites\/2\/2019\/07\/Kin\u00e9-du-Sport-1.jpg 647w\" sizes=\"(max-width: 800px) 100vw, 300px\" \/><\/span><\/div><\/div><div class=\"fusion-sep-clear\"><\/div><div class=\"fusion-separator fusion-full-width-sep\" style=\"margin-left: auto;margin-right: auto;margin-top:20px;margin-bottom:20px;width:100%;\"><div class=\"fusion-separator-border sep-shadow\" style=\"--awb-height:20px;--awb-amount:20px;background:radial-gradient(ellipse at 50% -50% , #e0dede 0px, rgba(255, 255, 255, 0) 80%) repeat scroll 0 0 rgba(0, 0, 0, 0);background:-webkit-radial-gradient(ellipse at 50% -50% , #e0dede 0px, rgba(255, 255, 255, 0) 80%) repeat scroll 0 0 rgba(0, 0, 0, 0);background:-moz-radial-gradient(ellipse at 50% -50% , #e0dede 0px, rgba(255, 255, 255, 0) 80%) repeat scroll 0 0 rgba(0, 0, 0, 0);background:-o-radial-gradient(ellipse at 50% -50% , #e0dede 0px, rgba(255, 255, 255, 0) 80%) repeat scroll 0 0 rgba(0, 0, 0, 0);\"><\/div><\/div><div class=\"fusion-sep-clear\"><\/div><div class=\"fusion-text fusion-text-1\"><p style=\"text-align: justify;\">Die <strong>Sportphysiotherapie<\/strong> ist ein wesentlicher Zweig der Physiotherapie, der sich sowohl an Profi- als auch an Freizeitsportler richtet. Diese Disziplin konzentriert sich auf die Vorbeugung, Diagnose und Behandlung von Verletzungen, die mit der Aus\u00fcbung von Sport verbunden sind. Sie spielt nicht nur bei der Heilung von Traumata eine entscheidende Rolle, sondern auch bei der k\u00f6rperlichen Vorbereitung und der Leistungssteigerung, unabh\u00e4ngig von der Wettkampfstufe. Sportphysiotherapeuten erstellen ma\u00dfgeschneiderte Programme, die Muskelaufbau- und Dehnungs\u00fcbungen, manuelle Therapie und geeignete Erholungsstrategien beinhalten. Diese Interventionen sind grundlegend, um allen Sportlern &#8211; vom Wochenend- bis zum Elitewettk\u00e4mpfer &#8211; zu helfen, eine optimale k\u00f6rperliche Verfassung aufrechtzuerhalten, ihre Leistung zu maximieren und das Verletzungsrisiko zu verringern. Durch die Kombination von wissenschaftlichen Prinzipien und fortschrittlichen Techniken bietet die Sportphysiotherapie eine umfassende und individuelle Betreuung f\u00fcr jeden Athleten und garantiert einen Ansatz, der f\u00fcr jedes Niveau und jede Sportart geeignet ist.<\/p>\n<h2 style=\"text-align: justify;\">Vorbeugung von Verletzungen<\/h2>\n<p style=\"text-align: justify;\">Die Sportphysiotherapie spielt eine entscheidende Rolle bei der Vorbeugung von Verletzungen. Eine gro\u00dfe Studie, die im &#8222;Journal of Science and Medicine in Sport&#8220; ver\u00f6ffentlicht wurde, zeigt, dass etwa 50% der Sportverletzungen durch die Implementierung geeigneter Pr\u00e4ventionsprogramme vermieden werden k\u00f6nnten. <a href=\"https:\/\/pes-luxembourg.lu\/bascharage\/de\/physiotherapeuten-bascharage\/\">Unsere Physiotherapeuten<\/a> verwenden einen proaktiven Ansatz, der Folgendes umfasst :<\/p>\n<ul style=\"text-align: justify;\">\n<li><strong>Biomechanische Beurteilung<\/strong>: Analyse der K\u00f6rperhaltung und der Bewegungen, um potenzielle Verletzungsrisiken zu erkennen.<\/li>\n<li><strong>Programme zur Muskelst\u00e4rkung<\/strong>: Entwickelt, um die Muskeln zu st\u00e4rken, die in Ihrer Sportart am ehesten Verletzungen erleiden.<\/li>\n<li><strong>Dehnungstechniken<\/strong>: Zur Verbesserung der Flexibilit\u00e4t und Verringerung der Muskelspannung, wodurch das Verletzungsrisiko minimiert wird.<\/li>\n<li><strong>Unterricht in Guter Technik<\/strong>: Korrektur unangemessener Bewegungen und Haltungen beim Sport.<\/li>\n<\/ul>\n<h2 style=\"text-align: justify;\">Rehabilitation und Erholung<\/h2>\n<p style=\"text-align: justify;\">Im Falle einer Verletzung ist es unser Ziel, Ihnen zu helfen, Ihr Leistungsniveau schnell und sicher wieder zu erreichen. Dazu nutzen wir bew\u00e4hrte Methoden :<\/p>\n<ul style=\"text-align: justify;\">\n<li><strong>Manuelle Therapie<\/strong>: <a href=\"https:\/\/pes-luxembourg.lu\/bascharage\/de\/manuelle-therapie-bascharage\/\">Mobilisierungen und manuelle Manipulationen<\/a> zur Verbesserung der Mobilit\u00e4t und zur Schmerzlinderung.<\/li>\n<li><strong>Rehabilitations\u00fcbungen<\/strong>: Individuell angepasste Programme zur Wiederherstellung von Kraft, Bewegungsumfang und Funktionalit\u00e4t.<\/li>\n<li><strong>Sto\u00dfwellentherapie<\/strong>: Einsatz <a href=\"https:\/\/pes-luxembourg.lu\/bascharage\/de\/stosswellen-physiotherapie\/\">von Sto\u00dfwellen<\/a>, um die Heilung des Gewebes anzuregen.<\/li>\n<li><strong>Planung der R\u00fcckkehr zum Sport<\/strong>: Abgestufte Strategien f\u00fcr eine sichere R\u00fcckkehr zum Wettkampf.<\/li>\n<\/ul>\n<h2 style=\"text-align: justify;\">Verbesserung der Leistung<\/h2>\n<p style=\"text-align: justify;\">Die Sportphysiotherapie beschr\u00e4nkt sich nicht auf die Rehabilitation; sie ist auch ein m\u00e4chtiges Instrument zur Leistungssteigerung. Wir st\u00fctzen uns auf wissenschaftliche Studien, um gezielte Interventionen vorzuschlagen :<\/p>\n<ul style=\"text-align: justify;\">\n<li><strong>Gezielte Muskelst\u00e4rkung<\/strong>: Spezielle \u00dcbungen zur Steigerung der Muskelkraft und -leistung z. B. durch <a href=\"https:\/\/pes-luxembourg.lu\/bascharage\/de\/isokinetik-contrex-bascharage\/\">Isokinetik<\/a>.<\/li>\n<li><strong>Verbesserung der Ausdauer<\/strong>: Programme zur Erh\u00f6hung der Widerstandsf\u00e4higkeit gegen Muskel- und Herz-Kreislauf-Erm\u00fcdung.<\/li>\n<li><strong>Optimierung der Sporttechnik<\/strong>: Tipps und Training zur Verfeinerung der Technik und Maximierung der Effektivit\u00e4t.<\/li>\n<li><strong>Allgemeine k\u00f6rperliche Vorbereitung<\/strong>: Umfassende Programme zur Verbesserung des Gleichgewichts, der Koordination und der Flexibilit\u00e4t.<\/li>\n<\/ul>\n<p style=\"text-align: justify;\">Durch die Integration dieser Strategien wird die Sportphysiotherapie zu einem unverzichtbaren Bestandteil f\u00fcr jeden Athleten, ob Amateur oder Profi, mit dem Ziel, Verletzungen vorzubeugen, die Heilung zu beschleunigen und die sportliche Leistung zu verbessern. Unser Ansatz basiert auf wissenschaftlichen Erkenntnissen und wird individuell auf die besonderen Bed\u00fcrfnisse jedes einzelnen Sportlers abgestimmt.<\/p>\n<\/div><div class=\"fusion-clearfix\"><\/div><\/div><\/div><\/div><\/div>\n","protected":false},"excerpt":{"rendered":"","protected":false},"author":1,"featured_media":0,"parent":0,"menu_order":0,"comment_status":"closed","ping_status":"closed","template":"","meta":{"_seopress_robots_primary_cat":"","_seopress_titles_title":"","_seopress_titles_desc":"","_seopress_robots_index":"","footnotes":""},"class_list":["post-1157","page","type-page","status-publish","hentry"],"_links":{"self":[{"href":"https:\/\/pes-luxembourg.lu\/bascharage\/de\/wp-json\/wp\/v2\/pages\/1157","targetHints":{"allow":["GET"]}}],"collection":[{"href":"https:\/\/pes-luxembourg.lu\/bascharage\/de\/wp-json\/wp\/v2\/pages"}],"about":[{"href":"https:\/\/pes-luxembourg.lu\/bascharage\/de\/wp-json\/wp\/v2\/types\/page"}],"author":[{"embeddable":true,"href":"https:\/\/pes-luxembourg.lu\/bascharage\/de\/wp-json\/wp\/v2\/users\/1"}],"replies":[{"embeddable":true,"href":"https:\/\/pes-luxembourg.lu\/bascharage\/de\/wp-json\/wp\/v2\/comments?post=1157"}],"version-history":[{"count":0,"href":"https:\/\/pes-luxembourg.lu\/bascharage\/de\/wp-json\/wp\/v2\/pages\/1157\/revisions"}],"wp:attachment":[{"href":"https:\/\/pes-luxembourg.lu\/bascharage\/de\/wp-json\/wp\/v2\/media?parent=1157"}],"curies":[{"name":"wp","href":"https:\/\/api.w.org\/{rel}","templated":true}]}}