{"id":10033,"date":"2023-08-30T00:29:35","date_gmt":"2023-08-29T22:29:35","guid":{"rendered":"https:\/\/pes-luxembourg.lu\/bascharage\/physiotherapie-zu-hause\/"},"modified":"2024-01-24T18:55:16","modified_gmt":"2024-01-24T17:55:16","slug":"physiotherapie-zu-hause","status":"publish","type":"page","link":"https:\/\/pes-luxembourg.lu\/bascharage\/de\/physiotherapie-zu-hause\/","title":{"rendered":"Physiotherapie zu Hause"},"content":{"rendered":"<div class=\"fusion-fullwidth fullwidth-box fusion-builder-row-1 fusion-flex-container has-pattern-background has-mask-background nonhundred-percent-fullwidth non-hundred-percent-height-scrolling\" style=\"--awb-border-radius-top-left:0px;--awb-border-radius-top-right:0px;--awb-border-radius-bottom-right:0px;--awb-border-radius-bottom-left:0px;--awb-flex-wrap:wrap;\" ><div class=\"fusion-builder-row fusion-row fusion-flex-align-items-flex-start fusion-flex-content-wrap\" style=\"max-width:1144px;margin-left: calc(-4% \/ 2 );margin-right: calc(-4% \/ 2 );\"><div class=\"fusion-layout-column fusion_builder_column fusion-builder-column-0 fusion_builder_column_1_1 1_1 fusion-flex-column\" style=\"--awb-bg-size:cover;--awb-width-large:100%;--awb-margin-top-large:0px;--awb-spacing-right-large:1.92%;--awb-margin-bottom-large:0px;--awb-spacing-left-large:1.92%;--awb-width-medium:100%;--awb-order-medium:0;--awb-spacing-right-medium:1.92%;--awb-spacing-left-medium:1.92%;--awb-width-small:100%;--awb-order-small:0;--awb-spacing-right-small:1.92%;--awb-spacing-left-small:1.92%;\"><div class=\"fusion-column-wrapper fusion-column-has-shadow fusion-flex-justify-content-flex-start fusion-content-layout-column\"><div class=\"fusion-title title fusion-title-1 fusion-title-center fusion-title-text fusion-title-size-one\" style=\"--awb-margin-top-small:10px;--awb-margin-right-small:0px;--awb-margin-bottom-small:10px;--awb-margin-left-small:0px;\"><div class=\"title-sep-container title-sep-container-left\"><div class=\"title-sep sep-double sep-solid\" style=\"border-color:#e0dede;\"><\/div><\/div><span class=\"awb-title-spacer\"><\/span><h1 class=\"fusion-title-heading title-heading-center fusion-responsive-typography-calculated\" style=\"margin:0;--fontSize:34;line-height:1.41;\">Physiotherapie zu Hause<\/h1><span class=\"awb-title-spacer\"><\/span><div class=\"title-sep-container title-sep-container-right\"><div class=\"title-sep sep-double sep-solid\" style=\"border-color:#e0dede;\"><\/div><\/div><\/div><div class=\"fusion-text fusion-text-1\" style=\"--awb-content-alignment:justify;\"><p style=\"text-align: justify;\">Bei P\u00f4le Equilibre &amp; Sant\u00e9 de Bascharage widmen wir uns der Bereitstellung von Physiotherapie zu Hause, die Fachwissen und Komfort miteinander verbindet. Wir wissen, dass es manchmal kompliziert sein kann, sich f\u00fcr eine Physiotherapie zu bewegen, insbesondere bei Rekonvaleszenz oder eingeschr\u00e4nkter Mobilit\u00e4t. Daher haben wir uns entschieden, mit unserem neuen Service f\u00fcr Physiotherapie zu Hause zu Ihnen zu kommen: <a href=\"https:\/\/mon-kine.lu\">Mon Kin\u00e9<\/a>.<\/p>\n<p style=\"text-align: justify;\">Unser Team aus qualifizierten und leidenschaftlichen Physiotherapeuten erarbeitet gemeinsam mit Ihnen ein ma\u00dfgeschneidertes Rehabilitationsprogramm, das auf Ihre speziellen Bed\u00fcrfnisse abgestimmt ist. Ob Sie eine orthop\u00e4dische Rehabilitation nach einem chirurgischen Eingriff ben\u00f6tigen, eine geriatrische Rehabilitation, um die Herausforderungen des hohen Alters zu begleiten, oder eine neurologische Rehabilitation als Reaktion auf St\u00f6rungen wie Parkinson oder einen Schlaganfall, wir sind f\u00fcr Sie da.<\/p>\n<p style=\"text-align: justify;\">Mit Mon Kin\u00e9 profitieren Sie nicht nur von unserem Fachwissen, sondern auch von der Bequemlichkeit, zu Hause in einer vertrauten und beruhigenden Umgebung physiotherapeutische Behandlungen zu erhalten. So k\u00f6nnen Sie den Stress der Reise minimieren und sich voll und ganz auf Ihre Genesung konzentrieren.<\/p>\n<p style=\"text-align: justify;\">Es ist wichtig zu beachten, dass Ihr Arzt diese Notwendigkeit auf Ihrer \u00e4rztlichen Verschreibung angeben muss, um unsere Physiotherapie zu Hause in Anspruch nehmen zu k\u00f6nnen. Dazu muss er den Code <strong>&#8222;ZD10: Reisekosten&#8220;<\/strong> verwenden. Dieser Code zeigt uns an, dass Ihre Situation eine h\u00e4usliche Pflege <strong>IN LUXEMBURG<\/strong> erfordert.<\/p>\n<p style=\"text-align: justify;\">Wir bieten eine breite Palette an Physiotherapieleistungen f\u00fcr zu Hause an, darunter therapeutische \u00dcbungen, Techniken zur Schmerzbew\u00e4ltigung, Beratung zur Verbesserung des Gleichgewichts und zur Vermeidung von St\u00fcrzen und vieles mehr. Unser Bestreben bei Mon Kin\u00e9 ist es, Sie auf dem Weg zu Ihren Zielen in Bezug auf Gesundheit und Wohlbefinden zu begleiten.<\/p>\n<p style=\"text-align: justify;\">Warten Sie nicht l\u00e4nger, sondern machen Sie mit Mon Kin\u00e9 den ersten Schritt zu Ihrer Genesung. Kontaktieren Sie uns noch heute, um mehr \u00fcber unsere Physiotherapie zu Hause zu erfahren und herauszufinden, wie wir Ihnen helfen k\u00f6nnen, Ihre Vitalit\u00e4t wiederzuerlangen.<\/p>\n<\/div><div class=\"fusion-image-element \" style=\"text-align:center;--awb-margin-top:2%;--awb-margin-bottom:2%;--awb-caption-margin-top:5%;--awb-caption-margin-right:5%;--awb-caption-margin-bottom:5%;--awb-caption-margin-left:5%;--awb-caption-title-font-family:var(--h2_typography-font-family);--awb-caption-title-font-weight:var(--h2_typography-font-weight);--awb-caption-title-font-style:var(--h2_typography-font-style);--awb-caption-title-size:var(--h2_typography-font-size);--awb-caption-title-transform:var(--h2_typography-text-transform);--awb-caption-title-line-height:var(--h2_typography-line-height);--awb-caption-title-letter-spacing:var(--h2_typography-letter-spacing);\"><span class=\" fusion-imageframe imageframe-none imageframe-1 hover-type-none\" style=\"border-radius:20px;\"><a class=\"fusion-no-lightbox\" href=\"https:\/\/mon-kine.lu\" target=\"_self\" aria-label=\"Logo Mon Kin\u00e9\"><img decoding=\"async\" width=\"600\" height=\"273\" src=\"https:\/\/pes-luxembourg.lu\/bascharage\/wp-content\/uploads\/sites\/2\/2023\/08\/Logo-Mon-Kine-600x273.png\" alt class=\"img-responsive wp-image-8283\" srcset=\"https:\/\/pes-luxembourg.lu\/bascharage\/wp-content\/uploads\/sites\/2\/2023\/08\/Logo-Mon-Kine-200x91.png 200w, https:\/\/pes-luxembourg.lu\/bascharage\/wp-content\/uploads\/sites\/2\/2023\/08\/Logo-Mon-Kine-400x182.png 400w, https:\/\/pes-luxembourg.lu\/bascharage\/wp-content\/uploads\/sites\/2\/2023\/08\/Logo-Mon-Kine-600x273.png 600w, https:\/\/pes-luxembourg.lu\/bascharage\/wp-content\/uploads\/sites\/2\/2023\/08\/Logo-Mon-Kine-800x364.png 800w, https:\/\/pes-luxembourg.lu\/bascharage\/wp-content\/uploads\/sites\/2\/2023\/08\/Logo-Mon-Kine-1200x546.png 1200w\" sizes=\"(max-width: 1024px) 100vw, (max-width: 640px) 100vw, 1200px\" \/><\/a><\/span><\/div><div style=\"text-align:center;\"><a class=\"fusion-button button-flat button-xlarge button-default fusion-button-default button-1 fusion-button-default-span fusion-button-default-type\" style=\"--awb-margin-right:2%;\" target=\"_blank\" rel=\"noopener noreferrer\" href=\"https:\/\/mon-kine.lu\"><span class=\"fusion-button-text awb-button__text awb-button__text--default fusion-button-text-right\">Besuchen Sie unsere Website&#8230;<\/span><span class=\"fusion-button-icon-divider button-icon-divider-right\"><i class=\"fa-mouse-pointer fas awb-button__icon awb-button__icon--default\" aria-hidden=\"true\"><\/i><\/span><\/a><\/div><\/div><\/div><\/div><\/div>\n","protected":false},"excerpt":{"rendered":"","protected":false},"author":1,"featured_media":0,"parent":0,"menu_order":0,"comment_status":"closed","ping_status":"closed","template":"","meta":{"_seopress_robots_primary_cat":"","_seopress_titles_title":"","_seopress_titles_desc":"","_seopress_robots_index":"","footnotes":""},"class_list":["post-10033","page","type-page","status-publish","hentry"],"_links":{"self":[{"href":"https:\/\/pes-luxembourg.lu\/bascharage\/de\/wp-json\/wp\/v2\/pages\/10033","targetHints":{"allow":["GET"]}}],"collection":[{"href":"https:\/\/pes-luxembourg.lu\/bascharage\/de\/wp-json\/wp\/v2\/pages"}],"about":[{"href":"https:\/\/pes-luxembourg.lu\/bascharage\/de\/wp-json\/wp\/v2\/types\/page"}],"author":[{"embeddable":true,"href":"https:\/\/pes-luxembourg.lu\/bascharage\/de\/wp-json\/wp\/v2\/users\/1"}],"replies":[{"embeddable":true,"href":"https:\/\/pes-luxembourg.lu\/bascharage\/de\/wp-json\/wp\/v2\/comments?post=10033"}],"version-history":[{"count":0,"href":"https:\/\/pes-luxembourg.lu\/bascharage\/de\/wp-json\/wp\/v2\/pages\/10033\/revisions"}],"wp:attachment":[{"href":"https:\/\/pes-luxembourg.lu\/bascharage\/de\/wp-json\/wp\/v2\/media?parent=10033"}],"curies":[{"name":"wp","href":"https:\/\/api.w.org\/{rel}","templated":true}]}}