{"id":10008,"date":"2023-08-30T00:29:33","date_gmt":"2023-08-29T22:29:33","guid":{"rendered":"https:\/\/pes-luxembourg.lu\/bascharage\/excite-live-synchro-bascharage\/"},"modified":"2024-01-12T12:17:14","modified_gmt":"2024-01-12T11:17:14","slug":"excite-live-synchro-bascharage","status":"publish","type":"page","link":"https:\/\/pes-luxembourg.lu\/bascharage\/de\/excite-live-synchro-bascharage\/","title":{"rendered":"Excite Live Synchro Bascharage"},"content":{"rendered":"<div class=\"fusion-fullwidth fullwidth-box fusion-builder-row-1 nonhundred-percent-fullwidth non-hundred-percent-height-scrolling\" style=\"--awb-border-radius-top-left:0px;--awb-border-radius-top-right:0px;--awb-border-radius-bottom-right:0px;--awb-border-radius-bottom-left:0px;--awb-flex-wrap:wrap;\" ><div class=\"fusion-builder-row fusion-row\"><div class=\"fusion-layout-column fusion_builder_column fusion-builder-column-0 fusion_builder_column_1_1 1_1 fusion-one-full fusion-column-first fusion-column-last\" style=\"--awb-bg-size:cover;\"><div class=\"fusion-column-wrapper fusion-column-has-shadow fusion-flex-column-wrapper-legacy\"><div class=\"fusion-title title fusion-title-1 fusion-title-center fusion-title-text fusion-title-size-one\" style=\"--awb-margin-top-small:10px;--awb-margin-right-small:0px;--awb-margin-bottom-small:10px;--awb-margin-left-small:0px;\"><div class=\"title-sep-container title-sep-container-left\"><div class=\"title-sep sep-double sep-solid\" style=\"border-color:#e0dede;\"><\/div><\/div><span class=\"awb-title-spacer\"><\/span><h1 class=\"fusion-title-heading title-heading-center fusion-responsive-typography-calculated\" style=\"margin:0;--fontSize:34;line-height:1.41;\">Technogym Excite Live Synchro<\/h1><span class=\"awb-title-spacer\"><\/span><div class=\"title-sep-container title-sep-container-right\"><div class=\"title-sep sep-double sep-solid\" style=\"border-color:#e0dede;\"><\/div><\/div><\/div><div class=\"fusion-image-element fusion-image-align-center in-legacy-container\" style=\"text-align:center;--awb-bottom-shadow-color:rgba(0,0,0,0.4);--awb-caption-title-font-family:var(--h2_typography-font-family);--awb-caption-title-font-weight:var(--h2_typography-font-weight);--awb-caption-title-font-style:var(--h2_typography-font-style);--awb-caption-title-size:var(--h2_typography-font-size);--awb-caption-title-transform:var(--h2_typography-text-transform);--awb-caption-title-line-height:var(--h2_typography-line-height);--awb-caption-title-letter-spacing:var(--h2_typography-letter-spacing);\"><div class=\"imageframe-align-center\"><div class=\"awb-image-frame awb-image-frame-1 awb-bottomshadow\"><span class=\" fusion-imageframe imageframe-bottomshadow imageframe-1 hover-type-none\" style=\"border:2px solid #f6f6f6;\"><img decoding=\"async\" width=\"4000\" height=\"1333\" title=\"Excite Live Synchro\" src=\"https:\/\/pes-luxembourg.lu\/bascharage\/wp-content\/uploads\/sites\/2\/2023\/04\/Excite-Live-Synchro.png\" alt class=\"img-responsive wp-image-8167\" srcset=\"https:\/\/pes-luxembourg.lu\/bascharage\/wp-content\/uploads\/sites\/2\/2023\/04\/Excite-Live-Synchro-200x67.png 200w, https:\/\/pes-luxembourg.lu\/bascharage\/wp-content\/uploads\/sites\/2\/2023\/04\/Excite-Live-Synchro-400x133.png 400w, https:\/\/pes-luxembourg.lu\/bascharage\/wp-content\/uploads\/sites\/2\/2023\/04\/Excite-Live-Synchro-600x200.png 600w, https:\/\/pes-luxembourg.lu\/bascharage\/wp-content\/uploads\/sites\/2\/2023\/04\/Excite-Live-Synchro-800x267.png 800w, https:\/\/pes-luxembourg.lu\/bascharage\/wp-content\/uploads\/sites\/2\/2023\/04\/Excite-Live-Synchro-1200x400.png 1200w, https:\/\/pes-luxembourg.lu\/bascharage\/wp-content\/uploads\/sites\/2\/2023\/04\/Excite-Live-Synchro.png 4000w\" sizes=\"(max-width: 800px) 100vw, 1200px\" \/><\/span><svg xmlns=\"http:\/\/www.w3.org\/2000\/svg\" version=\"1.1\" width=\"100%\" viewBox=\"0 0 600 28\" preserveAspectRatio=\"none\"><g clip-path=\"url(#a)\"><mask id=\"b\" style=\"mask-type:luminance\" maskUnits=\"userSpaceOnUse\" x=\"0\" y=\"0\" width=\"600\" height=\"28\"><path d=\"M0 0h600v28H0V0Z\" fill=\"#fff\"\/><\/mask><g filter=\"url(#c)\" mask=\"url(#b)\"><path d=\"M16.439-18.667h567.123v30.8S438.961-8.4 300-8.4C161.04-8.4 16.438 12.133 16.438 12.133v-30.8Z\" fill=\"#000\"\/><\/g><\/g><defs><clipPath id=\"a\"><path fill=\"#fff\" d=\"M0 0h600v28H0z\"\/><\/clipPath><filter id=\"c\" x=\"5.438\" y=\"-29.667\" width=\"589.123\" height=\"52.8\" filterUnits=\"userSpaceOnUse\" color-interpolation-filters=\"sRGB\"><feFlood flood-opacity=\"0\" result=\"BackgroundImageFix\"\/><feBlend in=\"SourceGraphic\" in2=\"BackgroundImageFix\" result=\"shape\"\/><feGaussianBlur stdDeviation=\"5.5\" result=\"effect1_foregroundBlur_3983_183\"\/><\/filter><\/defs><\/svg><\/div><\/div><\/div><div class=\"fusion-sep-clear\"><\/div><div class=\"fusion-separator fusion-full-width-sep\" style=\"margin-left: auto;margin-right: auto;margin-top:20px;margin-bottom:20px;width:100%;\"><div class=\"fusion-separator-border sep-shadow\" style=\"--awb-height:20px;--awb-amount:20px;background:radial-gradient(ellipse at 50% -50% , #e0dede 0px, rgba(255, 255, 255, 0) 80%) repeat scroll 0 0 rgba(0, 0, 0, 0);background:-webkit-radial-gradient(ellipse at 50% -50% , #e0dede 0px, rgba(255, 255, 255, 0) 80%) repeat scroll 0 0 rgba(0, 0, 0, 0);background:-moz-radial-gradient(ellipse at 50% -50% , #e0dede 0px, rgba(255, 255, 255, 0) 80%) repeat scroll 0 0 rgba(0, 0, 0, 0);background:-o-radial-gradient(ellipse at 50% -50% , #e0dede 0px, rgba(255, 255, 255, 0) 80%) repeat scroll 0 0 rgba(0, 0, 0, 0);\"><\/div><\/div><div class=\"fusion-sep-clear\"><\/div><div class=\"fusion-text fusion-text-1\"><p style=\"text-align: justify;\">Die Physiotherapie spielt eine wesentliche Rolle bei der Rehabilitation und dem Muskelaufbau der Patienten. In diesem Sinne ist es von entscheidender Bedeutung, \u00fcber leistungsf\u00e4hige und geeignete Ausr\u00fcstung zu verf\u00fcgen. Der Technogym Excite Live Synchro, ein hochwertiges elliptisches Trainingsger\u00e4t, wurde entwickelt, um diesen Anforderungen gerecht zu werden.<\/p>\n<\/div><div class=\"fusion-title title fusion-title-2 fusion-sep-none fusion-title-text fusion-title-size-two\" style=\"--awb-margin-top-small:10px;--awb-margin-right-small:0px;--awb-margin-bottom-small:10px;--awb-margin-left-small:0px;\"><h2 class=\"fusion-title-heading title-heading-left fusion-responsive-typography-calculated\" style=\"margin:0;--fontSize:28;line-height:1.5;\">Eigenschaften des Excite Live Synchro<\/h2><\/div><div class=\"fusion-text fusion-text-2\"><div class=\"flex-1 overflow-hidden\">\n<div class=\"react-scroll-to-bottom--css-thqni-79elbk h-full dark:bg-gray-800\">\n<div class=\"react-scroll-to-bottom--css-thqni-1n7m0yu\">\n<div class=\"flex flex-col items-center text-sm dark:bg-gray-800\">\n<div class=\"group w-full text-gray-800 dark:text-gray-100 border-b border-black\/10 dark:border-gray-900\/50 bg-gray-50 dark:bg-&#091;#444654&#093;\">\n<div class=\"text-base gap-4 md:gap-6 md:max-w-2xl lg:max-w-xl xl:max-w-3xl p-4 md:py-6 flex lg:px-0 m-auto\">\n<div class=\"relative flex w-&#091;calc(100%-50px)&#093; flex-col gap-1 md:gap-3 lg:w-&#091;calc(100%-115px)&#093;\">\n<div class=\"flex flex-grow flex-col gap-3\">\n<div class=\"min-h-&#091;20px&#093; flex flex-col items-start gap-4 whitespace-pre-wrap\">\n<div class=\"markdown prose w-full break-words dark:prose-invert light\">\n<h3 style=\"text-align: justify;\">Ergonomisches Design<\/h3>\n<p style=\"text-align: justify;\">Der Technogym Excite Live Synchro ist ergonomisch gestaltet, sodass Nutzer aller Altersgruppen und Mobilit\u00e4tsgrade bequem und sicher trainieren k\u00f6nnen. Die Griffe sind verstellbar, um sich an unterschiedliche K\u00f6rperformen anzupassen, w\u00e4hrend die rutschfesten Pedale f\u00fcr eine ausgezeichnete Stabilit\u00e4t sorgen.<\/p>\n<h3 style=\"text-align: justify;\">Touchscreen<\/h3>\n<p style=\"text-align: justify;\">Das Ger\u00e4t ist mit einem interaktiven Touchscreen ausgestattet, der die Navigation zwischen den verschiedenen Funktionen und Optionen erleichtert. Der Bildschirm zeigt Echtzeitinformationen \u00fcber das Training an, z. B. die zur\u00fcckgelegte Strecke, die Geschwindigkeit, die Dauer und die verbrannten Kalorien. Durch die Integration von \u00dcbungsprogrammen ist es au\u00dferdem m\u00f6glich, das Training individuell anzupassen und den Fortschritt zu verfolgen.<\/p>\n<h3 style=\"text-align: justify;\">Konnektivit\u00e4t<\/h3>\n<p style=\"text-align: justify;\">Der Technogym Excite Live Synchro bietet Bluetooth- und Wi-Fi-Konnektivit\u00e4t, sodass sich die Nutzer mit Fitness-Apps, Physiotherapieprogrammen und Plattformen zur Gesundheits\u00fcberwachung verbinden k\u00f6nnen. Dies erleichtert die Kommunikation zwischen Patienten und medizinischem Fachpersonal f\u00fcr eine optimale \u00dcberwachung der Fortschritte und eine individuelle Anpassung der \u00dcbungsprogramme.<\/p>\n<h3 style=\"text-align: justify;\">Vielfalt der \u00dcbungen<\/h3>\n<p style=\"text-align: justify;\">Das Ger\u00e4t bietet eine gro\u00dfe Auswahl an \u00dcbungen mit einstellbaren Widerstandsstufen, um sich an die spezifischen Bed\u00fcrfnisse jedes Patienten anzupassen. Die \u00dcbungen k\u00f6nnen auf verschiedene K\u00f6rperteile ausgerichtet werden, insbesondere auf Beine, Arme und Rumpf, um Kraft, Ausdauer und Beweglichkeit zu verbessern.<\/p>\n<\/div>\n<\/div>\n<\/div>\n<\/div>\n<\/div>\n<\/div>\n<\/div>\n<\/div>\n<\/div>\n<\/div>\n<\/div><div class=\"fusion-title title fusion-title-3 fusion-sep-none fusion-title-text fusion-title-size-two\" style=\"--awb-margin-top-small:10px;--awb-margin-right-small:0px;--awb-margin-bottom-small:10px;--awb-margin-left-small:0px;\"><h2 class=\"fusion-title-heading title-heading-left fusion-responsive-typography-calculated\" style=\"margin:0;--fontSize:28;line-height:1.5;\">Vorteile f\u00fcr die Rehabilitation und den Muskelaufbau<\/h2><\/div><div class=\"fusion-text fusion-text-3\"><h3 style=\"text-align: justify;\">Flie\u00dfende, nat\u00fcrliche Bewegungen<\/h3>\n<p style=\"text-align: justify;\">Der Technogym Excite Live Synchro reproduziert die nat\u00fcrlichen Bewegungen des Gehens, Laufens und Kletterns und bietet so ein fl\u00fcssiges und gelenkschonendes Training. Dadurch wird das Verletzungsrisiko verringert und die Koordination, das Gleichgewicht und die Stabilit\u00e4t verbessert.<\/p>\n<h3 style=\"text-align: justify;\">Harmonische Muskelarbeit<\/h3>\n<p style=\"text-align: justify;\">Das Ger\u00e4t beansprucht die Muskeln des Unter- und Oberk\u00f6rpers auf ausgewogene und harmonische Weise und tr\u00e4gt so zur St\u00e4rkung der gesamten Muskulatur und zur Verbesserung der K\u00f6rperhaltung bei. Durch die Verteilung der Belastung auf den gesamten K\u00f6rper erm\u00f6glicht der Technogym Excite Live Synchro eine umfassendere und effektivere Rehabilitation.<\/p>\n<h3 style=\"text-align: justify;\">Anpassen des Trainings<\/h3>\n<p style=\"text-align: justify;\">Dank der Vielzahl an \u00dcbungen und der einstellbaren Widerstandsstufen k\u00f6nnen die Sitzungen an die spezifischen Bed\u00fcrfnisse jedes einzelnen Patienten angepasst werden. So k\u00f6nnen Physiotherapeuten individuelle Programme zur Begleitung der Rehabilitation ausarbeiten, egal ob es darum geht, nach einer Verletzung wieder beweglicher zu werden, nach einer Operation die Muskeln zu st\u00e4rken oder die Ausdauer f\u00fcr eine bessere allgemeine Fitness zu trainieren.<\/p>\n<h3 style=\"text-align: justify;\">\u00dcberwachung des Fortschritts<\/h3>\n<p style=\"text-align: justify;\">Der Touchscreen und die Konnektivit\u00e4t des Ger\u00e4ts erm\u00f6glichen eine genaue \u00dcberwachung der Fortschritte der Patienten. Die gesammelten Daten k\u00f6nnen von medizinischem Fachpersonal analysiert werden, um die \u00dcbungsprogramme anzupassen und so die Ergebnisse der Rehabilitation und des Muskelaufbaus zu optimieren.<\/p>\n<\/div><div class=\"fusion-title title fusion-title-4 fusion-sep-none fusion-title-text fusion-title-size-two\" style=\"--awb-margin-top-small:10px;--awb-margin-right-small:0px;--awb-margin-bottom-small:10px;--awb-margin-left-small:0px;\"><h2 class=\"fusion-title-heading title-heading-left fusion-responsive-typography-calculated\" style=\"margin:0;--fontSize:28;line-height:1.5;\">Tipps f\u00fcr den Gebrauch<\/h2><\/div><div class=\"fusion-text fusion-text-4\"><h3 style=\"text-align: justify;\">Mit einer Aufw\u00e4rmphase beginnen<\/h3>\n<p style=\"text-align: justify;\">Es ist wichtig, jede Trainingseinheit mit einem Aufw\u00e4rmtraining von einigen Minuten zu beginnen, um Muskeln und Gelenke auf die Belastung vorzubereiten. Dies kann aus leichten Bewegungen auf dem Ger\u00e4t oder Mobilit\u00e4ts\u00fcbungen bestehen.<\/p>\n<h3 style=\"text-align: justify;\">Befolgen Sie die Anweisungen des Physiotherapeuten<\/h3>\n<p style=\"text-align: justify;\">Der Physiotherapeut ist der Gesundheitsexperte, der die Patienten am besten \u00fcber die optimale Nutzung des Technogym Excite Live Synchro entsprechend ihren spezifischen Bed\u00fcrfnissen beraten kann. Es ist sehr wichtig, den Empfehlungen des Arztes zu folgen und mit ihm zu kommunizieren, wenn Sie Schmerzen, Beschwerden oder Fragen haben.<\/p>\n<h3 style=\"text-align: justify;\">Nicht erzwingen<\/h3>\n<p style=\"text-align: justify;\">Es ist wichtig, dass Sie bei den \u00dcbungen keine Gewalt anwenden, um Verletzungen zu vermeiden und eine allm\u00e4hliche und effektive Rehabilitation zu erm\u00f6glichen. Die Patienten sollten auf ihren K\u00f6rper h\u00f6ren und ihre Anstrengungen an ihr Wohlbefinden und ihre F\u00e4higkeiten anpassen.<\/p>\n<h3 style=\"text-align: justify;\">Regelm\u00e4\u00dfigkeit und Beharrlichkeit<\/h3>\n<p style=\"text-align: justify;\">Der Schl\u00fcssel zum Erfolg bei der Rehabilitation und beim Muskelaufbau liegt in der Regelm\u00e4\u00dfigkeit und Beharrlichkeit. Die Patienten werden ermutigt, regelm\u00e4\u00dfig zu trainieren, sich an die Anweisungen des Physiotherapeuten zu halten und ihre Fortschritte zu ber\u00fccksichtigen, um das Training im Laufe der Zeit anzupassen.<\/p>\n<\/div><div class=\"fusion-title title fusion-title-5 fusion-sep-none fusion-title-text fusion-title-size-two\" style=\"--awb-margin-top-small:10px;--awb-margin-right-small:0px;--awb-margin-bottom-small:10px;--awb-margin-left-small:0px;\"><h2 class=\"fusion-title-heading title-heading-left fusion-responsive-typography-calculated\" style=\"margin:0;--fontSize:28;line-height:1.5;\">Schlussfolgerungen<\/h2><\/div><div class=\"fusion-text fusion-text-5\"><div class=\"group w-full text-gray-800 dark:text-gray-100 border-b border-black\/10 dark:border-gray-900\/50 bg-gray-50 dark:bg-&#091;#444654&#093;\">\n<div class=\"text-base gap-4 md:gap-6 md:max-w-2xl lg:max-w-xl xl:max-w-3xl p-4 md:py-6 flex lg:px-0 m-auto\">\n<div class=\"relative flex w-&#091;calc(100%-50px)&#093; flex-col gap-1 md:gap-3 lg:w-&#091;calc(100%-115px)&#093;\">\n<div class=\"flex flex-grow flex-col gap-3\">\n<div class=\"min-h-&#091;20px&#093; flex flex-col items-start gap-4 whitespace-pre-wrap\">\n<div class=\"markdown prose w-full break-words dark:prose-invert light\">\n<p style=\"text-align: justify;\">Der Technogym Excite Live Synchro ist ein innovatives und leistungsstarkes elliptisches Trainingsger\u00e4t, das sich ideal f\u00fcr die Rehabilitation und den Muskelaufbau eignet. Dank seiner ergonomischen Merkmale, der Konnektivit\u00e4t und der Vielfalt an \u00dcbungen bietet er viele Vorteile f\u00fcr Patienten in der Physiotherapie. Wenn Patienten die Anwendungshinweise befolgen und eng mit medizinischem Fachpersonal zusammenarbeiten, k\u00f6nnen sie ihre Genesung optimieren und ihre Lebensqualit\u00e4t verbessern.<\/p>\n<\/div>\n<\/div>\n<\/div>\n<div class=\"flex justify-between lg:block\">\n<div class=\"text-gray-400 flex self-end lg:self-center justify-center mt-2 gap-2 md:gap-3 lg:gap-1 lg:absolute lg:top-0 lg:translate-x-full lg:right-0 lg:mt-0 lg:pl-2 visible\" style=\"text-align: justify;\"><\/div>\n<\/div>\n<\/div>\n<\/div>\n<\/div>\n<\/div><div class=\"fusion-clearfix\"><\/div><\/div><\/div><\/div><\/div>\n","protected":false},"excerpt":{"rendered":"","protected":false},"author":1,"featured_media":0,"parent":0,"menu_order":0,"comment_status":"closed","ping_status":"closed","template":"","meta":{"_seopress_robots_primary_cat":"","_seopress_titles_title":"","_seopress_titles_desc":"","_seopress_robots_index":"","footnotes":""},"class_list":["post-10008","page","type-page","status-publish","hentry"],"_links":{"self":[{"href":"https:\/\/pes-luxembourg.lu\/bascharage\/de\/wp-json\/wp\/v2\/pages\/10008","targetHints":{"allow":["GET"]}}],"collection":[{"href":"https:\/\/pes-luxembourg.lu\/bascharage\/de\/wp-json\/wp\/v2\/pages"}],"about":[{"href":"https:\/\/pes-luxembourg.lu\/bascharage\/de\/wp-json\/wp\/v2\/types\/page"}],"author":[{"embeddable":true,"href":"https:\/\/pes-luxembourg.lu\/bascharage\/de\/wp-json\/wp\/v2\/users\/1"}],"replies":[{"embeddable":true,"href":"https:\/\/pes-luxembourg.lu\/bascharage\/de\/wp-json\/wp\/v2\/comments?post=10008"}],"version-history":[{"count":0,"href":"https:\/\/pes-luxembourg.lu\/bascharage\/de\/wp-json\/wp\/v2\/pages\/10008\/revisions"}],"wp:attachment":[{"href":"https:\/\/pes-luxembourg.lu\/bascharage\/de\/wp-json\/wp\/v2\/media?parent=10008"}],"curies":[{"name":"wp","href":"https:\/\/api.w.org\/{rel}","templated":true}]}}